{"id":2838,"date":"2021-11-25T15:33:50","date_gmt":"2021-11-25T14:33:50","guid":{"rendered":"http:\/\/blog.u-bourgogne.fr\/master-nutrition-sante\/?page_id=2838"},"modified":"2024-01-12T11:19:51","modified_gmt":"2024-01-12T10:19:51","slug":"adhesion-modalites","status":"publish","type":"page","link":"https:\/\/blog.ube.fr\/master-nutrition-sante\/adhesion-modalites\/","title":{"rendered":"Adh\u00e9sion &#8211; Modalit\u00e9s"},"content":{"rendered":"<p><strong>Comment adh\u00e9rer \u00e0 l\u2019association Alumn&#8217; ta nutrition ?<\/strong><\/p>\n<p style=\"text-align: left;\"><strong>Remplir un formulaire d\u2019adh\u00e9sion<\/strong><br \/>\nConcernant les \u00e9tudiants, alumni, enseignants et intervenants souhaitant adh\u00e9rer \u00e0 l&#8217;association, veuillez compl\u00e9ter le formulaire ci-dessous (tarif : 5 euros par an \/ lien s\u00e9curis\u00e9) :<\/p>\n<p><iframe id=\"haWidget\" allowtransparency=\"true\" scrolling=\"auto\" src=\"https:\/\/www.helloasso.com\/associations\/alumn-ta-nutrition\/adhesions\/formulaire-d-adhesion-a-l-association-alumn-ta-nutrition-2\/widget\" style=\"width: 100%; height: 750px; border: none;\"><\/iframe><\/p>\n<p><strong>Pourquoi adh\u00e9rer \u00e0 l\u2019association Alumn&#8217; ta nutrition ?<\/strong><\/p>\n<p><strong>\u2013 Vous \u00eates \u00e9tudiant ou enseignant du master NS :<\/strong><br \/>\nCar l\u2019association Alumn&#8217; ta nutrition est l\u2019affaire de tous ! Les membres du bureau n\u2019en sont que la repr\u00e9sentation officielle. L\u2019association vit gr\u00e2ce \u00e0 la promotion du master NS, et son dynamisme sera proportionnel \u00e0 l\u2019implication de chacun. De plus, l\u2019association oeuvre dans l\u2019int\u00e9r\u00eat des \u00e9tudiants du master NS, elle vise \u00e0 faciliter leur future insertion professionnelle et \u00e0 r\u00e9pondre \u00e0 leurs possibles questions\u2026 De quoi se sentir concern\u00e9 !<\/p>\n<p><strong>\u2013 Vous \u00eates ancien \u00e9l\u00e8ve\u00a0 :<\/strong><br \/>\nPour pouvoir partager votre parcours et vos exp\u00e9riences professionnelles avec des \u00e9tudiants qui \u00e9taient auparavant \u00e0 votre place. De plus il se pourrait que, pour certains d&#8217;entre vous, vous trouviez votre prochain collaborateur, partenaire ou employ\u00e9 !<\/p>\n<p>&nbsp;<\/p>\n<p>&nbsp;<\/p>\n","protected":false},"excerpt":{"rendered":"<p>Comment adh\u00e9rer \u00e0 l\u2019association Alumn&#8217; ta nutrition ? Remplir un formulaire d\u2019adh\u00e9sion Concernant les \u00e9tudiants, alumni, enseignants et intervenants souhaitant adh\u00e9rer \u00e0 l&#8217;association, veuillez compl\u00e9ter le formulaire ci-dessous (tarif : 5 euros par an \/ lien s\u00e9curis\u00e9) : Pourquoi adh\u00e9rer \u00e0 l\u2019association Alumn&#8217; ta nutrition ? \u2013 Vous \u00eates \u00e9tudiant ou enseignant du master NS&hellip;<\/p>\n<p class=\"more-link-p\"><a class=\"btn btn-primary\" href=\"https:\/\/blog.ube.fr\/master-nutrition-sante\/adhesion-modalites\/\">Voir plus &rarr;<\/a><\/p>\n","protected":false},"author":305,"featured_media":0,"parent":0,"menu_order":0,"comment_status":"closed","ping_status":"closed","template":"","meta":{"_exactmetrics_skip_tracking":false,"_exactmetrics_sitenote_active":false,"_exactmetrics_sitenote_note":"","_exactmetrics_sitenote_category":0,"footnotes":""},"class_list":["post-2838","page","type-page","status-publish","hentry"],"_links":{"self":[{"href":"https:\/\/blog.ube.fr\/master-nutrition-sante\/wp-json\/wp\/v2\/pages\/2838","targetHints":{"allow":["GET"]}}],"collection":[{"href":"https:\/\/blog.ube.fr\/master-nutrition-sante\/wp-json\/wp\/v2\/pages"}],"about":[{"href":"https:\/\/blog.ube.fr\/master-nutrition-sante\/wp-json\/wp\/v2\/types\/page"}],"author":[{"embeddable":true,"href":"https:\/\/blog.ube.fr\/master-nutrition-sante\/wp-json\/wp\/v2\/users\/305"}],"replies":[{"embeddable":true,"href":"https:\/\/blog.ube.fr\/master-nutrition-sante\/wp-json\/wp\/v2\/comments?post=2838"}],"version-history":[{"count":32,"href":"https:\/\/blog.ube.fr\/master-nutrition-sante\/wp-json\/wp\/v2\/pages\/2838\/revisions"}],"predecessor-version":[{"id":3890,"href":"https:\/\/blog.ube.fr\/master-nutrition-sante\/wp-json\/wp\/v2\/pages\/2838\/revisions\/3890"}],"wp:attachment":[{"href":"https:\/\/blog.ube.fr\/master-nutrition-sante\/wp-json\/wp\/v2\/media?parent=2838"}],"curies":[{"name":"wp","href":"https:\/\/api.w.org\/{rel}","templated":true}]}}