{"id":2835,"date":"2021-11-25T15:31:39","date_gmt":"2021-11-25T14:31:39","guid":{"rendered":"http:\/\/blog.u-bourgogne.fr\/master-nutrition-sante\/?page_id=2835"},"modified":"2024-01-10T10:54:45","modified_gmt":"2024-01-10T09:54:45","slug":"presentation-de-lasso","status":"publish","type":"page","link":"https:\/\/blog.ube.fr\/master-nutrition-sante\/presentation-de-lasso\/","title":{"rendered":"Pr\u00e9sentation de l&#8217;association"},"content":{"rendered":"<p><span style=\"font-size: 16px;\"><img loading=\"lazy\" decoding=\"async\" class=\"alignright\" src=\"http:\/\/blog.ube.fr\/master-nutrition-sante\/wp-content\/uploads\/sites\/70\/2022\/12\/qrcode.png\" alt=\"\" width=\"159\" height=\"159\" \/><img loading=\"lazy\" decoding=\"async\" class=\"alignleft\" src=\"http:\/\/blog.ube.fr\/master-nutrition-sante\/wp-content\/uploads\/sites\/70\/2024\/01\/Logo_texte_2023.png\" alt=\"\" width=\"170\" height=\"170\" \/>En 2021, l&#8217;\u00e9quipe charg\u00e9e de la Communication du Master a cr\u00e9\u00e9 l&#8217;<\/span><strong style=\"font-size: 16px;\">association &#8220;Alumn&#8217; ta Nutrition&#8221;<\/strong><span style=\"font-size: 16px;\"> ayant pour objectif de former un <\/span><strong style=\"font-size: 16px;\">r\u00e9seau<\/strong><span style=\"font-size: 16px;\"> d&#8217;anciens \u00e9l\u00e8ves (Alumni) ainsi que de professionnels du milieu afin d&#8217;aider les \u00e9tudiants pr\u00e9sents et futurs \u00e0 se faire conna\u00eetre dans le monde du travail mais aussi leur permettre d&#8217;avoir des <\/span><strong style=\"font-size: 16px;\">t\u00e9moignages<\/strong><span style=\"font-size: 16px;\"> d&#8217;alumni travaillant maintenant dans diff\u00e9rents milieux.<\/span><\/p>\n<p>N\u2019h\u00e9sitez surtout pas \u00e0 nous contacter si vous avez la moindre question \u00e0 l\u2019adresse suivante : masternutritionsante@u-bourgogne.fr<\/p>\n","protected":false},"excerpt":{"rendered":"<p>En 2021, l&#8217;\u00e9quipe charg\u00e9e de la Communication du Master a cr\u00e9\u00e9 l&#8217;association &#8220;Alumn&#8217; ta Nutrition&#8221; ayant pour objectif de former un r\u00e9seau d&#8217;anciens \u00e9l\u00e8ves (Alumni) ainsi que de professionnels du milieu afin d&#8217;aider les \u00e9tudiants pr\u00e9sents et futurs \u00e0 se faire conna\u00eetre dans le monde du travail mais aussi leur permettre d&#8217;avoir des t\u00e9moignages d&#8217;alumni&hellip;<\/p>\n<p class=\"more-link-p\"><a class=\"btn btn-primary\" href=\"https:\/\/blog.ube.fr\/master-nutrition-sante\/presentation-de-lasso\/\">Voir plus &rarr;<\/a><\/p>\n","protected":false},"author":305,"featured_media":0,"parent":0,"menu_order":0,"comment_status":"closed","ping_status":"closed","template":"","meta":{"_exactmetrics_skip_tracking":false,"_exactmetrics_sitenote_active":false,"_exactmetrics_sitenote_note":"","_exactmetrics_sitenote_category":0,"footnotes":""},"class_list":["post-2835","page","type-page","status-publish","hentry"],"_links":{"self":[{"href":"https:\/\/blog.ube.fr\/master-nutrition-sante\/wp-json\/wp\/v2\/pages\/2835","targetHints":{"allow":["GET"]}}],"collection":[{"href":"https:\/\/blog.ube.fr\/master-nutrition-sante\/wp-json\/wp\/v2\/pages"}],"about":[{"href":"https:\/\/blog.ube.fr\/master-nutrition-sante\/wp-json\/wp\/v2\/types\/page"}],"author":[{"embeddable":true,"href":"https:\/\/blog.ube.fr\/master-nutrition-sante\/wp-json\/wp\/v2\/users\/305"}],"replies":[{"embeddable":true,"href":"https:\/\/blog.ube.fr\/master-nutrition-sante\/wp-json\/wp\/v2\/comments?post=2835"}],"version-history":[{"count":12,"href":"https:\/\/blog.ube.fr\/master-nutrition-sante\/wp-json\/wp\/v2\/pages\/2835\/revisions"}],"predecessor-version":[{"id":4534,"href":"https:\/\/blog.ube.fr\/master-nutrition-sante\/wp-json\/wp\/v2\/pages\/2835\/revisions\/4534"}],"wp:attachment":[{"href":"https:\/\/blog.ube.fr\/master-nutrition-sante\/wp-json\/wp\/v2\/media?parent=2835"}],"curies":[{"name":"wp","href":"https:\/\/api.w.org\/{rel}","templated":true}]}}