{"id":229,"date":"2017-03-31T13:20:49","date_gmt":"2017-03-31T11:20:49","guid":{"rendered":"http:\/\/blog.u-bourgogne.fr\/master-nutrition-sante\/?page_id=229"},"modified":"2026-04-08T11:12:15","modified_gmt":"2026-04-08T09:12:15","slug":"taxe-dapprentissage-2","status":"publish","type":"page","link":"https:\/\/blog.ube.fr\/master-nutrition-sante\/taxe-dapprentissage-2\/","title":{"rendered":"Taxe d&#8217;apprentissage"},"content":{"rendered":"<h2 style=\"text-align: center;\">La taxe d\u2019apprentissage, un moyen efficace d\u2019encourager notre formation<\/h2>\n<p>La taxe d&#8217;apprentissage est un imp\u00f4t d\u00fb par les entreprises qui a pour objet de participer, dans le cadre de la formation initiale, au financement des d\u00e9penses n\u00e9cessaires au d\u00e9veloppement des formations technologiques et professionnelles.<\/p>\n<p>Dans le souci d&#8217;une am\u00e9lioration constante des conditions de formation de nos \u00e9tudiants et gr\u00e2ce \u00e0 votre soutien, il nous sera possible d&#8217;acqu\u00e9rir de nouveaux outils p\u00e9dagogiques, de faire intervenir des experts de premier plan et de financer nos sorties universitaires (SIAL, conf\u00e9rences de la Soci\u00e9t\u00e9 Fran\u00e7aise de Nutrition, &#8230;)<\/p>\n<p style=\"text-align: center;\"><strong>Pour la r\u00e9ussite des talents de demain, choisissez le Master 2 Nutrition Sant\u00e9 !!!!<\/strong><\/p>\n<p>En une seule et unique d\u00e9marche, la plateforme SOLT\u00e9A permet d\u00e9sormais aux employeurs de d\u00e9signer, du 26 mai au 21 octobre 2026, les \u00e9tablissements destinataires du solde de la taxe d\u2019apprentissage en toute neutralit\u00e9 et transparence.<\/p>\n<p>Retrouvez facilement notre formation sur <a href=\"https:\/\/www.soltea.education.gouv.fr\/espace-public\/\" target=\"_blank\" rel=\"noopener\">SOLT\u00e9A<\/a> par notre code UAI : 0211314P et code RNCP : 28078<\/p>\n<p><a href=\"https:\/\/www.ube.fr\/universite\/espace-entreprise-partenaire\/par-la-cufpa\/\" target=\"_blank\" rel=\"noopener\">Toutes les informations sur le versement 2026<\/a><\/p>\n<p>&nbsp;<\/p>\n","protected":false},"excerpt":{"rendered":"<p>La taxe d\u2019apprentissage, un moyen efficace d\u2019encourager notre formation La taxe d&#8217;apprentissage est un imp\u00f4t d\u00fb par les entreprises qui a pour objet de participer, dans le cadre de la formation initiale, au financement des d\u00e9penses n\u00e9cessaires au d\u00e9veloppement des formations technologiques et professionnelles. Dans le souci d&#8217;une am\u00e9lioration constante des conditions de formation de&hellip;<\/p>\n<p class=\"more-link-p\"><a class=\"btn btn-primary\" href=\"https:\/\/blog.ube.fr\/master-nutrition-sante\/taxe-dapprentissage-2\/\">Voir plus &rarr;<\/a><\/p>\n","protected":false},"author":305,"featured_media":0,"parent":0,"menu_order":0,"comment_status":"closed","ping_status":"closed","template":"","meta":{"_exactmetrics_skip_tracking":false,"_exactmetrics_sitenote_active":false,"_exactmetrics_sitenote_note":"","_exactmetrics_sitenote_category":0,"footnotes":""},"class_list":["post-229","page","type-page","status-publish","hentry"],"_links":{"self":[{"href":"https:\/\/blog.ube.fr\/master-nutrition-sante\/wp-json\/wp\/v2\/pages\/229","targetHints":{"allow":["GET"]}}],"collection":[{"href":"https:\/\/blog.ube.fr\/master-nutrition-sante\/wp-json\/wp\/v2\/pages"}],"about":[{"href":"https:\/\/blog.ube.fr\/master-nutrition-sante\/wp-json\/wp\/v2\/types\/page"}],"author":[{"embeddable":true,"href":"https:\/\/blog.ube.fr\/master-nutrition-sante\/wp-json\/wp\/v2\/users\/305"}],"replies":[{"embeddable":true,"href":"https:\/\/blog.ube.fr\/master-nutrition-sante\/wp-json\/wp\/v2\/comments?post=229"}],"version-history":[{"count":40,"href":"https:\/\/blog.ube.fr\/master-nutrition-sante\/wp-json\/wp\/v2\/pages\/229\/revisions"}],"predecessor-version":[{"id":5490,"href":"https:\/\/blog.ube.fr\/master-nutrition-sante\/wp-json\/wp\/v2\/pages\/229\/revisions\/5490"}],"wp:attachment":[{"href":"https:\/\/blog.ube.fr\/master-nutrition-sante\/wp-json\/wp\/v2\/media?parent=229"}],"curies":[{"name":"wp","href":"https:\/\/api.w.org\/{rel}","templated":true}]}}