{"id":201,"date":"2017-03-31T12:10:08","date_gmt":"2017-03-31T10:10:08","guid":{"rendered":"http:\/\/blog.u-bourgogne.fr\/master-nutrition-sante\/?page_id=201"},"modified":"2026-04-08T11:04:37","modified_gmt":"2026-04-08T09:04:37","slug":"inscription","status":"publish","type":"page","link":"https:\/\/blog.ube.fr\/master-nutrition-sante\/inscription\/","title":{"rendered":"Inscription"},"content":{"rendered":"<h2>Comment puis-je postuler au master ?<\/h2>\n<p><strong>Elle se d\u00e9roule en deux temps <\/strong>:<\/p>\n<ul>\n<li>Admissibilit\u00e9 : sur dossier de candidature. Toutes les candidatures doivent \u00eatre d\u00e9pos\u00e9es sur <strong>E-Candidat<\/strong> durant la p\u00e9riode de recrutement.<\/li>\n<li>Admission : entretien des \u00e9tudiants pr\u00e9-s\u00e9lectionn\u00e9s devant un jury<\/li>\n<\/ul>\n<p>En moyenne, 15 \u00e0 25 \u00e9tudiants sont annuellement admis \u00e0 suivre notre formation.<\/p>\n<p><strong>\u00c9tudiants \u00e9trangers <\/strong>:<\/p>\n<p>La candidature se fait aupr\u00e8s du service des <strong><a href=\"http:\/\/ub-link.u-bourgogne.fr\/etudiants-internationaux.html\" target=\"_blank\" rel=\"noopener noreferrer\">Relations Internationales<\/a><\/strong><\/p>\n<p>La validation des dipl\u00f4mes est soumise \u00e0 l&#8217;avis de la commission comp\u00e9tente de l&#8217;Universit\u00e9 Bourgogne Europe.<\/p>\n<p><strong>Dates \u00e0 retenir :<\/strong><\/p>\n<p><em>26 f\u00e9vrier 2026 : ouverture de la campagne de candidature<\/em><br \/>\n<em>30 avril 2026 : fermeture de la campagne de candidature<\/em><\/p>\n<p><strong> Date de rentr\u00e9e : mercredi 9 septembre 2026 \u00e0 9:00 salle S20, aile nord du b\u00e2timent Gabriel, UFR SVTE<br \/>\n<\/strong><\/p>\n","protected":false},"excerpt":{"rendered":"<p>Comment puis-je postuler au master ? Elle se d\u00e9roule en deux temps : Admissibilit\u00e9 : sur dossier de candidature. Toutes les candidatures doivent \u00eatre d\u00e9pos\u00e9es sur E-Candidat durant la p\u00e9riode de recrutement. Admission : entretien des \u00e9tudiants pr\u00e9-s\u00e9lectionn\u00e9s devant un jury En moyenne, 15 \u00e0 25 \u00e9tudiants sont annuellement admis \u00e0 suivre notre formation. \u00c9tudiants&hellip;<\/p>\n<p class=\"more-link-p\"><a class=\"btn btn-primary\" href=\"https:\/\/blog.ube.fr\/master-nutrition-sante\/inscription\/\">Voir plus &rarr;<\/a><\/p>\n","protected":false},"author":305,"featured_media":0,"parent":0,"menu_order":0,"comment_status":"closed","ping_status":"closed","template":"","meta":{"_exactmetrics_skip_tracking":false,"_exactmetrics_sitenote_active":false,"_exactmetrics_sitenote_note":"","_exactmetrics_sitenote_category":0,"footnotes":""},"class_list":["post-201","page","type-page","status-publish","hentry"],"_links":{"self":[{"href":"https:\/\/blog.ube.fr\/master-nutrition-sante\/wp-json\/wp\/v2\/pages\/201","targetHints":{"allow":["GET"]}}],"collection":[{"href":"https:\/\/blog.ube.fr\/master-nutrition-sante\/wp-json\/wp\/v2\/pages"}],"about":[{"href":"https:\/\/blog.ube.fr\/master-nutrition-sante\/wp-json\/wp\/v2\/types\/page"}],"author":[{"embeddable":true,"href":"https:\/\/blog.ube.fr\/master-nutrition-sante\/wp-json\/wp\/v2\/users\/305"}],"replies":[{"embeddable":true,"href":"https:\/\/blog.ube.fr\/master-nutrition-sante\/wp-json\/wp\/v2\/comments?post=201"}],"version-history":[{"count":59,"href":"https:\/\/blog.ube.fr\/master-nutrition-sante\/wp-json\/wp\/v2\/pages\/201\/revisions"}],"predecessor-version":[{"id":5485,"href":"https:\/\/blog.ube.fr\/master-nutrition-sante\/wp-json\/wp\/v2\/pages\/201\/revisions\/5485"}],"wp:attachment":[{"href":"https:\/\/blog.ube.fr\/master-nutrition-sante\/wp-json\/wp\/v2\/media?parent=201"}],"curies":[{"name":"wp","href":"https:\/\/api.w.org\/{rel}","templated":true}]}}