{"id":2,"date":"2017-01-31T10:18:40","date_gmt":"2017-01-31T09:18:40","guid":{"rendered":"http:\/\/blog.u-bourgogne.fr\/master-nutrition-sante\/?page_id=2"},"modified":"2021-05-31T21:00:46","modified_gmt":"2021-05-31T19:00:46","slug":"objectifs-2","status":"publish","type":"page","link":"https:\/\/blog.ube.fr\/master-nutrition-sante\/objectifs-2\/","title":{"rendered":"Objectifs"},"content":{"rendered":"<style>\n#header-wrap {\nheight: 270px !important;\n}\n<\/style>\n<h2>Ce parcours repr\u00e9sente une porte d&#8217;entr\u00e9e unique vers<\/h2>\n<p>Les <strong>entreprises<\/strong> en rapport avec la Nutrition et l\u2019Alimentation, les organismes scientifiques publics et priv\u00e9s du secteur, les organismes impliqu\u00e9s dans le d\u00e9veloppement de projets d&#8217;innovation, pour les aider \u00e0 conqu\u00e9rir de nouveaux march\u00e9s. Il s\u2019agit en particulier de former des cadres :<\/p>\n<p>&#8211; experts dans la conception, le d\u00e9veloppement et le marketing de produits alimentaires et de sant\u00e9 (produits finis de grande consommation et compl\u00e9ments alimentaires) conciliant go\u00fbt et sant\u00e9 pour les industries Agro-Alimentaires et Pharmaceutiques.<br \/>\n&#8211; comp\u00e9tents pour le montage et la gestion de projets R&amp;D innovants, avec une bonne connaissance des interactions Entreprises-Chercheurs et une ma\u00eetrise des aspects r\u00e9glementaires<br \/>\n&#8211; familiaris\u00e9s avec la veille scientifique et technologique (brevets)<br \/>\n&#8211; capables d\u2019adapter leurs comp\u00e9tences scientifiques en marketing et communication pour int\u00e9grer des organismes institutionnels, des services de sant\u00e9 publique, de la restauration collective, de conseil et d\u2019\u00e9tudes.<\/p>\n<p>&nbsp;<\/p>\n<p>Les <strong>m\u00e9tiers de la recherche<\/strong> et la <strong>poursuite en doctorat<\/strong>, en formant des \u00e9tudiants en recherche fondamentale ou appliqu\u00e9e dans les domaines de la nutrition et de la sant\u00e9. A l&#8217;issue de la formation, les \u00e9tudiants sont :<\/p>\n<p>&#8211; familiaris\u00e9s \u00e0 la veille bibliographique,<br \/>\n&#8211; aptes \u00e0 conduire un projet de recherche,<br \/>\n&#8211; capables de mettre en place une strat\u00e9gie exp\u00e9rimentale,<br \/>\n&#8211; capables d\u2019analyser des r\u00e9sultats<br \/>\n&#8211; comp\u00e9tents pour diffuser des connaissances scientifiques.<\/p>\n","protected":false},"excerpt":{"rendered":"<p>Ce parcours repr\u00e9sente une porte d&#8217;entr\u00e9e unique vers Les entreprises en rapport avec la Nutrition et l\u2019Alimentation, les organismes scientifiques publics et priv\u00e9s du secteur, les organismes impliqu\u00e9s dans le d\u00e9veloppement de projets d&#8217;innovation, pour les aider \u00e0 conqu\u00e9rir de nouveaux march\u00e9s. Il s\u2019agit en particulier de former des cadres : &#8211; experts dans la&hellip;<\/p>\n<p class=\"more-link-p\"><a class=\"btn btn-primary\" href=\"https:\/\/blog.ube.fr\/master-nutrition-sante\/objectifs-2\/\">Voir plus &rarr;<\/a><\/p>\n","protected":false},"author":4,"featured_media":0,"parent":0,"menu_order":0,"comment_status":"closed","ping_status":"open","template":"","meta":{"_exactmetrics_skip_tracking":false,"_exactmetrics_sitenote_active":false,"_exactmetrics_sitenote_note":"","_exactmetrics_sitenote_category":0,"footnotes":""},"class_list":["post-2","page","type-page","status-publish","hentry"],"_links":{"self":[{"href":"https:\/\/blog.ube.fr\/master-nutrition-sante\/wp-json\/wp\/v2\/pages\/2","targetHints":{"allow":["GET"]}}],"collection":[{"href":"https:\/\/blog.ube.fr\/master-nutrition-sante\/wp-json\/wp\/v2\/pages"}],"about":[{"href":"https:\/\/blog.ube.fr\/master-nutrition-sante\/wp-json\/wp\/v2\/types\/page"}],"author":[{"embeddable":true,"href":"https:\/\/blog.ube.fr\/master-nutrition-sante\/wp-json\/wp\/v2\/users\/4"}],"replies":[{"embeddable":true,"href":"https:\/\/blog.ube.fr\/master-nutrition-sante\/wp-json\/wp\/v2\/comments?post=2"}],"version-history":[{"count":14,"href":"https:\/\/blog.ube.fr\/master-nutrition-sante\/wp-json\/wp\/v2\/pages\/2\/revisions"}],"predecessor-version":[{"id":2597,"href":"https:\/\/blog.ube.fr\/master-nutrition-sante\/wp-json\/wp\/v2\/pages\/2\/revisions\/2597"}],"wp:attachment":[{"href":"https:\/\/blog.ube.fr\/master-nutrition-sante\/wp-json\/wp\/v2\/media?parent=2"}],"curies":[{"name":"wp","href":"https:\/\/api.w.org\/{rel}","templated":true}]}}