{"id":184,"date":"2017-03-31T10:50:46","date_gmt":"2017-03-31T08:50:46","guid":{"rendered":"http:\/\/blog.u-bourgogne.fr\/master-nutrition-sante\/?page_id=184"},"modified":"2025-09-10T11:09:31","modified_gmt":"2025-09-10T09:09:31","slug":"unites-denseignement","status":"publish","type":"page","link":"https:\/\/blog.ube.fr\/master-nutrition-sante\/unites-denseignement\/","title":{"rendered":"Les Unit\u00e9s d&#8217;Enseignement"},"content":{"rendered":"<h2 style=\"text-align: center;\">\u00a0\u00a0\u00a0 <img loading=\"lazy\" decoding=\"async\" class=\"\" src=\"http:\/\/blog.ube.fr\/master-nutrition-sante\/wp-content\/uploads\/sites\/70\/2017\/11\/LOGO-OFFICIAL-OMG.png\" alt=\"\" width=\"198\" height=\"193\" \/><\/h2>\n<h2 style=\"text-align: center;\"><a href=\"https:\/\/formations.u-bourgogne.fr\/fr\/offre-de-formation\/master-XB\/master-biologie-sante-LMGC26FU\/nutrition-sante-LMGEPK8V.html\">Fiche Fili\u00e8re NS 2024-2029<\/a><\/h2>\n<h2 style=\"text-align: center;\">Depuis la rentr\u00e9e 2017, le M2 NS (co-accr\u00e9dit\u00e9 avec AgroSup Dijon) propose une double finalit\u00e9 PRO et RECHERCHE avec des UE sp\u00e9cifiques pr\u00e9parant :<\/h2>\n<h2 style=\"text-align: center;\">&#8211; aux m\u00e9tiers en lien avec l&#8217;entreprise ou le secteur public hors recherche,<\/h2>\n<h2 style=\"text-align: center;\">ou bien<\/h2>\n<h2 style=\"text-align: center;\">&#8211; \u00e0 la Recherche Fondamentale et aux \u00e9tudes doctorales.<\/h2>\n<hr \/>\n<p>&nbsp;<\/p>\n<p><img loading=\"lazy\" decoding=\"async\" class=\"aligncenter\" src=\"http:\/\/blog.ube.fr\/master-nutrition-sante\/wp-content\/uploads\/sites\/70\/2025\/09\/Diapositive1.jpg\" alt=\"\" width=\"960\" height=\"720\" \/><\/p>\n<p><img decoding=\"async\" class=\"aligncenter\" src=\"http:\/\/blog.ube.fr\/master-nutrition-sante\/wp-content\/uploads\/sites\/70\/2025\/09\/Diapositive2.jpg\" alt=\"\" \/>Une note inf\u00e9rieure \u00e0 10\/20 sur l&#8217;UE1 &#8211; Nutrition Humaine et Animale &#8211; donne comme obligation de passer une seconde session en septembre<\/p>\n","protected":false},"excerpt":{"rendered":"<p>\u00a0\u00a0\u00a0 Fiche Fili\u00e8re NS 2024-2029 Depuis la rentr\u00e9e 2017, le M2 NS (co-accr\u00e9dit\u00e9 avec AgroSup Dijon) propose une double finalit\u00e9 PRO et RECHERCHE avec des UE sp\u00e9cifiques pr\u00e9parant : &#8211; aux m\u00e9tiers en lien avec l&#8217;entreprise ou le secteur public hors recherche, ou bien &#8211; \u00e0 la Recherche Fondamentale et aux \u00e9tudes doctorales. &nbsp; Une&hellip;<\/p>\n<p class=\"more-link-p\"><a class=\"btn btn-primary\" href=\"https:\/\/blog.ube.fr\/master-nutrition-sante\/unites-denseignement\/\">Voir plus &rarr;<\/a><\/p>\n","protected":false},"author":305,"featured_media":0,"parent":0,"menu_order":0,"comment_status":"closed","ping_status":"closed","template":"","meta":{"_exactmetrics_skip_tracking":false,"_exactmetrics_sitenote_active":false,"_exactmetrics_sitenote_note":"","_exactmetrics_sitenote_category":0,"footnotes":""},"class_list":["post-184","page","type-page","status-publish","hentry"],"_links":{"self":[{"href":"https:\/\/blog.ube.fr\/master-nutrition-sante\/wp-json\/wp\/v2\/pages\/184","targetHints":{"allow":["GET"]}}],"collection":[{"href":"https:\/\/blog.ube.fr\/master-nutrition-sante\/wp-json\/wp\/v2\/pages"}],"about":[{"href":"https:\/\/blog.ube.fr\/master-nutrition-sante\/wp-json\/wp\/v2\/types\/page"}],"author":[{"embeddable":true,"href":"https:\/\/blog.ube.fr\/master-nutrition-sante\/wp-json\/wp\/v2\/users\/305"}],"replies":[{"embeddable":true,"href":"https:\/\/blog.ube.fr\/master-nutrition-sante\/wp-json\/wp\/v2\/comments?post=184"}],"version-history":[{"count":64,"href":"https:\/\/blog.ube.fr\/master-nutrition-sante\/wp-json\/wp\/v2\/pages\/184\/revisions"}],"predecessor-version":[{"id":5058,"href":"https:\/\/blog.ube.fr\/master-nutrition-sante\/wp-json\/wp\/v2\/pages\/184\/revisions\/5058"}],"wp:attachment":[{"href":"https:\/\/blog.ube.fr\/master-nutrition-sante\/wp-json\/wp\/v2\/media?parent=184"}],"curies":[{"name":"wp","href":"https:\/\/api.w.org\/{rel}","templated":true}]}}