{"id":634,"date":"2018-02-13T13:38:26","date_gmt":"2018-02-13T12:38:26","guid":{"rendered":"http:\/\/blog.u-bourgogne.fr\/master-mib\/?page_id=634"},"modified":"2018-02-14T11:37:34","modified_gmt":"2018-02-14T10:37:34","slug":"projet-de-promotion-2012-2013","status":"publish","type":"page","link":"https:\/\/blog.ube.fr\/master-mib\/projet-de-promotion-2012-2013\/","title":{"rendered":"Projet de Promotion 2012 &#8211; 2013"},"content":{"rendered":"<p style=\"text-align: justify\">Ce projet avait pour but d&#8217;imaginer la cr\u00e9ation d&#8217;une entreprise innovante dans le domaine des biotechnologies. Ce travail a donn\u00e9 naissance au projet &#8220;miRExpert&#8221;, une entreprise sp\u00e9cialis\u00e9e dans le suivi de l&#8217;efficacit\u00e9 de traitements de pathologies via la mesure\u00a0 de biomarqueurs sp\u00e9cifiques de la famille des microARN.<\/p>\n<p><a href=\"http:\/\/blog.ube.fr\/master-mib\/wp-content\/uploads\/sites\/92\/2018\/02\/projet-promo-2012-2013.jpg\"><img loading=\"lazy\" decoding=\"async\" class=\"aligncenter size-full wp-image-633\" src=\"http:\/\/blog.ube.fr\/master-mib\/wp-content\/uploads\/sites\/92\/2018\/02\/projet-promo-2012-2013.jpg\" alt=\"\" width=\"752\" height=\"880\" srcset=\"https:\/\/blog.ube.fr\/master-mib\/wp-content\/uploads\/sites\/92\/2018\/02\/projet-promo-2012-2013.jpg 752w, https:\/\/blog.ube.fr\/master-mib\/wp-content\/uploads\/sites\/92\/2018\/02\/projet-promo-2012-2013-256x300.jpg 256w\" sizes=\"auto, (max-width: 752px) 100vw, 752px\" \/><\/a><\/p>\n","protected":false},"excerpt":{"rendered":"<p>Ce projet avait pour but d&#8217;imaginer la cr\u00e9ation d&#8217;une entreprise innovante dans le domaine des biotechnologies. Ce travail a donn\u00e9 naissance au projet &#8220;miRExpert&#8221;, une entreprise sp\u00e9cialis\u00e9e dans le suivi de l&#8217;efficacit\u00e9 de traitements de pathologies via la mesure\u00a0 de biomarqueurs sp\u00e9cifiques de la famille des microARN.<\/p>\n<p class=\"more-link-p\"><a class=\"btn btn-primary\" href=\"https:\/\/blog.ube.fr\/master-mib\/projet-de-promotion-2012-2013\/\">Voir plus &rarr;<\/a><\/p>\n","protected":false},"author":350,"featured_media":0,"parent":0,"menu_order":0,"comment_status":"closed","ping_status":"closed","template":"","meta":{"_acf_changed":false,"_exactmetrics_skip_tracking":false,"_exactmetrics_sitenote_active":false,"_exactmetrics_sitenote_note":"","_exactmetrics_sitenote_category":0,"footnotes":""},"class_list":["post-634","page","type-page","status-publish","hentry"],"acf":[],"_links":{"self":[{"href":"https:\/\/blog.ube.fr\/master-mib\/wp-json\/wp\/v2\/pages\/634","targetHints":{"allow":["GET"]}}],"collection":[{"href":"https:\/\/blog.ube.fr\/master-mib\/wp-json\/wp\/v2\/pages"}],"about":[{"href":"https:\/\/blog.ube.fr\/master-mib\/wp-json\/wp\/v2\/types\/page"}],"author":[{"embeddable":true,"href":"https:\/\/blog.ube.fr\/master-mib\/wp-json\/wp\/v2\/users\/350"}],"replies":[{"embeddable":true,"href":"https:\/\/blog.ube.fr\/master-mib\/wp-json\/wp\/v2\/comments?post=634"}],"version-history":[{"count":2,"href":"https:\/\/blog.ube.fr\/master-mib\/wp-json\/wp\/v2\/pages\/634\/revisions"}],"predecessor-version":[{"id":902,"href":"https:\/\/blog.ube.fr\/master-mib\/wp-json\/wp\/v2\/pages\/634\/revisions\/902"}],"wp:attachment":[{"href":"https:\/\/blog.ube.fr\/master-mib\/wp-json\/wp\/v2\/media?parent=634"}],"curies":[{"name":"wp","href":"https:\/\/api.w.org\/{rel}","templated":true}]}}