{"id":612,"date":"2018-02-05T17:38:50","date_gmt":"2018-02-05T16:38:50","guid":{"rendered":"http:\/\/blog.u-bourgogne.fr\/master-mib\/?page_id=612"},"modified":"2023-04-28T11:20:03","modified_gmt":"2023-04-28T10:20:03","slug":"temoignages","status":"publish","type":"page","link":"https:\/\/blog.ube.fr\/master-mib\/temoignages\/","title":{"rendered":"T\u00e9moignages"},"content":{"rendered":"<p><section class=\"kc-elm kc-css-28546 kc_row\"><div class=\"kc-row-container  kc-container\"><div class=\"kc-wrap-columns\"><div class=\"kc-elm kc-css-461017 kc_col-sm-12 kc_column kc_col-sm-12\"><div class=\"kc-col-container\"><div class=\"kc-elm kc-css-305268 kc_text_block\"><\/p>\n<p>\nQuelques t\u00e9moignages d&#039;\u00e9tudiants pendant ou apr\u00e8s la formation (cliquer sur la citation pour obtenir le t\u00e9moignage complet)<\/p>\n<p>\n<\/div><\/div><\/div><\/div><\/div><\/section><section class=\"kc-elm kc-css-494416 kc_row\"><div class=\"kc-row-container  kc-container\"><div class=\"kc-wrap-columns\"><div class=\"kc-elm kc-css-338711 kc_col-sm-12 kc_column kc_col-sm-12\"><div class=\"kc-col-container\">\n<div class=\"kc-elm kc-css-16929 kc-title-wrap \">\n\n\t<h1 class=\"kc_title\">Promotion 2002 - 2003<\/h1>\n<\/div>\n<\/div><\/div><\/div><\/div><\/section><section class=\"kc-elm kc-css-90194 kc_row\"><div class=\"kc-row-container  kc-container\"><div class=\"kc-wrap-columns\"><div class=\"kc-elm kc-css-766178 kc_col-sm-6 kc_column kc_col-sm-6\"><div class=\"kc-col-container\"><div class=\"kc-elm kc-css-684173 kc_text_block\"><\/p>\n<p>\nGa\u00eblle REVET: \u00a0<a style=\"color: #0073aa; max-width: 100%; line-height: normal;\" href=\"http:\/\/blog.ube.fr\/master-mib\/wp-content\/uploads\/sites\/92\/2019\/09\/Promo-2003-Temoignage-Gaelle-Revet.pdf\">\u00ab \u00e0 un moment ou un autre \u00e7a paye ! \u00bb<\/a><\/p>\n<p>\n<\/div><\/div><\/div><div class=\"kc-elm kc-css-540013 kc_col-sm-6 kc_column kc_col-sm-6\"><div class=\"kc-col-container\"><div class=\"kc-elm kc-css-104671 kc_shortcode kc_single_image\">\n\n        <img decoding=\"async\" src=\"https:\/\/blog.ube.fr\/master-mib\/wp-content\/uploads\/sites\/92\/2019\/09\/Gaelle-Revet-1.jpg\" class=\"\" alt=\"\" \/>    <\/div>\n<\/div><\/div><\/div><\/div><\/section><section class=\"kc-elm kc-css-352214 kc_row\"><div class=\"kc-row-container  kc-container\"><div class=\"kc-wrap-columns\"><div class=\"kc-elm kc-css-709352 kc_col-sm-12 kc_column kc_col-sm-12\"><div class=\"kc-col-container\">\n<div class=\"kc-elm kc-css-230320 kc-title-wrap \">\n\n\t<h1 class=\"kc_title\">Promotion 2006 - 2007<\/h1>\n<\/div>\n<\/div><\/div><\/div><\/div><\/section><section class=\"kc-elm kc-css-381293 kc_row\"><div class=\"kc-row-container  kc-container\"><div class=\"kc-wrap-columns\"><div class=\"kc-elm kc-css-157668 kc_col-sm-12 kc_column kc_col-sm-12\"><div class=\"kc-col-container\"><div class=\"kc-elm kc-css-557448 kc_text_block\"><\/p>\n<p>\n<span style=\"font-style: inherit;\">Jean-Baptiste CHARLET; &#8220;<\/span><a style=\"font-style: inherit;\" href=\"http:\/\/blog.ube.fr\/master-mib\/wp-content\/uploads\/sites\/92\/2019\/07\/2019-jean-baptiste-charlet-Questionnaire-Anciens-\u00e9tudiants-MIB.pdf\">\u00ab O\u00f9 mes comp\u00e9tences sont le plus utiles et est-ce que je suis heureux dans ce que je fais et enfin est-ce que je me vois faire \u00e7a pendant un temps long ou pas \u00bb<\/a><span style=\"font-style: inherit;\">&#8220;<\/span><\/p>\n<p>\n<\/div><\/div><\/div><\/div><\/div><\/section><section class=\"kc-elm kc-css-844728 kc_row\"><div class=\"kc-row-container  kc-container\"><div class=\"kc-wrap-columns\"><div class=\"kc-elm kc-css-160401 kc_col-sm-12 kc_column kc_col-sm-12\"><div class=\"kc-col-container\">\n<div class=\"kc-elm kc-css-248258 kc-title-wrap \">\n\n\t<h1 class=\"kc_title\">Promotion 2011 - 2012<\/h1>\n<\/div>\n<\/div><\/div><\/div><\/div><\/section><section class=\"kc-elm kc-css-164721 kc_row\"><div class=\"kc-row-container  kc-container\"><div class=\"kc-wrap-columns\"><div class=\"kc-elm kc-css-853486 kc_col-sm-6 kc_column kc_col-sm-6\"><div class=\"kc-col-container\"><div class=\"kc-elm kc-css-677387 kc_text_block\"><\/p>\n<p style=\"text-align: justify;\">Claire MAUGRAS: <a href=\"http:\/\/blog.ube.fr\/master-mib\/wp-content\/uploads\/sites\/92\/2019\/09\/Claire-Maugras.pdf\">&#8220;<span style=\"font-family: Calibri, sans-serif; font-size: 11pt;\">cette exp\u00e9rience de travail en groupe, compl\u00e9t\u00e9e par un stage dans une entreprise innovante h\u00e9berg\u00e9e \u00e0 l\u2019UFR de M\u00e9decine de Dijon, a une influence majeure sur son orientation professionnelle\"<\/span><\/a><\/p>\n<p>\n<\/div><\/div><\/div><div class=\"kc-elm kc-css-344906 kc_col-sm-6 kc_column kc_col-sm-6\"><div class=\"kc-col-container\"><div class=\"kc-elm kc-css-958146 kc_shortcode kc_single_image\">\n\n        <img decoding=\"async\" src=\"https:\/\/blog.ube.fr\/master-mib\/wp-content\/uploads\/sites\/92\/2019\/09\/claire-maugras.jpg\" class=\"\" alt=\"\" \/>    <\/div>\n<\/div><\/div><\/div><\/div><\/section><section class=\"kc-elm kc-css-456714 kc_row\"><div class=\"kc-row-container  kc-container\"><div class=\"kc-wrap-columns\"><div class=\"kc-elm kc-css-848410 kc_col-sm-12 kc_column kc_col-sm-12\"><div class=\"kc-col-container\">\n<div class=\"kc-elm kc-css-685756 kc-title-wrap \">\n\n\t<h1 class=\"kc_title\">Promotion 2013 - 2014<\/h1>\n<\/div>\n<\/div><\/div><\/div><\/div><\/section><section class=\"kc-elm kc-css-230879 kc_row\"><div class=\"kc-row-container  kc-container\"><div class=\"kc-wrap-columns\"><div class=\"kc-elm kc-css-874020 kc_col-sm-6 kc_column kc_col-sm-6\"><div class=\"kc-col-container\"><div class=\"kc-elm kc-css-475906 kc_text_block\"><\/p>\n<p style=\"text-align: center;\">Fanny BEBEY : <a href=\"http:\/\/blog.ube.fr\/master-mib\/wp-content\/uploads\/sites\/92\/2020\/06\/fanny-bebey.pdf\" target=\"_blank\" rel=\"noopener\">&#8220;<span style=\"font-family: Calibri, sans-serif; font-size: 11pt; font-style: inherit;\">C\u2019est pourquoi il faut<br \/>\nse donner \u00e0 fond dans tout ce qu\u2019on entreprend pour laisser une bonne image de<br \/>\nsoi et de son travail\"<\/span><\/a><\/p>\n<p>\n<\/div><\/div><\/div><div class=\"kc-elm kc-css-18621 kc_col-sm-6 kc_column kc_col-sm-6\"><div class=\"kc-col-container\"><div class=\"kc-elm kc-css-923196 kc_shortcode kc_single_image\">\n\n        <img decoding=\"async\" src=\"https:\/\/blog.ube.fr\/master-mib\/wp-content\/uploads\/sites\/92\/2020\/06\/fanny.jpg\" class=\"\" alt=\"\" \/>    <\/div>\n<\/div><\/div><\/div><\/div><\/section><section class=\"kc-elm kc-css-784185 kc_row\"><div class=\"kc-row-container  kc-container\"><div class=\"kc-wrap-columns\"><div class=\"kc-elm kc-css-568518 kc_col-sm-12 kc_column kc_col-sm-12\"><div class=\"kc-col-container\">\n<div class=\"kc-elm kc-css-629872 kc-title-wrap \">\n\n\t<h1 class=\"kc_title\">Promotion 2014 - 2015<\/h1>\n<\/div>\n<\/div><\/div><\/div><\/div><\/section><section class=\"kc-elm kc-css-877629 kc_row\"><div class=\"kc-row-container  kc-container\"><div class=\"kc-wrap-columns\"><div class=\"kc-elm kc-css-967959 kc_column kc_col-sm-12\"><div class=\"kc-col-container\"><div class=\"kc-elm kc-css-344902 kc_text_block\"><\/p>\n<p>\nSt\u00e9phanie WATBLED :\u00a0<a href=\"http:\/\/blog.ube.fr\/master-mib\/wp-content\/uploads\/sites\/92\/2019\/09\/t%C3%A9moignage-Stephanie-Watbled-promo-2014-2015.pdf\">&#8220;Trouver sa voie professionnelle est un projet innovant\"<\/a><\/p>\n<p>\n<\/div><\/div><\/div><\/div><\/div><\/section><section class=\"kc-elm kc-css-242273 kc_row\"><div class=\"kc-row-container  kc-container\"><div class=\"kc-wrap-columns\"><div class=\"kc-elm kc-css-723011 kc_col-sm-12 kc_column kc_col-sm-12\"><div class=\"kc-col-container\"><div class=\"kc-elm kc-css-70494\" style=\"height: 26px; clear: both; width:100%;\"><\/div><\/div><\/div><\/div><\/div><\/section><section class=\"kc-elm kc-css-532551 kc_row\"><div class=\"kc-row-container  kc-container\"><div class=\"kc-wrap-columns\"><div class=\"kc-elm kc-css-130268 kc_col-sm-6 kc_column kc_col-sm-6\"><div class=\"kc-col-container\"><div class=\"kc-elm kc-css-458910 kc_text_block\"><\/p>\n<p style=\"text-align: justify;\"><span style=\"max-width: 100%; line-height: normal; color: #444444; font-family: -apple-system, BlinkMacSystemFont, &#039;Segoe UI&#039;, Roboto, Oxygen-Sans, Ubuntu, Cantarell, &#039;Helvetica Neue&#039;, sans-serif; font-size: 14px; font-weight: 400;\">Thibault CLAVIER : <\/span><a style=\"color: #0073aa; max-width: 100%; line-height: normal; font-family: -apple-system, BlinkMacSystemFont, &#039;Segoe UI&#039;, Roboto, Oxygen-Sans, Ubuntu, Cantarell, &#039;Helvetica Neue&#039;, sans-serif; font-size: 14px; font-weight: 400;\" href=\"http:\/\/blog.ube.fr\/master-mib\/wp-content\/uploads\/sites\/92\/2019\/07\/2019-Clavier-Thibault-Questionnaire-Anciens-%C3%A9tudiants-MIB.pdf\" target=\"_blank\" rel=\"noopener noreferrer\">&#8220;Je vous recommande de vous investir pleinement dans la formation et notamment dans le projet de promotion&#8230;.\"<\/a><\/p>\n<p>\n<\/div><\/div><\/div><div class=\"kc-elm kc-css-327291 kc_col-sm-6 kc_column kc_col-sm-6\"><div class=\"kc-col-container\"><div class=\"kc-elm kc-css-115999 kc_shortcode kc_single_image\">\n\n        <img decoding=\"async\" src=\"https:\/\/blog.ube.fr\/master-mib\/wp-content\/uploads\/sites\/92\/2019\/09\/thibault-clavier.jpg\" class=\"\" alt=\"\" \/>    <\/div>\n<\/div><\/div><\/div><\/div><\/section><section class=\"kc-elm kc-css-502049 kc_row\"><div class=\"kc-row-container  kc-container\"><div class=\"kc-wrap-columns\"><div class=\"kc-elm kc-css-968040 kc_col-sm-12 kc_column kc_col-sm-12\"><div class=\"kc-col-container\">\n<div class=\"kc-elm kc-css-774432 kc-title-wrap \">\n\n\t<h1 class=\"kc_title\">Promotion 2015 - 2016<\/h1>\n<\/div>\n<\/div><\/div><\/div><\/div><\/section><section class=\"kc-elm kc-css-267413 kc_row\"><div class=\"kc-row-container  kc-container\"><div class=\"kc-wrap-columns\"><div class=\"kc-elm kc-css-393032 kc_col-sm-8 kc_column kc_col-sm-8\"><div class=\"kc-col-container\"><div class=\"kc-elm kc-css-526801 kc_text_block\"><\/p>\n<p style=\"text-align: justify;\">Margaux DORIA :\u00a0<a style=\"color: #0073aa; max-width: 100%; line-height: normal;\" href=\"http:\/\/blog.ube.fr\/master-mib\/wp-content\/uploads\/sites\/92\/2019\/07\/2019-Margaux-Doria-Questionnaire-Anciens-%C3%A9tudiants-MIB.pdf\" target=\"_blank\" rel=\"noopener noreferrer\">&#8220;ce stage est un premier pas vers une \u00e9ventuelle embauche au sein de l\u2019entreprise. Il permet \u00e9galement de commencer \u00e0 d\u00e9velopper son r\u00e9seau, essentiel dans le domaine des biotechnologies.\"<\/a><\/p>\n<p>\n<\/div><\/div><\/div><div class=\"kc-elm kc-css-65819 kc_col-sm-4 kc_column kc_col-sm-4\"><div class=\"kc-col-container\"><div class=\"kc-elm kc-css-661051 kc_shortcode kc_single_image\">\n\n        <img decoding=\"async\" src=\"https:\/\/blog.ube.fr\/master-mib\/wp-content\/uploads\/sites\/92\/2019\/09\/margaux-doria.png\" class=\"\" alt=\"\" \/>    <\/div>\n<\/div><\/div><\/div><\/div><\/section><section class=\"kc-elm kc-css-293833 kc_row\"><div class=\"kc-row-container  kc-container\"><div class=\"kc-wrap-columns\"><div class=\"kc-elm kc-css-739355 kc_col-sm-12 kc_column kc_col-sm-12\"><div class=\"kc-col-container\">\n<div class=\"kc-elm kc-css-956925 kc-title-wrap \">\n\n\t<h1 class=\"kc_title\">Promotion 2016 - 2017<\/h1>\n<\/div>\n<\/div><\/div><\/div><\/div><\/section><section class=\"kc-elm kc-css-5218 kc_row\"><div class=\"kc-row-container  kc-container\"><div class=\"kc-wrap-columns\"><div class=\"kc-elm kc-css-327614 kc_column kc_col-sm-12\"><div class=\"kc-col-container\"><div class=\"kc-elm kc-css-605476 kc_text_block\"><\/p>\n<p>\nNathalie LE :\u00a0<a href=\"http:\/\/blog.ube.fr\/master-mib\/wp-content\/uploads\/sites\/92\/2019\/05\/2019-Questionnaire-Anciens-%C3%A9tudiants-MIB-Nathalie-LE.pdf\">&#8220;il ne faut pas h\u00e9siter \u00e0 se montrer curieux et ambitieux ! Il faut oser, car tout se paye un jour&#8230;\"<\/a><\/p>\n<p>\n<\/div><\/div><\/div><\/div><\/div><\/section><section class=\"kc-elm kc-css-331724 kc_row\"><div class=\"kc-row-container  kc-container\"><div class=\"kc-wrap-columns\"><div class=\"kc-elm kc-css-940420 kc_col-sm-12 kc_column kc_col-sm-12\"><div class=\"kc-col-container\">\n<div class=\"kc-elm kc-css-919228 kc-title-wrap \">\n\n\t<h1 class=\"kc_title\">Promotion 2017 - 2018<\/h1>\n<\/div>\n<\/div><\/div><\/div><\/div><\/section><section class=\"kc-elm kc-css-737449 kc_row\"><div class=\"kc-row-container  kc-container\"><div class=\"kc-wrap-columns\"><div class=\"kc-elm kc-css-875484 kc_column kc_col-sm-12\"><div class=\"kc-col-container\"><div class=\"kc-elm kc-css-971928 kc_text_block\"><\/p>\n<p>\nMarie MAILLOT:\u00a0<a href=\"http:\/\/blog.ube.fr\/master-mib\/wp-content\/uploads\/sites\/92\/2019\/07\/2019-MAILLOT-M.-Questionnaire-Anciens-%C3%A9tudiants-MIB.pdf\" target=\"_blank\" rel=\"noopener noreferrer\">&#8220;Il faut savoir saisir les bonnes opportunit\u00e9s et ne pas se jeter sur la premi\u00e8re offre de stage venue\"<\/a><\/p>\n<p>\n<\/div>\n<div class=\"kc-elm kc-css-855878 kc-title-wrap \">\n\n\t<h1 class=\"kc_title\">Promotion 2018 - 2019<\/h1>\n<\/div>\n<\/div><\/div><\/div><\/div><\/section><section class=\"kc-elm kc-css-932955 kc_row\"><div class=\"kc-row-container  kc-container\"><div class=\"kc-wrap-columns\"><div class=\"kc-elm kc-css-369499 kc_col-sm-6 kc_column kc_col-sm-6\"><div class=\"kc-col-container\"><div class=\"kc-elm kc-css-257676 kc_text_block\"><\/p>\n<p>\nAbdelmnim RADOUA: &#8220;<a href=\"http:\/\/blog.ube.fr\/master-mib\/wp-content\/uploads\/sites\/92\/2019\/09\/Promo-2018-2019-Abdelmnim-Radoua.pdf\">La formation est construite sur une \u00ab approche terrain<\/a><span style=\"font-weight: 600;\">\u00a0\u00bb\"<\/span><\/p>\n<p>\n<\/div><\/div><\/div><div class=\"kc-elm kc-css-155726 kc_col-sm-6 kc_column kc_col-sm-6\"><div class=\"kc-col-container\"><div class=\"kc-elm kc-css-272934 kc_shortcode kc_single_image\">\n\n        <img decoding=\"async\" src=\"https:\/\/blog.ube.fr\/master-mib\/wp-content\/uploads\/sites\/92\/2019\/09\/radoua.jpg\" class=\"\" alt=\"\" \/>    <\/div>\n<\/div><\/div><\/div><\/div><\/section><section class=\"kc-elm kc-css-753259 kc_row\"><div class=\"kc-row-container  kc-container\"><div class=\"kc-wrap-columns\"><div class=\"kc-elm kc-css-595150 kc_col-sm-12 kc_column kc_col-sm-12\"><div class=\"kc-col-container\"><div class=\"kc-elm kc-css-934425\" style=\"height: 26px; clear: both; width:100%;\"><\/div><\/div><\/div><\/div><\/div><\/section><section class=\"kc-elm kc-css-695767 kc_row\"><div class=\"kc-row-container  kc-container\"><div class=\"kc-wrap-columns\"><div class=\"kc-elm kc-css-934188 kc_col-sm-6 kc_column kc_col-sm-6\"><div class=\"kc-col-container\"><div class=\"kc-elm kc-css-585568 kc_shortcode kc_single_image\">\n\n        <img decoding=\"async\" src=\"https:\/\/blog.ube.fr\/master-mib\/wp-content\/uploads\/sites\/92\/2020\/06\/laurelinne.jpg\" class=\"\" alt=\"\" \/>    <\/div>\n<\/div><\/div><div class=\"kc-elm kc-css-101963 kc_col-sm-6 kc_column kc_col-sm-6\"><div class=\"kc-col-container\"><div class=\"kc-elm kc-css-192613 kc_text_block\"><\/p>\n<p style=\"text-align: center;\">Laureline TABARD\u00a0<a href=\"http:\/\/blog.ube.fr\/master-mib\/wp-content\/uploads\/sites\/92\/2020\/06\/laureline-tabard.pdf\" target=\"_blank\" rel=\"noopener\">&#8220;<span style=\"font-family: Calibri, sans-serif; font-size: 11pt; font-style: inherit;\">organiser sa recherche de stage avec par exemple un tableau Excel bien<br \/>\nstructur\u00e9 et suivi, et prendre le temps de la r\u00e9flexion pour ensuite s\u2019investir<br \/>\npour aller \u00ab jusqu\u2019au bout \u00bb\"<\/span><\/a><\/p>\n<p>\n<\/div><\/div><\/div><\/div><\/div><\/section><section class=\"kc-elm kc_row\"><div class=\"kc-row-container  kc-container\"><div class=\"kc-wrap-columns\"><div class=\"kc-elm kc-css-55662 kc_col-sm-12 kc_column kc_col-sm-12\"><div class=\"kc-col-container\"><div class=\"kc-elm kc-css-191605\" style=\"height: 20px; clear: both; width:100%;\"><\/div><\/div><\/div><\/div><\/div><\/section><section class=\"kc-elm kc_row\"><div class=\"kc-row-container  kc-container\"><div class=\"kc-wrap-columns\"><div class=\"kc-elm kc_column kc_col-sm-12\"><div class=\"kc-col-container\"><div class=\"kc-elm kc-css-456576 kc_text_block\"><\/p>\n<p>Eug\u00e9nie CORNU-FAVELIER<\/p>\n<p style=\"text-align: center;\">&#8220;Je suis une Alumni de la promo MIB 2018\/2019. Je vous contacte aujourd&#8217;hui car j&#8217;habite depuis l&#8217;\u00e9t\u00e9 dernier aux Etats-Unis et je travaille \u00e0 Tulane University, une grande universit\u00e9 priv\u00e9e du sud des US. Je travaille en tant que Research Administrator, c&#8217;est-\u00e0-dire que je g\u00e8re tout le financement de la recherche de l&#8217;\u00e9cole \u00e0 laquelle je suis rattach\u00e9e (notamment via le montage de dossiers projets pour obtenir des financements f\u00e9d\u00e9raux). Le master MIB m&#8217;a beaucoup apport\u00e9 puisque j&#8217;allie la science \u00e0 la finance et au management de projets ! &#8220;<\/p>\n<p>\n<\/div><\/div><\/div><\/div><\/div><\/section><\/p>\n","protected":false},"excerpt":{"rendered":"<p class=\"more-link-p\"><a class=\"btn btn-primary\" href=\"https:\/\/blog.ube.fr\/master-mib\/temoignages\/\">Voir plus &rarr;<\/a><\/p>\n","protected":false},"author":350,"featured_media":0,"parent":0,"menu_order":0,"comment_status":"closed","ping_status":"closed","template":"","meta":{"_acf_changed":false,"_exactmetrics_skip_tracking":false,"_exactmetrics_sitenote_active":false,"_exactmetrics_sitenote_note":"","_exactmetrics_sitenote_category":0,"footnotes":""},"class_list":["post-612","page","type-page","status-publish","hentry"],"acf":[],"_links":{"self":[{"href":"https:\/\/blog.ube.fr\/master-mib\/wp-json\/wp\/v2\/pages\/612","targetHints":{"allow":["GET"]}}],"collection":[{"href":"https:\/\/blog.ube.fr\/master-mib\/wp-json\/wp\/v2\/pages"}],"about":[{"href":"https:\/\/blog.ube.fr\/master-mib\/wp-json\/wp\/v2\/types\/page"}],"author":[{"embeddable":true,"href":"https:\/\/blog.ube.fr\/master-mib\/wp-json\/wp\/v2\/users\/350"}],"replies":[{"embeddable":true,"href":"https:\/\/blog.ube.fr\/master-mib\/wp-json\/wp\/v2\/comments?post=612"}],"version-history":[{"count":50,"href":"https:\/\/blog.ube.fr\/master-mib\/wp-json\/wp\/v2\/pages\/612\/revisions"}],"predecessor-version":[{"id":1952,"href":"https:\/\/blog.ube.fr\/master-mib\/wp-json\/wp\/v2\/pages\/612\/revisions\/1952"}],"wp:attachment":[{"href":"https:\/\/blog.ube.fr\/master-mib\/wp-json\/wp\/v2\/media?parent=612"}],"curies":[{"name":"wp","href":"https:\/\/api.w.org\/{rel}","templated":true}]}}