{"id":599,"date":"2018-02-05T16:44:10","date_gmt":"2018-02-05T15:44:10","guid":{"rendered":"http:\/\/blog.u-bourgogne.fr\/master-mib\/?page_id=599"},"modified":"2018-02-05T16:46:13","modified_gmt":"2018-02-05T15:46:13","slug":"projet-de-promotion-2015-2016","status":"publish","type":"page","link":"https:\/\/blog.ube.fr\/master-mib\/projet-de-promotion-2015-2016\/","title":{"rendered":"Projet de promotion 2015 &#8211; 2016"},"content":{"rendered":"<p>Le projet de promotion 2015 -2016 s&#8217;articulait autour du d\u00e9veloppement de dispositifs innovants\u00a0dans le traitement et le suivi du cancer.<\/p>\n<p>La soutenance a eu lieu \u00e0 Dijon le 25 janvier 2016 et un article du Bien Public est venu souligner le travail r\u00e9alis\u00e9 par les \u00e9tudiants.<\/p>\n<p><a href=\"http:\/\/blog.ube.fr\/master-mib\/wp-content\/uploads\/sites\/92\/2018\/02\/bien-public.png\"><img loading=\"lazy\" decoding=\"async\" class=\"aligncenter size-full wp-image-601\" src=\"http:\/\/blog.ube.fr\/master-mib\/wp-content\/uploads\/sites\/92\/2018\/02\/bien-public.png\" alt=\"\" width=\"1050\" height=\"1111\" srcset=\"https:\/\/blog.ube.fr\/master-mib\/wp-content\/uploads\/sites\/92\/2018\/02\/bien-public.png 1050w, https:\/\/blog.ube.fr\/master-mib\/wp-content\/uploads\/sites\/92\/2018\/02\/bien-public-284x300.png 284w, https:\/\/blog.ube.fr\/master-mib\/wp-content\/uploads\/sites\/92\/2018\/02\/bien-public-768x813.png 768w, https:\/\/blog.ube.fr\/master-mib\/wp-content\/uploads\/sites\/92\/2018\/02\/bien-public-968x1024.png 968w\" sizes=\"auto, (max-width: 1050px) 100vw, 1050px\" \/><\/a><\/p>\n","protected":false},"excerpt":{"rendered":"<p>Le projet de promotion 2015 -2016 s&#8217;articulait autour du d\u00e9veloppement de dispositifs innovants\u00a0dans le traitement et le suivi du cancer. La soutenance a eu lieu \u00e0 Dijon le 25 janvier 2016 et un article du Bien Public est venu souligner le travail r\u00e9alis\u00e9 par les \u00e9tudiants.<\/p>\n<p class=\"more-link-p\"><a class=\"btn btn-primary\" href=\"https:\/\/blog.ube.fr\/master-mib\/projet-de-promotion-2015-2016\/\">Voir plus &rarr;<\/a><\/p>\n","protected":false},"author":350,"featured_media":0,"parent":0,"menu_order":0,"comment_status":"closed","ping_status":"closed","template":"","meta":{"_acf_changed":false,"_exactmetrics_skip_tracking":false,"_exactmetrics_sitenote_active":false,"_exactmetrics_sitenote_note":"","_exactmetrics_sitenote_category":0,"footnotes":""},"class_list":["post-599","page","type-page","status-publish","hentry"],"acf":[],"_links":{"self":[{"href":"https:\/\/blog.ube.fr\/master-mib\/wp-json\/wp\/v2\/pages\/599","targetHints":{"allow":["GET"]}}],"collection":[{"href":"https:\/\/blog.ube.fr\/master-mib\/wp-json\/wp\/v2\/pages"}],"about":[{"href":"https:\/\/blog.ube.fr\/master-mib\/wp-json\/wp\/v2\/types\/page"}],"author":[{"embeddable":true,"href":"https:\/\/blog.ube.fr\/master-mib\/wp-json\/wp\/v2\/users\/350"}],"replies":[{"embeddable":true,"href":"https:\/\/blog.ube.fr\/master-mib\/wp-json\/wp\/v2\/comments?post=599"}],"version-history":[{"count":3,"href":"https:\/\/blog.ube.fr\/master-mib\/wp-json\/wp\/v2\/pages\/599\/revisions"}],"predecessor-version":[{"id":604,"href":"https:\/\/blog.ube.fr\/master-mib\/wp-json\/wp\/v2\/pages\/599\/revisions\/604"}],"wp:attachment":[{"href":"https:\/\/blog.ube.fr\/master-mib\/wp-json\/wp\/v2\/media?parent=599"}],"curies":[{"name":"wp","href":"https:\/\/api.w.org\/{rel}","templated":true}]}}