{"id":541,"date":"2017-11-02T22:02:21","date_gmt":"2017-11-02T21:02:21","guid":{"rendered":"http:\/\/blog.u-bourgogne.fr\/master-mib\/?page_id=541"},"modified":"2022-02-09T11:56:41","modified_gmt":"2022-02-09T10:56:41","slug":"projets-de-promotion","status":"publish","type":"page","link":"https:\/\/blog.ube.fr\/master-mib\/projets-de-promotion\/","title":{"rendered":"Projets de promotion"},"content":{"rendered":"<p style=\"text-align: justify;\">Le projet de promotion consiste \u00e0 d\u00e9velopper une\u00a0StartUp virtuelle\u00a0 par l&#8217;ensemble de la promotion.<\/p>\n<p style=\"text-align: justify;\">Le sujet, donn\u00e9 par l&#8217;\u00e9quipe p\u00e9dagogique,\u00a0<span style=\"font-size: 16px;\">est choisi en fonction des innovations technologiques qui apparaissent dans des domaines tr\u00e8s vari\u00e9s :\u00a0\u00a0 pharmacie, diagnostic m\u00e9dical, domaine v\u00e9t\u00e9rinaire\u00a0ou agro-alimentaire.\u00a0<\/span><\/p>\n<p style=\"text-align: justify;\">Les \u00e9tudiants, apr\u00e8s une \u00e9tude bibliographique du sujet, propose un traitement, une m\u00e9thode de diagnostic, des compl\u00e9ments alimentaires qui sont innovants. La promotion s&#8217;organise comme une entreprise, avec ses diff\u00e9rents secteurs: recherche et d\u00e9veloppement, production, marketing &#8230; La promotion se choisit un ou deux chefs projets qui vont manager et orienter l&#8217;ensemble de la promotion. A la fin du projet, un dossier scientifique et un business plan seront remis \u00e0 l&#8217;\u00e9quipe p\u00e9dagogique et l&#8217;ensemble du projet sera pr\u00e9sent\u00e9 lors d&#8217;une soutenance.<\/p>\n<p style=\"text-align: justify;\">Les projets de promotion, d\u00e9velopp\u00e9s par les \u00e9tudiants des diff\u00e9rentes promotions sont les suivants:<\/p>\n<ul style=\"list-style-type: disc;\">\n<li>2021-2022: L&#8217;endom\u00e9triose: pr\u00e9vention, diagnostic, traitement<\/li>\n<li>2020-2021: Pr\u00e9vention, traitement, management, cons\u00e9quences de l\u2019infection par le coronavirus.<\/li>\n<li>2019-2020: Traitement innovant de la maladie de Parkinson<\/li>\n<li>2018-2019: Scl\u00e9rose en plaque et th\u00e9rapeutique<\/li>\n<li style=\"text-align: justify;\">2017-2018 : Maladie de Lyme et nouvelle m\u00e9thode de diagnostic innovante<\/li>\n<li style=\"text-align: justify;\">2016-2017 : D\u00e9veloppement d&#8217;une th\u00e9rapie canc\u00e9reuse utilisant la technologie CRISPR<\/li>\n<li style=\"text-align: justify;\">2015-2016 :\u00a0D\u00e9veloppement de dispositifs innovants\u00a0dans le traitement et le suivi du cancer<\/li>\n<li style=\"text-align: justify;\">2014-2015 : Lutte contre le virus Ebola<\/li>\n<li style=\"text-align: justify;\">2013-2014 : D\u00e9veloppement d&#8217;un traitement innovant \u00e0 base de produits naturels comme approche th\u00e9rapeutique pour les maladies neurod\u00e9g\u00e9n\u00e9ratives<\/li>\n<li style=\"text-align: justify;\">2012-2013 : Suivi de l&#8217;efficacit\u00e9 de traitements de pathologies via la mesure\u00a0 de biomarqueurs sp\u00e9cifiques de la famille des microARN<\/li>\n<\/ul>\n<p>&nbsp;<\/p>\n","protected":false},"excerpt":{"rendered":"<p>Le projet de promotion consiste \u00e0 d\u00e9velopper une\u00a0StartUp virtuelle\u00a0 par l&#8217;ensemble de la promotion. Le sujet, donn\u00e9 par l&#8217;\u00e9quipe p\u00e9dagogique,\u00a0est choisi en fonction des innovations technologiques qui apparaissent dans des domaines tr\u00e8s vari\u00e9s :\u00a0\u00a0 pharmacie, diagnostic m\u00e9dical, domaine v\u00e9t\u00e9rinaire\u00a0ou agro-alimentaire.\u00a0 Les \u00e9tudiants, apr\u00e8s une \u00e9tude bibliographique du sujet, propose un traitement, une m\u00e9thode de diagnostic,&hellip;<\/p>\n<p class=\"more-link-p\"><a class=\"btn btn-primary\" href=\"https:\/\/blog.ube.fr\/master-mib\/projets-de-promotion\/\">Voir plus &rarr;<\/a><\/p>\n","protected":false},"author":350,"featured_media":0,"parent":0,"menu_order":0,"comment_status":"closed","ping_status":"closed","template":"","meta":{"_acf_changed":false,"_exactmetrics_skip_tracking":false,"_exactmetrics_sitenote_active":false,"_exactmetrics_sitenote_note":"","_exactmetrics_sitenote_category":0,"footnotes":""},"class_list":["post-541","page","type-page","status-publish","hentry"],"acf":[],"_links":{"self":[{"href":"https:\/\/blog.ube.fr\/master-mib\/wp-json\/wp\/v2\/pages\/541","targetHints":{"allow":["GET"]}}],"collection":[{"href":"https:\/\/blog.ube.fr\/master-mib\/wp-json\/wp\/v2\/pages"}],"about":[{"href":"https:\/\/blog.ube.fr\/master-mib\/wp-json\/wp\/v2\/types\/page"}],"author":[{"embeddable":true,"href":"https:\/\/blog.ube.fr\/master-mib\/wp-json\/wp\/v2\/users\/350"}],"replies":[{"embeddable":true,"href":"https:\/\/blog.ube.fr\/master-mib\/wp-json\/wp\/v2\/comments?post=541"}],"version-history":[{"count":12,"href":"https:\/\/blog.ube.fr\/master-mib\/wp-json\/wp\/v2\/pages\/541\/revisions"}],"predecessor-version":[{"id":1911,"href":"https:\/\/blog.ube.fr\/master-mib\/wp-json\/wp\/v2\/pages\/541\/revisions\/1911"}],"wp:attachment":[{"href":"https:\/\/blog.ube.fr\/master-mib\/wp-json\/wp\/v2\/media?parent=541"}],"curies":[{"name":"wp","href":"https:\/\/api.w.org\/{rel}","templated":true}]}}