{"id":522,"date":"2017-11-02T21:00:07","date_gmt":"2017-11-02T20:00:07","guid":{"rendered":"http:\/\/blog.u-bourgogne.fr\/master-mib\/?page_id=522"},"modified":"2018-04-12T13:58:30","modified_gmt":"2018-04-12T12:58:30","slug":"modalites-dacces","status":"publish","type":"page","link":"https:\/\/blog.ube.fr\/master-mib\/formation\/modalites-dacces\/","title":{"rendered":"Modalit\u00e9s d&#8217;acc\u00e8s"},"content":{"rendered":"<dl class=\"article-info clearfix\"><\/dl>\n<h1 class=\"chapo\" style=\"text-align: justify\">Formation initiale :<\/h1>\n<p style=\"text-align: justify\">A partir de la rentr\u00e9e 2017\/2018, une s\u00e9lection est mise en place \u00e0 la fin de la L3. Une \u00e9tude des dossiers puis un entretien conditionnent l&#8217;entr\u00e9e en Master (Master 1 et Master 2).<\/p>\n<p style=\"text-align: justify\">Les candidats d\u00e9sirant postuler directement \u00e0 la deuxi\u00e8me ann\u00e9e\u00a0devront poss\u00e9der un master 1 scientifique incluant une formation initiale dans les domaines de la biologie animale et\/ou v\u00e9g\u00e9tale en particulier en biochimie ou biologie cellulaire ou physiologie ou biologie mol\u00e9culaire ou microbiologie ou chimie ou immunologie. Les candidats ayant un dipl\u00f4me de m\u00e9decine, pharmacie ou v\u00e9t\u00e9rinaire ou un dipl\u00f4me d&#8217;ing\u00e9nieur pourront faire acte de candidature.<\/p>\n<p style=\"text-align: justify\">Les \u00e9tudiants \u00e9trangers qui ne disposent pas de l\u2019un des dipl\u00f4mes fran\u00e7ais requis pour l\u2019acc\u00e8s \u00e0 la formation devront imp\u00e9rativement constituer un dossier aupr\u00e8s du service des Relations Internationales (voir calendrier et date limite de d\u00e9p\u00f4t de dossier sur la page web relative \u00e0 ce service : rubrique \u00ab International \u00bb et \u00ab Venir \u00e0 l\u2019UB \u00e0 titre individuel \u00bb), m\u00eame s\u2019ils sont en cours de formation dans le sup\u00e9rieur en France au moment du d\u00e9p\u00f4t de dossier.<br \/>\nLes \u00e9tudiants de nationalit\u00e9 fran\u00e7aise disposant des dipl\u00f4mes requis ou \u00e9quivalents, mais obtenus \u00e0 l\u2019\u00e9tranger doivent constituer un dossier de validation d\u2019acquis (\u00e0 retirer \u00e0 la scolarit\u00e9 centrale ou \u00e0 la scolarit\u00e9 de l\u2019UFR SVTE). Leur candidature sera \u00e9tudi\u00e9e en fonction de leur projet universitaire et professionnel, de leur ma\u00eetrise de la langue fran\u00e7aise, et de l\u2019ad\u00e9quation de leurs dipl\u00f4mes avec le niveau et la formation qu\u2019ils souhaitent int\u00e9grer.<\/p>\n<h1 class=\"chapo\" style=\"text-align: justify\">Formation continue :<\/h1>\n<p style=\"text-align: justify\">Cette sp\u00e9cialit\u00e9 est ouverte \u00e0 la formation continue soit pour l&#8217;enseignement complet soit pour une partie des modules seulement. L&#8217;obtention du dipl\u00f4me en formation continue est accessible :<\/p>\n<ul style=\"text-align: justify\">\n<li>aux demandeurs d&#8217;emploi<\/li>\n<li>dans le cadre d&#8217;une r\u00e9orientation, d&#8217;une remise \u00e0 niveau, &#8230;<\/li>\n<\/ul>\n<p style=\"text-align: justify\">Il pourra \u00eatre fait appel \u00e0 la validation des acquis pour l&#8217;admission.<\/p>\n<h1 class=\"chapo\" style=\"text-align: justify\">Par validation d\u2019acquis ou \u00e9quivalence de dipl\u00f4me :<\/h1>\n<ul>\n<li style=\"text-align: justify\">en formation initiale : s\u2019adresser \u00e0 la scolarit\u00e9 organisatrice de la formation<\/li>\n<li style=\"text-align: justify\">en formation continue : s\u2019adresser au service de formation continue de l\u2019universit\u00e9 (03.80.39.51.80)<\/li>\n<\/ul>\n","protected":false},"excerpt":{"rendered":"<p>Formation initiale : A partir de la rentr\u00e9e 2017\/2018, une s\u00e9lection est mise en place \u00e0 la fin de la L3. Une \u00e9tude des dossiers puis un entretien conditionnent l&#8217;entr\u00e9e en Master (Master 1 et Master 2). Les candidats d\u00e9sirant postuler directement \u00e0 la deuxi\u00e8me ann\u00e9e\u00a0devront poss\u00e9der un master 1 scientifique incluant une formation initiale&hellip;<\/p>\n<p class=\"more-link-p\"><a class=\"btn btn-primary\" href=\"https:\/\/blog.ube.fr\/master-mib\/formation\/modalites-dacces\/\">Voir plus &rarr;<\/a><\/p>\n","protected":false},"author":350,"featured_media":0,"parent":520,"menu_order":1,"comment_status":"closed","ping_status":"closed","template":"","meta":{"_acf_changed":false,"_exactmetrics_skip_tracking":false,"_exactmetrics_sitenote_active":false,"_exactmetrics_sitenote_note":"","_exactmetrics_sitenote_category":0,"footnotes":""},"class_list":["post-522","page","type-page","status-publish","hentry"],"acf":[],"_links":{"self":[{"href":"https:\/\/blog.ube.fr\/master-mib\/wp-json\/wp\/v2\/pages\/522","targetHints":{"allow":["GET"]}}],"collection":[{"href":"https:\/\/blog.ube.fr\/master-mib\/wp-json\/wp\/v2\/pages"}],"about":[{"href":"https:\/\/blog.ube.fr\/master-mib\/wp-json\/wp\/v2\/types\/page"}],"author":[{"embeddable":true,"href":"https:\/\/blog.ube.fr\/master-mib\/wp-json\/wp\/v2\/users\/350"}],"replies":[{"embeddable":true,"href":"https:\/\/blog.ube.fr\/master-mib\/wp-json\/wp\/v2\/comments?post=522"}],"version-history":[{"count":3,"href":"https:\/\/blog.ube.fr\/master-mib\/wp-json\/wp\/v2\/pages\/522\/revisions"}],"predecessor-version":[{"id":907,"href":"https:\/\/blog.ube.fr\/master-mib\/wp-json\/wp\/v2\/pages\/522\/revisions\/907"}],"up":[{"embeddable":true,"href":"https:\/\/blog.ube.fr\/master-mib\/wp-json\/wp\/v2\/pages\/520"}],"wp:attachment":[{"href":"https:\/\/blog.ube.fr\/master-mib\/wp-json\/wp\/v2\/media?parent=522"}],"curies":[{"name":"wp","href":"https:\/\/api.w.org\/{rel}","templated":true}]}}