{"id":520,"date":"2017-11-02T21:11:55","date_gmt":"2017-11-02T20:11:55","guid":{"rendered":"http:\/\/blog.u-bourgogne.fr\/master-mib\/?page_id=520"},"modified":"2024-11-26T10:37:05","modified_gmt":"2024-11-26T09:37:05","slug":"formation","status":"publish","type":"page","link":"https:\/\/blog.ube.fr\/master-mib\/formation\/","title":{"rendered":"Formation"},"content":{"rendered":"<section class=\"kc-elm kc-css-713926 kc_row\"><div class=\"kc-row-container  kc-container\"><div class=\"kc-wrap-columns\"><div class=\"kc-elm kc-css-724373 kc_col-sm-12 kc_column kc_col-sm-12\"><div class=\"kc-col-container\"><div class=\"kc-elm kc-css-44944 kc_text_block\"><\/p>\n<table style=\"width: 100%;\">\n<tbody>\n<tr>\n<td style=\"width: 29.5157%;\"><a href=\"http:\/\/blog.ube.fr\/master-mib\/wp-content\/uploads\/sites\/92\/2024\/11\/Presentation-ODF-Master-BS-2024.png\" target=\"_blank\" rel=\"noopener\"><img loading=\"lazy\" decoding=\"async\" class=\"alignleft\" style=\"font-style: normal; font-variant-ligatures: normal; font-variant-caps: normal; font-weight: 400; font-family: 'Times New Roman'; font-size: 16px;\" src=\"http:\/\/blog.ube.fr\/master-mib\/wp-content\/uploads\/sites\/92\/2024\/11\/Presentation-ODF-Master-BS-2024-small.png\" alt=\"\" width=\"400\" height=\"300\" \/><\/a><\/td>\n<td style=\"width: 70.4843%;\">\n<p style=\"font-style: normal; font-variant-ligatures: normal; font-variant-caps: normal; font-weight: 400; font-family: 'Times New Roman'; font-size: 16px;\">Le master MIB est un parcours de la mention de\u00a0<a style=\"font-size: 16px;\" href=\"https:\/\/formations.u-bourgogne.fr\/fr\/offre-de-formation\/master-XB\/master-biologie-sante-LMGC26FU.html\" target=\"_blank\" rel=\"noopener\">master Biologie Sant\u00e9 de l&#8217;universit\u00e9 de Bourgogne<\/a>\u00a0\u00e0 Dijon :<\/p>\n<p style=\"font-style: normal; font-variant-ligatures: normal; font-variant-caps: normal; font-weight: 400; font-family: 'Times New Roman'; font-size: 16px;\">Le parcours\u00a0<strong style=\"font-size: 16px;\">Management et Innovation en Biotechnologies (MIB)<\/strong>\u00a0forme, sur 2 ann\u00e9es, les futurs professionnels de l&#8217;innovation en sant\u00e9 en acqu\u00e9rant une double comp\u00e9tence scientifique de haut niveau en biotechnologies et en gestion op\u00e9rationnelle de projets d&#8217;innovation. La formation se concentre sur les nouveaux outils de diagnostic des pathologies, les concepts \u00e9mergents en bioproduction, th\u00e9rapeutique, l&#8217;innovation en nutraceutique et le management op\u00e9rationnel de projet. Ainsi, la formation est structur\u00e9e autour d&#8217;une approche visant \u00e0 \u00e9quilibrer de mani\u00e8re constante l&#8217;acquisition de connaissances pures et l&#8217;appropriation des outils de management, de valorisation et d&#8217;innovation. Ce point est essentiel pour d\u00e9velopper des approches industrielles et faciliter l&#8217;int\u00e9gration des \u00e9tudiants dans le monde professionnel.<\/p>\n<p style=\"font-style: normal; font-variant-ligatures: normal; font-variant-caps: normal; font-weight: 400; font-family: 'Times New Roman'; font-size: 16px;\"><strong style=\"font-size: 16px;\">L&#8217;approche MIB place l&#8217;\u00e9tudiant et ses projets professionnels et personnels au c\u0153ur de la formation<\/strong>.<\/p>\n<p style=\"font-style: normal; font-variant-ligatures: normal; font-variant-caps: normal; font-weight: 400; font-family: 'Times New Roman'; font-size: 16px;\">Au cours du master, l&#8217;\u00e9tudiant effectuera un v\u00e9ritable bilan de comp\u00e9tences, puis formalisera son projet de vie en int\u00e9grant les aspects professionnels et personnels. Sa recherche de stage ou d&#8217;alternance sera construite \u00e0 partir de ce bilan et de ce projet.<\/p>\n<\/td>\n<\/tr>\n<\/tbody>\n<\/table>\n<table style=\"border-collapse: collapse; width: 100%; border-style: none;\">\n<tbody>\n<tr>\n<td style=\"width: 56.2173%;\">\n<p>Le master est une formation en 2 ann\u00e9es (M1 et M2) comprenant des enseignements th\u00e9oriques et pratiques sous forme de cours magistraux, TD et TP, des enseignements de pr\u00e9paration \u00e0 la vie professionnelle, du travail personnel ou en \u00e9quipe d\u2019analyse bibliographique et de gestion de projets.<\/p>\n<p>Le M1 est constitu\u00e9 d\u2019un tronc commun de six UE transversales, incluant un stage de deux mois pr\u00e9f\u00e9rentiellement en entreprise, de trois UE de sp\u00e9cialit\u00e9 (Connaissance Approfondie des Entreprises &#8211; CAPE, Biotechnologie et G\u00e9nie G\u00e9n\u00e9tique &#8211; BGG et Bio-Informatique Avanc\u00e9e &#8211; BIA) et de une UE optionnelle au S2 (choix entre Bioth\u00e9rapies Bio-Productions &#8211; BIOBS, et Immuno-Pathologies Immuno-Th\u00e9rapies &#8211; IPIT) que les \u00e9tudiants choisiront en fonction de leur projet professionnel. L\u2019objectif du tronc commun est de permettre \u00e0 tous d\u2019acqu\u00e9rir des capacit\u00e9s de communication orale et \u00e9crite (y compris en langue anglaise) ainsi que de d\u00e9velopper leurs connaissances fondamentales et comp\u00e9tences techniques dans les domaines de la Biologie et de la Sant\u00e9. Des modules de pr\u00e9paration \u00e0 vie professionnelle et de gestion de projet sont propos\u00e9s. Les EU optionnelles du second semestre orientent les \u00e9tudiants vers la sp\u00e9cialisation de leur choix. Un stage de huit semaines en laboratoire de recherche est inclus dans le cursus pendant les mois de janvier et f\u00e9vrier.<\/p>\n<\/td>\n<\/tr>\n<\/tbody>\n<\/table>\n<table style=\"border-collapse: collapse; width: 100%;\">\n<tbody>\n<tr>\n<td style=\"width: 50%;\"><a href=\"http:\/\/blog.ube.fr\/master-mib\/wp-content\/uploads\/sites\/92\/2024\/11\/Presentation-ODF-Master-BS-2024-b.png\" target=\"_blank\" rel=\"noopener\"><img loading=\"lazy\" decoding=\"async\" class=\"aligncenter\" src=\"http:\/\/blog.ube.fr\/master-mib\/wp-content\/uploads\/sites\/92\/2024\/11\/Presentation-ODF-Master-BS-2024-b-small.png\" alt=\"M1 MIB Semestre 1\" width=\"598\" height=\"449\" \/><\/a><\/td>\n<td style=\"width: 50%;\"><a href=\"http:\/\/blog.ube.fr\/master-mib\/wp-content\/uploads\/sites\/92\/2024\/11\/Presentation-ODF-Master-BS-2024-c.png\" target=\"_blank\" rel=\"noopener\"><img loading=\"lazy\" decoding=\"async\" src=\"http:\/\/blog.ube.fr\/master-mib\/wp-content\/uploads\/sites\/92\/2024\/11\/Presentation-ODF-Master-BS-2024-c-small.png\" alt=\"Semestre 2 du Master MIB\" width=\"598\" height=\"449\" \/><\/a><\/td>\n<\/tr>\n<\/tbody>\n<\/table>\n<p>\n<\/div><\/div><\/div><\/div><\/div><\/section>\n","protected":false},"excerpt":{"rendered":"<p class=\"more-link-p\"><a class=\"btn btn-primary\" href=\"https:\/\/blog.ube.fr\/master-mib\/formation\/\">Voir plus &rarr;<\/a><\/p>\n","protected":false},"author":350,"featured_media":0,"parent":0,"menu_order":0,"comment_status":"closed","ping_status":"closed","template":"","meta":{"_acf_changed":false,"_exactmetrics_skip_tracking":false,"_exactmetrics_sitenote_active":false,"_exactmetrics_sitenote_note":"","_exactmetrics_sitenote_category":0,"footnotes":""},"class_list":["post-520","page","type-page","status-publish","hentry"],"acf":[],"_links":{"self":[{"href":"https:\/\/blog.ube.fr\/master-mib\/wp-json\/wp\/v2\/pages\/520","targetHints":{"allow":["GET"]}}],"collection":[{"href":"https:\/\/blog.ube.fr\/master-mib\/wp-json\/wp\/v2\/pages"}],"about":[{"href":"https:\/\/blog.ube.fr\/master-mib\/wp-json\/wp\/v2\/types\/page"}],"author":[{"embeddable":true,"href":"https:\/\/blog.ube.fr\/master-mib\/wp-json\/wp\/v2\/users\/350"}],"replies":[{"embeddable":true,"href":"https:\/\/blog.ube.fr\/master-mib\/wp-json\/wp\/v2\/comments?post=520"}],"version-history":[{"count":15,"href":"https:\/\/blog.ube.fr\/master-mib\/wp-json\/wp\/v2\/pages\/520\/revisions"}],"predecessor-version":[{"id":2025,"href":"https:\/\/blog.ube.fr\/master-mib\/wp-json\/wp\/v2\/pages\/520\/revisions\/2025"}],"wp:attachment":[{"href":"https:\/\/blog.ube.fr\/master-mib\/wp-json\/wp\/v2\/media?parent=520"}],"curies":[{"name":"wp","href":"https:\/\/api.w.org\/{rel}","templated":true}]}}