{"id":518,"date":"2017-11-02T20:54:06","date_gmt":"2017-11-02T19:54:06","guid":{"rendered":"http:\/\/blog.u-bourgogne.fr\/master-mib\/?page_id=518"},"modified":"2018-02-14T11:28:15","modified_gmt":"2018-02-14T10:28:15","slug":"adhesion-modalites","status":"publish","type":"page","link":"https:\/\/blog.ube.fr\/master-mib\/association-biochallenge\/adhesion-modalites\/","title":{"rendered":"Adh\u00e9sion &#8211; Modalit\u00e9s"},"content":{"rendered":"<p style=\"text-align: justify\">Les adh\u00e9rents sont des\u00a0<strong>membres actifs<\/strong>\u00a0de l&#8217;association qui peuvent s&#8217;ils le souhaitent participer \u00e0 l&#8217;organisation des \u00e9v\u00e8nements (et leur aide est toujours la bienvenue !).<\/p>\n<h2 style=\"text-align: justify\">Comment adh\u00e9rer \u00e0 l&#8217;association BioChallenge ?<\/h2>\n<p style=\"text-align: justify\">&#8211;\u00a0<strong>Remplir un formulaire d&#8217;adh\u00e9sion<\/strong><br \/>\nUn formulaire est distribu\u00e9 \u00e0 tous les \u00e9tudiants et enseignants du master MIB. Pour toute autre adh\u00e9sion, imprimer et compl\u00e9ter le formulaire pr\u00e9sent en fichier joint.<\/p>\n<p style=\"text-align: justify\">&#8211;\u00a0<strong>Payer une contribution de 5 euros<\/strong><br \/>\nL&#8217;argent des adh\u00e9sions ainsi vers\u00e9 \u00e0 l&#8217;association contribuera \u00e0 l&#8217;organisation d&#8217;\u00e9v\u00e8nements.<\/p>\n<p style=\"text-align: justify\"><strong>Remarque<\/strong>\u00a0: Il est \u00e9galement possible de faire un don \u00e0 l&#8217;association BioChallenge. Il suffit de cocher la case correspondante sur le formulaire d&#8217;adh\u00e9sion et de pr\u00e9ciser le montant du don. L&#8217;association b\u00e9n\u00e9ficie ainsi chaque ann\u00e9e de g\u00e9n\u00e9reux donateurs !<\/p>\n<h2 style=\"text-align: justify\">Pourquoi adh\u00e9rer \u00e0 l&#8217;association BioChallenge ?<\/h2>\n<p style=\"text-align: justify\"><strong>&#8211; Vous \u00eates \u00e9tudiant ou enseignant du master MIB<\/strong><br \/>\nCar l&#8217;association Biochallenge est l&#8217;affaire de tous ! Les membres du bureau n&#8217;en sont que la repr\u00e9sentation officielle. L&#8217;association vit gr\u00e2ce \u00e0 la promotion du master MIB, et son dynamisme sera proportionnel \u00e0 l&#8217;implication de chacun. De plus, l&#8217;association oeuvre dans l&#8217;int\u00e9r\u00eat des \u00e9tudiants du master MIB et vise \u00e0 faciliter leur future insertion professionnelle&#8230; De quoi se sentir concern\u00e9 !<\/p>\n<p style=\"text-align: justify\"><strong>&#8211; Vous n&#8217;appartenez pas au master MIB<\/strong><br \/>\nEtre adh\u00e9rent vous offre des privil\u00e8ges chez nos partenaires (liste \u00e0 d\u00e9finir), ainsi que notre gratitude !<\/p>\n","protected":false},"excerpt":{"rendered":"<p>Les adh\u00e9rents sont des\u00a0membres actifs\u00a0de l&#8217;association qui peuvent s&#8217;ils le souhaitent participer \u00e0 l&#8217;organisation des \u00e9v\u00e8nements (et leur aide est toujours la bienvenue !). Comment adh\u00e9rer \u00e0 l&#8217;association BioChallenge ? &#8211;\u00a0Remplir un formulaire d&#8217;adh\u00e9sion Un formulaire est distribu\u00e9 \u00e0 tous les \u00e9tudiants et enseignants du master MIB. Pour toute autre adh\u00e9sion, imprimer et compl\u00e9ter le&hellip;<\/p>\n<p class=\"more-link-p\"><a class=\"btn btn-primary\" href=\"https:\/\/blog.ube.fr\/master-mib\/association-biochallenge\/adhesion-modalites\/\">Voir plus &rarr;<\/a><\/p>\n","protected":false},"author":350,"featured_media":0,"parent":504,"menu_order":2,"comment_status":"closed","ping_status":"closed","template":"","meta":{"_acf_changed":false,"_exactmetrics_skip_tracking":false,"_exactmetrics_sitenote_active":false,"_exactmetrics_sitenote_note":"","_exactmetrics_sitenote_category":0,"footnotes":""},"class_list":["post-518","page","type-page","status-publish","hentry"],"acf":[],"_links":{"self":[{"href":"https:\/\/blog.ube.fr\/master-mib\/wp-json\/wp\/v2\/pages\/518","targetHints":{"allow":["GET"]}}],"collection":[{"href":"https:\/\/blog.ube.fr\/master-mib\/wp-json\/wp\/v2\/pages"}],"about":[{"href":"https:\/\/blog.ube.fr\/master-mib\/wp-json\/wp\/v2\/types\/page"}],"author":[{"embeddable":true,"href":"https:\/\/blog.ube.fr\/master-mib\/wp-json\/wp\/v2\/users\/350"}],"replies":[{"embeddable":true,"href":"https:\/\/blog.ube.fr\/master-mib\/wp-json\/wp\/v2\/comments?post=518"}],"version-history":[{"count":2,"href":"https:\/\/blog.ube.fr\/master-mib\/wp-json\/wp\/v2\/pages\/518\/revisions"}],"predecessor-version":[{"id":895,"href":"https:\/\/blog.ube.fr\/master-mib\/wp-json\/wp\/v2\/pages\/518\/revisions\/895"}],"up":[{"embeddable":true,"href":"https:\/\/blog.ube.fr\/master-mib\/wp-json\/wp\/v2\/pages\/504"}],"wp:attachment":[{"href":"https:\/\/blog.ube.fr\/master-mib\/wp-json\/wp\/v2\/media?parent=518"}],"curies":[{"name":"wp","href":"https:\/\/api.w.org\/{rel}","templated":true}]}}