{"id":507,"date":"2017-11-02T20:35:06","date_gmt":"2017-11-02T19:35:06","guid":{"rendered":"http:\/\/blog.u-bourgogne.fr\/master-mib\/?page_id=507"},"modified":"2021-06-14T09:26:00","modified_gmt":"2021-06-14T08:26:00","slug":"statuts-association","status":"publish","type":"page","link":"https:\/\/blog.ube.fr\/master-mib\/association-biochallenge\/statuts-association\/","title":{"rendered":"Statuts Association"},"content":{"rendered":"<section class=\"kc-elm kc-css-902726 kc_row\"><div class=\"kc-row-container  kc-container\"><div class=\"kc-wrap-columns\"><div class=\"kc-elm kc-css-772806 kc_col-sm-12 kc_column kc_col-sm-12\"><div class=\"kc-col-container\"><div class=\"kc-elm kc-css-673688 kc_text_block\"><\/p>\n<p style=\"text-align: justify;\">L&#039;association BioChallenge est une association dirig\u00e9e par et pour les \u00e9tudiants du master MIB.<\/p>\n<p style=\"text-align: justify;\">Elle est compos\u00e9e d&#039;un bureau comportant\u00a0<strong>six membres<\/strong>. Ces membres sont \u00e9lus chaque ann\u00e9e par et parmi les \u00e9tudiants du master MIB, et ce pour une dur\u00e9e de un an.<\/p>\n<p style=\"text-align: justify;\"><strong style=\"font-family: &#039;Times New Roman&#039;; font-size: 16px; font-style: normal;\">Les membres du bureau \u00e9lus pour l&#039;ann\u00e9e universitaire 2021\/2022 sont :<\/strong><\/p>\n<p style=\"text-align: justify;\">&#8211; <span style=\"text-decoration: underline;\">Pr\u00e9sident<\/span>: Adam Lahmar<\/p>\n<p style=\"text-align: justify;\">&#8211;<span style=\"text-decoration: underline;\">Vice-Pr\u00e9sident<\/span>e: Louise Vedrenne<\/p>\n<p><span style=\"font-family: &#039;Times New Roman&#039;; font-size: 16px; font-style: normal; font-weight: 400; text-align: justify;\">&#8211; <span style=\"text-decoration: underline;\">Secr\u00e9taire<\/span>: Nouhaila Radoua<\/span><\/p>\n<p style=\"text-align: justify;\">&#8211; <span style=\"text-decoration: underline;\">Tr\u00e9sori\u00e8re<\/span>: M\u00e9lanie Bouiller<\/p>\n<p style=\"text-align: justify;\">&#8211; <span style=\"text-decoration: underline;\">Vice-tr\u00e9sori\u00e8re<\/span>: Marie Virginie Lebrun Barbotte<\/p>\n<p style=\"text-align: justify;\">&#8211; <span style=\"text-decoration: underline;\">Vice-secr\u00e9taire<\/span> : Louis Prudent<\/p>\n<p style=\"text-align: justify;\">&#8211;<span style=\"text-decoration: underline;\">Charg\u00e9 de la communication<\/span>: Louis Prudent<\/p>\n<p style=\"text-align: center;\">\n<p style=\"text-align: justify;\"><strong>L&#039;association BioChallenge poss\u00e8de un double objectif :<\/strong><\/p>\n<ul style=\"text-align: justify;\">\n<li>promouvoir le savoir-faire des \u00e9tudiants du master MIB aupr\u00e8s de professionnels et d&#039;\u00e9tudiants en cours d&#039;orientation, via l&#039;organisation de rencontres, petits-d\u00e9jeuners ou autres (voir rubrique &#8220;\u00e9v\u00e8nements\").<\/li>\n<\/ul>\n<ul style=\"text-align: justify;\">\n<li>mettre en relation les diff\u00e9rentes promotions du master MIB et de constituer un &#8220;r\u00e9seau des anciens\", notamment par le biais d&#039;\u00e9venements (soir\u00e9es, repas&#8230;) permettant des \u00e9changes dans une ambiance conviviale et festive.<\/li>\n<\/ul>\n<p style=\"text-align: justify;\">La dualit\u00e9 de cet objectif s&#039;inscrit dans une logique de dynamisation de la vie \u00e9tudiante et de professionnalisation des \u00e9tudiants du master MIB.<\/p>\n<p style=\"text-align: justify;\"><strong>Remarque<\/strong>\u00a0: Bien que seuls six membres du bureau soient \u00e9lus, l&#039;association BioChallenge reste l&#039;affaire de tous les \u00e9tudiants du master MIB et il appartient \u00e0 tous les adh\u00e9rents d&#039;\u00e9mettre des id\u00e9es quant \u00e0 l&#039;organisation d&#039;\u00e9v\u00e8nements !<\/p>\n<p style=\"text-align: justify;\"><span style=\"font-weight: 600;\">Les membres du bureau \u00e9lus pour l&#039;ann\u00e9e universitaire 2020\/2021 \u00e9taient :<\/span><\/p>\n<p style=\"text-align: justify;\">&#8211; Pr\u00e9sidente: Dana\u00eb Henin<\/p>\n<p>&#8211; Secr\u00e9taire:\u00a0Arnaud Plumier<\/p>\n<p style=\"text-align: justify;\">&#8211; Tr\u00e9sori\u00e8re:\u00a0Cl\u00e9mence Senez\u00a0<\/p>\n<p style=\"text-align: justify;\">&#8211; Vice-tr\u00e9sori\u00e8re: B\u00fc\u015fra Tinastepe<\/p>\n<p style=\"text-align: justify;\">&#8211; Vice-secr\u00e9taire : Chlo\u00e9 Gemma<\/p>\n<p style=\"text-align: justify;\">\n<p style=\"text-align: justify;\"><strong style=\"font-family: &#039;Times New Roman&#039;; font-size: 16px; font-style: normal;\">Les membres du bureau \u00e9lus pour l&#039;ann\u00e9e universitaire 2019\/2020 \u00e9taient :<\/strong><\/p>\n<p style=\"text-align: justify;\">&#8211; Pr\u00e9sidente: Mlle Marie BASSAN<\/p>\n<p style=\"text-align: justify;\">&#8211; Vice-pr\u00e9sidente: Mlle Clo\u00e9 VOITURIER<\/p>\n<p style=\"text-align: justify;\">&#8211; Tr\u00e9sorier: Mr Amokrane GUEZLANE<\/p>\n<p style=\"text-align: justify;\">&#8211; Vice-tr\u00e9soriere: Mlle Farah BELBAGHDADI<\/p>\n<p style=\"text-align: justify;\">&#8211; Secr\u00e9taire G\u00e9n\u00e9rale: Mlle Ombeline REMY<\/p>\n<p style=\"text-align: justify;\">&#8211; Secr\u00e9taire adjointe: Mlle Marie-Anais LECUELLE<\/p>\n<p>\n<\/div><\/div><\/div><\/div><\/div><\/section>\n","protected":false},"excerpt":{"rendered":"<p class=\"more-link-p\"><a class=\"btn btn-primary\" href=\"https:\/\/blog.ube.fr\/master-mib\/association-biochallenge\/statuts-association\/\">Voir plus &rarr;<\/a><\/p>\n","protected":false},"author":350,"featured_media":0,"parent":504,"menu_order":1,"comment_status":"closed","ping_status":"closed","template":"","meta":{"_acf_changed":false,"_exactmetrics_skip_tracking":false,"_exactmetrics_sitenote_active":false,"_exactmetrics_sitenote_note":"","_exactmetrics_sitenote_category":0,"footnotes":""},"class_list":["post-507","page","type-page","status-publish","hentry"],"acf":[],"_links":{"self":[{"href":"https:\/\/blog.ube.fr\/master-mib\/wp-json\/wp\/v2\/pages\/507","targetHints":{"allow":["GET"]}}],"collection":[{"href":"https:\/\/blog.ube.fr\/master-mib\/wp-json\/wp\/v2\/pages"}],"about":[{"href":"https:\/\/blog.ube.fr\/master-mib\/wp-json\/wp\/v2\/types\/page"}],"author":[{"embeddable":true,"href":"https:\/\/blog.ube.fr\/master-mib\/wp-json\/wp\/v2\/users\/350"}],"replies":[{"embeddable":true,"href":"https:\/\/blog.ube.fr\/master-mib\/wp-json\/wp\/v2\/comments?post=507"}],"version-history":[{"count":16,"href":"https:\/\/blog.ube.fr\/master-mib\/wp-json\/wp\/v2\/pages\/507\/revisions"}],"predecessor-version":[{"id":1747,"href":"https:\/\/blog.ube.fr\/master-mib\/wp-json\/wp\/v2\/pages\/507\/revisions\/1747"}],"up":[{"embeddable":true,"href":"https:\/\/blog.ube.fr\/master-mib\/wp-json\/wp\/v2\/pages\/504"}],"wp:attachment":[{"href":"https:\/\/blog.ube.fr\/master-mib\/wp-json\/wp\/v2\/media?parent=507"}],"curies":[{"name":"wp","href":"https:\/\/api.w.org\/{rel}","templated":true}]}}