{"id":504,"date":"2017-11-02T20:33:26","date_gmt":"2017-11-02T19:33:26","guid":{"rendered":"http:\/\/blog.u-bourgogne.fr\/master-mib\/?page_id=504"},"modified":"2018-11-22T10:44:21","modified_gmt":"2018-11-22T09:44:21","slug":"association-biochallenge","status":"publish","type":"page","link":"https:\/\/blog.ube.fr\/master-mib\/association-biochallenge\/","title":{"rendered":"Association Biochallenge"},"content":{"rendered":"<p style=\"text-align: justify\">BioChallenge a pris le relais de l&#8217;association des TPGBiens \u00e0 l&#8217;automne 2009.<\/p>\n<p style=\"text-align: justify\">Cette association a pour but principal :<\/p>\n<ul style=\"list-style-type: square;text-align: justify\">\n<li>de promouvoir le Master MIB aupr\u00e8s des entreprises,<\/li>\n<li>d\u2019informer, d&#8217;accueillir les nouveaux arrivants,<\/li>\n<li>de d\u00e9velopper un r\u00e9seau d&#8217;anciens afin de facilit\u00e9 la recherche de stages voire d&#8217;emploi<\/li>\n<li>de cr\u00e9er un lien amical entre les diff\u00e9rentes promotions.<\/li>\n<\/ul>\n<p style=\"text-align: justify\">L\u2019association permet aussi de se divertir (nous ne faisons pas que travailler !!!),\u00a0 elle organise des soir\u00e9es \u00e0 th\u00e8mes (Halloween, No\u00ebl\u2026)\u00a0 !!!<\/p>\n<p style=\"text-align: justify\">N\u2019h\u00e9sitez surtout pas \u00e0 nous contacter si vous avez la moindre question \u00e0 l\u2019adresse suivante :<\/p>\n<p style=\"text-align: justify\">biochallengemib@gmail.com<\/p>\n<p style=\"text-align: justify\">A bient\u00f4t,<br \/>\nLe bureau de l\u2019association.<\/p>\n<p>&nbsp;<\/p>\n","protected":false},"excerpt":{"rendered":"<p>BioChallenge a pris le relais de l&#8217;association des TPGBiens \u00e0 l&#8217;automne 2009. Cette association a pour but principal : de promouvoir le Master MIB aupr\u00e8s des entreprises, d\u2019informer, d&#8217;accueillir les nouveaux arrivants, de d\u00e9velopper un r\u00e9seau d&#8217;anciens afin de facilit\u00e9 la recherche de stages voire d&#8217;emploi de cr\u00e9er un lien amical entre les diff\u00e9rentes promotions.&hellip;<\/p>\n<p class=\"more-link-p\"><a class=\"btn btn-primary\" href=\"https:\/\/blog.ube.fr\/master-mib\/association-biochallenge\/\">Voir plus &rarr;<\/a><\/p>\n","protected":false},"author":350,"featured_media":0,"parent":0,"menu_order":0,"comment_status":"closed","ping_status":"closed","template":"","meta":{"_acf_changed":false,"_exactmetrics_skip_tracking":false,"_exactmetrics_sitenote_active":false,"_exactmetrics_sitenote_note":"","_exactmetrics_sitenote_category":0,"footnotes":""},"class_list":["post-504","page","type-page","status-publish","hentry"],"acf":[],"_links":{"self":[{"href":"https:\/\/blog.ube.fr\/master-mib\/wp-json\/wp\/v2\/pages\/504","targetHints":{"allow":["GET"]}}],"collection":[{"href":"https:\/\/blog.ube.fr\/master-mib\/wp-json\/wp\/v2\/pages"}],"about":[{"href":"https:\/\/blog.ube.fr\/master-mib\/wp-json\/wp\/v2\/types\/page"}],"author":[{"embeddable":true,"href":"https:\/\/blog.ube.fr\/master-mib\/wp-json\/wp\/v2\/users\/350"}],"replies":[{"embeddable":true,"href":"https:\/\/blog.ube.fr\/master-mib\/wp-json\/wp\/v2\/comments?post=504"}],"version-history":[{"count":11,"href":"https:\/\/blog.ube.fr\/master-mib\/wp-json\/wp\/v2\/pages\/504\/revisions"}],"predecessor-version":[{"id":1194,"href":"https:\/\/blog.ube.fr\/master-mib\/wp-json\/wp\/v2\/pages\/504\/revisions\/1194"}],"wp:attachment":[{"href":"https:\/\/blog.ube.fr\/master-mib\/wp-json\/wp\/v2\/media?parent=504"}],"curies":[{"name":"wp","href":"https:\/\/api.w.org\/{rel}","templated":true}]}}