{"id":495,"date":"2017-11-02T20:17:50","date_gmt":"2017-11-02T19:17:50","guid":{"rendered":"http:\/\/blog.u-bourgogne.fr\/master-mib\/?page_id=495"},"modified":"2024-11-26T09:18:09","modified_gmt":"2024-11-26T08:18:09","slug":"les-formateurs","status":"publish","type":"page","link":"https:\/\/blog.ube.fr\/master-mib\/les-formateurs\/","title":{"rendered":"L&#8217;\u00e9quipe p\u00e9dagogique"},"content":{"rendered":"<p>&nbsp;<\/p>\n<ul>\n<li><strong>Pierre Andreoletti\u00a0 &#8211;\u00a0<\/strong>Responsable de la Formation<\/li>\n<\/ul>\n<p><a href=\"http:\/\/blog.ube.fr\/master-mib\/wp-content\/uploads\/sites\/92\/2018\/02\/ANDREOLETTI.jpg\"><img loading=\"lazy\" decoding=\"async\" class=\"wp-image-556 alignleft\" src=\"http:\/\/blog.ube.fr\/master-mib\/wp-content\/uploads\/sites\/92\/2018\/02\/ANDREOLETTI.jpg\" alt=\"\" width=\"102\" height=\"129\" srcset=\"https:\/\/blog.ube.fr\/master-mib\/wp-content\/uploads\/sites\/92\/2018\/02\/ANDREOLETTI.jpg 1701w, https:\/\/blog.ube.fr\/master-mib\/wp-content\/uploads\/sites\/92\/2018\/02\/ANDREOLETTI-238x300.jpg 238w, https:\/\/blog.ube.fr\/master-mib\/wp-content\/uploads\/sites\/92\/2018\/02\/ANDREOLETTI-768x968.jpg 768w, https:\/\/blog.ube.fr\/master-mib\/wp-content\/uploads\/sites\/92\/2018\/02\/ANDREOLETTI-812x1024.jpg 812w\" sizes=\"auto, (max-width: 102px) 100vw, 102px\" \/><\/a><\/p>\n<p>Ma\u00eetre de Conf\u00e9rences en Biochimie &#8211; Membre de l&#8217;Equipe Bio-PeroxIL (&#8220;Biochimie du Peroxysome, Inflammation et m\u00e9tabolisme Lipidique&#8221;)<\/p>\n<p>e-mail :\u00a0<span id=\"cloak93128\"><a href=\"mailto:pierre.andreoletti@u-bourgogne.fr\">pierre.andreoletti@u-bourgogne.fr<\/a><\/span><\/p>\n<p>tel. : +33 (3) 80 39 62 55<\/p>\n<ul>\n<li><strong>Anne Vejux<\/strong><\/li>\n<\/ul>\n<p><a href=\"http:\/\/blog.ube.fr\/master-mib\/wp-content\/uploads\/sites\/92\/2018\/11\/photo.png\"><img loading=\"lazy\" decoding=\"async\" class=\"wp-image-1135 alignleft\" src=\"http:\/\/blog.ube.fr\/master-mib\/wp-content\/uploads\/sites\/92\/2018\/11\/photo.png\" alt=\"\" width=\"126\" height=\"129\" srcset=\"https:\/\/blog.ube.fr\/master-mib\/wp-content\/uploads\/sites\/92\/2018\/11\/photo.png 587w, https:\/\/blog.ube.fr\/master-mib\/wp-content\/uploads\/sites\/92\/2018\/11\/photo-294x300.png 294w\" sizes=\"auto, (max-width: 126px) 100vw, 126px\" \/><\/a><\/p>\n<p>Ma\u00eetre de Conf\u00e9rences en Biochimie &#8211; Membre de l&#8217;Equipe Bio-PeroxIL (&#8220;Biochimie du Peroxysome, Inflammation et m\u00e9tabolisme Lipidique&#8221;)<\/p>\n<p>e-mail :\u00a0<a href=\"mailto:anne.vejux@u-bourgogne.fr\">anne.vejux@u-bourgogne.fr<\/a><\/p>\n<p>tel. : +33 (3) 80 39 37 01<\/p>\n<ul>\n<li><strong>Daniel Micard<\/strong><\/li>\n<\/ul>\n<p><a href=\"http:\/\/blog.ube.fr\/master-mib\/wp-content\/uploads\/sites\/92\/2018\/02\/daniel.jpg\"><img loading=\"lazy\" decoding=\"async\" class=\"wp-image-562 alignleft\" src=\"http:\/\/blog.ube.fr\/master-mib\/wp-content\/uploads\/sites\/92\/2018\/02\/daniel.jpg\" alt=\"\" width=\"141\" height=\"141\" srcset=\"https:\/\/blog.ube.fr\/master-mib\/wp-content\/uploads\/sites\/92\/2018\/02\/daniel.jpg 500w, https:\/\/blog.ube.fr\/master-mib\/wp-content\/uploads\/sites\/92\/2018\/02\/daniel-150x150.jpg 150w, https:\/\/blog.ube.fr\/master-mib\/wp-content\/uploads\/sites\/92\/2018\/02\/daniel-300x300.jpg 300w\" sizes=\"auto, (max-width: 141px) 100vw, 141px\" \/><\/a><\/p>\n<p>Professeur associ\u00e9 &#8211;\u00a0Coordinateur du P\u00f4le Innovation\u00a0Expert innovation \u00e0 l&#8217;Agence Economique R\u00e9gionale de Bourgogne Franche-Comt\u00e9<\/p>\n<p>e-mail :\u00a0<a href=\"mailto:dmicard@aer-bfc.com\">dmicard@aer-bfc.com<\/a><\/p>\n<p>tel. : +33 (3) 80 40 34 01<\/p>\n<ul style=\"list-style-type: disc;\">\n<li><strong>Mustapha Cherkaoui-Malki<\/strong><\/li>\n<\/ul>\n<p><a href=\"http:\/\/blog.ube.fr\/master-mib\/wp-content\/uploads\/sites\/92\/2018\/02\/CHERKAOUI_MALKI.jpg\"><img loading=\"lazy\" decoding=\"async\" class=\"wp-image-557 alignleft\" src=\"http:\/\/blog.ube.fr\/master-mib\/wp-content\/uploads\/sites\/92\/2018\/02\/CHERKAOUI_MALKI.jpg\" alt=\"\" width=\"102\" height=\"133\" srcset=\"https:\/\/blog.ube.fr\/master-mib\/wp-content\/uploads\/sites\/92\/2018\/02\/CHERKAOUI_MALKI.jpg 1701w, https:\/\/blog.ube.fr\/master-mib\/wp-content\/uploads\/sites\/92\/2018\/02\/CHERKAOUI_MALKI-230x300.jpg 230w, https:\/\/blog.ube.fr\/master-mib\/wp-content\/uploads\/sites\/92\/2018\/02\/CHERKAOUI_MALKI-768x1002.jpg 768w, https:\/\/blog.ube.fr\/master-mib\/wp-content\/uploads\/sites\/92\/2018\/02\/CHERKAOUI_MALKI-785x1024.jpg 785w\" sizes=\"auto, (max-width: 102px) 100vw, 102px\" \/><\/a><\/p>\n<p>Professeur des Universit\u00e9s en Biochimie &#8211; Membre de l&#8217;Equipe Bio-PeroxIL (&#8220;Biochimie du Peroxysome, Inflammation et m\u00e9tabolisme Lipidique&#8221;)<\/p>\n<p>e-mail:\u00a0<a class=\"\" href=\"mailto:malki@u-bourgogne.fr\" target=\"_blank\" rel=\"noopener\">malki@u-bourgogne.fr<\/a><\/p>\n<p>tel. : +33 (3) 80 39 62 05<\/p>\n<ul>\n<li><strong>St\u00e9phane Mandard<\/strong><\/li>\n<\/ul>\n<p><a href=\"http:\/\/blog.ube.fr\/master-mib\/wp-content\/uploads\/sites\/92\/2018\/02\/st\u00e9phane.jpg\"><img loading=\"lazy\" decoding=\"async\" class=\"wp-image-560 alignleft\" src=\"http:\/\/blog.ube.fr\/master-mib\/wp-content\/uploads\/sites\/92\/2018\/02\/st\u00e9phane.jpg\" alt=\"\" width=\"129\" height=\"129\" srcset=\"https:\/\/blog.ube.fr\/master-mib\/wp-content\/uploads\/sites\/92\/2018\/02\/st\u00e9phane.jpg 300w, https:\/\/blog.ube.fr\/master-mib\/wp-content\/uploads\/sites\/92\/2018\/02\/st\u00e9phane-150x150.jpg 150w\" sizes=\"auto, (max-width: 129px) 100vw, 129px\" \/><\/a><\/p>\n<p>Ma\u00eetre de Conf\u00e9rences en Biochimie &#8211; Membre de l&#8217; INSERM U1231, Lipids, Nutrition, Cancer<\/p>\n<p>e-mail :\u00a0<a href=\"mailto:stephane.mandard@u-bourgogne.fr\">stephane.mandard@u-bourgogne.fr<\/a><\/p>\n<p>tel. :\u00a0<span id=\"_jpfcpncuivr_Pluto_102_u11l1n20_12_u11l1n20__Pluto_102_u11l1n20_12_u11l1n20_j_id92:Pluto_102_u11l1n20_12_u11l1n20_j_id33:0:Pluto_102_u11l1n20_12_u11l1n20_j_id46:0:Pluto_102_u11l1n20_12_u11l1n20_j_id55:0:Pluto_102_u11l1n20_12_u11l1n20_j_id57\">+33 3 80 39 32 66\u00a0 ou\u00a0<\/span>+33 3 80 39 62 38<\/p>\n<ul>\n<li><strong>Brigitte Sabard<\/strong><\/li>\n<\/ul>\n<p><a href=\"http:\/\/blog.ube.fr\/master-mib\/wp-content\/uploads\/sites\/92\/2018\/02\/brigitte.jpg\"><img loading=\"lazy\" decoding=\"async\" class=\"wp-image-564 alignleft\" src=\"http:\/\/blog.ube.fr\/master-mib\/wp-content\/uploads\/sites\/92\/2018\/02\/brigitte.jpg\" alt=\"\" width=\"112\" height=\"153\" srcset=\"https:\/\/blog.ube.fr\/master-mib\/wp-content\/uploads\/sites\/92\/2018\/02\/brigitte.jpg 453w, https:\/\/blog.ube.fr\/master-mib\/wp-content\/uploads\/sites\/92\/2018\/02\/brigitte-219x300.jpg 219w\" sizes=\"auto, (max-width: 112px) 100vw, 112px\" \/><\/a><\/p>\n<p>&nbsp;<\/p>\n<p>Vacataire \u00e0 l&#8217;Universit\u00e9 de Bourgogne en communications<\/p>\n<p>e-mail :\u00a0<a href=\"mailto:brigitte.sabard@gmail.com\">brigitte.sabard@gmail.com<\/a><\/p>\n<h3><\/h3>\n<h3><strong>Secr\u00e9tariat<\/strong><\/h3>\n<p><strong><em>Mme Yamina AIT TAGADIRT<\/em><\/strong>\u00a0(sauf mercredis)\u00a0<a href=\"mailto:secretariat.msavan@u-bourgogne.fr\"><em>secretariat.msavan@u-bourgogne.fr<\/em><\/a><br \/>\nTel. : 03 80 39 50 32<\/p>\n","protected":false},"excerpt":{"rendered":"<p>&nbsp; Pierre Andreoletti\u00a0 &#8211;\u00a0Responsable de la Formation Ma\u00eetre de Conf\u00e9rences en Biochimie &#8211; Membre de l&#8217;Equipe Bio-PeroxIL (&#8220;Biochimie du Peroxysome, Inflammation et m\u00e9tabolisme Lipidique&#8221;) e-mail :\u00a0pierre.andreoletti@u-bourgogne.fr tel. : +33 (3) 80 39 62 55 Anne Vejux Ma\u00eetre de Conf\u00e9rences en Biochimie &#8211; Membre de l&#8217;Equipe Bio-PeroxIL (&#8220;Biochimie du Peroxysome, Inflammation et m\u00e9tabolisme Lipidique&#8221;) e-mail :\u00a0anne.vejux@u-bourgogne.fr&hellip;<\/p>\n<p class=\"more-link-p\"><a class=\"btn btn-primary\" href=\"https:\/\/blog.ube.fr\/master-mib\/les-formateurs\/\">Voir plus &rarr;<\/a><\/p>\n","protected":false},"author":350,"featured_media":0,"parent":0,"menu_order":0,"comment_status":"closed","ping_status":"closed","template":"","meta":{"_acf_changed":false,"_exactmetrics_skip_tracking":false,"_exactmetrics_sitenote_active":false,"_exactmetrics_sitenote_note":"","_exactmetrics_sitenote_category":0,"footnotes":""},"class_list":["post-495","page","type-page","status-publish","hentry"],"acf":[],"_links":{"self":[{"href":"https:\/\/blog.ube.fr\/master-mib\/wp-json\/wp\/v2\/pages\/495","targetHints":{"allow":["GET"]}}],"collection":[{"href":"https:\/\/blog.ube.fr\/master-mib\/wp-json\/wp\/v2\/pages"}],"about":[{"href":"https:\/\/blog.ube.fr\/master-mib\/wp-json\/wp\/v2\/types\/page"}],"author":[{"embeddable":true,"href":"https:\/\/blog.ube.fr\/master-mib\/wp-json\/wp\/v2\/users\/350"}],"replies":[{"embeddable":true,"href":"https:\/\/blog.ube.fr\/master-mib\/wp-json\/wp\/v2\/comments?post=495"}],"version-history":[{"count":18,"href":"https:\/\/blog.ube.fr\/master-mib\/wp-json\/wp\/v2\/pages\/495\/revisions"}],"predecessor-version":[{"id":2004,"href":"https:\/\/blog.ube.fr\/master-mib\/wp-json\/wp\/v2\/pages\/495\/revisions\/2004"}],"wp:attachment":[{"href":"https:\/\/blog.ube.fr\/master-mib\/wp-json\/wp\/v2\/media?parent=495"}],"curies":[{"name":"wp","href":"https:\/\/api.w.org\/{rel}","templated":true}]}}