{"id":1962,"date":"2023-07-11T11:36:22","date_gmt":"2023-07-11T10:36:22","guid":{"rendered":"https:\/\/blog.u-bourgogne.fr\/master-mib\/?page_id=1962"},"modified":"2023-07-11T13:38:14","modified_gmt":"2023-07-11T12:38:14","slug":"temoignages-et-entreprises-ayant-accueilli-des-alternants","status":"publish","type":"page","link":"https:\/\/blog.ube.fr\/master-mib\/temoignages-et-entreprises-ayant-accueilli-des-alternants\/","title":{"rendered":"T\u00e9moignages et entreprises ayant accueilli des alternants"},"content":{"rendered":"<p><section class=\"kc-elm kc-css-607382 kc_row\"><div class=\"kc-row-container  kc-container\"><div class=\"kc-wrap-columns\"><div class=\"kc-elm kc-css-951046 kc_col-sm-12 kc_column kc_col-sm-12\"><div class=\"kc-col-container\">\n<div class=\"kc-elm kc-css-459401 kc-title-wrap \">\n\n\t<h1 class=\"kc_title\">Entreprises ayant accueilli des \u00e9tudiants depuis 2020<\/h1>\n<\/div>\n<\/div><\/div><\/div><\/div><\/section><section class=\"kc-elm kc-css-710703 kc_row\"><div class=\"kc-row-container  kc-container\"><div class=\"kc-wrap-columns\"><div class=\"kc-elm kc-css-625056 kc_column kc_col-sm-12\"><div class=\"kc-col-container\"><div class=\"kc-elm kc-css-241282 kc_text_block\"><\/p>\n<p>Depuis 2020, et l&#8217;ouverture \u00e0 l&#8217;alternance, les \u00e9tudiants du master ont pu signer des contrats en alternance dans diff\u00e9rentes entreprises ou structures publiques. Nous pouvons citer<\/p>\n<ul style=\"list-style-type: circle;\">\n<li>Sanofi (Lyon, Paris) qui a accueilli d\u00e9j\u00e0 4 \u00e9tudiants,<\/li>\n<li>le CGFL \u00e0 Dijon avec au minimum 2 \u00e9tudiants par an, en 2023\/2024 ce sera 3 \u00e9tudiants en alternance<\/li>\n<li>le CHU de Dijon avec une \u00e9tudiante en 2020\/2021 et une \u00e9tudiante en 2023\/2024<\/li>\n<li>AdhexPharma avec d\u00e9j\u00e0 deux \u00e9tudiantes en alternance depuis\u00a0 2020<\/li>\n<\/ul>\n<p>\n<\/div><\/div><\/div><\/div><\/div><\/section><section class=\"kc-elm kc-css-317874 kc_row\"><div class=\"kc-row-container  kc-container\"><div class=\"kc-wrap-columns\"><div class=\"kc-elm kc-css-136104 kc_col-sm-12 kc_column kc_col-sm-12\"><div class=\"kc-col-container\"><div class=\"kc-elm kc-css-932539\" style=\"height: 20px; clear: both; width:100%;\"><\/div><\/div><\/div><\/div><\/div><\/section><section class=\"kc-elm kc-css-283438 kc_row\"><div class=\"kc-row-container  kc-container\"><div class=\"kc-wrap-columns\"><div class=\"kc-elm kc-css-280008 kc_col-sm-12 kc_column kc_col-sm-12\"><div class=\"kc-col-container\"><div class=\"kc-elm kc-css-569764 kc_shortcode kc_single_image\">\n\n        <img decoding=\"async\" src=\"https:\/\/blog.ube.fr\/master-mib\/wp-content\/uploads\/sites\/92\/2023\/07\/entreprises-ayant-accueillis-des-mib-en-alternance.jpg\" class=\"\" alt=\"\" \/>    <\/div>\n<\/div><\/div><\/div><\/div><\/section><section class=\"kc-elm kc-css-18774 kc_row\"><div class=\"kc-row-container  kc-container\"><div class=\"kc-wrap-columns\"><div class=\"kc-elm kc-css-626456 kc_col-sm-12 kc_column kc_col-sm-12\"><div class=\"kc-col-container\"><div class=\"kc-elm kc-css-298323\" style=\"height: 20px; clear: both; width:100%;\"><\/div><\/div><\/div><\/div><\/div><\/section><section class=\"kc-elm kc-css-609830 kc_row\"><div class=\"kc-row-container  kc-container\"><div class=\"kc-wrap-columns\"><div class=\"kc-elm kc-css-925198 kc_col-sm-12 kc_column kc_col-sm-12\"><div class=\"kc-col-container\">\n<div class=\"kc-elm kc-css-172278 kc-title-wrap \">\n\n\t<h1 class=\"kc_title\">T\u00e9moignages<\/h1>\n<\/div>\n<\/div><\/div><\/div><\/div><\/section><section class=\"kc-elm kc-css-528003 kc_row\"><div class=\"kc-row-container  kc-container\"><div class=\"kc-wrap-columns\"><div class=\"kc-elm kc-css-615988 kc_col-sm-12 kc_column kc_col-sm-12\"><div class=\"kc-col-container\">\n<div class=\"kc-elm kc-css-279575 kc-title-wrap \">\n\n\t<h1 class=\"kc_title\">T\u00e9moignages d'alternant<\/h1>\n<\/div>\n<\/div><\/div><\/div><\/div><\/section><section class=\"kc-elm kc-css-70957 kc_row\"><div class=\"kc-row-container  kc-container\"><div class=\"kc-wrap-columns\"><div class=\"kc-elm kc-css-807426 kc_col-sm-3 kc_column kc_col-sm-3\"><div class=\"kc-col-container\"><div class=\"kc-elm kc-css-814761\" style=\"height: 126px; clear: both; width:100%;\"><\/div><div class=\"kc-elm kc-css-715756 kc_shortcode kc_single_image\">\n\n        <img decoding=\"async\" src=\"https:\/\/blog.ube.fr\/master-mib\/wp-content\/uploads\/sites\/92\/2023\/07\/fatima.jpg\" class=\"\" alt=\"\" \/>    <\/div>\n<\/div><\/div><div class=\"kc-elm kc-css-892114 kc_col-sm-9 kc_column kc_col-sm-9\"><div class=\"kc-col-container\"><div class=\"kc-elm kc-css-378786 kc_text_block\"><\/p>\n<p style=\"font-size: 14px; line-height: normal; max-width: 100%; color: #444444; font-family: -apple-system, BlinkMacSystemFont, 'Segoe UI', Roboto, Oxygen-Sans, Ubuntu, Cantarell, 'Helvetica Neue', sans-serif; font-style: normal; font-variant-ligatures: normal; font-variant-caps: normal; font-weight: 400; text-align: center;\"><span style=\"font-weight: 600; max-width: 100%; line-height: normal;\">Une exp\u00e9rience enrichissante et compl\u00e9mentaire \u00e0 la formation<\/span><\/p>\n<p style=\"font-size: 14px; line-height: normal; max-width: 100%; color: #444444; font-family: -apple-system, BlinkMacSystemFont, 'Segoe UI', Roboto, Oxygen-Sans, Ubuntu, Cantarell, 'Helvetica Neue', sans-serif; font-style: normal; font-variant-ligatures: normal; font-variant-caps: normal; font-weight: 400; text-align: justify;\">\u00a0\u00a0\u00a0\u00a0\u00a0\u00a0\u00a0\u00a0\u00a0\u00a0\u00a0\u00a0\u00a0\u00a0\u00a0 Durant mon parcours acad\u00e9mique, j\u2019ai eu l\u2019occasion de r\u00e9aliser un stage de 2 mois. D\u00e9sirant m\u2019orienter vers le master MIB professionnalisant, j\u2019appr\u00e9hendais mon insertion professionnelle et la d\u00e9couverte du monde de l\u2019entreprise. Lorsque j\u2019ai appris que le master MIB passait en formation continue, je me suis lanc\u00e9e dans la recherche d\u2019une entreprise pour un contrat de professionnalisation. Il me semblait important de gagner en exp\u00e9rience professionnelle pour le march\u00e9 du travail. Une alternance \u00e9tait pour moi l\u2019id\u00e9al.<\/p>\n<p style=\"font-size: 14px; line-height: normal; max-width: 100%; color: #444444; font-family: -apple-system, BlinkMacSystemFont, 'Segoe UI', Roboto, Oxygen-Sans, Ubuntu, Cantarell, 'Helvetica Neue', sans-serif; font-style: normal; font-variant-ligatures: normal; font-variant-caps: normal; font-weight: 400; text-align: justify;\">\u00a0\u00a0\u00a0\u00a0\u00a0\u00a0\u00a0\u00a0\u00a0\u00a0\u00a0\u00a0\u00a0\u00a0\u00a0 Les p\u00e9riodes de cours et\/ou de pr\u00e9sence en entreprise de 2 ou 3 semaines m\u2019ont permis de bien m\u2019immerger dans mon travail\/ mes \u00e9tudes et d\u2019accomplir mes missions en temps voulu. L\u2019activit\u00e9 de l\u2019entreprise m\u2019a fait d\u00e9couvrir tout un nouveau monde\u00a0: celui des compl\u00e9ments alimentaires\u00a0! Un march\u00e9 particulier, en pleine croissance et diversification. Mon r\u00e9seau professionnel ainsi que mon exp\u00e9rience continuent de s\u2019agrandir. L\u2019alternance \u00e9tait un moyen pour l\u2019entreprise, de pr\u00e9parer ses futurs Chefs de projets R&amp;D. A l\u2019issu de mon alternance, je disposais des outils n\u00e9cessaires tant d\u2019un point de vue formation que d\u2019exp\u00e9rience professionnelle, pour mener \u00e0 bien le poste en CDI de Cheffe de Projets R&amp;D que m\u2019a propos\u00e9 l\u2019entreprise.<\/p>\n<p style=\"font-size: 14px; line-height: normal; max-width: 100%; color: #444444; font-family: -apple-system, BlinkMacSystemFont, 'Segoe UI', Roboto, Oxygen-Sans, Ubuntu, Cantarell, 'Helvetica Neue', sans-serif; font-style: normal; font-variant-ligatures: normal; font-variant-caps: normal; font-weight: 400; text-align: right;\">\u00a0 \u00a0 \u00a0 \u00a0 \u00a0 \u00a0 \u00a0 \u00a0 \u00a0 \u00a0 \u00a0 \u00a0 \u00a0 \u00a0 \u00a0 \u00a0 \u00a0 \u00a0 \u00a0 \u00a0 \u00a0 \u00a0 \u00a0 \u00a0 \u00a0 \u00a0 \u00a0 \u00a0 \u00a0 \u00a0 \u00a0 \u00a0 \u00a0 \u00a0 \u00a0 \u00a0 \u00a0 \u00a0 \u00a0 \u00a0 \u00a0 \u00a0 \u00a0 \u00a0 \u00a0 \u00a0 \u00a0 \u00a0 \u00a0 \u00a0 \u00a0 \u00a0 \u00a0 \u00a0 \u00a0 \u00a0 \u00a0 \u00a0 \u00a0Fatima Belafdal<\/p>\n<p style=\"font-size: 14px; line-height: normal; max-width: 100%; color: #444444; font-family: -apple-system, BlinkMacSystemFont, 'Segoe UI', Roboto, Oxygen-Sans, Ubuntu, Cantarell, 'Helvetica Neue', sans-serif; font-style: normal; font-variant-ligatures: normal; font-variant-caps: normal; font-weight: 400; text-align: right;\">\u00a0 \u00a0 \u00a0 \u00a0 \u00a0 \u00a0 \u00a0 \u00a0 \u00a0 \u00a0 \u00a0 \u00a0 \u00a0 \u00a0 \u00a0 \u00a0 \u00a0 \u00a0 \u00a0 \u00a0 \u00a0 \u00a0 Alternance chez LGP Nature<\/p>\n<p>\n<\/div><\/div><\/div><\/div><\/div><\/section><section class=\"kc-elm kc-css-287892 kc_row\"><div class=\"kc-row-container  kc-container\"><div class=\"kc-wrap-columns\"><div class=\"kc-elm kc-css-945394 kc_col-sm-12 kc_column kc_col-sm-12\"><div class=\"kc-col-container\"><div class=\"kc-elm kc-css-811470\" style=\"height: 20px; clear: both; width:100%;\"><\/div><\/div><\/div><\/div><\/div><\/section><section class=\"kc-elm kc-css-565336 kc_row\"><div class=\"kc-row-container  kc-container\"><div class=\"kc-wrap-columns\"><div class=\"kc-elm kc-css-615744 kc_col-sm-9 kc_column kc_col-sm-9\"><div class=\"kc-col-container\"><div class=\"kc-elm kc-css-262289 kc_text_block\"><\/p>\n<p class=\"MsoNormal\" style=\"text-align: justify;\"><span style=\"mso-tab-count: 1;\">\u00a0\u00a0\u00a0\u00a0\u00a0\u00a0\u00a0\u00a0\u00a0\u00a0\u00a0\u00a0\u00a0\u00a0\u00a0 <\/span>A la sortie de mon ann\u00e9e de M1, le stage r\u00e9alis\u00e9 cette m\u00eame ann\u00e9e m\u2019a confort\u00e9 dans l\u2019id\u00e9e de m\u2019orienter vers l\u2019alternance. J\u2019avais envie de d\u00e9couvrir davantage le monde professionnel. Le choix du master MIB, un master professionnalisant, m\u2019apportant de nouvelles comp\u00e9tences et connaissances qui compl\u00e9taient et manquaient cruellement \u00e0 mon profil, fut imm\u00e9diat. Associer \u00e9tudes et emploi fut enti\u00e8rement compl\u00e9mentaire, j\u2019ai pu appliquer concr\u00e8tement le savoir transmis au cours de l\u2019ann\u00e9e comme la communication, le management de projet ou les aspects biotechnologiques.<\/p>\n<p class=\"MsoNormal\" style=\"text-align: justify;\"><span style=\"mso-tab-count: 1;\">\u00a0\u00a0\u00a0\u00a0\u00a0\u00a0\u00a0\u00a0\u00a0\u00a0\u00a0\u00a0\u00a0\u00a0\u00a0 <\/span>J\u2019ai tout particuli\u00e8rement aim\u00e9 le fait d\u2019avoir \u00e9t\u00e9 pendant une longue p\u00e9riode en entreprise. En, effet cela m\u2019a permis de r\u00e9aliser dans un 1<sup>er<\/sup> temps mes formations pendant les p\u00e9riodes courtes et m\u2019a permis de mener \u00e0 bien les missions et \u00eatre focalis\u00e9 \u00e0 100% sur mon projet pendant la p\u00e9riode longue.<\/p>\n<p class=\"MsoNormal\" style=\"text-align: justify;\"><span style=\"mso-tab-count: 1;\">\u00a0\u00a0\u00a0\u00a0\u00a0\u00a0\u00a0\u00a0\u00a0\u00a0\u00a0\u00a0\u00a0\u00a0\u00a0 <\/span>A la suite de cette ann\u00e9e, j\u2019ai pu mettre un pied en entreprise, me permettant de d\u00e9velopper mes comp\u00e9tences et je suis actuellement en poste dans un travail n\u00e9cessitant une formation comme le master MIB. Me d\u00e9marquer gr\u00e2ce \u00e0 cette exp\u00e9rience m\u2019a permis d\u2019\u00eatre recrut\u00e9 plus facilement \u00e0 la suite de mes \u00e9tudes.<\/p>\n<p class=\"MsoNormal\" style=\"text-align: right;\">\u00a0<span style=\"font-size: 14px;\">Nabil Raji<\/span><\/p>\n<p class=\"MsoNormal\" style=\"text-align: right;\">Alternance chez Sanofi<\/p>\n<p class=\"MsoNormal\" style=\"text-align: right;\">\n<\/div><\/div><\/div><div class=\"kc-elm kc-css-713385 kc_col-sm-3 kc_column kc_col-sm-3\"><div class=\"kc-col-container\"><div class=\"kc-elm kc-css-292082\" style=\"height: 113px; clear: both; width:100%;\"><\/div><div class=\"kc-elm kc-css-622723 kc_shortcode kc_single_image\">\n\n        <img decoding=\"async\" src=\"https:\/\/blog.ube.fr\/master-mib\/wp-content\/uploads\/sites\/92\/2023\/07\/nabil-raji.jpg\" class=\"\" alt=\"\" \/>    <\/div>\n<\/div><\/div><\/div><\/div><\/section><section class=\"kc-elm kc-css-418108 kc_row\"><div class=\"kc-row-container  kc-container\"><div class=\"kc-wrap-columns\"><div class=\"kc-elm kc-css-136356 kc_col-sm-12 kc_column kc_col-sm-12\"><div class=\"kc-col-container\"><div class=\"kc-elm kc-css-867296\" style=\"height: 20px; clear: both; width:100%;\"><\/div><\/div><\/div><\/div><\/div><\/section><section class=\"kc-elm kc-css-738593 kc_row\"><div class=\"kc-row-container  kc-container\"><div class=\"kc-wrap-columns\"><div class=\"kc-elm kc-css-737085 kc_col-sm-12 kc_column kc_col-sm-12\"><div class=\"kc-col-container\">\n<div class=\"kc-elm kc-css-654435 kc-title-wrap \">\n\n\t<h1 class=\"kc_title\">T\u00e9moignages des structures d'accueil<\/h1>\n<\/div>\n<\/div><\/div><\/div><\/div><\/section><section class=\"kc-elm kc-css-303616 kc_row\"><div class=\"kc-row-container  kc-container\"><div class=\"kc-wrap-columns\"><div class=\"kc-elm kc-css-580633 kc_col-sm-9 kc_column kc_col-sm-9\"><div class=\"kc-col-container\"><div class=\"kc-elm kc-css-987169 kc_text_block\"><\/p>\n<p class=\"MsoNormal\" style=\"text-align: justify;\">LGP Nature est une jeune PME en pleine structuration. Fa\u00e7onnier de compl\u00e9ment alimentaire liquide, notre mission est de r\u00e9pondre aux demandes clients et march\u00e9. Nous avons peu de concurrent en France mais devons rester force d\u2019innovation, notamment concernant nos possibles prestations. Nous poss\u00e9dons deux technologies d\u2019extraction v\u00e9g\u00e9tale peu ou pas exploit\u00e9e. Dans ce contexte, j\u2019ai accueilli Fatima en novembre 2020 pour un an d\u2019alternance. Son sujet portait sur le diagnostic, la mise en place et la valorisation de ces technologies d\u2019extraction. Fatima a su s\u2019adapter, sachant mobiliser les op\u00e9rateurs d\u2019usine comme les cadres de l\u2019\u00e9quipe dirigeante autour de son sujet principal et de ses missions annexes. Bien qu\u2019encadr\u00e9e par mes soins, elle a \u00e9volu\u00e9 en grande autonomie, se fixant objectifs et d\u00e9lais. Son esprit de rigueur, ses connaissances scientifiques et marketing, sa curiosit\u00e9 et sa pers\u00e9v\u00e9rance ont permis d\u2019atteindre ces objectifs. Le rythme de l\u2019alternance \u00e9tait \u00e9quilibr\u00e9 et la communication avec les diff\u00e9rents services de l\u2019universit\u00e9 ais\u00e9e. Nous avons propos\u00e9 un CDI \u00e0 Fatima \u00e0 la fin de son contrat afin de poursuivre sur les sujets entam\u00e9s et bien d\u2019autres. Elle a accept\u00e9 de rejoindre l\u2019aventure LGP Nature afin d\u2019aider l\u2019entreprise \u00e0 poursuivre sa croissance \u00e9conomique, scientifique et humaine.<\/p>\n<p class=\"MsoNormal\" style=\"text-align: right;\">Laetitia Beaubernard<\/p>\n<p class=\"MsoNormal\" style=\"text-align: right;\">LGP Nature<\/p>\n<p class=\"MsoNormal\" style=\"text-align: right;\"><a href=\"https:\/\/www.lgpnature.fr\/\">https:\/\/www.lgpnature.fr\/<\/a><\/p>\n<p class=\"MsoNormal\" style=\"text-align: right;\">\n<\/div><\/div><\/div><div class=\"kc-elm kc-css-484944 kc_col-sm-3 kc_column kc_col-sm-3\"><div class=\"kc-col-container\"><div class=\"kc-elm kc-css-140171\" style=\"height: 162px; clear: both; width:100%;\"><\/div><div class=\"kc-elm kc-css-130299 kc_shortcode kc_single_image\">\n\n        <img decoding=\"async\" src=\"https:\/\/blog.ube.fr\/master-mib\/wp-content\/uploads\/sites\/92\/2023\/07\/lgp-nature.png\" class=\"\" alt=\"\" \/>    <\/div>\n<\/div><\/div><\/div><\/div><\/section><section class=\"kc-elm kc-css-39821 kc_row\"><div class=\"kc-row-container  kc-container\"><div class=\"kc-wrap-columns\"><div class=\"kc-elm kc-css-765202 kc_col-sm-12 kc_column kc_col-sm-12\"><div class=\"kc-col-container\"><div class=\"kc-elm kc-css-295911\" style=\"height: 71px; clear: both; width:100%;\"><\/div><\/div><\/div><\/div><\/div><\/section><section class=\"kc-elm kc-css-359331 kc_row\"><div class=\"kc-row-container  kc-container\"><div class=\"kc-wrap-columns\"><div class=\"kc-elm kc-css-420720 kc_col-of-5 kc_column kc_col-of-5\"><div class=\"kc-col-container\"><div class=\"kc-elm kc-css-468100\" style=\"height: 202px; clear: both; width:100%;\"><\/div><div class=\"kc-elm kc-css-687633 kc_shortcode kc_single_image\">\n\n        <img decoding=\"async\" src=\"https:\/\/blog.ube.fr\/master-mib\/wp-content\/uploads\/sites\/92\/2023\/07\/cgfl.png\" class=\"\" alt=\"\" \/>    <\/div>\n<\/div><\/div><div class=\"kc-elm kc-css-445393 kc_col-sm-9 kc_column kc_col-sm-9\"><div class=\"kc-col-container\"><div class=\"kc-elm kc-css-598496 kc_text_block\"><\/p>\n<p class=\"MsoNormal\" style=\"text-align: center;\"><span style=\"font-family: 'Times New Roman',serif; mso-ligatures: none;\">\u00a0<\/span><span style=\"font-size: 16px; text-align: justify; font-family: 'Times New Roman', serif;\">\u00a0 \u00a0<strong>\u00a0<\/strong><\/span><strong>L\u2019alternance est une solution o\u00f9 tout le monde y trouve son compte\u00a0!<\/strong><\/p>\n<p style=\"text-align: justify;\">\u00a0 \u00a0 \u00a0 \u00a0Depuis 2 ans nous avons fait le choix de privil\u00e9gier l\u2019alternance au CRC. Le m\u00e9tier d\u2019Attach\u00e9 de Recherche Clinique n\u00e9cessite un apprentissage progressif et le calendrier de l\u2019alternance permet de r\u00e9pondre \u00e0 la fois aux attentes de l\u2019\u00e9tudiant et du recruteur. L\u2019\u00e9tudiant doit apprendre \u00e0 travailler dans le milieu m\u00e9dical en relation avec des patients, et \u00eatre le lien direct entre les m\u00e9decins, les promoteurs d\u2019\u00e9tudes et les patients.<\/p>\n<p style=\"text-align: justify;\">\u00a0 \u00a0La p\u00e9riode de Septembre \u00e0 D\u00e9cembre permet d\u2019acqu\u00e9rir les bases, d\u2019apprendre progressivement un tout nouveau langage et nouvelles notions (Oncologie\/Recherche Clinique), afin de pouvoir prendre en charge des \u00e9tudes compl\u00e8tes en toute autonomie \u00e0 partir de Janvier-F\u00e9vrier.<\/p>\n<p style=\"text-align: justify;\">\u00a0 \u00a0 \u00a0 Les profils du MIB ont les comp\u00e9tences recherch\u00e9es pour \u00eatre un bon ARC : Parcours scientifique avec notion de biologie cellulaire et mol\u00e9culaire, grande capacit\u00e9 d\u2019organisation et gestion de projet, bonne capacit\u00e9 d\u2019absorption, maturit\u00e9\u2026<\/p>\n<p>\u00a0 \u00a0 \u00a0 \u00a0Nous orientons notre formation en essayant au maximum de respecter les souhaits de l\u2019\u00e9tudiant.<\/p>\n<p>L\u2019alternance nous permet de notre c\u00f4t\u00e9 d\u2019avoir du personnel form\u00e9 conforme au fonctionnement du centre qui favorise le recrutement lorsque des postes sont \u00e0 pourvoir.<\/p>\n<p>Le CRC compte actuellement 5 ARCs en poste issus du Master MIB.<\/p>\n<p style=\"text-align: right;\">Dounia\u00a0TRIPARD KARMOUS,<\/p>\n<p style=\"text-align: right;\">Attach\u00e9e de Recherche Clinique Coordinatrice,<\/p>\n<p style=\"text-align: right;\">CRC \u2013 UF Oncologie, CGFL,<\/p>\n<p>Retrouver le portrait de chercheur de Dounia Tripard sur la chaine YOUTUBE du CGFL: <a href=\"https:\/\/www.youtube.com\/watch?v=s8PjIO_3d2g\">https:\/\/www.youtube.com\/watch?v=s8PjIO_3d2g<\/a><\/p>\n<p class=\"MsoNormal\" style=\"text-align: right;\">\n<\/div><\/div><\/div><\/div><\/div><\/section><\/p>\n","protected":false},"excerpt":{"rendered":"<p class=\"more-link-p\"><a class=\"btn btn-primary\" href=\"https:\/\/blog.ube.fr\/master-mib\/temoignages-et-entreprises-ayant-accueilli-des-alternants\/\">Voir plus &rarr;<\/a><\/p>\n","protected":false},"author":350,"featured_media":0,"parent":0,"menu_order":0,"comment_status":"closed","ping_status":"closed","template":"","meta":{"_acf_changed":false,"_exactmetrics_skip_tracking":false,"_exactmetrics_sitenote_active":false,"_exactmetrics_sitenote_note":"","_exactmetrics_sitenote_category":0,"footnotes":""},"class_list":["post-1962","page","type-page","status-publish","hentry"],"acf":[],"_links":{"self":[{"href":"https:\/\/blog.ube.fr\/master-mib\/wp-json\/wp\/v2\/pages\/1962","targetHints":{"allow":["GET"]}}],"collection":[{"href":"https:\/\/blog.ube.fr\/master-mib\/wp-json\/wp\/v2\/pages"}],"about":[{"href":"https:\/\/blog.ube.fr\/master-mib\/wp-json\/wp\/v2\/types\/page"}],"author":[{"embeddable":true,"href":"https:\/\/blog.ube.fr\/master-mib\/wp-json\/wp\/v2\/users\/350"}],"replies":[{"embeddable":true,"href":"https:\/\/blog.ube.fr\/master-mib\/wp-json\/wp\/v2\/comments?post=1962"}],"version-history":[{"count":14,"href":"https:\/\/blog.ube.fr\/master-mib\/wp-json\/wp\/v2\/pages\/1962\/revisions"}],"predecessor-version":[{"id":1967,"href":"https:\/\/blog.ube.fr\/master-mib\/wp-json\/wp\/v2\/pages\/1962\/revisions\/1967"}],"wp:attachment":[{"href":"https:\/\/blog.ube.fr\/master-mib\/wp-json\/wp\/v2\/media?parent=1962"}],"curies":[{"name":"wp","href":"https:\/\/api.w.org\/{rel}","templated":true}]}}