{"id":186,"date":"2014-10-08T13:23:40","date_gmt":"2014-10-08T12:23:40","guid":{"rendered":"http:\/\/blog.u-bourgogne.fr\/?page_id=186"},"modified":"2024-11-26T09:08:27","modified_gmt":"2024-11-26T08:08:27","slug":"accueil","status":"publish","type":"page","link":"https:\/\/blog.ube.fr\/master-mib\/","title":{"rendered":"Accueil"},"content":{"rendered":"<section class=\"kc-elm kc-css-871831 kc_row\"><div class=\"kc-row-container  kc-container\"><div class=\"kc-wrap-columns\"><div class=\"kc-elm kc-css-488249 kc_col-sm-12 kc_column kc_col-sm-12\"><div class=\"kc-col-container\"><div class=\"kc-elm kc-css-80962 kc_text_block\"><\/p>\n<p style=\"text-align: left;\">Le constat est sans appel\u2026<\/p>\n<p style=\"text-align: left;\">JAMAIS depuis l\u2019apparition de l\u2019humanit\u00e9, les connaissances scientifiques n\u2019ont atteint une telle vitesse de d\u00e9veloppement. Quant aux outils de communication, ils permettent de diffuser les vraies comme les fausses informations de mani\u00e8re instantan\u00e9e\u2026<\/p>\n<p style=\"text-align: left;\">Les nouvelles technologies, les applications les plus innovantes, les concepts les plus d\u00e9rangeants d\u00e9ferlent, apparaissent et disparaissent de plus en plus vite. Les incertitudes imm\u00e9diates et futures sont discut\u00e9es, confirm\u00e9es ou infirm\u00e9es sans cesse. De surcro\u00eet, certaines v\u00e9rit\u00e9s d\u2019aujourd\u2019hui n\u2019auront plus cours demain. L\u2019agilit\u00e9, la capacit\u00e9 d\u2019adaptation seront de rigueur. Parfois, la confusion l\u2019emporte sur le bon sens, c\u2019est une sorte de ran\u00e7on \u00e0 l\u2019extraordinaire cr\u00e9ativit\u00e9 de notre \u00e9poque !!<\/p>\n<p style=\"text-align: left;\">Au milieu de cet apparent chaos, des questions simples voire simplistes restent pos\u00e9es\u2026 Parmi elles, il en est une qui est centrale quand on suit un cycle de formation quel qu\u2019il soit :<\/p>\n<p style=\"text-align: center;\"><strong>\u00ab de quel m\u00e9tier suis-je porteur \/ porteuse ? \u00bb<\/strong><\/p>\n<p style=\"text-align: left;\">Le nom du m\u00e9tier a finalement peu d\u2019importance. En effet, les d\u00e9nominations changent et il est admis aujourd\u2019hui que des noms vont disparaitre tandis que d\u2019autres vont s\u2019imposer. L\u2019arriv\u00e9e de l\u2019Intelligence dite \u00ab Artificielle \u00bb, ce nouvel outil par\u00e9 de toutes les qualit\u00e9s et de toutes les craintes, sera un acc\u00e9l\u00e9rateur de ce ph\u00e9nom\u00e8ne.<\/p>\n<p style=\"text-align: left;\">L\u2019ambition du <strong>Master MIB<\/strong> (Management et Innovation en Biotechnologies) est la m\u00eame depuis sa cr\u00e9ation : donner les bases et mettre en action ses comp\u00e9tences pour devenir acteur dans le monde de l\u2019Innovation\u2026 au b\u00e9n\u00e9fice des g\u00e9n\u00e9rations futures (dans une soci\u00e9t\u00e9, esp\u00e9rons-le, humaniste, \u00e0 voir).<\/p>\n<p style=\"text-align: left;\">D\u00e9sormais organis\u00e9 en deux ann\u00e9es, le master MIB est un parcours coh\u00e9rent et harmonieux qui place l\u2019\u00e9tudiant et ses projets personnels et professionnels au c\u0153ur de sa dynamique de formation. Il accompagne et permet \u00e0 la fois de compl\u00e9ter son p\u00e9rim\u00e8tre de connaissances mais \u00e9galement de r\u00e9fl\u00e9chir sur ses valeurs pour se mettre en action aussi bien dans la t\u00eate que sur le terrain\u2026<\/p>\n<p>\n<\/div><\/div><\/div><\/div><\/div><\/section>\n","protected":false},"excerpt":{"rendered":"<p class=\"more-link-p\"><a class=\"btn btn-primary\" href=\"https:\/\/blog.ube.fr\/master-mib\/\">Voir plus &rarr;<\/a><\/p>\n","protected":false},"author":1,"featured_media":0,"parent":0,"menu_order":0,"comment_status":"closed","ping_status":"open","template":"","meta":{"_acf_changed":false,"_exactmetrics_skip_tracking":false,"_exactmetrics_sitenote_active":false,"_exactmetrics_sitenote_note":"","_exactmetrics_sitenote_category":0,"footnotes":""},"class_list":["post-186","page","type-page","status-publish","hentry"],"acf":[],"_links":{"self":[{"href":"https:\/\/blog.ube.fr\/master-mib\/wp-json\/wp\/v2\/pages\/186","targetHints":{"allow":["GET"]}}],"collection":[{"href":"https:\/\/blog.ube.fr\/master-mib\/wp-json\/wp\/v2\/pages"}],"about":[{"href":"https:\/\/blog.ube.fr\/master-mib\/wp-json\/wp\/v2\/types\/page"}],"author":[{"embeddable":true,"href":"https:\/\/blog.ube.fr\/master-mib\/wp-json\/wp\/v2\/users\/1"}],"replies":[{"embeddable":true,"href":"https:\/\/blog.ube.fr\/master-mib\/wp-json\/wp\/v2\/comments?post=186"}],"version-history":[{"count":8,"href":"https:\/\/blog.ube.fr\/master-mib\/wp-json\/wp\/v2\/pages\/186\/revisions"}],"predecessor-version":[{"id":2002,"href":"https:\/\/blog.ube.fr\/master-mib\/wp-json\/wp\/v2\/pages\/186\/revisions\/2002"}],"wp:attachment":[{"href":"https:\/\/blog.ube.fr\/master-mib\/wp-json\/wp\/v2\/media?parent=186"}],"curies":[{"name":"wp","href":"https:\/\/api.w.org\/{rel}","templated":true}]}}