{"id":1736,"date":"2021-06-09T11:48:37","date_gmt":"2021-06-09T10:48:37","guid":{"rendered":"http:\/\/blog.u-bourgogne.fr\/master-mib\/?page_id=1736"},"modified":"2021-06-09T11:54:54","modified_gmt":"2021-06-09T10:54:54","slug":"projet-de-promotion-2020-2021","status":"publish","type":"page","link":"https:\/\/blog.ube.fr\/master-mib\/projet-de-promotion-2020-2021\/","title":{"rendered":"Projet de promotion 2020 &#8211; 2021"},"content":{"rendered":"<p><section class=\"kc-elm kc-css-959265 kc_row\"><div class=\"kc-row-container  kc-container\"><div class=\"kc-wrap-columns\"><div class=\"kc-elm kc-css-890854 kc_col-sm-12 kc_column kc_col-sm-12\"><div class=\"kc-col-container\"><div class=\"kc-elm kc-css-661799 kc_text_block\"><\/p>\n<p>Cette ann\u00e9e le projet de promotion a port\u00e9 bien sur, sur la pand\u00e9mie qui a touch\u00e9 et boulevers\u00e9 la plan\u00e8te en 2020: Pr\u00e9vention, traitement, management, cons\u00e9quences de l\u2019infection par le coronavirus.<\/p>\n<p>Les \u00e9tudiants ont choisi le : &#8220;D\u00e9veloppement d\u2019un test rapide d\u2019orientation diagnostic : SARS-Detekt par Soluviral\".<\/p>\n<p>Photo de la promotion suite \u00e0 la pr\u00e9sentation de leur projet.<\/p>\n<p>\n<\/div><\/div><\/div><\/div><\/div><\/section><section class=\"kc-elm kc-css-299219 kc_row\"><div class=\"kc-row-container  kc-container\"><div class=\"kc-wrap-columns\"><div class=\"kc-elm kc-css-414045 kc_col-sm-12 kc_column kc_col-sm-12\"><div class=\"kc-col-container\"><div class=\"kc-elm kc-css-364453 kc_shortcode kc_single_image\">\n\n        <img decoding=\"async\" src=\"https:\/\/blog.ube.fr\/master-mib\/wp-content\/uploads\/sites\/92\/2021\/06\/presentation-projet-promo.jpg\" class=\"\" alt=\"\" \/>    <\/div>\n<\/div><\/div><\/div><\/div><\/section><\/p>\n","protected":false},"excerpt":{"rendered":"<p class=\"more-link-p\"><a class=\"btn btn-primary\" href=\"https:\/\/blog.ube.fr\/master-mib\/projet-de-promotion-2020-2021\/\">Voir plus &rarr;<\/a><\/p>\n","protected":false},"author":350,"featured_media":0,"parent":0,"menu_order":0,"comment_status":"closed","ping_status":"closed","template":"","meta":{"_acf_changed":false,"_exactmetrics_skip_tracking":false,"_exactmetrics_sitenote_active":false,"_exactmetrics_sitenote_note":"","_exactmetrics_sitenote_category":0,"footnotes":""},"class_list":["post-1736","page","type-page","status-publish","hentry"],"acf":[],"_links":{"self":[{"href":"https:\/\/blog.ube.fr\/master-mib\/wp-json\/wp\/v2\/pages\/1736","targetHints":{"allow":["GET"]}}],"collection":[{"href":"https:\/\/blog.ube.fr\/master-mib\/wp-json\/wp\/v2\/pages"}],"about":[{"href":"https:\/\/blog.ube.fr\/master-mib\/wp-json\/wp\/v2\/types\/page"}],"author":[{"embeddable":true,"href":"https:\/\/blog.ube.fr\/master-mib\/wp-json\/wp\/v2\/users\/350"}],"replies":[{"embeddable":true,"href":"https:\/\/blog.ube.fr\/master-mib\/wp-json\/wp\/v2\/comments?post=1736"}],"version-history":[{"count":5,"href":"https:\/\/blog.ube.fr\/master-mib\/wp-json\/wp\/v2\/pages\/1736\/revisions"}],"predecessor-version":[{"id":1743,"href":"https:\/\/blog.ube.fr\/master-mib\/wp-json\/wp\/v2\/pages\/1736\/revisions\/1743"}],"wp:attachment":[{"href":"https:\/\/blog.ube.fr\/master-mib\/wp-json\/wp\/v2\/media?parent=1736"}],"curies":[{"name":"wp","href":"https:\/\/api.w.org\/{rel}","templated":true}]}}