{"id":1700,"date":"2021-03-17T17:49:30","date_gmt":"2021-03-17T16:49:30","guid":{"rendered":"http:\/\/blog.u-bourgogne.fr\/master-mib\/?page_id=1700"},"modified":"2021-03-30T17:08:46","modified_gmt":"2021-03-30T16:08:46","slug":"offres-demploi-et-cv","status":"publish","type":"page","link":"https:\/\/blog.ube.fr\/master-mib\/offres-demploi-et-cv\/","title":{"rendered":"Offres d&#8217;emploi et CV"},"content":{"rendered":"<p><section class=\"kc-elm kc-css-40509 kc_row\"><div class=\"kc-row-container  kc-container\"><div class=\"kc-wrap-columns\"><div class=\"kc-elm kc-css-793459 kc_col-sm-12 kc_column kc_col-sm-12\"><div class=\"kc-col-container\"><div class=\"kc-elm kc-css-369013\" style=\"height: 20px; clear: both; width:100%;\"><\/div><\/div><\/div><\/div><\/div><\/section><section class=\"kc-elm kc-css-656664 kc_row\"><div class=\"kc-row-container  kc-container\"><div class=\"kc-wrap-columns\"><div class=\"kc-elm kc-css-254560 kc_col-sm-12 kc_column kc_col-sm-12\"><div class=\"kc-col-container\">\n<div class=\"kc-elm kc-css-462418 kc-title-wrap \">\n\n\t<h1 class=\"kc_title\">Offres d'emploi<\/h1>\n<\/div>\n<\/div><\/div><\/div><\/div><\/section><section class=\"kc-elm kc-css-112241 kc_row\"><div class=\"kc-row-container  kc-container\"><div class=\"kc-wrap-columns\"><div class=\"kc-elm kc-css-458183 kc_column kc_col-sm-12\"><div class=\"kc-col-container\"><div class=\"kc-elm kc-css-267681 kc_text_block\"><\/p>\n<p>Vous trouverez des offres d&#039;emploi int\u00e9ressantes pour les \u00e9tudiants ayant suivi la formation MIB.<\/p>\n<p>\n<\/div><\/div><\/div><\/div><\/div><\/section><section class=\"kc-elm kc-css-831061 kc_row\"><div class=\"kc-row-container  kc-container\"><div class=\"kc-wrap-columns\"><div class=\"kc-elm kc-css-330765 kc_col-sm-12 kc_column kc_col-sm-12\"><div class=\"kc-col-container\"><div class=\"kc-elm kc-css-360134\" style=\"height: 20px; clear: both; width:100%;\"><\/div><\/div><\/div><\/div><\/div><\/section><section class=\"kc-elm kc-css-189017 kc_row\"><div class=\"kc-row-container  kc-container\"><div class=\"kc-wrap-columns\"><div class=\"kc-elm kc-css-236413 kc_column kc_col-sm-12\"><div class=\"kc-col-container\"><div class=\"kc-elm kc-css-147371 kc_text_block\"><\/p>\n<p>17\/03\/2021 : <a href=\"http:\/\/blog.ube.fr\/master-mib\/wp-content\/uploads\/sites\/92\/2021\/03\/POSTE-RESPONSABLE-CQ-2020V3.pdf\" target=\"_blank\" rel=\"noopener\">RESPONSABLE CONTROLE QUALITE Bioproduction GMP chez RD-Biotech\u00a0\u00a0<\/a><\/p>\n<\/p>\n<p>\n<\/div><\/div><\/div><\/div><\/div><\/section><section class=\"kc-elm kc-css-513767 kc_row\"><div class=\"kc-row-container  kc-container\"><div class=\"kc-wrap-columns\"><div class=\"kc-elm kc-css-596743 kc_col-sm-12 kc_column kc_col-sm-12\"><div class=\"kc-col-container\"><div class=\"kc-elm kc-css-122544\" style=\"height: 20px; clear: both; width:100%;\"><\/div><\/div><\/div><\/div><\/div><\/section><section class=\"kc-elm kc-css-629464 kc_row\"><div class=\"kc-row-container  kc-container\"><div class=\"kc-wrap-columns\"><div class=\"kc-elm kc-css-447506 kc_column kc_col-sm-12\"><div class=\"kc-col-container\"><div class=\"kc-elm kc-css-251817 kc_text_block\"><\/p>\n<p>24\/03\/2021<\/p>\n<div>\n<p>Le Groupe CEN recherche un ARC bas\u00e9 sur Dijon qui sera amen\u00e9 \u00e0 se d\u00e9placer sur la France enti\u00e8re.<\/p>\n<p>Vous avez \u00e0 g\u00e9rer les missions suivantes :<\/p>\n<p>&#8211;\u00a0\u00a0\u00a0\u00a0\u00a0\u00a0\u00a0\u00a0\u00a0\u00a0Participation \u00e0 la pr\u00e9paration administrative de l\u2019\u00e9tude<\/p>\n<p>&#8211;\u00a0\u00a0\u00a0\u00a0\u00a0\u00a0\u00a0\u00a0\u00a0\u00a0S\u00e9lection et \u00e9valuation des centres.<\/p>\n<p>&#8211;\u00a0\u00a0\u00a0\u00a0\u00a0\u00a0\u00a0\u00a0\u00a0\u00a0Mise en place des centres.<\/p>\n<p>&#8211;\u00a0\u00a0\u00a0\u00a0\u00a0\u00a0\u00a0\u00a0\u00a0\u00a0Suivi des centres : Pr\u00e9parer et r\u00e9aliser les visites de monitoring et r\u00e9daction des rapports. Contr\u00f4ler l&#039;application des proc\u00e9dures et de la r\u00e9glementation en mati\u00e8re de monitoring et de vigilance.<\/p>\n<p>&#8211;\u00a0\u00a0\u00a0\u00a0\u00a0\u00a0\u00a0\u00a0\u00a0\u00a0Informer les investigateurs et les \u00e9quipes du d\u00e9roulement des \u00e9tudes et maintenir leur motivation.<\/p>\n<p>&#8211;\u00a0\u00a0\u00a0\u00a0\u00a0\u00a0\u00a0\u00a0\u00a0\u00a0Cl\u00f4ture des centres<\/p>\n<p>&#8211;\u00a0\u00a0\u00a0\u00a0\u00a0\u00a0\u00a0\u00a0\u00a0\u00a0R\u00e9aliser les contr\u00f4les qualit\u00e9s du TMF durant l\u2019\u00e9tude jusqu\u2019\u00e0 l\u2019archivage<\/p>\n<p>&#8211;\u00a0\u00a0\u00a0\u00a0\u00a0\u00a0\u00a0\u00a0\u00a0\u00a0Qualit\u00e9 : appliquer les proc\u00e9dures du groupe. Participer au traitement des non-conformit\u00e9s relatives aux op\u00e9rations cliniques et appliquer les actions correctrices. Participer \u00e0 la mise \u00e0 jour et \u00e0 la cr\u00e9ation des proc\u00e9dures op\u00e9ratoires standardis\u00e9es et documents associ\u00e9s aux op\u00e9rations cliniques.<\/p>\n<p>&#8211;\u00a0\u00a0\u00a0\u00a0\u00a0\u00a0\u00a0\u00a0\u00a0\u00a0Saisie de donn\u00e9es sur sites investigateurs pour des \u00e9tudes non-interventionnelles<\/p>\n<p>Informations compl\u00e9mentaires :<\/p>\n<p>&#8211;\u00a0\u00a0\u00a0\u00a0\u00a0\u00a0\u00a0\u00a0\u00a0\u00a0Exp\u00e9rience : au moins 1 stage ou 1 exp\u00e9rience r\u00e9ussie en tant qu&#039;ARC<\/p>\n<p>&#8211;\u00a0\u00a0\u00a0\u00a0\u00a0\u00a0\u00a0\u00a0\u00a0\u00a0Prise d\u2019initiatives et autonomie<\/p>\n<p>&#8211;\u00a0\u00a0\u00a0\u00a0\u00a0\u00a0\u00a0\u00a0\u00a0\u00a0Prise de poste : d\u00e8s que possible<\/p>\n<p>Type d&#039;emploi : Temps plein, CDD renouvelable 1 fois avec possibilit\u00e9 de CDI<\/p>\n<p>Dur\u00e9e du contrat initial : 4 mois<\/p>\n<p>Envoyer candidature avec CV \u00e0\u00a0<span id=\"OBJ_PREFIX_DWT90_ZmEmailObjectHandler\" class=\"Object\" role=\"link\"><span id=\"OBJ_PREFIX_DWT91_ZmEmailObjectHandler\" class=\"Object\" role=\"link\"><a href=\"mailto:arnaud.terrillon@groupecen.com\" target=\"_blank\" rel=\"noopener noreferrer nofollow noopener noreferrer\">arnaud.terrillon@groupecen.com<\/a><\/span><\/span><\/p>\n<\/div>\n<p>site internet du groupe :\u00a0<a href=\"https:\/\/www.groupecen.com\/\">https:\/\/www.groupecen.com\/<\/a><\/p>\n<p>\n<\/div><\/div><\/div><\/div><\/div><\/section><section class=\"kc-elm kc-css-691005 kc_row\"><div class=\"kc-row-container  kc-container\"><div class=\"kc-wrap-columns\"><div class=\"kc-elm kc-css-729359 kc_col-sm-12 kc_column kc_col-sm-12\"><div class=\"kc-col-container\"><div class=\"kc-elm kc-css-490994\" style=\"height: 20px; clear: both; width:100%;\"><\/div><\/div><\/div><\/div><\/div><\/section><section class=\"kc-elm kc-css-678988 kc_row\"><div class=\"kc-row-container  kc-container\"><div class=\"kc-wrap-columns\"><div class=\"kc-elm kc-css-969966 kc_column kc_col-sm-12\"><div class=\"kc-col-container\"><div class=\"kc-elm kc-css-839369 kc_text_block\"><\/p>\n<p>25\/03\/2021 : RECRUTEMENT CHARGE D&#039;AFFAIRES ANALYTIQUE (H\/F) &#8211; SQUALI<\/p>\n<p><a href=\"https:\/\/squali.fr\/actualites\/recrutement-charge-daffaires-analytique-h-f\/\">https:\/\/squali.fr\/actualites\/recrutement-charge-daffaires-analytique-h-f\/<\/a><\/p>\n<p>\n<\/div><\/div><\/div><\/div><\/div><\/section><section class=\"kc-elm kc-css-152095 kc_row\"><div class=\"kc-row-container  kc-container\"><div class=\"kc-wrap-columns\"><div class=\"kc-elm kc-css-575141 kc_col-sm-12 kc_column kc_col-sm-12\"><div class=\"kc-col-container\"><div class=\"kc-elm kc-css-344073\" style=\"height: 20px; clear: both; width:100%;\"><\/div><\/div><\/div><\/div><\/div><\/section><section class=\"kc-elm kc-css-17167 kc_row\"><div class=\"kc-row-container  kc-container\"><div class=\"kc-wrap-columns\"><div class=\"kc-elm kc-css-511714 kc_column kc_col-sm-12\"><div class=\"kc-col-container\"><div class=\"kc-elm kc-css-297564 kc_text_block\"><\/p>\n<p>30\/03\/2021 <a href=\"http:\/\/blog.ube.fr\/master-mib\/wp-content\/uploads\/sites\/92\/2021\/03\/Annonce-Diagnostic-Science-Liaison-30-03-2021.pdf\" target=\"_blank\" rel=\"noopener\">poste de Diagnostic Science Liaison chez Theradiag<\/a><\/p>\n<\/p>\n<p>\n<\/div><\/div><\/div><\/div><\/div><\/section><section class=\"kc-elm kc-css-498083 kc_row\"><div class=\"kc-row-container  kc-container\"><div class=\"kc-wrap-columns\"><div class=\"kc-elm kc-css-49003 kc_col-sm-12 kc_column kc_col-sm-12\"><div class=\"kc-col-container\"><div class=\"kc-elm kc-css-453098\" style=\"height: 20px; clear: both; width:100%;\"><\/div>\n<div class=\"kc-elm kc-css-887107 kc-title-wrap \">\n\n\t<h1 class=\"kc_title\">CV<\/h1>\n<\/div>\n<\/div><\/div><\/div><\/div><\/section><section class=\"kc-elm kc-css-425531 kc_row\"><div class=\"kc-row-container  kc-container\"><div class=\"kc-wrap-columns\"><div class=\"kc-elm kc-css-623915 kc_column kc_col-sm-12\"><div class=\"kc-col-container\"><div class=\"kc-elm kc-css-942887 kc_text_block\"><\/p>\n<p>N&#039;h\u00e9sitez pas \u00e0 nous transmettre vos CV si besoin.<\/p>\n<p>\n<\/div><\/div><\/div><\/div><\/div><\/section><section class=\"kc-elm kc-css-118487 kc_row\"><div class=\"kc-row-container  kc-container\"><div class=\"kc-wrap-columns\"><div class=\"kc-elm kc-css-419531 kc_col-sm-12 kc_column kc_col-sm-12\"><div class=\"kc-col-container\"><\/div><\/div><\/div><\/div><\/section><\/p>\n","protected":false},"excerpt":{"rendered":"<p class=\"more-link-p\"><a class=\"btn btn-primary\" href=\"https:\/\/blog.ube.fr\/master-mib\/offres-demploi-et-cv\/\">Voir plus &rarr;<\/a><\/p>\n","protected":false},"author":350,"featured_media":0,"parent":0,"menu_order":0,"comment_status":"closed","ping_status":"closed","template":"","meta":{"_acf_changed":false,"_exactmetrics_skip_tracking":false,"_exactmetrics_sitenote_active":false,"_exactmetrics_sitenote_note":"","_exactmetrics_sitenote_category":0,"footnotes":""},"class_list":["post-1700","page","type-page","status-publish","hentry"],"acf":[],"_links":{"self":[{"href":"https:\/\/blog.ube.fr\/master-mib\/wp-json\/wp\/v2\/pages\/1700","targetHints":{"allow":["GET"]}}],"collection":[{"href":"https:\/\/blog.ube.fr\/master-mib\/wp-json\/wp\/v2\/pages"}],"about":[{"href":"https:\/\/blog.ube.fr\/master-mib\/wp-json\/wp\/v2\/types\/page"}],"author":[{"embeddable":true,"href":"https:\/\/blog.ube.fr\/master-mib\/wp-json\/wp\/v2\/users\/350"}],"replies":[{"embeddable":true,"href":"https:\/\/blog.ube.fr\/master-mib\/wp-json\/wp\/v2\/comments?post=1700"}],"version-history":[{"count":12,"href":"https:\/\/blog.ube.fr\/master-mib\/wp-json\/wp\/v2\/pages\/1700\/revisions"}],"predecessor-version":[{"id":1718,"href":"https:\/\/blog.ube.fr\/master-mib\/wp-json\/wp\/v2\/pages\/1700\/revisions\/1718"}],"wp:attachment":[{"href":"https:\/\/blog.ube.fr\/master-mib\/wp-json\/wp\/v2\/media?parent=1700"}],"curies":[{"name":"wp","href":"https:\/\/api.w.org\/{rel}","templated":true}]}}