{"id":1558,"date":"2019-12-16T14:49:18","date_gmt":"2019-12-16T13:49:18","guid":{"rendered":"http:\/\/blog.u-bourgogne.fr\/master-mib\/?page_id=1558"},"modified":"2019-12-16T15:37:05","modified_gmt":"2019-12-16T14:37:05","slug":"projet-de-promotion-2019-2020","status":"publish","type":"page","link":"https:\/\/blog.ube.fr\/master-mib\/projet-de-promotion-2019-2020\/","title":{"rendered":"Projet de promotion 2019 &#8211; 2020"},"content":{"rendered":"<p style=\"text-align: center\"><strong>Maladie de Parkinson et Traitement innovant<\/strong><\/p>\n<p>La promotion 2019-2020 avait pour objectif de cr\u00e9er une entreprise qui proposerait un traitement innovant reposant sur l&#8217;utilisation de produits naturels pour la maladie de Parkinson.<\/p>\n<p><img loading=\"lazy\" decoding=\"async\" class=\"aligncenter\" src=\"http:\/\/blog.ube.fr\/master-mib\/wp-content\/uploads\/sites\/92\/2019\/12\/Image1.jpg\" alt=\"\" width=\"613\" height=\"327\" \/><\/p>\n<p>Ils vous pr\u00e9senteront leur entreprise<span style=\"font-family: 'Times New Roman';font-size: 16px;font-style: normal;font-weight: 400\">\u00a0<\/span><span style=\"font-size: 16px\">de 10h \u00e0 12h, le 27 janvier 2020 Amphi billet, les \u00e9tudiants du master Sciences du Vivant de Nancy proposeront \u00e9galement leur projet.<\/span><\/p>\n","protected":false},"excerpt":{"rendered":"<p>Maladie de Parkinson et Traitement innovant La promotion 2019-2020 avait pour objectif de cr\u00e9er une entreprise qui proposerait un traitement innovant reposant sur l&#8217;utilisation de produits naturels pour la maladie de Parkinson. Ils vous pr\u00e9senteront leur entreprise\u00a0de 10h \u00e0 12h, le 27 janvier 2020 Amphi billet, les \u00e9tudiants du master Sciences du Vivant de Nancy&hellip;<\/p>\n<p class=\"more-link-p\"><a class=\"btn btn-primary\" href=\"https:\/\/blog.ube.fr\/master-mib\/projet-de-promotion-2019-2020\/\">Voir plus &rarr;<\/a><\/p>\n","protected":false},"author":350,"featured_media":0,"parent":0,"menu_order":0,"comment_status":"closed","ping_status":"closed","template":"","meta":{"_acf_changed":false,"_exactmetrics_skip_tracking":false,"_exactmetrics_sitenote_active":false,"_exactmetrics_sitenote_note":"","_exactmetrics_sitenote_category":0,"footnotes":""},"class_list":["post-1558","page","type-page","status-publish","hentry"],"acf":[],"_links":{"self":[{"href":"https:\/\/blog.ube.fr\/master-mib\/wp-json\/wp\/v2\/pages\/1558","targetHints":{"allow":["GET"]}}],"collection":[{"href":"https:\/\/blog.ube.fr\/master-mib\/wp-json\/wp\/v2\/pages"}],"about":[{"href":"https:\/\/blog.ube.fr\/master-mib\/wp-json\/wp\/v2\/types\/page"}],"author":[{"embeddable":true,"href":"https:\/\/blog.ube.fr\/master-mib\/wp-json\/wp\/v2\/users\/350"}],"replies":[{"embeddable":true,"href":"https:\/\/blog.ube.fr\/master-mib\/wp-json\/wp\/v2\/comments?post=1558"}],"version-history":[{"count":4,"href":"https:\/\/blog.ube.fr\/master-mib\/wp-json\/wp\/v2\/pages\/1558\/revisions"}],"predecessor-version":[{"id":1566,"href":"https:\/\/blog.ube.fr\/master-mib\/wp-json\/wp\/v2\/pages\/1558\/revisions\/1566"}],"wp:attachment":[{"href":"https:\/\/blog.ube.fr\/master-mib\/wp-json\/wp\/v2\/media?parent=1558"}],"curies":[{"name":"wp","href":"https:\/\/api.w.org\/{rel}","templated":true}]}}