{"id":1411,"date":"2019-05-02T12:36:09","date_gmt":"2019-05-02T11:36:09","guid":{"rendered":"http:\/\/blog.u-bourgogne.fr\/master-mib\/?page_id=1411"},"modified":"2021-01-15T11:12:32","modified_gmt":"2021-01-15T10:12:32","slug":"outils-de-linnovation","status":"publish","type":"page","link":"https:\/\/blog.ube.fr\/master-mib\/outils-de-linnovation\/","title":{"rendered":"Boite \u00e0 outils"},"content":{"rendered":"<p>Quelques outils pour vous aider dans votre recherche de stage et d&#8217;emploi, une veille technologique qui peut vous \u00eatre utile !! (Cliquer sur les mots cl\u00e9s)<\/p>\n<ul style=\"list-style-type: disc;\">\n<li><strong>Lettre d\u2019information en alimentation\u00a0:<\/strong> un abonnement gratuit \u00e0 <a href=\"mailto:alix@nutrimarketing.fr\">Nutrimarketing<\/a> est un excellent moyen de se tenir au courant d\u2019informations \u00ab dig\u00e9r\u00e9es \u00bb pour vous. La modification des habitudes alimentaires et ses cons\u00e9quences positives pour notre environnement est l\u2019objet de la derni\u00e8re lettre, n\u2019h\u00e9sitez pas \u00e0 vous abonner.<\/li>\n<li><strong><a href=\"https:\/\/bpifrance-creation.fr\/\">BPI France cr\u00e9ation<\/a>\u00a0: un interlocuteur cl\u00e9 pour les cr\u00e9ateurs d\u2019entreprise<\/strong>\u00a0: <em>\u00ab\u00a0A compter du 1er janvier 2019, Bpifrance reprend l&#8217;ensemble des missions de l&#8217;Agence France Entrepreneur (AFE) ainsi que celles de la\u00a0Caisse des D\u00e9p\u00f4ts (CDC)\u00a0en faveur de la cr\u00e9ation d\u2019entreprises\u00a0\u00bb<\/em> sans doute un des sites les plus complets pour accompagner la r\u00e9flexion du\/des cr\u00e9ateurs. D\u00e8s que vous aurez ma\u00eetris\u00e9 la complexit\u00e9 du site, vous aurez acc\u00e8s \u00e0 des informations et formations r\u00e9guli\u00e8rement mises \u00e0 jour\u2026<\/li>\n<li><strong>Un site de r\u00e9f\u00e9rence en m\u00e9dical<\/strong> : allez visiter <a href=\"https:\/\/www.medscape.com\/today\">Medscape<\/a> !!!\u00a0 Le site se d\u00e9finit ainsi <em>\u00ab\u00a0Notre mission est d\u2019am\u00e9liorer les soins en apportant des informations cliniques claires et pertinentes ainsi que des ressources essentielles aux m\u00e9decins et aux professionnels de soin\u00a0\u00bb<\/em> l\u2019acc\u00e8s et l\u2019abonnement pour recevoir des alertes sont gratuits\u2026 les articles concernant les domaines qui peuvent vous int\u00e9resser sont tr\u00e8s bien r\u00e9dig\u00e9s et permettent de se faire une id\u00e9e pr\u00e9cise d\u2019une situation en dehors des consid\u00e9rations des r\u00e9seaux sociaux et autres\u00a0 \u00ab\u00a0buzz m\u00e9diatique\u00a0\u00bb. La version fran\u00e7aise est r\u00e9cente et seule l\u2019utilisation de la version anglaise permet d\u2019avoir acc\u00e8s \u00e0 l\u2019int\u00e9gralit\u00e9 des informations. UNE MINE D\u2019INFORMATIONS\u00a0!!!<\/li>\n<li><strong>Pour les passionn\u00e9s de laboratoire\u00a0!!<\/strong>\u00a0: inscrivez vous \u00e0 la lettre d\u2019information de <a href=\"https:\/\/www.gazettelabo.fr\/\">La Gazette du laboratoire<\/a>, beaucoup d\u2019informations disponibles sur les derni\u00e8res nouveaut\u00e9s du laboratoire en analyse biologique, chimique et physique, des offres de stages, l\u2019identification des entreprises du domaines, les aspects r\u00e9glementaires etc\u2026 bref un endroit o\u00f9 il est raisonnable d\u2019aller r\u00e9guli\u00e8rement si on proclame que l\u2019on est int\u00e9ress\u00e9 par \u00ab la paillasse \u00bb !!<\/li>\n<li style=\"text-align: justify;\"><a href=\"https:\/\/www.tracesecritesnews.fr\/\"><strong>Traces \u00e9crites<\/strong><\/a> : l\u2019actualit\u00e9 \u00e9conomique du Grand Est arrive sur votre ordinateur chaque matin\u2026indispensable pour celles et ceux qui veulent rechercher des opportunit\u00e9s dans cette r\u00e9gion. Les informations \u00ab flash \u00bb sont compl\u00e9t\u00e9es par l\u2019acc\u00e8s au site dans lequel une multitude de liens vous permettent de faire connaissance avec l\u2019environnement professionnel\u2026<\/li>\n<li style=\"text-align: justify;\"><a href=\"https:\/\/www.fun-mooc.fr\/\"><strong>Fun-Mooc3<\/strong><\/a> : se former gratuitement en libert\u00e9\u2026 le site vous permet d\u2019avoir acc\u00e8s \u00e0 des formations de niveau universitaire dans les domaines qui vous passionnent\u2026 aujourd\u2019hui par exemple, le management de la qualit\u00e9 en laboratoire de biologie humaine, aspects juridiques de la cr\u00e9ation d\u2019entreprises innovantes etc\u2026.<\/li>\n<li style=\"text-align: justify;\"><a href=\"https:\/\/www.maddyness.com\/\"><strong>Maddyness<\/strong><\/a> : le magazine de r\u00e9f\u00e9rence des innovateurs !!!, la soci\u00e9t\u00e9 cr\u00e9\u00e9e il y a dix ans, se d\u00e9veloppe rapidement (propositions d\u2019emploi, formation, publicit\u00e9, etc\u2026) Un abonnement gratuit permet de v\u00e9rifier que les apports r\u00e9pondent \u00e0 vos besoins !!<\/li>\n<li><a href=\"https:\/\/scanr.enseignementsup-recherche.gouv.fr\/recherche\/all\" target=\"_blank\" rel=\"noopener noreferrer\">ScanR<\/a>: base de donn\u00e9es innovation et recherche qui se d\u00e9finit comme &#8220;un outil d&#8217;exploration du paysage de la recherche et de l&#8217;innovation en France&#8221;<\/li>\n<li><a href=\"https:\/\/www.larevuedesmicrobiotes.fr\/\" target=\"_blank\" rel=\"noopener noreferrer\">La revue des microbiotes<\/a>: cette revue pr\u00e9sente les r\u00e9sultats les plus r\u00e9cents de la recherche sur les microbiotes et les r\u00e9percussions sur la sant\u00e9 humaine.<\/li>\n<li><a href=\"https:\/\/startup.info\/\">StartUp Info<\/a>: site en anglais avec possibilit\u00e9 de s\u2019abonner \u00e0 la lettre d\u2019information\u2026 beaucoup d\u2019articles et de post tr\u00e8s int\u00e9ressants pour faire connaissance avec le monde des start-ups et faire<br \/>\nl\u2019apprentissage du vocabulaire ad hoc !!!<\/li>\n<li><a href=\"https:\/\/www.asso-conseils-innovation.org\/\">Conseils en innovation<\/a>: une association regroupant les conseils en Innovation \u2026 deux clics pour visiter les sites des adh\u00e9rents\u2026 indispensable aux futurs acteurs du domaine de l\u2019accompagnement<br \/>\ndes projets d\u2019innovations et pour celles et ceux qui ont besoin de se faire accompagner !!<\/li>\n<li><a href=\"https:\/\/www.youtube.com\/watch?v=1u417hr4zlU\" target=\"_blank\" rel=\"noopener\">Webinaire<\/a> sur l&#8217;innovation de l&#8217;AERBFC (11 d\u00e9cembre 2020)<\/li>\n<\/ul>\n","protected":false},"excerpt":{"rendered":"<p>Quelques outils pour vous aider dans votre recherche de stage et d&#8217;emploi, une veille technologique qui peut vous \u00eatre utile !! (Cliquer sur les mots cl\u00e9s) Lettre d\u2019information en alimentation\u00a0: un abonnement gratuit \u00e0 Nutrimarketing est un excellent moyen de se tenir au courant d\u2019informations \u00ab dig\u00e9r\u00e9es \u00bb pour vous. La modification des habitudes alimentaires&hellip;<\/p>\n<p class=\"more-link-p\"><a class=\"btn btn-primary\" href=\"https:\/\/blog.ube.fr\/master-mib\/outils-de-linnovation\/\">Voir plus &rarr;<\/a><\/p>\n","protected":false},"author":350,"featured_media":0,"parent":0,"menu_order":0,"comment_status":"closed","ping_status":"closed","template":"","meta":{"_acf_changed":false,"_exactmetrics_skip_tracking":false,"_exactmetrics_sitenote_active":false,"_exactmetrics_sitenote_note":"","_exactmetrics_sitenote_category":0,"footnotes":""},"class_list":["post-1411","page","type-page","status-publish","hentry"],"acf":[],"_links":{"self":[{"href":"https:\/\/blog.ube.fr\/master-mib\/wp-json\/wp\/v2\/pages\/1411","targetHints":{"allow":["GET"]}}],"collection":[{"href":"https:\/\/blog.ube.fr\/master-mib\/wp-json\/wp\/v2\/pages"}],"about":[{"href":"https:\/\/blog.ube.fr\/master-mib\/wp-json\/wp\/v2\/types\/page"}],"author":[{"embeddable":true,"href":"https:\/\/blog.ube.fr\/master-mib\/wp-json\/wp\/v2\/users\/350"}],"replies":[{"embeddable":true,"href":"https:\/\/blog.ube.fr\/master-mib\/wp-json\/wp\/v2\/comments?post=1411"}],"version-history":[{"count":11,"href":"https:\/\/blog.ube.fr\/master-mib\/wp-json\/wp\/v2\/pages\/1411\/revisions"}],"predecessor-version":[{"id":1682,"href":"https:\/\/blog.ube.fr\/master-mib\/wp-json\/wp\/v2\/pages\/1411\/revisions\/1682"}],"wp:attachment":[{"href":"https:\/\/blog.ube.fr\/master-mib\/wp-json\/wp\/v2\/media?parent=1411"}],"curies":[{"name":"wp","href":"https:\/\/api.w.org\/{rel}","templated":true}]}}