{"id":1365,"date":"2019-02-19T10:47:43","date_gmt":"2019-02-19T09:47:43","guid":{"rendered":"http:\/\/blog.u-bourgogne.fr\/master-mib\/?page_id=1365"},"modified":"2022-04-12T12:53:18","modified_gmt":"2022-04-12T11:53:18","slug":"les-lettres-dinformation-du-master-mib","status":"publish","type":"page","link":"https:\/\/blog.ube.fr\/master-mib\/les-lettres-dinformation-du-master-mib\/","title":{"rendered":"LES LETTRES D&#8217;INFORMATION"},"content":{"rendered":"<p><section class=\"kc-elm kc-css-340125 kc_row\"><div class=\"kc-row-container  kc-container\"><div class=\"kc-wrap-columns\"><div class=\"kc-elm kc-css-343570 kc_col-sm-12 kc_column kc_col-sm-12\"><div class=\"kc-col-container\">\n<div class=\"kc-elm kc-css-108012 kc-animated kc-animate-eff-zoomIn kc-title-wrap \">\n\n\t<h1 class=\"kc_title\">LES LETTRES D'INFORMATION DU MASTER MIB<\/h1>\n<\/div>\n<div class=\"kc-elm kc-css-410140 kc_text_block\"><\/p>\n<h2 style=\"text-align: center;\">Nouveaut\u00e9 \u00e0 partir de cette ann\u00e9e : la lettre d&#039;information du Master MIB !<\/h2>\n<h2 style=\"text-align: center;\">Un grand merci \u00e0 Patrick pour avoir \u00e9t\u00e9 \u00e0 l&#039;origine de cette lettre.<\/h2>\n<p>\n<\/div><div class=\"kc-elm kc-css-748986 kc_text_block\"><\/p>\n<p><a href=\"https:\/\/blog.ube.fr\/master-mib\/les-lettres-dinformation-du-master-mib\/#lettre1\">Lettre n\u00b01<\/a> \/ <a href=\"https:\/\/blog.ube.fr\/master-mib\/les-lettres-dinformation-du-master-mib\/#lettre2\">Lettre n\u00b02<\/a> \/ <a href=\"https:\/\/blog.ube.fr\/master-mib\/les-lettres-dinformation-du-master-mib\/#lettre3\">Lettre n\u00b03<\/a> \/ <a href=\"https:\/\/blog.ube.fr\/master-mib\/les-lettres-dinformation-du-master-mib\/#lettre4\">Lettre n\u00b04<\/a> \/ <a href=\"https:\/\/blog.ube.fr\/master-mib\/les-lettres-dinformation-du-master-mib\/#stages2019\">Lettre &#8220;Sp\u00e9cial Stages 2019\"<\/a> \/ <a href=\"https:\/\/blog.ube.fr\/master-mib\/les-lettres-dinformation-du-master-mib\/#lettre6\">Lettre n\u00b06<\/a> \/ <a href=\"https:\/\/blog.ube.fr\/master-mib\/les-lettres-dinformation-du-master-mib\/#lettrecovid\">Lettre sp\u00e9ciale Coronavirus<\/a> \/ <a href=\"https:\/\/blog.ube.fr\/master-mib\/les-lettres-dinformation-du-master-mib\/#lettre7\">Lettre n\u00b07<\/a>\u00a0\/ <a href=\"https:\/\/blog.ube.fr\/master-mib\/les-lettres-dinformation-du-master-mib\/#lettre7\">Lettre Sp\u00e9ciale Stages 2021<\/a> \/ <a href=\"https:\/\/blog.ube.fr\/master-mib\/les-lettres-dinformation-du-master-mib\/#lettre8\">Lettre n\u00b08<\/a> \/ <a href=\"https:\/\/blog.ube.fr\/master-mib\/les-lettres-dinformation-du-master-mib\/#lettre9\">Lettre n\u00b09 \/<\/a>\u00a0\u00a0<a href=\"https:\/\/blog.ube.fr\/master-mib\/les-lettres-dinformation-du-master-mib\/#lettre10\">Lettre n\u00b010<\/a> \/\u00a0<a href=\"https:\/\/blog.ube.fr\/master-mib\/les-lettres-dinformation-du-master-mib\/#lettre11\">Lettre n\u00b011<\/a> \/\u00a0<a href=\"https:\/\/blog.ube.fr\/master-mib\/les-lettres-dinformation-du-master-mib\/#lettre12\">Lettre n\u00b012<\/a> \/\u00a0<a href=\"https:\/\/blog.ube.fr\/master-mib\/les-lettres-dinformation-du-master-mib\/#lettre13\">Lettre n\u00b013<\/a><\/p>\n<p>\n<\/div><\/div><\/div><\/div><\/div><\/section><section class=\"kc-elm kc-css-278675 kc_row\"><div class=\"kc-row-container  kc-container\"><div class=\"kc-wrap-columns\"><div class=\"kc-elm kc-css-666598 kc_col-sm-12 kc_column kc_col-sm-12\"><div class=\"kc-col-container\">\n<div class=\"kc-elm kc-css-389898 divider_line\">\n\t<div class=\"divider_inner divider_line3\">\n\t\t<span class=\"line_text\">LETTRE N\u00b013 - AVRIL 2022<\/span>\t<\/div>\n<\/div>\n<div class=\"kc-elm kc-css-350586 kc_text_block\"><\/p>\n<h2 id=\"lettre13\"><strong>Retrouver la Lettre d&#039;Information\u00a0 n\u00b013 &#8211; Avril 2022<\/strong><\/h2>\n<p>\n<\/div><div class=\"kc-elm kc-css-975444 kc_shortcode kc_single_image\">\n\n        <a  href=\"http:\/\/blog.ube.fr\/master-mib\/wp-content\/uploads\/sites\/92\/2022\/04\/lettre-informarion-MIB-n\u00b0-13-compresse.pdf\" title=\"La lettre d:apos:information du MASTER MIB Num\u00e9ro 13 - Avril 2022\" target=\"_blank\">\n        <img decoding=\"async\" src=\"https:\/\/blog.ube.fr\/master-mib\/wp-content\/uploads\/sites\/92\/2022\/04\/Une-lettre-infiormation-M2-MIB-13.png\" class=\"\" alt=\"\" \/>    <\/a>\n    <\/div>\n\n<div class=\"kc-elm kc-css-236193 divider_line\">\n\t<div class=\"divider_inner divider_line3\">\n\t\t<span class=\"line_text\">LETTRE N\u00b012 - DECEMBRE 2021<\/span>\t<\/div>\n<\/div>\n<div class=\"kc-elm kc-css-699355 kc_text_block\"><\/p>\n<h2 id=\"lettre12\"><strong>Retrouver la Lettre d&#039;Information\u00a0 n\u00b012 &#8211; Decembre 2021<\/strong><\/h2>\n<p>\n<\/div><div class=\"kc-elm kc-css-847631 kc_shortcode kc_single_image\">\n\n        <a  href=\"http:\/\/blog.ube.fr\/master-mib\/wp-content\/uploads\/sites\/92\/2022\/04\/lettre-informarion-MIB-n\u00b0-13-compresse.pdf\" title=\"La lettre d:apos:information du MASTER MIB Num\u00e9ro 13 - Avril 2022\" target=\"_blank\">\n        <img decoding=\"async\" src=\"https:\/\/blog.ube.fr\/master-mib\/wp-content\/uploads\/sites\/92\/2022\/04\/lettre-information-n\u00b0-12-small.png\" class=\"\" alt=\"\" \/>    <\/a>\n    <\/div>\n\n<div class=\"kc-elm kc-css-773929 divider_line\">\n\t<div class=\"divider_inner divider_line3\">\n\t\t<span class=\"line_text\">LETTRE N\u00b011 - OCTOBRE 2021<\/span>\t<\/div>\n<\/div>\n<div class=\"kc-elm kc-css-610322 kc_text_block\"><\/p>\n<h2 id=\"lettre11\"><strong>Retrouver la Lettre d&#039;Information\u00a0 n\u00b011 &#8211; Octobre 2021<\/strong><\/h2>\n<p>\n<\/div><div class=\"kc-elm kc-css-108059 kc_shortcode kc_single_image\">\n\n        <a  href=\"http:\/\/blog.ube.fr\/master-mib\/wp-content\/uploads\/sites\/92\/2022\/04\/lettre-informarion-n\u00b0-11-compresse.pdf\" title=\"La lettre d:apos:information du MASTER MIB Num\u00e9ro 12 - D\u00e9cembre 2021\" target=\"_blank\">\n        <img decoding=\"async\" src=\"https:\/\/blog.ube.fr\/master-mib\/wp-content\/uploads\/sites\/92\/2022\/04\/lettre-information-n\u00b0-11-small.png\" class=\"\" alt=\"\" \/>    <\/a>\n    <\/div>\n\n<div class=\"kc-elm kc-css-54948 divider_line\">\n\t<div class=\"divider_inner divider_line3\">\n\t\t<span class=\"line_text\">LETTRE N\u00b010 - JUIN 2021<\/span>\t<\/div>\n<\/div>\n<div class=\"kc-elm kc-css-617946 kc_text_block\"><\/p>\n<h2 id=\"lettre10\"><strong>Retrouver la Lettre d&#039;Information\u00a0 n\u00b010 &#8211;\u00a0 Juin 2021<\/strong><\/h2>\n<p>\n<\/div><div class=\"kc-elm kc-css-569402 kc_shortcode kc_single_image\">\n\n        <a  href=\"http:\/\/blog.ube.fr\/master-mib\/wp-content\/uploads\/sites\/92\/2021\/06\/2021-LETTRE-INFORMATION-20-ans-de-MIB.pdf\" title=\"La lettre d:apos:information du MASTER MIB Num\u00e9ro 10 - Juin 2021\" target=\"_blank\">\n        <img decoding=\"async\" src=\"https:\/\/blog.ube.fr\/master-mib\/wp-content\/uploads\/sites\/92\/2021\/06\/capture-lettre-10.jpg\" class=\"\" alt=\"\" \/>    <\/a>\n    <\/div>\n\n<div class=\"kc-elm kc-css-752523 divider_line\">\n\t<div class=\"divider_inner divider_line3\">\n\t\t<span class=\"line_text\">LETTRE N\u00b09 - AVRIL 2021<\/span>\t<\/div>\n<\/div>\n<div class=\"kc-elm kc-css-556800 kc_text_block\"><\/p>\n<h2 id=\"lettre9\"><strong>Retrouver la Lettre d&#039;Information\u00a0 n\u00b09 &#8211; Avril 2021<\/strong><\/h2>\n<p>\n<\/div><div class=\"kc-elm kc-css-307269 kc_shortcode kc_single_image\">\n\n        <a  href=\"http:\/\/blog.ube.fr\/master-mib\/wp-content\/uploads\/sites\/92\/2021\/04\/2021-9-lettre-information-MIB.pdf\" title=\"La lettre d:apos:information du MASTER MIB Num\u00e9ro 8 - d\u00e9cembre 2020\" target=\"_blank\">\n        <img decoding=\"async\" src=\"https:\/\/blog.ube.fr\/master-mib\/wp-content\/uploads\/sites\/92\/2021\/04\/2021-9-lettre-information-MIB-page-de-garde-small.jpg\" class=\"\" alt=\"\" \/>    <\/a>\n    <\/div>\n\n<div class=\"kc-elm kc-css-525972 divider_line\">\n\t<div class=\"divider_inner divider_line3\">\n\t\t<span class=\"line_text\">LETTRE N\u00b08 - FEVRIER 2021<\/span>\t<\/div>\n<\/div>\n<div class=\"kc-elm kc-css-933769 kc_text_block\"><\/p>\n<h2 id=\"lettre8\"><strong>Retrouver la Lettre d&#039;Information\u00a0 n\u00b08 &#8211; F\u00e9vrier 2021<\/strong><\/h2>\n<p>\n<\/div><div class=\"kc-elm kc-css-898352 kc_shortcode kc_single_image\">\n\n        <a  href=\"http:\/\/blog.ube.fr\/master-mib\/wp-content\/uploads\/sites\/92\/2021\/02\/2021-8-lettre-information-MIB.pdf\" title=\"La lettre d:apos:information du MASTER MIB Num\u00e9ro 8 - d\u00e9cembre 2020\" target=\"_blank\">\n        <img decoding=\"async\" src=\"https:\/\/blog.ube.fr\/master-mib\/wp-content\/uploads\/sites\/92\/2021\/02\/2021-8-lettre-information-MIB-page-de-garde-small.png\" class=\"\" alt=\"\" \/>    <\/a>\n    <\/div>\n\n<div class=\"kc-elm kc-css-952380 divider_line\">\n\t<div class=\"divider_inner divider_line3\">\n\t\t<span class=\"line_text\">LETTRE :quot:SP\u00c9CIAL STAGES:quot: - DECEMBRE 2020<\/span>\t<\/div>\n<\/div>\n<div class=\"kc-elm kc-css-429488 kc_text_block\"><\/p>\n<h2 id=\"lettre7\"><strong>Retrouver la Lettre d&#039;Information du Master MIB sp\u00e9ciale Stages &#8211; D\u00e9cembre 2020<\/strong><\/h2>\n<p>\n<\/div><div class=\"kc-elm kc-css-912897 kc_shortcode kc_single_image\">\n\n        <a  href=\"http:\/\/blog.ube.fr\/master-mib\/wp-content\/uploads\/sites\/92\/2021\/01\/2020-lettre-information-stages-MIB-2.pdf\" title=\"La lettre d:apos:information du MASTER MIB Num\u00e9ro 8 - d\u00e9cembre 2020\" target=\"_blank\">\n        <img decoding=\"async\" src=\"https:\/\/blog.ube.fr\/master-mib\/wp-content\/uploads\/sites\/92\/2021\/01\/Capturespeciale-stage-lettre.jpg\" class=\"\" alt=\"\" \/>    <\/a>\n    <\/div>\n\n<div class=\"kc-elm kc-css-980013 divider_line\">\n\t<div class=\"divider_inner divider_line3\">\n\t\t<span class=\"line_text\">LETTRE N\u00b07 - JUIN 2020<\/span>\t<\/div>\n<\/div>\n<div class=\"kc-elm kc-css-511461 kc_text_block\"><\/p>\n<h2 id=\"lettre7\"><strong>Retrouver la Lettre d&#039;Information du Master MIB num\u00e9ro 7 &#8211; Juin 2020<\/strong><\/h2>\n<p>\n<\/div><div class=\"kc-elm kc-css-578534 kc_shortcode kc_single_image\">\n\n        <a  href=\"http:\/\/blog.ube.fr\/master-mib\/wp-content\/uploads\/sites\/92\/2020\/06\/2020-7-lettre-information-MIB.pdf\" title=\"La lettre d:apos:information du MASTER MIB Num\u00e9ro 7 - juin 2020\" target=\"_blank\">\n        <img decoding=\"async\" src=\"https:\/\/blog.ube.fr\/master-mib\/wp-content\/uploads\/sites\/92\/2020\/06\/2020-7-lettre-information-MIB-page-de-garde-small.png\" class=\"\" alt=\"\" \/>    <\/a>\n    <\/div>\n\n<div class=\"kc-elm kc-css-844343 divider_line\">\n\t<div class=\"divider_inner divider_line3\">\n\t\t<span class=\"line_text\">LETTRE SPECIALE CORONAVIRUS - AVRIL 2020<\/span>\t<\/div>\n<\/div>\n<div class=\"kc-elm kc-css-72273 kc_text_block\"><\/p>\n<h2 id=\"lettrecovid\"><strong>Retrouver la Lettre d&#039;Information du Master MIB num\u00e9ro sp\u00e9cial Coronavirus &#8211; Avril 2020<\/strong><\/h2>\n<p>\n<\/div><div class=\"kc-elm kc-css-967477 kc_shortcode kc_single_image\">\n\n        <a  href=\"http:\/\/blog.ube.fr\/master-mib\/wp-content\/uploads\/sites\/92\/2020\/04\/MASTER-MIB-SPECIAL-CORONAVIRUS.pdf\" title=\"La lettre d:apos:information du MASTER MIB - Sp\u00e9cial Coronavirus -Avril 2020\" target=\"_blank\">\n        <img decoding=\"async\" src=\"https:\/\/blog.ube.fr\/master-mib\/wp-content\/uploads\/sites\/92\/2020\/04\/lettre-coronavirus.jpg\" class=\"\" alt=\"\" \/>    <\/a>\n    <\/div>\n\n<div class=\"kc-elm kc-css-617400 divider_line\">\n\t<div class=\"divider_inner divider_line3\">\n\t\t<span class=\"line_text\">LETTRE N\u00b06 - FEVRIER 2020<\/span>\t<\/div>\n<\/div>\n<div class=\"kc-elm kc-css-82651 kc_text_block\"><\/p>\n<h2 id=\"lettre6\"><strong>Retrouver la Lettre d&#039;Information du Master MIB\u00a0<\/strong>num\u00e9ro 6 &#8211; F\u00e9vrier 2020<\/h2>\n<p>\n<\/div><div class=\"kc-elm kc-css-958099 kc_shortcode kc_single_image\">\n\n        <a  href=\"http:\/\/blog.ube.fr\/master-mib\/wp-content\/uploads\/sites\/92\/2020\/02\/6e\u0300me-Lettre-InFo-MIB-Fe\u0301vrier-2020-1.pdf\" title=\"La sixi\u00e8me lettre d:apos:information du MASTER MIB - F\u00e9vrier 2020\" target=\"_blank\">\n        <img decoding=\"async\" src=\"https:\/\/blog.ube.fr\/master-mib\/wp-content\/uploads\/sites\/92\/2020\/02\/image-6eme-lettre.jpg\" class=\"\" alt=\"\" \/>    <\/a>\n    <\/div>\n<\/div><\/div><\/div><\/div><\/section><section class=\"kc-elm kc-css-594297 kc_row\"><div class=\"kc-row-container  kc-container\"><div class=\"kc-wrap-columns\"><div class=\"kc-elm kc-css-619052 kc_col-sm-12 kc_column kc_col-sm-12\"><div class=\"kc-col-container\">\n<div class=\"kc-elm kc-css-591829 divider_line\">\n\t<div class=\"divider_inner divider_line3\">\n\t\t<span class=\"line_text\">Lettre :quot:Sp\u00e9cial Stages:quot: - Octobre 2019<\/span>\t<\/div>\n<\/div>\n<div class=\"kc-elm kc-css-768550 kc_text_block\"><\/p>\n<h2 id=\"stages2019\"><strong>Retrouver la Lettre d&#039;Information du Master MIB &#8220;Sp\u00e9cial Stages\" &#8211; Octobre 2019<\/strong><\/h2>\n<p>\n<\/div><div class=\"kc-elm kc-css-955694 kc_row kc_row_inner\"><div class=\"kc-elm kc-css-755999 kc_col-sm-5 kc_column_inner kc_col-sm-5\"><div class=\"kc_wrapper kc-col-inner-container\"><div class=\"kc-elm kc-css-210299 kc_shortcode kc_single_image\">\n\n        <a  href=\"http:\/\/blog.ube.fr\/master-mib\/wp-content\/uploads\/sites\/92\/2019\/10\/2019-STAGES-MIB.pdf\" title=\"\" target=\"_self\">\n        <img decoding=\"async\" src=\"https:\/\/blog.ube.fr\/master-mib\/wp-content\/uploads\/sites\/92\/2019\/10\/2019-STAGES-MIB-page-de-garde-small.png\" class=\"\" alt=\"\" \/>    <\/a>\n    <\/div>\n<\/div><\/div><div class=\"kc-elm kc-css-698406 kc_col-sm-7 kc_column_inner kc_col-sm-7\"><div class=\"kc_wrapper kc-col-inner-container\"><div class=\"kc-elm kc-css-309181\" style=\"height: 40px; clear: both; width:100%;\"><\/div><div class=\"kc-elm kc-css-170341 kc_text_block\"><\/p>\n<p>\nCette lettre d&#039;information &#8220;<a href=\"http:\/\/blog.ube.fr\/master-mib\/wp-content\/uploads\/sites\/92\/2019\/10\/2019-STAGES-MIB.pdf\" target=\"_blank\" rel=\"noopener noreferrer\">Sp\u00e9cial Stages<\/a>\" recense les demandes de stages des \u00e9tudiants de la promotion 2019-2020 des \u00e9tudiants du Master MIB. Vous y d\u00e9couvrirez la vari\u00e9t\u00e9s des demandes, class\u00e9es g\u00e9ographiquement depuis la r\u00e9gion Dijonnaise jusqu\u2019\u00e0 l&#039;international !<\/p>\n<p>Si un profil vous int\u00e9resse cliquez sur le lien direct avec l&#039;\u00e9tudiant.<\/p>\n<p>\n<\/div><\/div><\/div><\/div><\/div><\/div><\/div><\/div><\/section><section class=\"kc-elm kc-css-465636 kc_row\"><div class=\"kc-row-container  kc-container\"><div class=\"kc-wrap-columns\"><div class=\"kc-elm kc-css-378432 kc_col-sm-12 kc_column kc_col-sm-12\"><div class=\"kc-col-container\">\n<div class=\"kc-elm kc-css-220953 divider_line\">\n\t<div class=\"divider_inner divider_line3\">\n\t\t<span class=\"line_text\">Lettre N\u00b04 - Septembre 2019<\/span>\t<\/div>\n<\/div>\n<div class=\"kc-elm kc-css-938585 kc_text_block\"><\/p>\n<h2 id=\"lettre4\"><strong>Retrouver la Lettre d&#039;Information du Master MIB num\u00e9ro 4 &#8211; Septembre 2019<\/strong><\/h2>\n<p>\n<\/div><div class=\"kc-elm kc-css-571258 kc_shortcode kc_single_image\">\n\n        <a  href=\"http:\/\/blog.ube.fr\/master-mib\/wp-content\/uploads\/sites\/92\/2019\/09\/2019-4-lettre-information-MIB.pdf\" title=\"La quatri\u00e8me lettre d:apos:information du MASTER MIB - Septembre 2019\" target=\"_blank\">\n        <img decoding=\"async\" src=\"https:\/\/blog.ube.fr\/master-mib\/wp-content\/uploads\/sites\/92\/2019\/09\/2019-Lettre-information-MIB-num\u00e9ro-4-page-de-garde.jpg\" class=\"\" alt=\"\" \/>    <\/a>\n    <\/div>\n\n<div class=\"kc-elm kc-css-506273 divider_line\">\n\t<div class=\"divider_inner divider_line3\">\n\t\t<span class=\"line_text\">Lettre N\u00b03 - Mai 2019<\/span>\t<\/div>\n<\/div>\n<div class=\"kc-elm kc-css-157216 kc_text_block\"><\/p>\n<h2 id=\"lettre3\"><strong>Retrouver la Lettre d&#039;Information du Master MIB num\u00e9ro 3 &#8211; Mai 2019<\/strong><\/h2>\n<p>\n<\/div><div class=\"kc-elm kc-css-938195 kc_shortcode kc_single_image\">\n\n        <a  href=\"http:\/\/blog.ube.fr\/master-mib\/wp-content\/uploads\/sites\/92\/2019\/05\/2019-Lettre-information-3-Master-MIB.pdf\" title=\"La troisi\u00e8me lettre d:apos:information du MASTER MIB - F\u00e9vrier 2019\" target=\"_blank\">\n        <img decoding=\"async\" src=\"https:\/\/blog.ube.fr\/master-mib\/wp-content\/uploads\/sites\/92\/2019\/05\/2019-Lettre-information-MIB-num\u00e9ro-3-page-de-garde.jpg\" class=\"\" alt=\"\" \/>    <\/a>\n    <\/div>\n\n<div class=\"kc-elm kc-css-282812 divider_line\">\n\t<div class=\"divider_inner divider_line3\">\n\t\t<span class=\"line_text\">Lettre N\u00b02 - Mars 2019<\/span>\t<\/div>\n<\/div>\n<div class=\"kc-elm kc-css-778283 kc_text_block\"><\/p>\n<h2 id=\"lettre2\"><strong>Retrouver la Lettre d&#039;Information du Master MIB num\u00e9ro 2 &#8211; F\u00e9vrier 2019<\/strong><\/h2>\n<p>\n<\/div><div class=\"kc-elm kc-css-790619 kc_shortcode kc_single_image\">\n\n        <a  href=\"http:\/\/blog.ube.fr\/master-mib\/wp-content\/uploads\/sites\/92\/2019\/03\/2019-Lettre-information-MIB-num\u00e9ro-2.pdf\" title=\"La deuxi\u00e8me lettre d:apos:information du MASTER MIB - F\u00e9vrier 2019\" target=\"_blank\">\n        <img decoding=\"async\" src=\"https:\/\/blog.ube.fr\/master-mib\/wp-content\/uploads\/sites\/92\/2019\/03\/2019-Lettre-information-MIB-num\u00e9ro-2-page-de-garde.jpg\" class=\"\" alt=\"\" \/>    <\/a>\n    <\/div>\n\n<div class=\"kc-elm kc-css-581525 divider_line\">\n\t<div class=\"divider_inner divider_line3\">\n\t\t<span class=\"line_text\">Lettre N\u00b01 - Janvier 2019<\/span>\t<\/div>\n<\/div>\n<div class=\"kc-elm kc-css-166215 kc_text_block\"><\/p>\n<h2 id=\"lettre1\"><strong>Retrouver la Lettre d&#039;Information du Master MIB num\u00e9ro 1 &#8211; Janvier 2019<\/strong><\/h2>\n<p>\n<\/div><div class=\"kc-elm kc-css-579312 kc_shortcode kc_single_image\">\n\n        <a  href=\"http:\/\/blog.ube.fr\/master-mib\/wp-content\/uploads\/sites\/92\/2019\/02\/2019-Lettre-information-MIB-num\u00e9ro-1.pdf\" title=\"La premi\u00e8re lettre d:apos:information du MASTER MIB - F\u00e9vrier 2019\" target=\"_blank\">\n        <img decoding=\"async\" src=\"https:\/\/blog.ube.fr\/master-mib\/wp-content\/uploads\/sites\/92\/2019\/02\/2019-Lettre-information-MIB-num\u00e9ro-1-page-de-garde.jpg\" class=\"\" alt=\"\" \/>    <\/a>\n    <\/div>\n<\/div><\/div><\/div><\/div><\/section><\/p>\n","protected":false},"excerpt":{"rendered":"<p class=\"more-link-p\"><a class=\"btn btn-primary\" href=\"https:\/\/blog.ube.fr\/master-mib\/les-lettres-dinformation-du-master-mib\/\">Voir plus &rarr;<\/a><\/p>\n","protected":false},"author":331,"featured_media":0,"parent":0,"menu_order":0,"comment_status":"closed","ping_status":"closed","template":"","meta":{"_acf_changed":false,"_exactmetrics_skip_tracking":false,"_exactmetrics_sitenote_active":false,"_exactmetrics_sitenote_note":"","_exactmetrics_sitenote_category":0,"footnotes":""},"class_list":["post-1365","page","type-page","status-publish","hentry"],"acf":[],"_links":{"self":[{"href":"https:\/\/blog.ube.fr\/master-mib\/wp-json\/wp\/v2\/pages\/1365","targetHints":{"allow":["GET"]}}],"collection":[{"href":"https:\/\/blog.ube.fr\/master-mib\/wp-json\/wp\/v2\/pages"}],"about":[{"href":"https:\/\/blog.ube.fr\/master-mib\/wp-json\/wp\/v2\/types\/page"}],"author":[{"embeddable":true,"href":"https:\/\/blog.ube.fr\/master-mib\/wp-json\/wp\/v2\/users\/331"}],"replies":[{"embeddable":true,"href":"https:\/\/blog.ube.fr\/master-mib\/wp-json\/wp\/v2\/comments?post=1365"}],"version-history":[{"count":98,"href":"https:\/\/blog.ube.fr\/master-mib\/wp-json\/wp\/v2\/pages\/1365\/revisions"}],"predecessor-version":[{"id":1944,"href":"https:\/\/blog.ube.fr\/master-mib\/wp-json\/wp\/v2\/pages\/1365\/revisions\/1944"}],"wp:attachment":[{"href":"https:\/\/blog.ube.fr\/master-mib\/wp-json\/wp\/v2\/media?parent=1365"}],"curies":[{"name":"wp","href":"https:\/\/api.w.org\/{rel}","templated":true}]}}