{"id":1341,"date":"2019-02-18T12:08:19","date_gmt":"2019-02-18T11:08:19","guid":{"rendered":"http:\/\/blog.u-bourgogne.fr\/master-mib\/?page_id=1341"},"modified":"2023-07-11T11:34:04","modified_gmt":"2023-07-11T10:34:04","slug":"les-debouches-du-master-mib","status":"publish","type":"page","link":"https:\/\/blog.ube.fr\/master-mib\/les-debouches-du-master-mib\/","title":{"rendered":"Les d\u00e9bouch\u00e9s du MASTER MIB"},"content":{"rendered":"<p><section class=\"kc-elm kc-css-720187 kc_row\"><div class=\"kc-row-container  kc-container\"><div class=\"kc-wrap-columns\"><div class=\"kc-elm kc-css-591507 kc_col-sm-12 kc_column kc_col-sm-12\"><div class=\"kc-col-container\">\n<div class=\"kc-elm kc-css-258540 kc-title-wrap \">\n\n\t<h1 class=\"kc_title\">Les d\u00e9bouch\u00e9s et m\u00e9tiers suite \u00e0 l'obtention du Master MIB<\/h1>\n<\/div>\n<\/div><\/div><\/div><\/div><\/section><section class=\"kc-elm kc-css-688490 kc_row\"><div class=\"kc-row-container  kc-container\"><div class=\"kc-wrap-columns\"><div class=\"kc-elm kc-css-847381 kc_col-sm-12 kc_column kc_col-sm-12\"><div class=\"kc-col-container\"><div class=\"kc-elm kc-css-935061 kc_box_wrap \"><div><div class=\"one-one\"><div>&nbsp;<\/div><p style=\"text-align: center;\">Le master MIB \u00e9tant un formation transversale ax\u00e9e autour du projet professionnel des \u00e9tudiants, les d\u00e9bouch\u00e9es sont nombreux et divers. Le sch\u00e9ma ci-dessous pr\u00e9sente les diff\u00e9rents m\u00e9tiers exerc\u00e9s par les anciens \u00e9tudiants MIB depuis sa cr\u00e9ation en 2001, class\u00e9s par grands domaines.<\/p><\/div><\/div><\/div><div class=\"kc-elm kc-css-800555 kc_shortcode kc_single_image\">\n\n        <a  href=\"http:\/\/blog.ube.fr\/master-mib\/wp-content\/uploads\/sites\/92\/2019\/02\/20190130-M2-MIB-d\u00e9bouch\u00e9s-plan-small.jpg\" title=\"\" target=\"_blank\">\n        <img decoding=\"async\" src=\"https:\/\/blog.ube.fr\/master-mib\/wp-content\/uploads\/sites\/92\/2019\/02\/20190130-M2-MIB-d\u00e9bouch\u00e9s-plan-small.jpg\" class=\"\" alt=\"La diversit\u00e9 des m\u00e9tiers occup\u00e9s par les anciens \u00e9tudiants du Master MIB\" \/>    <\/a>\n    <\/div>\n\n<div class=\"kc-elm kc-css-766025\">\n\t<a class=\"kc_button\" href=\"http:\/\/blog.ube.fr\/master-mib\/wp-content\/uploads\/sites\/92\/2019\/02\/20190130-M2-MIB-d\u00e9bouch\u00e9s-plan.pdf\" target=\"_blank\" title=\"Les d\u00e9bouch\u00e9s du Master MIB\" onclick=\"\">\n\t\t<i class=\"fa-cloud-download-alt\"><\/i> PDF\t<\/a>\n<\/div>\n<\/div><\/div><\/div><\/div><\/section><section class=\"kc-elm kc-css-64285 kc_row\"><div class=\"kc-row-container  kc-container\"><div class=\"kc-wrap-columns\"><div class=\"kc-elm kc-css-144252 kc_col-sm-12 kc_column kc_col-sm-12\"><div class=\"kc-col-container\">\n<div class=\"kc-elm kc-css-137110 kc-title-wrap \">\n\n\t<h1 class=\"kc_title\">Les entreprises ayant embauch\u00e9 des \u00e9tudiants \u00e0 la suite de l'obtention du master<\/h1>\n<\/div>\n<\/div><\/div><\/div><\/div><\/section><section class=\"kc-elm kc-css-824728 kc_row\"><div class=\"kc-row-container  kc-container\"><div class=\"kc-wrap-columns\"><div class=\"kc-elm kc-css-588944 kc_column kc_col-sm-12\"><div class=\"kc-col-container\"><div class=\"kc-elm kc-css-911748 kc_text_block\"><\/p>\n<p>Nous vous pr\u00e9sentons ici les logos d&#039;entreprises ayant embauch\u00e9 des MIBiens (toutes ne sont pas repr\u00e9sent\u00e9es, n&#039;h\u00e9sitez pas \u00e0 nous indiquer la votre)<\/p>\n<p>\n<\/div><\/div><\/div><\/div><\/div><\/section><section class=\"kc-elm kc-css-750227 kc_row\"><div class=\"kc-row-container  kc-container\"><div class=\"kc-wrap-columns\"><div class=\"kc-elm kc-css-759207 kc_col-sm-12 kc_column kc_col-sm-12\"><div class=\"kc-col-container\"><div class=\"kc-elm kc-css-807131 kc_shortcode kc_single_image\">\n\n        <img decoding=\"async\" src=\"https:\/\/blog.ube.fr\/master-mib\/wp-content\/uploads\/sites\/92\/2023\/07\/entreprises-ayant-embauche-des-mibs.jpg\" class=\"\" alt=\"\" \/>    <\/div>\n<\/div><\/div><\/div><\/div><\/section><section class=\"kc-elm kc-css-735587 kc_row\"><div class=\"kc-row-container  kc-container\"><div class=\"kc-wrap-columns\"><div class=\"kc-elm kc-css-518208 kc_col-sm-12 kc_column kc_col-sm-12\"><div class=\"kc-col-container\">\n<div class=\"kc-elm kc-css-691710\">\n\t<a class=\"kc_button\" href=\"http:\/\/blog.ube.fr\/master-mib\/wp-content\/uploads\/sites\/92\/2023\/07\/entreprises-embauchant-des-MIB.pdf\" target=\"_blank\" title=\"\" onclick=\"\">\n\t\t<i class=\"et-edit\"><\/i> PDF entreprises\t<\/a>\n<\/div>\n<\/div><\/div><\/div><\/div><\/section><\/p>\n","protected":false},"excerpt":{"rendered":"<p class=\"more-link-p\"><a class=\"btn btn-primary\" href=\"https:\/\/blog.ube.fr\/master-mib\/les-debouches-du-master-mib\/\">Voir plus &rarr;<\/a><\/p>\n","protected":false},"author":331,"featured_media":0,"parent":0,"menu_order":0,"comment_status":"closed","ping_status":"closed","template":"","meta":{"_acf_changed":false,"_exactmetrics_skip_tracking":false,"_exactmetrics_sitenote_active":false,"_exactmetrics_sitenote_note":"","_exactmetrics_sitenote_category":0,"footnotes":""},"class_list":["post-1341","page","type-page","status-publish","hentry"],"acf":[],"_links":{"self":[{"href":"https:\/\/blog.ube.fr\/master-mib\/wp-json\/wp\/v2\/pages\/1341","targetHints":{"allow":["GET"]}}],"collection":[{"href":"https:\/\/blog.ube.fr\/master-mib\/wp-json\/wp\/v2\/pages"}],"about":[{"href":"https:\/\/blog.ube.fr\/master-mib\/wp-json\/wp\/v2\/types\/page"}],"author":[{"embeddable":true,"href":"https:\/\/blog.ube.fr\/master-mib\/wp-json\/wp\/v2\/users\/331"}],"replies":[{"embeddable":true,"href":"https:\/\/blog.ube.fr\/master-mib\/wp-json\/wp\/v2\/comments?post=1341"}],"version-history":[{"count":17,"href":"https:\/\/blog.ube.fr\/master-mib\/wp-json\/wp\/v2\/pages\/1341\/revisions"}],"predecessor-version":[{"id":1961,"href":"https:\/\/blog.ube.fr\/master-mib\/wp-json\/wp\/v2\/pages\/1341\/revisions\/1961"}],"wp:attachment":[{"href":"https:\/\/blog.ube.fr\/master-mib\/wp-json\/wp\/v2\/media?parent=1341"}],"curies":[{"name":"wp","href":"https:\/\/api.w.org\/{rel}","templated":true}]}}