{"id":341,"date":"2021-03-26T17:18:42","date_gmt":"2021-03-26T16:18:42","guid":{"rendered":"https:\/\/blog.u-bourgogne.fr\/master-mib-les20ans\/?page_id=341"},"modified":"2021-05-14T14:40:44","modified_gmt":"2021-05-14T12:40:44","slug":"informations-pratiques-et-contacts","status":"publish","type":"page","link":"https:\/\/blog.ube.fr\/master-mib-les20ans\/informations-pratiques-et-contacts\/","title":{"rendered":"Informations pratiques et contacts"},"content":{"rendered":"<h1><strong>Plan de situation de l&#8217;UFR SVTE des sciences Gabriel<\/strong><\/h1>\n<p><img loading=\"lazy\" decoding=\"async\" class=\"aligncenter size-medium wp-image-379\" src=\"https:\/\/blog.ube.fr\/master-mib-les20ans\/wp-content\/uploads\/sites\/152\/2021\/05\/plancampusdijonufrsvte-300x260.jpg\" alt=\"\" width=\"562\" height=\"487\" srcset=\"https:\/\/blog.ube.fr\/master-mib-les20ans\/wp-content\/uploads\/sites\/152\/2021\/05\/plancampusdijonufrsvte-300x260.jpg 300w, https:\/\/blog.ube.fr\/master-mib-les20ans\/wp-content\/uploads\/sites\/152\/2021\/05\/plancampusdijonufrsvte.jpg 562w\" sizes=\"auto, (max-width: 562px) 100vw, 562px\" \/><\/p>\n<h1><strong>Acc\u00e8s en bus<\/strong><\/h1>\n<p>Divia lignes <strong>L3<\/strong> (Place Darcy -&gt; arr\u00eat &#8220;Boulanger&#8221;), <strong>L5<\/strong> (Square Darcy -&gt; arr\u00eat &#8220;Mansard&#8221; ), <strong>Tram T1<\/strong> (Gare SCNF\/Centre ville -&gt; arr\u00eat &#8220;Esplanade Erasme&#8221;)<\/p>\n<p><em>Lien vers la carte <a href=\"https:\/\/www.divia.fr\/carte-interactive\" target=\"_blank\" rel=\"noopener\">Divia<\/a><\/em><\/p>\n<p>&nbsp;<\/p>\n<h1><strong>Acc\u00e8s en voiture<\/strong><\/h1>\n<p>Acc\u00e8s par la rocade de Dijon, sortie &#8220;Mirande&#8221; direction &#8220;Universit\u00e9&#8221;<\/p>\n<p>&nbsp;<\/p>\n<h1><strong>Contacts<\/strong><\/h1>\n<p><a href=\"https:\/\/listes.u-bourgogne.fr\/sympa\/info\/m2mib-les20ans\">m2mib-les20ans@u-bourgogne.fr<\/a><\/p>\n","protected":false},"excerpt":{"rendered":"<p>Plan de situation de l&#8217;UFR SVTE des sciences Gabriel Acc\u00e8s en bus Divia lignes L3 (Place Darcy -&gt; arr\u00eat &#8220;Boulanger&#8221;), L5 (Square Darcy -&gt; arr\u00eat &#8220;Mansard&#8221; ), Tram T1 (Gare SCNF\/Centre ville -&gt; arr\u00eat &#8220;Esplanade Erasme&#8221;) Lien vers la carte Divia &nbsp; Acc\u00e8s en voiture Acc\u00e8s par la rocade de Dijon, sortie &#8220;Mirande&#8221; direction &#8220;Universit\u00e9&#8221;&hellip;<\/p>\n<p class=\"more-link-p\"><a class=\"btn btn-primary\" href=\"https:\/\/blog.ube.fr\/master-mib-les20ans\/informations-pratiques-et-contacts\/\">Voir plus &rarr;<\/a><\/p>\n","protected":false},"author":331,"featured_media":0,"parent":0,"menu_order":5,"comment_status":"closed","ping_status":"closed","template":"","meta":{"footnotes":""},"class_list":["post-341","page","type-page","status-publish","hentry"],"_links":{"self":[{"href":"https:\/\/blog.ube.fr\/master-mib-les20ans\/wp-json\/wp\/v2\/pages\/341","targetHints":{"allow":["GET"]}}],"collection":[{"href":"https:\/\/blog.ube.fr\/master-mib-les20ans\/wp-json\/wp\/v2\/pages"}],"about":[{"href":"https:\/\/blog.ube.fr\/master-mib-les20ans\/wp-json\/wp\/v2\/types\/page"}],"author":[{"embeddable":true,"href":"https:\/\/blog.ube.fr\/master-mib-les20ans\/wp-json\/wp\/v2\/users\/331"}],"replies":[{"embeddable":true,"href":"https:\/\/blog.ube.fr\/master-mib-les20ans\/wp-json\/wp\/v2\/comments?post=341"}],"version-history":[{"count":6,"href":"https:\/\/blog.ube.fr\/master-mib-les20ans\/wp-json\/wp\/v2\/pages\/341\/revisions"}],"predecessor-version":[{"id":393,"href":"https:\/\/blog.ube.fr\/master-mib-les20ans\/wp-json\/wp\/v2\/pages\/341\/revisions\/393"}],"wp:attachment":[{"href":"https:\/\/blog.ube.fr\/master-mib-les20ans\/wp-json\/wp\/v2\/media?parent=341"}],"curies":[{"name":"wp","href":"https:\/\/api.w.org\/{rel}","templated":true}]}}