{"id":335,"date":"2021-03-26T17:16:47","date_gmt":"2021-03-26T16:16:47","guid":{"rendered":"https:\/\/blog.u-bourgogne.fr\/master-mib-les20ans\/?page_id=335"},"modified":"2021-04-14T17:52:33","modified_gmt":"2021-04-14T15:52:33","slug":"formulaire-dinscription","status":"publish","type":"page","link":"https:\/\/blog.ube.fr\/master-mib-les20ans\/formulaire-dinscription\/","title":{"rendered":"Formulaire d&#8217;inscription"},"content":{"rendered":"\n<div class=\"wpcf7 no-js\" id=\"wpcf7-f47-o1\" lang=\"fr-FR\" dir=\"ltr\">\n<div class=\"screen-reader-response\"><p role=\"status\" aria-live=\"polite\" aria-atomic=\"true\"><\/p> <ul><\/ul><\/div>\n<form action=\"\/master-mib-les20ans\/wp-json\/wp\/v2\/pages\/335#wpcf7-f47-o1\" method=\"post\" class=\"wpcf7-form init\" aria-label=\"Formulaire de contact\" novalidate=\"novalidate\" data-status=\"init\">\n<div style=\"display: none;\">\n<input type=\"hidden\" name=\"_wpcf7\" value=\"47\" \/>\n<input type=\"hidden\" name=\"_wpcf7_version\" value=\"5.8.3\" \/>\n<input type=\"hidden\" name=\"_wpcf7_locale\" value=\"fr_FR\" \/>\n<input type=\"hidden\" name=\"_wpcf7_unit_tag\" value=\"wpcf7-f47-o1\" \/>\n<input type=\"hidden\" name=\"_wpcf7_container_post\" value=\"0\" \/>\n<input type=\"hidden\" name=\"_wpcf7_posted_data_hash\" value=\"\" \/>\n<\/div>\n<p>Bonjour,\n<\/p>\n<p>Si vous souhaitez participer \u00e0 la journ\u00e9e \"Master MIB, les 20 ans\" merci de remplir le formulaire suivant :\n<\/p>\n<p><label> Votre Nom*<br \/>\n<span class=\"wpcf7-form-control-wrap\" data-name=\"Nom\"><input size=\"40\" class=\"wpcf7-form-control wpcf7-text wpcf7-validates-as-required\" aria-required=\"true\" aria-invalid=\"false\" value=\"\" type=\"text\" name=\"Nom\" \/><\/span> <\/label>\n<\/p>\n<p><label> Votre Pr\u00e9nom*<br \/>\n<span class=\"wpcf7-form-control-wrap\" data-name=\"Prenom\"><input size=\"40\" class=\"wpcf7-form-control wpcf7-text wpcf7-validates-as-required\" aria-required=\"true\" aria-invalid=\"false\" value=\"\" type=\"text\" name=\"Prenom\" \/><\/span> <\/label>\n<\/p>\n<p><label> Votre Etablissement*<br \/>\n<span class=\"wpcf7-form-control-wrap\" data-name=\"Etablissement\"><input size=\"40\" class=\"wpcf7-form-control wpcf7-text wpcf7-validates-as-required\" aria-required=\"true\" aria-invalid=\"false\" value=\"\" type=\"text\" name=\"Etablissement\" \/><\/span> <\/label>\n<\/p>\n<p><label> Votre Statut*<br \/>\n<span class=\"wpcf7-form-control-wrap\" data-name=\"Statut\"><select class=\"wpcf7-form-control wpcf7-select wpcf7-validates-as-required\" aria-required=\"true\" aria-invalid=\"false\" name=\"Statut\"><option value=\"\">&#8212;Veuillez choisir une option&#8212;<\/option><option value=\"Enseignant\/Enseignant-Chercheur\/Chercheur\">Enseignant\/Enseignant-Chercheur\/Chercheur<\/option><option value=\"Etudiant\">Etudiant<\/option><option value=\"Cadre\">Cadre<\/option><option value=\"MIBiens\">MIBiens<\/option><\/select><\/span> <\/label>\n<\/p>\n<p><label> Votre Adresse de messagerie*<br \/>\n<span class=\"wpcf7-form-control-wrap\" data-name=\"Email\"><input size=\"40\" class=\"wpcf7-form-control wpcf7-email wpcf7-validates-as-required wpcf7-text wpcf7-validates-as-email\" aria-required=\"true\" aria-invalid=\"false\" value=\"\" type=\"email\" name=\"Email\" \/><\/span> <\/label>\n<\/p>\n<p><label> Votre Num\u00e9ro de t\u00e9l\u00e9phone<br \/>\n<span class=\"wpcf7-form-control-wrap\" data-name=\"Telephone\"><input size=\"40\" class=\"wpcf7-form-control wpcf7-tel wpcf7-validates-as-required wpcf7-text wpcf7-validates-as-tel\" aria-required=\"true\" aria-invalid=\"false\" value=\"\" type=\"tel\" name=\"Telephone\" \/><\/span> <\/label>\n<\/p>\n<p><label> Participation \u00e0 la pause d\u00e9jeuner* <\/label><br \/>\n<span class=\"wpcf7-form-control-wrap\" data-name=\"Participation_dejeuner\"><span class=\"wpcf7-form-control wpcf7-checkbox wpcf7-validates-as-required\"><span class=\"wpcf7-list-item first\"><label><input type=\"checkbox\" name=\"Participation_dejeuner[]\" value=\"Oui\" \/><span class=\"wpcf7-list-item-label\">Oui<\/span><\/label><\/span><span class=\"wpcf7-list-item last\"><label><input type=\"checkbox\" name=\"Participation_dejeuner[]\" value=\"Non\" \/><span class=\"wpcf7-list-item-label\">Non<\/span><\/label><\/span><\/span><\/span>\n<\/p>\n<p><label> Choix du menu*<br \/>\n<span class=\"wpcf7-form-control-wrap\" data-name=\"Choix_menu\"><select class=\"wpcf7-form-control wpcf7-select wpcf7-validates-as-required\" aria-required=\"true\" aria-invalid=\"false\" name=\"Choix_menu\"><option value=\"Sans pr\u00e9f\u00e9rence\">Sans pr\u00e9f\u00e9rence<\/option><option value=\"V\u00e9g\u00e9tarien\">V\u00e9g\u00e9tarien<\/option><\/select><\/span><\/label>\n<\/p>\n<p><input class=\"wpcf7-form-control wpcf7-submit has-spinner\" type=\"submit\" value=\"Envoyer\" \/>\n<\/p>\n<p>*Champs obligatoires\n<\/p><div class=\"wpcf7-response-output\" aria-hidden=\"true\"><\/div>\n<\/form>\n<\/div>\n\n","protected":false},"excerpt":{"rendered":"<p class=\"more-link-p\"><a class=\"btn btn-primary\" href=\"https:\/\/blog.ube.fr\/master-mib-les20ans\/formulaire-dinscription\/\">Voir plus &rarr;<\/a><\/p>\n","protected":false},"author":331,"featured_media":0,"parent":0,"menu_order":3,"comment_status":"closed","ping_status":"closed","template":"","meta":{"footnotes":""},"class_list":["post-335","page","type-page","status-publish","hentry"],"_links":{"self":[{"href":"https:\/\/blog.ube.fr\/master-mib-les20ans\/wp-json\/wp\/v2\/pages\/335","targetHints":{"allow":["GET"]}}],"collection":[{"href":"https:\/\/blog.ube.fr\/master-mib-les20ans\/wp-json\/wp\/v2\/pages"}],"about":[{"href":"https:\/\/blog.ube.fr\/master-mib-les20ans\/wp-json\/wp\/v2\/types\/page"}],"author":[{"embeddable":true,"href":"https:\/\/blog.ube.fr\/master-mib-les20ans\/wp-json\/wp\/v2\/users\/331"}],"replies":[{"embeddable":true,"href":"https:\/\/blog.ube.fr\/master-mib-les20ans\/wp-json\/wp\/v2\/comments?post=335"}],"version-history":[{"count":2,"href":"https:\/\/blog.ube.fr\/master-mib-les20ans\/wp-json\/wp\/v2\/pages\/335\/revisions"}],"predecessor-version":[{"id":377,"href":"https:\/\/blog.ube.fr\/master-mib-les20ans\/wp-json\/wp\/v2\/pages\/335\/revisions\/377"}],"wp:attachment":[{"href":"https:\/\/blog.ube.fr\/master-mib-les20ans\/wp-json\/wp\/v2\/media?parent=335"}],"curies":[{"name":"wp","href":"https:\/\/api.w.org\/{rel}","templated":true}]}}