{"id":332,"date":"2021-03-26T17:15:29","date_gmt":"2021-03-26T16:15:29","guid":{"rendered":"https:\/\/blog.u-bourgogne.fr\/master-mib-les20ans\/?page_id=332"},"modified":"2021-10-01T10:28:33","modified_gmt":"2021-10-01T08:28:33","slug":"programme-et-intervenants","status":"publish","type":"page","link":"https:\/\/blog.ube.fr\/master-mib-les20ans\/programme-et-intervenants\/","title":{"rendered":"Programme et intervenants"},"content":{"rendered":"<h1 style=\"text-align: center;\"><strong>Mardi 9 novembre 2021<\/strong><\/h1>\n<h1>Programme pr\u00e9visionnel du matin<\/h1>\n<ul>\n<li style=\"list-style-type: none;\">\n<ul>\n<li>\n<h3>9h30 &#8211; Ouverture du congr\u00e8s<\/h3>\n<\/li>\n<\/ul>\n<\/li>\n<\/ul>\n<p>Accueil anim\u00e9 par <strong>Pierre Andreoletti<\/strong> (MCF uB, Responsable du master MIB) et allocutions d\u2019ouverture par les repr\u00e9sentants de l\u2019Universit\u00e9, du Rectorat, de la r\u00e9gion BFC, du Grand Dijon et de la municipalit\u00e9 de Dijon<\/p>\n<ul>\n<li style=\"list-style-type: none;\">\n<ul>\n<li>\n<h3>10h00 &#8211; \u00c9cosyst\u00e8me de l\u2019Innovation et de l\u2019entrepreneuriat<\/h3>\n<\/li>\n<\/ul>\n<\/li>\n<\/ul>\n<p>Table ronde anim\u00e9e par <strong>Daniel Micard<\/strong> (Professeur uB, Directeur P\u00f4le Innovation, Agence \u00c9conomique R\u00e9gionale BFC) en pr\u00e9sence de repr\u00e9sentants de diff\u00e9rentes structures impliqu\u00e9es dans l\u2019entrepreneuriat en r\u00e9gion BFC<\/p>\n<ul>\n<li style=\"list-style-type: none;\">\n<ul>\n<li>\n<h3>10h45 &#8211; \u00c9changes, r\u00e9seautage<\/h3>\n<\/li>\n<li>\n<h3>11h00 &#8211; Le master : origine, alternance, avenir<\/h3>\n<\/li>\n<\/ul>\n<\/li>\n<\/ul>\n<p>Pr\u00e9sentation <strong>Patrick Dutartr<\/strong>e (Professeur Ub, cr\u00e9ateur du Master) et <strong>Pierre Andreoletti<\/strong> : \u00e9volution du master depuis &#8220;TPGB&#8221; jusqu&#8217;\u00e0 l&#8217;ouverture \u00e0 l&#8217;alternance et projets d&#8217;avenir en collaboration avec l&#8217;Universit\u00e9 de Lorraine et l&#8217;ISIFC de Besan\u00e7on<\/p>\n<ul>\n<li style=\"list-style-type: none;\">\n<ul>\n<li>\n<h3>11h45 &#8211; Les MIBiens en action<\/h3>\n<\/li>\n<\/ul>\n<\/li>\n<\/ul>\n<p>Table ronde par <strong>Biochallenge<\/strong> (association d\u2019\u00e9tudiants) avec des anciens \u00e9l\u00e8ves pr\u00e9sentant leurs activit\u00e9s et leur vision des liaisons entre le master et l\u2019environnement public et priv\u00e9<\/p>\n<ul>\n<li style=\"list-style-type: none;\">\n<ul>\n<li>\n<h3>12h30 &#8211; Pause d\u00e9jeuner<\/h3>\n<\/li>\n<\/ul>\n<\/li>\n<\/ul>\n<h1>Programme pr\u00e9visionnel apr\u00e8s-midi<\/h1>\n<ul>\n<li style=\"list-style-type: none;\">\n<ul>\n<li>\n<h3>14h00 &#8211; Des Biotechnologies pour demain<\/h3>\n<\/li>\n<\/ul>\n<\/li>\n<\/ul>\n<p>Pr\u00e9sentation par <strong>Agn\u00e8s Fourcot<\/strong> (PMT Health, Besan\u00e7on) : Tour d\u2019horizon sur la nature et le r\u00f4le des technologies du vivant dans les domaines de la sant\u00e9 et de l\u2019alimentation<\/p>\n<ul>\n<li style=\"list-style-type: none;\">\n<ul>\n<li>\n<h3>14h30 : Apports de la formation MIB dans le parcours professionnel<\/h3>\n<\/li>\n<\/ul>\n<\/li>\n<\/ul>\n<p>Table ronde par <strong>Claire Maugras<\/strong> (BSB) : T\u00e9moignages d\u2019alumnis MIB<\/p>\n<ul>\n<li style=\"list-style-type: none;\">\n<ul>\n<li>\n<h3>15h15 &#8211; Echanges, r\u00e9seautage<\/h3>\n<\/li>\n<li>\n<h3>15h30 &#8211; Construire l\u2019avenir en r\u00e9gion BFC<\/h3>\n<\/li>\n<\/ul>\n<\/li>\n<\/ul>\n<p>Table ronde par <strong>Daniel Micard<\/strong> avec la participation des structures accompagnant l\u2019innovation et la cr\u00e9ation d\u2019entreprises innovantes dans domaine de la sant\u00e9<\/p>\n<ul>\n<li style=\"list-style-type: none;\">\n<ul>\n<li>\n<h3>16h15 &#8211; En route vers demain<\/h3>\n<\/li>\n<\/ul>\n<\/li>\n<\/ul>\n<p>Echanges anim\u00e9s par <strong>Patrick Dutartre<\/strong> : r\u00e9flexions et suggestions pour l&#8217;avenir avec les partenaires bisontins et lorrains<\/p>\n<ul>\n<li style=\"list-style-type: none;\">\n<ul>\n<li>\n<h3>16h45 &#8211; Echanges, r\u00e9seautage<\/h3>\n<\/li>\n<\/ul>\n<\/li>\n<\/ul>\n<p>&nbsp;<\/p>\n<h1 style=\"text-align: center;\">SOIREE SPECIALE MIB ORGANISEE PAR BIOCHALLENGE<\/h1>\n","protected":false},"excerpt":{"rendered":"<p>Mardi 9 novembre 2021 Programme pr\u00e9visionnel du matin 9h30 &#8211; Ouverture du congr\u00e8s Accueil anim\u00e9 par Pierre Andreoletti (MCF uB, Responsable du master MIB) et allocutions d\u2019ouverture par les repr\u00e9sentants de l\u2019Universit\u00e9, du Rectorat, de la r\u00e9gion BFC, du Grand Dijon et de la municipalit\u00e9 de Dijon 10h00 &#8211; \u00c9cosyst\u00e8me de l\u2019Innovation et de l\u2019entrepreneuriat&hellip;<\/p>\n<p class=\"more-link-p\"><a class=\"btn btn-primary\" href=\"https:\/\/blog.ube.fr\/master-mib-les20ans\/programme-et-intervenants\/\">Voir plus &rarr;<\/a><\/p>\n","protected":false},"author":331,"featured_media":0,"parent":0,"menu_order":2,"comment_status":"closed","ping_status":"closed","template":"","meta":{"footnotes":""},"class_list":["post-332","page","type-page","status-publish","hentry"],"_links":{"self":[{"href":"https:\/\/blog.ube.fr\/master-mib-les20ans\/wp-json\/wp\/v2\/pages\/332","targetHints":{"allow":["GET"]}}],"collection":[{"href":"https:\/\/blog.ube.fr\/master-mib-les20ans\/wp-json\/wp\/v2\/pages"}],"about":[{"href":"https:\/\/blog.ube.fr\/master-mib-les20ans\/wp-json\/wp\/v2\/types\/page"}],"author":[{"embeddable":true,"href":"https:\/\/blog.ube.fr\/master-mib-les20ans\/wp-json\/wp\/v2\/users\/331"}],"replies":[{"embeddable":true,"href":"https:\/\/blog.ube.fr\/master-mib-les20ans\/wp-json\/wp\/v2\/comments?post=332"}],"version-history":[{"count":13,"href":"https:\/\/blog.ube.fr\/master-mib-les20ans\/wp-json\/wp\/v2\/pages\/332\/revisions"}],"predecessor-version":[{"id":404,"href":"https:\/\/blog.ube.fr\/master-mib-les20ans\/wp-json\/wp\/v2\/pages\/332\/revisions\/404"}],"wp:attachment":[{"href":"https:\/\/blog.ube.fr\/master-mib-les20ans\/wp-json\/wp\/v2\/media?parent=332"}],"curies":[{"name":"wp","href":"https:\/\/api.w.org\/{rel}","templated":true}]}}