{"id":50,"date":"2024-01-09T11:36:23","date_gmt":"2024-01-09T10:36:23","guid":{"rendered":"https:\/\/blog.u-bourgogne.fr\/master-journalisme\/?page_id=50"},"modified":"2026-01-07T18:34:58","modified_gmt":"2026-01-07T17:34:58","slug":"accueil","status":"publish","type":"page","link":"https:\/\/blog.ube.fr\/master-journalisme\/","title":{"rendered":"Bienvenue sur le site du Master Journalisme de Dijon"},"content":{"rendered":"<p><span style=\"font-family: helvetica, arial, sans-serif;\">Pour suivre les activit\u00e9s du master et connaitre les derni\u00e8res productions des \u00e9tudiant.e.s, rendez-vous sur nos r\u00e9seaux sociaux : <\/span><\/p>\n<ul>\n<li><span style=\"font-family: helvetica, arial, sans-serif;\"><a href=\"https:\/\/www.facebook.com\/MasterJournalismeDijon\">facebook<\/a><\/span><\/li>\n<li><span style=\"font-family: helvetica, arial, sans-serif;\"><a href=\"https:\/\/www.linkedin.com\/company\/master-m%C3%A9dias-et-cr%C3%A9ation-num%C3%A9rique-dijon\/\">linkedin<\/a><\/span><\/li>\n<li><span style=\"font-family: helvetica, arial, sans-serif;\"><a href=\"https:\/\/twitter.com\/MasterJournaUb\">X (twitter)<\/a><\/span><\/li>\n<li><span style=\"font-family: helvetica, arial, sans-serif;\"><a href=\"https:\/\/www.instagram.com\/masterjourna_ub\/\">instagram<\/a><\/span><\/li>\n<\/ul>\n<p><img loading=\"lazy\" decoding=\"async\" class=\" wp-image-673 aligncenter\" src=\"https:\/\/blog.ube.fr\/master-journalisme\/wp-content\/uploads\/sites\/198\/2026\/01\/Logo_nb_avecmention_rouge-300x169.png\" alt=\"\" width=\"536\" height=\"302\" srcset=\"https:\/\/blog.ube.fr\/master-journalisme\/wp-content\/uploads\/sites\/198\/2026\/01\/Logo_nb_avecmention_rouge-300x169.png 300w, https:\/\/blog.ube.fr\/master-journalisme\/wp-content\/uploads\/sites\/198\/2026\/01\/Logo_nb_avecmention_rouge-1024x576.png 1024w, https:\/\/blog.ube.fr\/master-journalisme\/wp-content\/uploads\/sites\/198\/2026\/01\/Logo_nb_avecmention_rouge-768x432.png 768w, https:\/\/blog.ube.fr\/master-journalisme\/wp-content\/uploads\/sites\/198\/2026\/01\/Logo_nb_avecmention_rouge-1536x864.png 1536w, https:\/\/blog.ube.fr\/master-journalisme\/wp-content\/uploads\/sites\/198\/2026\/01\/Logo_nb_avecmention_rouge-2048x1152.png 2048w\" sizes=\"auto, (max-width: 536px) 100vw, 536px\" \/><\/p>\n<p>&nbsp;<\/p>\n<p>&nbsp;<\/p>\n","protected":false},"excerpt":{"rendered":"<p>Pour suivre les activit\u00e9s du master et connaitre les derni\u00e8res productions des \u00e9tudiant.e.s, rendez-vous sur nos r\u00e9seaux sociaux : facebook linkedin X (twitter) instagram &nbsp; &nbsp;<\/p>\n<p class=\"more-link-p\"><a class=\"btn btn-primary\" href=\"https:\/\/blog.ube.fr\/master-journalisme\/\">Voir plus &rarr;<\/a><\/p>\n","protected":false},"author":5570,"featured_media":0,"parent":0,"menu_order":0,"comment_status":"closed","ping_status":"closed","template":"","meta":{"footnotes":""},"class_list":["post-50","page","type-page","status-publish","hentry"],"_links":{"self":[{"href":"https:\/\/blog.ube.fr\/master-journalisme\/wp-json\/wp\/v2\/pages\/50","targetHints":{"allow":["GET"]}}],"collection":[{"href":"https:\/\/blog.ube.fr\/master-journalisme\/wp-json\/wp\/v2\/pages"}],"about":[{"href":"https:\/\/blog.ube.fr\/master-journalisme\/wp-json\/wp\/v2\/types\/page"}],"author":[{"embeddable":true,"href":"https:\/\/blog.ube.fr\/master-journalisme\/wp-json\/wp\/v2\/users\/5570"}],"replies":[{"embeddable":true,"href":"https:\/\/blog.ube.fr\/master-journalisme\/wp-json\/wp\/v2\/comments?post=50"}],"version-history":[{"count":32,"href":"https:\/\/blog.ube.fr\/master-journalisme\/wp-json\/wp\/v2\/pages\/50\/revisions"}],"predecessor-version":[{"id":676,"href":"https:\/\/blog.ube.fr\/master-journalisme\/wp-json\/wp\/v2\/pages\/50\/revisions\/676"}],"wp:attachment":[{"href":"https:\/\/blog.ube.fr\/master-journalisme\/wp-json\/wp\/v2\/media?parent=50"}],"curies":[{"name":"wp","href":"https:\/\/api.w.org\/{rel}","templated":true}]}}