{"id":45,"date":"2024-01-09T11:26:58","date_gmt":"2024-01-09T10:26:58","guid":{"rendered":"https:\/\/blog.u-bourgogne.fr\/master-journalisme\/?page_id=45"},"modified":"2024-02-06T16:41:18","modified_gmt":"2024-02-06T15:41:18","slug":"plan-dacces","status":"publish","type":"page","link":"https:\/\/blog.ube.fr\/master-journalisme\/plan-dacces\/","title":{"rendered":"Plan d\u2019acc\u00e8s"},"content":{"rendered":"<p><strong><span style=\"font-family: helvetica, arial, sans-serif;\">La formation des \u00e9tudiants du M1 Journalisme se d\u00e9roule \u00e0 la Facult\u00e9 des Lettres situ\u00e9 36 rue Chabot Charny, \u00e0 Dijon (centre ville).<\/span><\/strong><\/p>\n<p><span style=\"font-family: helvetica, arial, sans-serif;\"><strong>En voiture :<br \/>\n<\/strong><\/span><span style=\"font-family: helvetica, arial, sans-serif;\">&#8211; Via l&#8217;A31 en provenance du Luxembourg et de l&#8217;est de la France.<\/span><\/p>\n<p><span style=\"font-family: helvetica, arial, sans-serif;\">&#8211; Via l&#8217;A5\/A31 en provenance de Paris et l&#8217;A6\/A39 au d\u00e9part de Lyon.<\/span><\/p>\n<p><span style=\"font-family: helvetica, arial, sans-serif; color: #ff6600;\"><a style=\"color: #ff6600;\" href=\"https:\/\/maps.app.goo.gl\/xbEXvhMnc8Xx5j3p6\">Itin\u00e9raire via google maps<\/a><\/span><\/p>\n<p><span style=\"font-family: helvetica, arial, sans-serif;\"><strong>En transport en commun :\u00a0 <\/strong><\/span><br \/>\n<span style=\"font-family: helvetica, arial, sans-serif;\">&#8211; \u00c0 partir de la gare S.N.C.F. en prenant le bus liane 5 direction\u00ab Universit\u00e9 \u00bb jusqu\u2019\u00e0 l&#8217;arr\u00eat \u00ab Wilson Dumont \u00bb puis en continuant environ 7 minutes \u00e0 pieds.<\/span><\/p>\n<p><span style=\"font-family: helvetica, arial, sans-serif;\">&#8211; D&#8217;autres lignes de bus ( Liane 9, Liane 18, Liane City) s&#8217;arr\u00eatent directement devant le b\u00e2timent en fonction de votre point de d\u00e9part. N&#8217;h\u00e9sitez pas \u00e0 utiliser le simulateur d&#8217;itin\u00e9raire du r\u00e9seau de bus de Dijon : <span style=\"color: #333399;\"><a style=\"color: #333399;\" href=\"https:\/\/www.divia.fr\/itineraires\"><span style=\"color: #000080;\">https:\/\/www.divia.fr\/itineraires<\/span><\/a><\/span><\/span><\/p>\n<p><a href=\"https:\/\/blog.ube.fr\/master-journalisme\/wp-content\/uploads\/sites\/198\/2024\/02\/Afficher-le-plan-dacces.pdf\"><span style=\"font-family: helvetica, arial, sans-serif;\"><span style=\"color: #ff6600;\">Afficher le plan d&#8217;acc\u00e8s<\/span><\/span><\/a><\/p>\n<p><span style=\"font-family: helvetica, arial, sans-serif;\"><strong>Les \u00e9tudiants du M2 Journalisme peuvent avoir cours au 36 Rue Chabot Charny de fa\u00e7on occasionnelle mais la plupart du temps, la formation se d\u00e9roule dans une salle d\u00e9di\u00e9e (R.45 B\u00e2timent Droit-Lettres) situ\u00e9e sur le Campus Universitaire<\/strong>.<\/span><\/p>\n<p><span style=\"font-family: helvetica, arial, sans-serif;\"><strong>En voiture :<br \/>\n<\/strong>&#8211; En provenance d&#8217;Auxerre-Paris : Il faut traverser la ville en contournant le centre par les places successives : pour cela, suivre la direction Gen\u00e8ve.<\/span><\/p>\n<p><span style=\"font-family: helvetica, arial, sans-serif;\">&#8211; En provenance de Troyes-Nancy-Metz : Sortir \u00e0 Dijon Centre-D\u00f4le-Besan\u00e7on-Lausanne. Suivre Dijon Centre.<\/span><\/p>\n<p><span style=\"font-family: helvetica, arial, sans-serif;\">&#8211; En provenance de Beaune-Lyon. Sortir imp\u00e9rativement \u00e0 DIJON SUD (et non \u00e0 DIJON EST qui \u00e9loigne de 30 Kms). Apr\u00e8s le p\u00e9age, vous \u00eates sur la rocade p\u00e9riurbaine. Suivre et sortir \u00e0 DIJON CENTRE.<\/span><\/p>\n<p><span style=\"font-family: helvetica, arial, sans-serif;\"><strong>En transport en commun :\u00a0 <\/strong><\/span><br \/>\n<span style=\"font-family: helvetica, arial, sans-serif;\">&#8211; En bus depuis la gare SNCF en prenant la Liane 5 direction \u00ab Universit\u00e9 \u00bb jusqu\u2019\u00e0 l&#8217;arr\u00eat \u00ab Mansart \u00bb puis remonter le boulevard Gabriel \u00e0 pieds jusqu&#8217;au b\u00e2timent Droit-Lettres.<\/span><\/p>\n<p><span style=\"font-family: helvetica, arial, sans-serif;\">&#8211; En tram depuis la gare SNCF en prenant le T1 direction \u00ab Quetigny Centre La Parenth\u00e8se \u00bb jusqu&#8217;\u00e0 l&#8217;arr\u00eat \u00ab Erasme \u00bb puis descendre \u00e0 pieds jusqu&#8217;au b\u00e2timent Droit-Lettres.<br \/>\n<\/span><\/p>\n<p><span style=\"font-family: helvetica, arial, sans-serif;\">&#8211; D&#8217;autres lignes de bus (Corol &#8230;) desservent \u00e9galement le Campus en fonction de votre point de d\u00e9part. N&#8217;h\u00e9sitez pas \u00e0 utiliser le simulateur d&#8217;itin\u00e9raire du r\u00e9seau de bus de Dijon : <a href=\"https:\/\/www.divia.fr\/itineraires\"><span style=\"color: #000080;\">https:\/\/www.divia.fr\/itineraires<\/span><\/a><\/span><\/p>\n<p><span style=\"font-family: helvetica, arial, sans-serif;\">Pour rejoindre ensuite la salle R.45 voici quelques indications :<\/span><\/p>\n<ul>\n<li><span style=\"font-family: helvetica, arial, sans-serif;\">Une fois dans le hall principal du b\u00e2timent Droit-Lettres, prendre le couloir de droite<\/span><\/li>\n<li><span style=\"font-family: helvetica, arial, sans-serif;\">Au bout du couloir, prendre \u00e0 gauche la petite passerelle qui m\u00e8ne vers l&#8217;extension Lettres<\/span><\/li>\n<li><span style=\"font-family: helvetica, arial, sans-serif;\">Prenez ensuite \u00e0 droite le petit couloir<\/span><\/li>\n<li><span style=\"font-family: helvetica, arial, sans-serif;\">La <strong>salle R45 <\/strong>se trouve tout au fond de ce couloir, \u00e0 droite<\/span><\/li>\n<\/ul>\n<p><span style=\"font-family: helvetica, arial, sans-serif;\"><a href=\"https:\/\/blog.ube.fr\/master-journalisme\/wp-content\/uploads\/sites\/198\/2024\/01\/Plan_Campus_Dijon_UBFC_2.pdf\">Afficher le plan du Campus<\/a><\/span><\/p>\n","protected":false},"excerpt":{"rendered":"<p>La formation des \u00e9tudiants du M1 Journalisme se d\u00e9roule \u00e0 la Facult\u00e9 des Lettres situ\u00e9 36 rue Chabot Charny, \u00e0 Dijon (centre ville). En voiture : &#8211; Via l&#8217;A31 en provenance du Luxembourg et de l&#8217;est de la France. &#8211; Via l&#8217;A5\/A31 en provenance de Paris et l&#8217;A6\/A39 au d\u00e9part de Lyon. Itin\u00e9raire via google&hellip;<\/p>\n<p class=\"more-link-p\"><a class=\"btn btn-primary\" href=\"https:\/\/blog.ube.fr\/master-journalisme\/plan-dacces\/\">Voir plus &rarr;<\/a><\/p>\n","protected":false},"author":5570,"featured_media":0,"parent":0,"menu_order":0,"comment_status":"closed","ping_status":"closed","template":"","meta":{"footnotes":""},"class_list":["post-45","page","type-page","status-publish","hentry"],"_links":{"self":[{"href":"https:\/\/blog.ube.fr\/master-journalisme\/wp-json\/wp\/v2\/pages\/45","targetHints":{"allow":["GET"]}}],"collection":[{"href":"https:\/\/blog.ube.fr\/master-journalisme\/wp-json\/wp\/v2\/pages"}],"about":[{"href":"https:\/\/blog.ube.fr\/master-journalisme\/wp-json\/wp\/v2\/types\/page"}],"author":[{"embeddable":true,"href":"https:\/\/blog.ube.fr\/master-journalisme\/wp-json\/wp\/v2\/users\/5570"}],"replies":[{"embeddable":true,"href":"https:\/\/blog.ube.fr\/master-journalisme\/wp-json\/wp\/v2\/comments?post=45"}],"version-history":[{"count":16,"href":"https:\/\/blog.ube.fr\/master-journalisme\/wp-json\/wp\/v2\/pages\/45\/revisions"}],"predecessor-version":[{"id":384,"href":"https:\/\/blog.ube.fr\/master-journalisme\/wp-json\/wp\/v2\/pages\/45\/revisions\/384"}],"wp:attachment":[{"href":"https:\/\/blog.ube.fr\/master-journalisme\/wp-json\/wp\/v2\/media?parent=45"}],"curies":[{"name":"wp","href":"https:\/\/api.w.org\/{rel}","templated":true}]}}