{"id":42,"date":"2024-01-09T11:26:54","date_gmt":"2024-01-09T10:26:54","guid":{"rendered":"https:\/\/blog.u-bourgogne.fr\/master-journalisme\/?page_id=42"},"modified":"2026-01-07T18:35:45","modified_gmt":"2026-01-07T17:35:45","slug":"la-scolarite","status":"publish","type":"page","link":"https:\/\/blog.ube.fr\/master-journalisme\/la-scolarite\/","title":{"rendered":"La scolarit\u00e9"},"content":{"rendered":"<p>&nbsp;<\/p>\n<p><strong><span style=\"font-family: helvetica, arial, sans-serif;\">J\u00e9r\u00f4me BERTHAUT<br \/>\n<\/span><\/strong><span style=\"font-family: helvetica, arial, sans-serif;\">Responsable p\u00e9dagogique<\/span><strong><span style=\"font-family: helvetica, arial, sans-serif;\"><br \/>\n<\/span><\/strong><a href=\"mailto:Jerome.Berthaut@u-bourgogne.fr\"><span style=\"font-family: helvetica, arial, sans-serif;\">jerome.berthaut@ube.fr<\/span><\/a><\/p>\n<p>&nbsp;<\/p>\n<p><span style=\"font-family: helvetica, arial, sans-serif;\"><strong>B\u00e9atrice BOYER<br \/>\n<\/strong>Gestionnaire scolarit\u00e9<\/span><br \/>\n<a href=\"mailto:Manitra.Rakotoarison@u-bourgogne.fr\"><span style=\"font-family: helvetica, arial, sans-serif;\">beatrice.boyer@ube.fr<\/span><\/a><br \/>\n<span style=\"font-family: helvetica, arial, sans-serif;\">03.80.58.98.43 &#8211; 06.59.36.34.36<\/span><\/p>\n<p>&nbsp;<\/p>\n<p><span style=\"font-family: helvetica, arial, sans-serif;\">Pour connaitre <strong>l\u2019actualit\u00e9 du master<\/strong> et les derni\u00e8res productions des \u00e9tudiant.e.s, suivez-nous sur les r\u00e9seaux sociaux : <a href=\"https:\/\/www.facebook.com\/MasterJournalismeDijon\">facebook<\/a>, <a href=\"https:\/\/www.linkedin.com\/company\/master-m%C3%A9dias-et-cr%C3%A9ation-num%C3%A9rique-dijon\/\">linkedin<\/a>, <a href=\"https:\/\/twitter.com\/MasterJournaUb\">X (twitter)<\/a> &amp; <a href=\"https:\/\/www.instagram.com\/masterjourna_ub\/\">instagram<\/a><\/span><\/p>\n<p>&nbsp;<\/p>\n<p><img loading=\"lazy\" decoding=\"async\" class=\" wp-image-673 aligncenter\" src=\"https:\/\/blog.ube.fr\/master-journalisme\/wp-content\/uploads\/sites\/198\/2026\/01\/Logo_nb_avecmention_rouge-300x169.png\" alt=\"\" width=\"375\" height=\"211\" srcset=\"https:\/\/blog.ube.fr\/master-journalisme\/wp-content\/uploads\/sites\/198\/2026\/01\/Logo_nb_avecmention_rouge-300x169.png 300w, https:\/\/blog.ube.fr\/master-journalisme\/wp-content\/uploads\/sites\/198\/2026\/01\/Logo_nb_avecmention_rouge-1024x576.png 1024w, https:\/\/blog.ube.fr\/master-journalisme\/wp-content\/uploads\/sites\/198\/2026\/01\/Logo_nb_avecmention_rouge-768x432.png 768w, https:\/\/blog.ube.fr\/master-journalisme\/wp-content\/uploads\/sites\/198\/2026\/01\/Logo_nb_avecmention_rouge-1536x864.png 1536w, https:\/\/blog.ube.fr\/master-journalisme\/wp-content\/uploads\/sites\/198\/2026\/01\/Logo_nb_avecmention_rouge-2048x1152.png 2048w\" sizes=\"auto, (max-width: 375px) 100vw, 375px\" \/><\/p>\n","protected":false},"excerpt":{"rendered":"<p>&nbsp; J\u00e9r\u00f4me BERTHAUT Responsable p\u00e9dagogique jerome.berthaut@ube.fr &nbsp; B\u00e9atrice BOYER Gestionnaire scolarit\u00e9 beatrice.boyer@ube.fr 03.80.58.98.43 &#8211; 06.59.36.34.36 &nbsp; Pour connaitre l\u2019actualit\u00e9 du master et les derni\u00e8res productions des \u00e9tudiant.e.s, suivez-nous sur les r\u00e9seaux sociaux : facebook, linkedin, X (twitter) &amp; instagram &nbsp;<\/p>\n<p class=\"more-link-p\"><a class=\"btn btn-primary\" href=\"https:\/\/blog.ube.fr\/master-journalisme\/la-scolarite\/\">Voir plus &rarr;<\/a><\/p>\n","protected":false},"author":5570,"featured_media":0,"parent":0,"menu_order":0,"comment_status":"closed","ping_status":"closed","template":"","meta":{"footnotes":""},"class_list":["post-42","page","type-page","status-publish","hentry"],"_links":{"self":[{"href":"https:\/\/blog.ube.fr\/master-journalisme\/wp-json\/wp\/v2\/pages\/42","targetHints":{"allow":["GET"]}}],"collection":[{"href":"https:\/\/blog.ube.fr\/master-journalisme\/wp-json\/wp\/v2\/pages"}],"about":[{"href":"https:\/\/blog.ube.fr\/master-journalisme\/wp-json\/wp\/v2\/types\/page"}],"author":[{"embeddable":true,"href":"https:\/\/blog.ube.fr\/master-journalisme\/wp-json\/wp\/v2\/users\/5570"}],"replies":[{"embeddable":true,"href":"https:\/\/blog.ube.fr\/master-journalisme\/wp-json\/wp\/v2\/comments?post=42"}],"version-history":[{"count":12,"href":"https:\/\/blog.ube.fr\/master-journalisme\/wp-json\/wp\/v2\/pages\/42\/revisions"}],"predecessor-version":[{"id":677,"href":"https:\/\/blog.ube.fr\/master-journalisme\/wp-json\/wp\/v2\/pages\/42\/revisions\/677"}],"wp:attachment":[{"href":"https:\/\/blog.ube.fr\/master-journalisme\/wp-json\/wp\/v2\/media?parent=42"}],"curies":[{"name":"wp","href":"https:\/\/api.w.org\/{rel}","templated":true}]}}