{"id":41,"date":"2024-01-09T11:26:50","date_gmt":"2024-01-09T10:26:50","guid":{"rendered":"https:\/\/blog.u-bourgogne.fr\/master-journalisme\/?page_id=41"},"modified":"2024-01-29T14:05:22","modified_gmt":"2024-01-29T13:05:22","slug":"nous-soutenir-taxe-dapprentissage","status":"publish","type":"page","link":"https:\/\/blog.ube.fr\/master-journalisme\/nous-soutenir-taxe-dapprentissage\/","title":{"rendered":"Nous soutenir \/ taxe d\u2019apprentissage"},"content":{"rendered":"<p><span style=\"font-family: helvetica, arial, sans-serif;\">Pour soutenir notre d\u00e9veloppement, les entreprises de presse et groupes de m\u00e9dias ont la possibilit\u00e9 de choisir eux-m\u00eames d&#8217;affecter directement une partie de leur &#8220;solde&#8221; de la taxe apprentissage \u00e0 notre master. Ces ressources nous permettent de continuer \u00e0 investir dans du mat\u00e9riel r\u00e9cent, de financer les trajets et h\u00e9bergements des formateurs, de d\u00e9velopper des projets hors les murs&#8230;<\/span><\/p>\n<p><span style=\"font-family: helvetica, arial, sans-serif;\">Cette op\u00e9ration s&#8217;effectue via la <b>plateforme <\/b><strong>SOLT\u00e9A<\/strong> (<a href=\"https:\/\/www.soltea.education.gouv.fr\/espace-public\/\"><span style=\"color: #ff6600;\">www.soltea.education.gouv.fr\/espace-public\/<\/span><\/a>) qui permet aux entreprises d&#8217;identifier les \u00e9tablissements destinataires et de fl\u00e9cher leur versement vers un dipl\u00f4me.<br \/>\n<\/span><\/p>\n<p><span style=\"font-family: helvetica, arial, sans-serif;\">Sur la plateforme, retrouvez notre formation gr\u00e2ce au <strong>code UAI \u00ab 0211322Y \u00bb<\/strong> (UFR Lettres &amp; Philosophie \/ Universit\u00e9 de Bourgogne), pour choisir une attribution au dipl\u00f4me Master Information-Communication &#8211; Parcours Journalisme.<\/span><\/p>\n<p><span style=\"font-family: helvetica, arial, sans-serif;\">En cas de question, contacter au sein de l&#8217;Espace Entreprises de l&#8217;Universit\u00e9 de Bourgogne, <strong>Ame\u0301lie GUITTET<\/strong> &#8211; 03 80 39 90 39 &#8211; <a href=\"mailto:amelie.guittet@u-bourgogne.fr\">amelie.guittet@u-bourgogne.fr <\/a><\/span><\/p>\n<p>&nbsp;<\/p>\n","protected":false},"excerpt":{"rendered":"<p>Pour soutenir notre d\u00e9veloppement, les entreprises de presse et groupes de m\u00e9dias ont la possibilit\u00e9 de choisir eux-m\u00eames d&#8217;affecter directement une partie de leur &#8220;solde&#8221; de la taxe apprentissage \u00e0 notre master. Ces ressources nous permettent de continuer \u00e0 investir dans du mat\u00e9riel r\u00e9cent, de financer les trajets et h\u00e9bergements des formateurs, de d\u00e9velopper des&hellip;<\/p>\n<p class=\"more-link-p\"><a class=\"btn btn-primary\" href=\"https:\/\/blog.ube.fr\/master-journalisme\/nous-soutenir-taxe-dapprentissage\/\">Voir plus &rarr;<\/a><\/p>\n","protected":false},"author":5570,"featured_media":0,"parent":0,"menu_order":0,"comment_status":"closed","ping_status":"closed","template":"","meta":{"footnotes":""},"class_list":["post-41","page","type-page","status-publish","hentry"],"_links":{"self":[{"href":"https:\/\/blog.ube.fr\/master-journalisme\/wp-json\/wp\/v2\/pages\/41","targetHints":{"allow":["GET"]}}],"collection":[{"href":"https:\/\/blog.ube.fr\/master-journalisme\/wp-json\/wp\/v2\/pages"}],"about":[{"href":"https:\/\/blog.ube.fr\/master-journalisme\/wp-json\/wp\/v2\/types\/page"}],"author":[{"embeddable":true,"href":"https:\/\/blog.ube.fr\/master-journalisme\/wp-json\/wp\/v2\/users\/5570"}],"replies":[{"embeddable":true,"href":"https:\/\/blog.ube.fr\/master-journalisme\/wp-json\/wp\/v2\/comments?post=41"}],"version-history":[{"count":15,"href":"https:\/\/blog.ube.fr\/master-journalisme\/wp-json\/wp\/v2\/pages\/41\/revisions"}],"predecessor-version":[{"id":368,"href":"https:\/\/blog.ube.fr\/master-journalisme\/wp-json\/wp\/v2\/pages\/41\/revisions\/368"}],"wp:attachment":[{"href":"https:\/\/blog.ube.fr\/master-journalisme\/wp-json\/wp\/v2\/media?parent=41"}],"curies":[{"name":"wp","href":"https:\/\/api.w.org\/{rel}","templated":true}]}}