{"id":36,"date":"2024-01-09T11:26:31","date_gmt":"2024-01-09T10:26:31","guid":{"rendered":"https:\/\/blog.u-bourgogne.fr\/master-journalisme\/?page_id=36"},"modified":"2024-10-31T13:43:08","modified_gmt":"2024-10-31T12:43:08","slug":"recruter-un-apprenti","status":"publish","type":"page","link":"https:\/\/blog.ube.fr\/master-journalisme\/recruter-un-apprenti\/","title":{"rendered":"Recruter un apprenti"},"content":{"rendered":"<p><span style=\"font-family: helvetica, arial, sans-serif;\">Le Master est ouvert \u00e0 l&#8217;alternance en M1 et en M2, en contrat de professionnalisation ou d&#8217;apprentissage. <\/span><\/p>\n<p><span style=\"font-family: helvetica, arial, sans-serif;\">A titre d&#8217;exemples, au cours des derni\u00e8res ann\u00e9es, des contrats d&#8217;alternance ont \u00e9t\u00e9 sign\u00e9s avec<em> Ouest France, Le Dauphin\u00e9 Lib\u00e9r\u00e9, L&#8217;Est \u00c9clair, Le R\u00e9publicain Lorrain, Explore Media, Autoroute INFO, Le Bien Public, Le Journal de Sa\u00f4ne-et-Loire, France 3 Bourgogne<\/em>\u2026<\/span><\/p>\n<p><span style=\"font-family: helvetica, arial, sans-serif;\">Voir le <strong>calendrier de l&#8217;alternance<\/strong> <a href=\"https:\/\/drive.google.com\/file\/d\/18dAcUehv67MNS1ebZzvqtu8zbdn9ck1G\/view?usp=sharing\"><span style=\"text-decoration: underline;\">en Master 1 ici<\/span><\/a><\/span><\/p>\n<p><span style=\"font-family: helvetica, arial, sans-serif;\">Voir le <strong>calendrier de l&#8217;alternance<\/strong> <a href=\"https:\/\/drive.google.com\/file\/d\/15p2QitEmbAIwumdKIdAebOY3-Nk7Z-OB\/view?usp=sharing\"><span style=\"text-decoration: underline;\">en Master 2 ici<\/span><\/a><\/span><\/p>\n<p>&nbsp;<\/p>\n<p><span style=\"font-family: helvetica, arial, sans-serif;\"><strong>Les offres de contrats<\/strong> d&#8217;alternance sont \u00e0 adresser \u00e0 la scolarit\u00e9 (<a href=\"mailto:manitra.rakotoarison@u-bourgogne.fr\">manitra.rakotoarison@u-bourgogne.fr<\/a>) et au responsable p\u00e9dagogique (<a href=\"mailto:jerome.berthaut@u-bourgogne.fr\">jerome.berthaut@u-bourgogne.fr<\/a>)<\/span><\/p>\n<p><span style=\"font-family: helvetica, arial, sans-serif;\">Pour plus d&#8217;informations sur<strong> le planning de l&#8217;alternance,<\/strong><\/span><span style=\"font-family: helvetica, arial, sans-serif;\"><strong> les modalit\u00e9s administratives et les avantages financiers<\/strong> de l\u2019alternance, contacter le Service Commun de Formations Continue et par Alternance (<strong>SEFCA<\/strong>) de l\u2019universit\u00e9 de Bourgogne : 03 80 39 51 80 \u2013 <span id=\"cloak881704fc843eada8d7b81c32d24e99d6\">formation.continue-infocom@u-bourgogne.fr<\/span><span id=\"OBJ_PREFIX_DWT3755_ZmEmailObjectHandler\" role=\"link\"><span id=\"OBJ_PREFIX_DWT3789_ZmEmailObjectHandler\" role=\"link\"><\/span><\/span><\/span><\/p>\n<p><span style=\"font-family: helvetica, arial, sans-serif;\"><a href=\"https:\/\/sefca.u-bourgogne.fr\/\">Contacts SEFCA<\/a> :<\/span><\/p>\n<div><span style=\"font-family: helvetica, arial, sans-serif;\"><strong> Lucie <span id=\"DWT8988\" class=\"ZmSearchResult\"><span id=\"DWT9039\" class=\"ZmSearchResult\">Bonot<\/span><\/span><\/strong><span id=\"DWT8988\" class=\"ZmSearchResult\"><span id=\"DWT9039\" class=\"ZmSearchResult\">, c<\/span><\/span>harg\u00e9e d&#8217;ing\u00e9nierie de formation \u2013 06.69.03.37.69 \u2013 lucie.bonot@u-bourgogne.fr<\/span><\/div>\n<p><span style=\"font-family: helvetica, arial, sans-serif;\"><strong>L\u00e6titia Terreau<\/strong>, charg\u00e9e de gestion de formation \u2013 06 66 69 45 00 \u2013 <a href=\"mailto:laetitia.terreau@u-bourgogne.fr\">laetitia.terreau@u-bourgogne.fr<\/a><\/span><\/p>\n<p>&nbsp;<\/p>\n","protected":false},"excerpt":{"rendered":"<p>Le Master est ouvert \u00e0 l&#8217;alternance en M1 et en M2, en contrat de professionnalisation ou d&#8217;apprentissage. A titre d&#8217;exemples, au cours des derni\u00e8res ann\u00e9es, des contrats d&#8217;alternance ont \u00e9t\u00e9 sign\u00e9s avec Ouest France, Le Dauphin\u00e9 Lib\u00e9r\u00e9, L&#8217;Est \u00c9clair, Le R\u00e9publicain Lorrain, Explore Media, Autoroute INFO, Le Bien Public, Le Journal de Sa\u00f4ne-et-Loire, France 3&hellip;<\/p>\n<p class=\"more-link-p\"><a class=\"btn btn-primary\" href=\"https:\/\/blog.ube.fr\/master-journalisme\/recruter-un-apprenti\/\">Voir plus &rarr;<\/a><\/p>\n","protected":false},"author":5570,"featured_media":0,"parent":0,"menu_order":0,"comment_status":"closed","ping_status":"closed","template":"","meta":{"footnotes":""},"class_list":["post-36","page","type-page","status-publish","hentry"],"_links":{"self":[{"href":"https:\/\/blog.ube.fr\/master-journalisme\/wp-json\/wp\/v2\/pages\/36","targetHints":{"allow":["GET"]}}],"collection":[{"href":"https:\/\/blog.ube.fr\/master-journalisme\/wp-json\/wp\/v2\/pages"}],"about":[{"href":"https:\/\/blog.ube.fr\/master-journalisme\/wp-json\/wp\/v2\/types\/page"}],"author":[{"embeddable":true,"href":"https:\/\/blog.ube.fr\/master-journalisme\/wp-json\/wp\/v2\/users\/5570"}],"replies":[{"embeddable":true,"href":"https:\/\/blog.ube.fr\/master-journalisme\/wp-json\/wp\/v2\/comments?post=36"}],"version-history":[{"count":13,"href":"https:\/\/blog.ube.fr\/master-journalisme\/wp-json\/wp\/v2\/pages\/36\/revisions"}],"predecessor-version":[{"id":599,"href":"https:\/\/blog.ube.fr\/master-journalisme\/wp-json\/wp\/v2\/pages\/36\/revisions\/599"}],"wp:attachment":[{"href":"https:\/\/blog.ube.fr\/master-journalisme\/wp-json\/wp\/v2\/media?parent=36"}],"curies":[{"name":"wp","href":"https:\/\/api.w.org\/{rel}","templated":true}]}}