{"id":34,"date":"2024-01-09T11:26:20","date_gmt":"2024-01-09T10:26:20","guid":{"rendered":"https:\/\/blog.u-bourgogne.fr\/master-journalisme\/?page_id=34"},"modified":"2026-01-07T18:59:19","modified_gmt":"2026-01-07T17:59:19","slug":"audio-podcasts","status":"publish","type":"page","link":"https:\/\/blog.ube.fr\/master-journalisme\/audio-podcasts\/","title":{"rendered":"Journalisme Radio &#038; Podcasts"},"content":{"rendered":"<p><span style=\"font-family: helvetica, arial, sans-serif;\">Apr\u00e8s une initiation pratique aux <strong>fondamentaux de l&#8217;\u00e9criture radio<\/strong> en Master 1 (br\u00e8ves, lancement, interview, enrob\u00e9&#8230;), une option de <strong>perfectionnement<\/strong> est propos\u00e9e en 2\u00e8me ann\u00e9e (\u00e9criture et pr\u00e9sentation de journaux, reportage de terrains). La r\u00e9alisation d&#8217;\u00e9missions de type journal ou magazine cl\u00f4t le cycle de formation.<\/span><\/p>\n<p><img loading=\"lazy\" decoding=\"async\" class=\" wp-image-501 aligncenter\" src=\"https:\/\/blog.ube.fr\/master-journalisme\/wp-content\/uploads\/sites\/198\/2024\/03\/TD-Radio-Studio-300x227.jpg\" alt=\"\" width=\"480\" height=\"363\" srcset=\"https:\/\/blog.ube.fr\/master-journalisme\/wp-content\/uploads\/sites\/198\/2024\/03\/TD-Radio-Studio-300x227.jpg 300w, https:\/\/blog.ube.fr\/master-journalisme\/wp-content\/uploads\/sites\/198\/2024\/03\/TD-Radio-Studio.jpg 466w\" sizes=\"auto, (max-width: 480px) 100vw, 480px\" \/><\/p>\n<p>&nbsp;<\/p>\n<p class=\"intertitre\"><span style=\"font-size: 18pt;\"><strong><span style=\"font-family: helvetica, arial, sans-serif;\">La s\u00e9rie documentaire radiophonique sur &#8220;les Mondes Ruraux&#8221;<br \/>\n<\/span><\/strong><\/span><\/p>\n<blockquote><p><span style=\"font-family: helvetica, arial, sans-serif;\">La d\u00e9couverte de l&#8217;univers de la production du podcast repose sur la conception d&#8217;<strong>une s\u00e9rie documentaire sur les ruralit\u00e9s. <\/strong><\/span><span style=\"font-family: helvetica, arial, sans-serif;\">L&#8217;objectif est aussi de traiter de r\u00e9alit\u00e9s souvent invisibilis\u00e9es dans les m\u00e9dias. Le suivi de la r\u00e9flexion sur les sujets, des enqu\u00eates sur le terrain et de la production associe un journaliste sp\u00e9cialis\u00e9 en podcast et des chercheurs en sciences sociales.<br \/>\n<\/span><\/p><\/blockquote>\n<ul>\n<li><span style=\"font-family: helvetica, arial, sans-serif;\">La saison 4 &#8220;<a href=\"http:\/\/www.papelar.fr\/podcasts\/faire-groupe-a-la-campagne\/\"><strong>Faire groupe \u00e0 la campagne<\/strong><\/a>&#8221; (2024\/2025) est \u00e0 retrouver sur <a href=\"http:\/\/www.papelar.fr\/podcasts\/faire-groupe-a-la-campagne\/\">Papelar<\/a>, sur le site de notre partenaire <a href=\"https:\/\/mkwaves.org\/Portfolio\/faire-groupe-a-la-campagne\/\">Making Waves<\/a>, et sur les principales plateformes de podcasts <span class=\"break-words tvm-parent-container\"><span dir=\"ltr\">(Spotify\/Deezer\/Apple Music\/&#8230;).<\/span><\/span><\/span><\/li>\n<li><span style=\"font-family: helvetica, arial, sans-serif;\">La saison 3 &#8220;<a href=\"https:\/\/mkwaves.org\/portfolio\/travailler-a-la-campagne\/\"><strong>Travailler \u00e0 la campagne<\/strong><\/a>&#8221; (2023\/2024) est \u00e0 \u00e9couter sur <a href=\"https:\/\/www.papelar.fr\/podcasts\/travailler-a-la-campagne\/\">Papelar<\/a>, sur le site de notre partenaire <a href=\"https:\/\/mkwaves.org\/portfolio\/travailler-a-la-campagne\/\">Making Waves<\/a>, et sur les principales plateformes de podcasts <span class=\"break-words tvm-parent-container\"><span dir=\"ltr\">(Spotify\/Deezer\/Apple Music\/&#8230;).<\/span><\/span><\/span><\/li>\n<li><span style=\"font-family: helvetica, arial, sans-serif;\">La saison 2 &#8220;<a href=\"https:\/\/mkwaves.org\/portfolio\/faire-vivre-la-campagne\/\"><strong>Faire vivre les campagnes<\/strong><\/a>&#8221; (2022\/2023) est \u00e0 \u00e9couter sur <a href=\"https:\/\/mkwaves.org\/portfolio\/faire-vivre-la-campagne\/\">Making Waves<\/a> et sur les principales plateformes de podcasts <span class=\"break-words tvm-parent-container\"><span dir=\"ltr\">(Spotify\/Deezer\/Apple Music\/&#8230;).<\/span><\/span><br \/>\n<\/span><\/li>\n<li><span style=\"font-family: helvetica, arial, sans-serif;\">La saison 1 &#8220;<a href=\"https:\/\/mkwaves.org\/portfolio\/grandir-a-la-campagne\/\"><strong>Grandir \u00e0 la campagne<\/strong>&#8220;<\/a> (2021\/2022) est \u00e0 \u00e9couter sur <a href=\"https:\/\/mkwaves.org\/portfolio\/grandir-a-la-campagne\/\">Making Waves<\/a> et sur les principales plateformes de podcasts <span class=\"break-words tvm-parent-container\"><span dir=\"ltr\">(Spotify\/Deezer\/Apple Music\/&#8230;).<\/span><\/span><br \/>\n<\/span><\/li>\n<\/ul>\n<p>&nbsp;<\/p>\n<p>&nbsp;<\/p>\n<p><span style=\"font-family: helvetica, arial, sans-serif; font-size: 18pt;\"><strong>Le projet d&#8217;\u00c9ducation aux M\u00e9dias avec<em> Radio France<\/em><\/strong><\/span><\/p>\n<p><img loading=\"lazy\" decoding=\"async\" class=\" wp-image-505 aligncenter\" src=\"https:\/\/blog.ube.fr\/master-journalisme\/wp-content\/uploads\/sites\/198\/2024\/03\/Interview-EMI-Chatillon-300x200.jpg\" alt=\"\" width=\"441\" height=\"294\" srcset=\"https:\/\/blog.ube.fr\/master-journalisme\/wp-content\/uploads\/sites\/198\/2024\/03\/Interview-EMI-Chatillon-300x200.jpg 300w, https:\/\/blog.ube.fr\/master-journalisme\/wp-content\/uploads\/sites\/198\/2024\/03\/Interview-EMI-Chatillon-768x512.jpg 768w, https:\/\/blog.ube.fr\/master-journalisme\/wp-content\/uploads\/sites\/198\/2024\/03\/Interview-EMI-Chatillon.jpg 960w\" sizes=\"auto, (max-width: 441px) 100vw, 441px\" \/><\/p>\n<blockquote><p><span style=\"font-family: helvetica, arial, sans-serif;\">Depuis 2022, le master participe \u00e0 des actions d&#8217;<strong>\u00e9ducation aux m\u00e9dias et \u00e0 l&#8217;information <\/strong>(EMI) aupr\u00e8s de scolaires en collaboration avec les antennes de <em>Radio France.<\/em><\/span><\/p><\/blockquote>\n<p><span style=\"font-family: helvetica, arial, sans-serif;\">En 2022\/2023, le master a fait partie des 10 cursus s\u00e9lectionn\u00e9s par la r\u00e9daction de <em><strong>France inter <\/strong><\/em>pour participer au programme<strong> Interclass&#8217;Up<\/strong>. Les \u00e9tudiants du master 2 ont encadr\u00e9 chaque mois des \u00e9l\u00e8ves du lyc\u00e9e D\u00e9sir\u00e9 Nisard de Ch\u00e2tillon-sur-Seine (21) dans la conception de modules radio (chroniques, interviews&#8230;), diffus\u00e9s dans l&#8217;<a href=\"https:\/\/www.radiofrance.fr\/franceinter\/podcasts\/interclass\"><strong>\u00e9mission Interclass&#8217;<\/strong><\/a> pr\u00e9sent\u00e9e par Eric Valmir sur France inter. <\/span><span style=\"font-family: helvetica, arial, sans-serif;\">Pour en savoir plus : une video sur les <a href=\"https:\/\/www.youtube.com\/watch?v=I5pNgmNXpU0&amp;t=296s\">coulisses de la r\u00e9alisation du projet<\/a>, la pr\u00e9sentation du dispositif et les <span dir=\"ltr\">deux \u00e9missions <span style=\"font-family: helvetica, arial, sans-serif;\">sp\u00e9ciales que France Bleu Bourgogne a \u00e9galement consacr\u00e9es aux productions des lyc\u00e9ens, <a href=\"https:\/\/www.francebleu.fr\/infos\/education\/education-aux-medias-une-premiere-pour-les-eleves-du-lycee-desire-nisard-a-chatillon-sur-seine-partie-1-3707808\">\u00e0 retrouver ici<\/a>.<\/span><\/span><\/span><\/p>\n<p><span style=\"font-family: helvetica, arial, sans-serif;\">Apr\u00e8s l&#8217;arr\u00eat de l&#8217;\u00e9mission Interclass&#8217;, ce projet EMI se poursuit avec <em><strong>ICI Bourgogne<\/strong> (ex-France bleu)<\/em><em>, <\/em>avec un nouveau nom : <em><strong>L<\/strong><strong><em>a<\/em> Classe bleu <\/strong>puis <strong>La Classe d&#8217;ici<\/strong><\/em>. Tous les reportages et chroniques radio r\u00e9alis\u00e9s avec les \u00e9l\u00e8ves sont diffus\u00e9s en fin d&#8217;ann\u00e9e dans une \u00e9mission sp\u00e9ciale.\u00a0<\/span><\/p>\n<p><span style=\"font-family: helvetica, arial, sans-serif;\"><strong><a href=\"https:\/\/www.francebleu.fr\/emissions\/bourgogne-pleine-nature\/la-classe-bleu-une-emission-avec-les-eleves-du-lycee-desire-nisard-de-chatillon-sur-seine-7751008\">\u00c9coutez l&#8217;\u00e9mission sp\u00e9ciale, diffus\u00e9e le 30 juin 2024<\/a>,<\/strong> avec comme invit\u00e9s des \u00e9tudiants du master et des \u00e9l\u00e8ves du lyc\u00e9e D\u00e9sir\u00e9 Nisard de Ch\u00e2tillon-sur-Seine (21). <\/span><span style=\"font-family: helvetica, arial, sans-serif;\"><span class=\"break-words \"><span class=\"text-view-model\" dir=\"ltr\">Pour une immersion dans l&#8217;une des s\u00e9ances de travail entre lyc\u00e9ens et \u00e9tudiants du master qui ont eu lieu en amont pendant l&#8217;ann\u00e9e, <em><em>\u00e9couter <\/em><a href=\"https:\/\/www.francebleu.fr\/emissions\/bienvenue-chez-vous-en-bourgogne\/bienvenue-dans-la-classe-bleu-au-lycee-de-chatillon-sur-seine-4516304\"><strong><em>l&#8217;\u00e9mission <\/em><span style=\"font-family: helvetica, arial, sans-serif;\">Bienvenue chez vous<\/span><span style=\"font-family: helvetica, arial, sans-serif;\">. <\/span><\/strong><\/a><\/em><\/span><\/span><em><strong><br \/>\n<\/strong><\/em><\/span><\/p>\n<p><span style=\"font-family: helvetica, arial, sans-serif;\"><strong><a href=\"https:\/\/www.francebleu.fr\/infos\/education\/ces-eleves-du-lycee-desire-nisard-de-chatillon-sur-seine-ont-joue-les-journalistes-decouvrez-leurs-reportages-5131746\">\u00c9coutez l&#8217;\u00e9mission sp\u00e9ciale, diffus\u00e9e le 28 juin 2025<\/a>,<\/strong> Cette ann\u00e9e, le master est de retour \u00e0 Ch\u00e2tillon-sur-Seine avec l&#8217;\u00e9quipe de France Bleu devenue <strong><em>I<\/em><em><strong>ci <\/strong>Bourgogne<\/em><\/strong>. <strong>Les coulisses de cette 3e saison<\/strong> du projet sont \u00e0 d\u00e9couvrir chaque mois en reportage (cliquez sur <a href=\"https:\/\/www.francebleu.fr\/emissions\/le-journal-de-07h30-fb-bourgogne\/l-info-d-ici-en-3-education-aux-medias-a-chatillon-sur-seine-la-classe-bleu-est-de-retour-6437330\">d\u00e9cembre ici <\/a>et <a href=\"https:\/\/www.francebleu.fr\/infos\/education\/education-aux-medias-retour-de-la-classe-bleu-au-lycee-desire-nisard-a-chatillon-sur-seine-9100105\">ici,<\/a> <a href=\"https:\/\/www.francebleu.fr\/emissions\/l-info-d-ici-ici-bourgogne\/classe-bleu-au-lycee-desire-nisard-a-chatillon-sur-seine-comment-s-informent-les-eleves-1309346\">janvier<\/a>, <a href=\"https:\/\/www.francebleu.fr\/emissions\/l-info-d-ici-ici-bourgogne\/la-classe-d-ici-a-la-decouverte-du-lycee-desire-nisard-de-chatillon-sur-seine-5999828\">f\u00e9vrier<\/a>, <a href=\"https:\/\/www.francebleu.fr\/emissions\/l-info-d-ici-ici-bourgogne\/education-aux-medias-avec-la-classe-d-ici-conference-de-redaction-au-lycee-desire-nisard-de-chatillon-sur-seine-8215067\">mars<\/a>, <a href=\"https:\/\/www.francebleu.fr\/emissions\/l-info-d-ici-ici-bourgogne\/l-info-d-ici-en-3-dans-la-classe-d-ici-le-portrait-de-polina-et-lisa-deux-eleves-ukrainiennes-en-1e-a-desire-nisard-4388838\">avril<\/a> &amp; <a href=\"https:\/\/www.radiofrance.fr\/francebleu\/podcasts\/l-info-d-ici-ici-bourgogne\/plongez-dans-les-coulisses-du-premier-reportage-de-la-classe-d-ici-avec-les-lyceens-de-desire-nisard-9770008\">mai<\/a>).<\/span><\/p>\n<p><span style=\"font-family: helvetica, arial, sans-serif;\">Pour cette nouvelle ann\u00e9e 2025\/2026, ce sont des <strong>\u00e9l\u00e8ves du coll\u00e8ge Marcel-Aym\u00e9 \u00e0 Marsannay-la-C\u00f4te<\/strong> que les \u00e9tudiants du master initient au travail de journaliste et au monde de l&#8217;information, toujours sous la supervision d&#8217;Ici Bourgogne. Les coulisses de cette nouvelle aventure sont \u00e0 d\u00e9couvrir dans les reportages diffus\u00e9s en <a href=\"https:\/\/www.francebleu.fr\/emissions\/l-info-d-ici-7h30-ici-bourgogne\/education-aux-medias-la-classe-d-ici-revient-au-college-marcel-ayme-de-marsannay-la-cote-3480564\">novembre<\/a> et <a href=\"https:\/\/www.francebleu.fr\/emissions\/l-info-d-ici-7h30-ici-bourgogne\/les-coulisses-de-la-classe-d-ici-episode-2-3413120\">d\u00e9cembre<\/a> 2025, en attendant la diffusion des productions des coll\u00e9giens dans l&#8217;\u00e9mission sp\u00e9ciale en juin !<\/span><\/p>\n<p>&nbsp;<\/p>\n<p><img loading=\"lazy\" decoding=\"async\" class=\"wp-image-577 aligncenter\" src=\"https:\/\/blog.ube.fr\/master-journalisme\/wp-content\/uploads\/sites\/198\/2024\/07\/studio-EMI-France-Bleu-300x248.jpg\" alt=\"\" width=\"462\" height=\"382\" srcset=\"https:\/\/blog.ube.fr\/master-journalisme\/wp-content\/uploads\/sites\/198\/2024\/07\/studio-EMI-France-Bleu-300x248.jpg 300w, https:\/\/blog.ube.fr\/master-journalisme\/wp-content\/uploads\/sites\/198\/2024\/07\/studio-EMI-France-Bleu-1024x848.jpg 1024w, https:\/\/blog.ube.fr\/master-journalisme\/wp-content\/uploads\/sites\/198\/2024\/07\/studio-EMI-France-Bleu-768x636.jpg 768w, https:\/\/blog.ube.fr\/master-journalisme\/wp-content\/uploads\/sites\/198\/2024\/07\/studio-EMI-France-Bleu-1536x1272.jpg 1536w, https:\/\/blog.ube.fr\/master-journalisme\/wp-content\/uploads\/sites\/198\/2024\/07\/studio-EMI-France-Bleu.jpg 2037w\" sizes=\"auto, (max-width: 462px) 100vw, 462px\" \/><\/p>\n","protected":false},"excerpt":{"rendered":"<p>Apr\u00e8s une initiation pratique aux fondamentaux de l&#8217;\u00e9criture radio en Master 1 (br\u00e8ves, lancement, interview, enrob\u00e9&#8230;), une option de perfectionnement est propos\u00e9e en 2\u00e8me ann\u00e9e (\u00e9criture et pr\u00e9sentation de journaux, reportage de terrains). La r\u00e9alisation d&#8217;\u00e9missions de type journal ou magazine cl\u00f4t le cycle de formation. &nbsp; La s\u00e9rie documentaire radiophonique sur &#8220;les Mondes Ruraux&#8221;&hellip;<\/p>\n<p class=\"more-link-p\"><a class=\"btn btn-primary\" href=\"https:\/\/blog.ube.fr\/master-journalisme\/audio-podcasts\/\">Voir plus &rarr;<\/a><\/p>\n","protected":false},"author":5570,"featured_media":0,"parent":0,"menu_order":0,"comment_status":"closed","ping_status":"closed","template":"","meta":{"footnotes":""},"class_list":["post-34","page","type-page","status-publish","hentry"],"_links":{"self":[{"href":"https:\/\/blog.ube.fr\/master-journalisme\/wp-json\/wp\/v2\/pages\/34","targetHints":{"allow":["GET"]}}],"collection":[{"href":"https:\/\/blog.ube.fr\/master-journalisme\/wp-json\/wp\/v2\/pages"}],"about":[{"href":"https:\/\/blog.ube.fr\/master-journalisme\/wp-json\/wp\/v2\/types\/page"}],"author":[{"embeddable":true,"href":"https:\/\/blog.ube.fr\/master-journalisme\/wp-json\/wp\/v2\/users\/5570"}],"replies":[{"embeddable":true,"href":"https:\/\/blog.ube.fr\/master-journalisme\/wp-json\/wp\/v2\/comments?post=34"}],"version-history":[{"count":40,"href":"https:\/\/blog.ube.fr\/master-journalisme\/wp-json\/wp\/v2\/pages\/34\/revisions"}],"predecessor-version":[{"id":682,"href":"https:\/\/blog.ube.fr\/master-journalisme\/wp-json\/wp\/v2\/pages\/34\/revisions\/682"}],"wp:attachment":[{"href":"https:\/\/blog.ube.fr\/master-journalisme\/wp-json\/wp\/v2\/media?parent=34"}],"curies":[{"name":"wp","href":"https:\/\/api.w.org\/{rel}","templated":true}]}}