{"id":33,"date":"2024-01-09T11:26:28","date_gmt":"2024-01-09T10:26:28","guid":{"rendered":"https:\/\/blog.u-bourgogne.fr\/master-journalisme\/?page_id=33"},"modified":"2024-01-24T14:35:44","modified_gmt":"2024-01-24T13:35:44","slug":"recruter-un-stagiaire","status":"publish","type":"page","link":"https:\/\/blog.ube.fr\/master-journalisme\/recruter-un-stagiaire\/","title":{"rendered":"Recruter un stagiaire"},"content":{"rendered":"<p><span style=\"font-family: helvetica, arial, sans-serif;\">En <strong>Master 1\u00e8re ann\u00e9e<\/strong> (hors \u00e9tudiants en contrat d&#8217;apprentissage ou de professionnalisation), la <strong>p\u00e9riode de stage<\/strong> s&#8217;\u00e9tend d&#8217;avril \u00e0 aout compris, avec l\u2019obligation de cumuler <em>a minima<\/em> 10 semaines de stages pratiques, dans une ou plusieurs r\u00e9dactions.<\/span><\/p>\n<p><span style=\"font-family: helvetica, arial, sans-serif;\">En <strong>Master 2\u00e8me ann\u00e9e<\/strong> (hors \u00e9tudiants contrat d&#8217;apprentissage ou de professionnalisation), la <strong>p\u00e9riode de stage<\/strong> s&#8217;\u00e9tend de mars \u00e0 septembre compris, avec l\u2019obligation de cumuler <em>a minima<\/em> 3 mois de semaines de stages pratiques, dans une ou plusieurs r\u00e9dactions. <\/span><\/p>\n<p><span style=\"font-family: helvetica, arial, sans-serif;\">Les offres de stages en journalisme sont \u00e0 adresser \u00e0 la scolarit\u00e9 (<a href=\"mailto:manitra.rakotoarison@u-bourgogne.fr\">manitra.rakotoarison@u-bourgogne.fr<\/a>) et au responsable p\u00e9dagogique (<a href=\"mailto:jerome.berthaut@u-bourgogne.fr\">jerome.berthaut@u-bourgogne.fr<\/a>)<\/span><\/p>\n","protected":false},"excerpt":{"rendered":"<p>En Master 1\u00e8re ann\u00e9e (hors \u00e9tudiants en contrat d&#8217;apprentissage ou de professionnalisation), la p\u00e9riode de stage s&#8217;\u00e9tend d&#8217;avril \u00e0 aout compris, avec l\u2019obligation de cumuler a minima 10 semaines de stages pratiques, dans une ou plusieurs r\u00e9dactions. En Master 2\u00e8me ann\u00e9e (hors \u00e9tudiants contrat d&#8217;apprentissage ou de professionnalisation), la p\u00e9riode de stage s&#8217;\u00e9tend de mars&hellip;<\/p>\n<p class=\"more-link-p\"><a class=\"btn btn-primary\" href=\"https:\/\/blog.ube.fr\/master-journalisme\/recruter-un-stagiaire\/\">Voir plus &rarr;<\/a><\/p>\n","protected":false},"author":5570,"featured_media":0,"parent":0,"menu_order":0,"comment_status":"closed","ping_status":"closed","template":"","meta":{"footnotes":""},"class_list":["post-33","page","type-page","status-publish","hentry"],"_links":{"self":[{"href":"https:\/\/blog.ube.fr\/master-journalisme\/wp-json\/wp\/v2\/pages\/33","targetHints":{"allow":["GET"]}}],"collection":[{"href":"https:\/\/blog.ube.fr\/master-journalisme\/wp-json\/wp\/v2\/pages"}],"about":[{"href":"https:\/\/blog.ube.fr\/master-journalisme\/wp-json\/wp\/v2\/types\/page"}],"author":[{"embeddable":true,"href":"https:\/\/blog.ube.fr\/master-journalisme\/wp-json\/wp\/v2\/users\/5570"}],"replies":[{"embeddable":true,"href":"https:\/\/blog.ube.fr\/master-journalisme\/wp-json\/wp\/v2\/comments?post=33"}],"version-history":[{"count":6,"href":"https:\/\/blog.ube.fr\/master-journalisme\/wp-json\/wp\/v2\/pages\/33\/revisions"}],"predecessor-version":[{"id":320,"href":"https:\/\/blog.ube.fr\/master-journalisme\/wp-json\/wp\/v2\/pages\/33\/revisions\/320"}],"wp:attachment":[{"href":"https:\/\/blog.ube.fr\/master-journalisme\/wp-json\/wp\/v2\/media?parent=33"}],"curies":[{"name":"wp","href":"https:\/\/api.w.org\/{rel}","templated":true}]}}