{"id":24,"date":"2024-01-09T11:25:47","date_gmt":"2024-01-09T10:25:47","guid":{"rendered":"https:\/\/blog.u-bourgogne.fr\/master-journalisme\/?page_id=24"},"modified":"2024-05-10T14:59:20","modified_gmt":"2024-05-10T12:59:20","slug":"papelar-le-media","status":"publish","type":"page","link":"https:\/\/blog.ube.fr\/master-journalisme\/papelar-le-media\/","title":{"rendered":"Papelar le m\u00e9dia"},"content":{"rendered":"<p>&nbsp;<\/p>\n<p><span style=\"font-size: 12pt; font-family: helvetica, arial, sans-serif;\"><strong>En f\u00e9vrier 2024, <\/strong><span class=\"break-words \"><span dir=\"ltr\"><strong>les \u00e9tudiants de 1\u00e8re et 2\u00e8me ann\u00e9e du master ont lanc\u00e9 <a href=\"https:\/\/www.papelar.fr\/\">Papelar<\/a>, un nouveau journal en ligne.<\/strong> <\/span><\/span><\/span><\/p>\n<p><span style=\"font-size: 12pt; font-family: helvetica, arial, sans-serif;\"><span class=\"break-words \"><span dir=\"ltr\">Le projet \u00e9ditorial se r\u00e9sume en un slogan &#8211; &#8220;M\u00e9dia tout terrain&#8221; &#8211; et quatre mots-cl\u00e9s : Jeunesse, Terrain, Transparence &amp; En marge. Pour en savoir plus, lire le <a href=\"https:\/\/www.papelar.fr\/manifeste\/\">manifeste<\/a> de la r\u00e9daction.<\/span><\/span><\/span><\/p>\n<p>&nbsp;<\/p>\n<p><a href=\"https:\/\/www.papelar.fr\/\"><img loading=\"lazy\" decoding=\"async\" class=\" wp-image-483 aligncenter\" src=\"https:\/\/blog.ube.fr\/master-journalisme\/wp-content\/uploads\/sites\/198\/2024\/02\/logo-Papelar-fond-noir-avec-slogan-300x86.png\" alt=\"\" width=\"516\" height=\"148\" srcset=\"https:\/\/blog.ube.fr\/master-journalisme\/wp-content\/uploads\/sites\/198\/2024\/02\/logo-Papelar-fond-noir-avec-slogan-300x86.png 300w, https:\/\/blog.ube.fr\/master-journalisme\/wp-content\/uploads\/sites\/198\/2024\/02\/logo-Papelar-fond-noir-avec-slogan-1024x292.png 1024w, https:\/\/blog.ube.fr\/master-journalisme\/wp-content\/uploads\/sites\/198\/2024\/02\/logo-Papelar-fond-noir-avec-slogan-768x219.png 768w, https:\/\/blog.ube.fr\/master-journalisme\/wp-content\/uploads\/sites\/198\/2024\/02\/logo-Papelar-fond-noir-avec-slogan-1536x438.png 1536w, https:\/\/blog.ube.fr\/master-journalisme\/wp-content\/uploads\/sites\/198\/2024\/02\/logo-Papelar-fond-noir-avec-slogan-2048x584.png 2048w\" sizes=\"auto, (max-width: 516px) 100vw, 516px\" \/><\/a><\/p>\n<p>&nbsp;<\/p>\n<p>Articles, dossiers, reportages photos, mini-documentaires, s\u00e9ries podcasts\u2026 Papelar diffuse une grande vari\u00e9t\u00e9 de r\u00e9alisations qui refl\u00e8te la diversit\u00e9 des enseignements professionnels du master. Le site met aussi \u00e0 l\u2019honneur une s\u00e9lection de productions r\u00e9alis\u00e9es dans le cursus par d\u2019anciens \u00e9tudiants.<\/p>\n<p><span style=\"font-size: 12pt; font-family: helvetica, arial, sans-serif;\"><strong>L\u2019objectif p\u00e9dagogique<\/strong> de ce projet est de former les \u00e9tudiants \u00e0 mettre en \u0153uvre collectivement une ligne \u00e9ditoriale. Ils exp\u00e9rimentent ainsi les imp\u00e9ratifs de l&#8217;animation et de l&#8217;organisation du travail en r\u00e9daction, pour assurer la conduite de toutes les t\u00e2ches rendant possible une publication journalistique (conf\u00e9rences de r\u00e9daction, conception des sujets, \u00e9dition, diffusion&#8230;)<br \/>\n<\/span><\/p>\n<p><img loading=\"lazy\" decoding=\"async\" class=\" wp-image-482 aligncenter\" src=\"https:\/\/blog.ube.fr\/master-journalisme\/wp-content\/uploads\/sites\/198\/2024\/02\/Papelar-Media-tout-terrain-300x300.jpg\" alt=\"\" width=\"505\" height=\"505\" srcset=\"https:\/\/blog.ube.fr\/master-journalisme\/wp-content\/uploads\/sites\/198\/2024\/02\/Papelar-Media-tout-terrain-300x300.jpg 300w, https:\/\/blog.ube.fr\/master-journalisme\/wp-content\/uploads\/sites\/198\/2024\/02\/Papelar-Media-tout-terrain-1024x1024.jpg 1024w, https:\/\/blog.ube.fr\/master-journalisme\/wp-content\/uploads\/sites\/198\/2024\/02\/Papelar-Media-tout-terrain-150x150.jpg 150w, https:\/\/blog.ube.fr\/master-journalisme\/wp-content\/uploads\/sites\/198\/2024\/02\/Papelar-Media-tout-terrain-768x768.jpg 768w, https:\/\/blog.ube.fr\/master-journalisme\/wp-content\/uploads\/sites\/198\/2024\/02\/Papelar-Media-tout-terrain-1536x1536.jpg 1536w, https:\/\/blog.ube.fr\/master-journalisme\/wp-content\/uploads\/sites\/198\/2024\/02\/Papelar-Media-tout-terrain.jpg 2048w\" sizes=\"auto, (max-width: 505px) 100vw, 505px\" \/><\/p>\n<p>&nbsp;<\/p>\n<p><span style=\"font-family: helvetica, arial, sans-serif; font-size: 12pt;\">Responsable de publication : J\u00e9r\u00f4me Berthaut<\/span><\/p>\n<p><span style=\"font-family: helvetica, arial, sans-serif; font-size: 12pt;\">Design et conception web : <a href=\"https:\/\/pierreolivierbobo.fr\/\" target=\"_blank\" rel=\"noopener\">Pierre-Olivier Bobo<\/a><\/span><\/p>\n<p><span style=\"font-family: helvetica, arial, sans-serif; font-size: 12pt;\">Conseil \u00e9ditorial \u00e0 la cr\u00e9ation et d\u00e9veloppement du site : <a href=\"https:\/\/www.upian.com\/fr\/\">Upian<\/a><\/span><\/p>\n<p>&nbsp;<\/p>\n<p>&nbsp;<\/p>\n<p><img loading=\"lazy\" decoding=\"async\" class=\" wp-image-524 aligncenter\" src=\"https:\/\/blog.ube.fr\/master-journalisme\/wp-content\/uploads\/sites\/198\/2024\/04\/equipe-fondatrice-Papelar-2024-300x192.png\" alt=\"\" width=\"493\" height=\"315\" srcset=\"https:\/\/blog.ube.fr\/master-journalisme\/wp-content\/uploads\/sites\/198\/2024\/04\/equipe-fondatrice-Papelar-2024-300x192.png 300w, https:\/\/blog.ube.fr\/master-journalisme\/wp-content\/uploads\/sites\/198\/2024\/04\/equipe-fondatrice-Papelar-2024-1024x654.png 1024w, https:\/\/blog.ube.fr\/master-journalisme\/wp-content\/uploads\/sites\/198\/2024\/04\/equipe-fondatrice-Papelar-2024-768x491.png 768w, https:\/\/blog.ube.fr\/master-journalisme\/wp-content\/uploads\/sites\/198\/2024\/04\/equipe-fondatrice-Papelar-2024.png 1247w\" sizes=\"auto, (max-width: 493px) 100vw, 493px\" \/><\/p>\n<p><span style=\"font-family: helvetica, arial, sans-serif;\">Lire l&#8217;article &#8220;<a href=\"https:\/\/journal-du-palais.fr\/au-sommaire\/entreprises\/papelar-le-media-etudiant-qui-s-ecrit-dans-les-marges\"><em>Papelar, le media \u00e9tudiant qui s\u2019\u00e9crit dans les marges<\/em><\/a>&#8221; publi\u00e9 dans <a href=\"https:\/\/journal-du-palais.fr\/au-sommaire\/entreprises\/papelar-le-media-etudiant-qui-s-ecrit-dans-les-marges\">Le Journal du Palais (28\/03\/2024)<\/a><\/span><\/p>\n","protected":false},"excerpt":{"rendered":"<p>&nbsp; En f\u00e9vrier 2024, les \u00e9tudiants de 1\u00e8re et 2\u00e8me ann\u00e9e du master ont lanc\u00e9 Papelar, un nouveau journal en ligne. Le projet \u00e9ditorial se r\u00e9sume en un slogan &#8211; &#8220;M\u00e9dia tout terrain&#8221; &#8211; et quatre mots-cl\u00e9s : Jeunesse, Terrain, Transparence &amp; En marge. Pour en savoir plus, lire le manifeste de la r\u00e9daction. &nbsp;&hellip;<\/p>\n<p class=\"more-link-p\"><a class=\"btn btn-primary\" href=\"https:\/\/blog.ube.fr\/master-journalisme\/papelar-le-media\/\">Voir plus &rarr;<\/a><\/p>\n","protected":false},"author":5570,"featured_media":0,"parent":0,"menu_order":0,"comment_status":"closed","ping_status":"closed","template":"","meta":{"footnotes":""},"class_list":["post-24","page","type-page","status-publish","hentry"],"_links":{"self":[{"href":"https:\/\/blog.ube.fr\/master-journalisme\/wp-json\/wp\/v2\/pages\/24","targetHints":{"allow":["GET"]}}],"collection":[{"href":"https:\/\/blog.ube.fr\/master-journalisme\/wp-json\/wp\/v2\/pages"}],"about":[{"href":"https:\/\/blog.ube.fr\/master-journalisme\/wp-json\/wp\/v2\/types\/page"}],"author":[{"embeddable":true,"href":"https:\/\/blog.ube.fr\/master-journalisme\/wp-json\/wp\/v2\/users\/5570"}],"replies":[{"embeddable":true,"href":"https:\/\/blog.ube.fr\/master-journalisme\/wp-json\/wp\/v2\/comments?post=24"}],"version-history":[{"count":20,"href":"https:\/\/blog.ube.fr\/master-journalisme\/wp-json\/wp\/v2\/pages\/24\/revisions"}],"predecessor-version":[{"id":555,"href":"https:\/\/blog.ube.fr\/master-journalisme\/wp-json\/wp\/v2\/pages\/24\/revisions\/555"}],"wp:attachment":[{"href":"https:\/\/blog.ube.fr\/master-journalisme\/wp-json\/wp\/v2\/media?parent=24"}],"curies":[{"name":"wp","href":"https:\/\/api.w.org\/{rel}","templated":true}]}}