{"id":23,"date":"2024-01-09T11:25:25","date_gmt":"2024-01-09T10:25:25","guid":{"rendered":"https:\/\/blog.u-bourgogne.fr\/master-journalisme\/?page_id=23"},"modified":"2025-01-21T15:52:27","modified_gmt":"2025-01-21T14:52:27","slug":"lalternance","status":"publish","type":"page","link":"https:\/\/blog.ube.fr\/master-journalisme\/lalternance\/","title":{"rendered":"L\u2019alternance"},"content":{"rendered":"<p><span style=\"font-family: helvetica, arial, sans-serif; font-size: 12pt;\">Le cursus du Master peut \u00e9galement \u00eatre suivi en alternance en M1 et M2, dans le cadre d&#8217;un <strong>contrat d\u2019apprentissage<\/strong>, d&#8217;un <strong>contrat de professionnalisation<\/strong> ou, pour les salari\u00e9s et agents en poste, via un dispositif de <strong>reconversion<\/strong> ou de promotion par l&#8217;alternance.<\/span><\/p>\n<p><span style=\"font-family: helvetica, arial, sans-serif; font-size: 12pt;\">A titre d&#8217;exemples, au cours des derni\u00e8res ann\u00e9es, des \u00e9tudiants du M2 ont sign\u00e9 des contrats d&#8217;alternance avec\u00a0<em>Ouest France, Le Dauphin\u00e9 Lib\u00e9r\u00e9, L\u2019Est \u00c9clair, Le R\u00e9publicain Lorrain, Explore Media, Autoroute INFO, Le Bien Public, Le Journal de Sa\u00f4ne-et-Loire, France 3 Bourgogne<\/em>\u2026<\/span><\/p>\n<p><span style=\"font-family: helvetica, arial, sans-serif; font-size: 12pt;\">Comme pour la formation initiale, les candidatures <strong>en Master 1<\/strong> Journalisme seront \u00e0 d\u00e9poser sur <a href=\"https:\/\/www.monmaster.gouv.fr\/\"><strong>monmaster.gouv.fr <\/strong><\/a>entre le 25 f\u00e9vrier et le 24 mars 2025. Pour les candidatures en alternance, les r\u00e9ponses seront communiqu\u00e9es le 2 mai. Les propositions pour les formations en alternance seront disponibles le 13 juin. L&#8217;alternance \u00e0 partir du <strong>Master 2<\/strong> se met en place apr\u00e8s l&#8217;admission \u00e0 l&#8217;issue du M1 ou apr\u00e8s admission directe via ecandidat.<br \/>\n<\/span><\/p>\n<p>&nbsp;<\/p>\n<p><span style=\"font-family: helvetica, arial, sans-serif; font-size: 12pt;\"><strong>Pour plus d&#8217;informations sur le d\u00e9roulement de la formation,<\/strong> contacter le responsable p\u00e9dagogique : jerome.berthaut@u-bourgogne.fr<\/span><\/p>\n<p><span style=\"font-family: helvetica, arial, sans-serif; font-size: 12pt;\"><strong>Pour plus d&#8217;informations sur les modalit\u00e9s administratives et les avantages financiers<\/strong> de l&#8217;alternance, contacter le Service Commun de Formations Continue et par Alternance (SEFCA) de l&#8217;universit\u00e9 de Bourgogne : 03 80 39 51 80 &#8211; <span id=\"cloak881704fc843eada8d7b81c32d24e99d6\">formation.continue-infocom@u-bourgogne.fr<\/span><span id=\"OBJ_PREFIX_DWT3755_ZmEmailObjectHandler\" role=\"link\"><span id=\"OBJ_PREFIX_DWT3789_ZmEmailObjectHandler\" role=\"link\"><\/span><\/span><\/span><\/p>\n<p><span style=\"font-family: helvetica, arial, sans-serif; font-size: 12pt;\">Contacts SEFCA :<\/span><\/p>\n<p><span style=\"font-family: helvetica, arial, sans-serif; font-size: 12pt;\">Lucie Bonnot, charg\u00e9 d&#8217;ing\u00e9nierie : 06 69 03 37 69 &#8211; Lucie.Bonot@u-bourgogne.fr<br \/>\n<\/span><\/p>\n<p><span style=\"font-family: helvetica, arial, sans-serif; font-size: 12pt;\">Laetitia Terreau, charg\u00e9e de gestion de formation : 06 66 69 45 00 &#8211; laetitia.terreau@u-bourgogne.fr<\/span><\/p>\n<p>&nbsp;<\/p>\n","protected":false},"excerpt":{"rendered":"<p>Le cursus du Master peut \u00e9galement \u00eatre suivi en alternance en M1 et M2, dans le cadre d&#8217;un contrat d\u2019apprentissage, d&#8217;un contrat de professionnalisation ou, pour les salari\u00e9s et agents en poste, via un dispositif de reconversion ou de promotion par l&#8217;alternance. A titre d&#8217;exemples, au cours des derni\u00e8res ann\u00e9es, des \u00e9tudiants du M2 ont&hellip;<\/p>\n<p class=\"more-link-p\"><a class=\"btn btn-primary\" href=\"https:\/\/blog.ube.fr\/master-journalisme\/lalternance\/\">Voir plus &rarr;<\/a><\/p>\n","protected":false},"author":5570,"featured_media":0,"parent":0,"menu_order":0,"comment_status":"closed","ping_status":"closed","template":"","meta":{"footnotes":""},"class_list":["post-23","page","type-page","status-publish","hentry"],"_links":{"self":[{"href":"https:\/\/blog.ube.fr\/master-journalisme\/wp-json\/wp\/v2\/pages\/23","targetHints":{"allow":["GET"]}}],"collection":[{"href":"https:\/\/blog.ube.fr\/master-journalisme\/wp-json\/wp\/v2\/pages"}],"about":[{"href":"https:\/\/blog.ube.fr\/master-journalisme\/wp-json\/wp\/v2\/types\/page"}],"author":[{"embeddable":true,"href":"https:\/\/blog.ube.fr\/master-journalisme\/wp-json\/wp\/v2\/users\/5570"}],"replies":[{"embeddable":true,"href":"https:\/\/blog.ube.fr\/master-journalisme\/wp-json\/wp\/v2\/comments?post=23"}],"version-history":[{"count":12,"href":"https:\/\/blog.ube.fr\/master-journalisme\/wp-json\/wp\/v2\/pages\/23\/revisions"}],"predecessor-version":[{"id":635,"href":"https:\/\/blog.ube.fr\/master-journalisme\/wp-json\/wp\/v2\/pages\/23\/revisions\/635"}],"wp:attachment":[{"href":"https:\/\/blog.ube.fr\/master-journalisme\/wp-json\/wp\/v2\/media?parent=23"}],"curies":[{"name":"wp","href":"https:\/\/api.w.org\/{rel}","templated":true}]}}