{"id":22,"date":"2024-01-09T11:25:51","date_gmt":"2024-01-09T10:25:51","guid":{"rendered":"https:\/\/blog.u-bourgogne.fr\/master-journalisme\/?page_id=22"},"modified":"2025-05-30T09:59:41","modified_gmt":"2025-05-30T07:59:41","slug":"presse-ecrite-photo","status":"publish","type":"page","link":"https:\/\/blog.ube.fr\/master-journalisme\/presse-ecrite-photo\/","title":{"rendered":"Presse \u00e9crite &#038; Photoreportage"},"content":{"rendered":"<p class=\"chapo\"><span style=\"font-family: helvetica, arial, sans-serif;\">La formation \u00e0 la presse \u00e9crite est une composante centrale du cursus en master 1, tourn\u00e9 vers l&#8217;acquisition des <strong>fondamentaux du m\u00e9tier<\/strong>. L&#8217;apprentissage de <strong>l&#8217;\u00e9criture journalistique<\/strong> et du <strong>photoreportage<\/strong> visent \u00e9galement \u00e0 d\u00e9velopper un go\u00fbt et des aptitudes \u00e0 <strong>s&#8217;immerger sur des terrains vari\u00e9s<\/strong>. En Master 2, la presse \u00e9crite fait l&#8217;objet d&#8217;une<\/span><span style=\"font-family: helvetica, arial, sans-serif;\"> option de perfectionnement.<strong><br \/>\n<\/strong><\/span><\/p>\n<p><span style=\"font-family: helvetica, arial, sans-serif;\">En plus des exercices en cours, la formation \u00e0 la pratique repose sur la r\u00e9alisation de <strong>projets de presse <\/strong>qui permettent aux \u00e9tudiants d&#8217;exp\u00e9rimenter le travail collectif d&#8217;une r\u00e9daction au service d&#8217;une ligne \u00e9ditoriale. <\/span><\/p>\n<p><span style=\"font-family: helvetica, arial, sans-serif;\">Depuis 2<\/span><span style=\"font-family: helvetica, arial, sans-serif;\">024, c&#8217;est <a href=\"https:\/\/blog.ube.fr\/master-journalisme\/papelar-le-media\/\"><strong>Papelar, un nouveau media d&#8217;information en ligne<\/strong><\/a> lanc\u00e9 par le master qui est le principal support de diffusion de ces <a href=\"https:\/\/www.papelar.fr\/category\/presse-ecrite\/\">productions \u00e9crites<\/a> et <a href=\"https:\/\/www.papelar.fr\/category\/portfolios\/\">photos<\/a>. <\/span><\/p>\n<p><span style=\"font-family: helvetica, arial, sans-serif;\">De 2017 \u00e0 2022, le master a publi\u00e9 <strong>la revue imprim\u00e9e R45<\/strong> con\u00e7ue sur le mod\u00e8le d&#8217;un mook. D<\/span><span style=\"font-family: helvetica, arial, sans-serif;\">ans une logique de collection, chaque num\u00e9ro aborde sur une centaine de pages une th\u00e9matique unique : \u00abIntimit\u00e9s\u00bb (<span id=\"OBJ_PREFIX_DWT431_com_zimbra_date\"><span id=\"OBJ_PREFIX_DWT440_com_zimbra_date\">f\u00e9vrier 2018<\/span><\/span>), \u00abTravailler autrement\u00bb (<span id=\"OBJ_PREFIX_DWT432_com_zimbra_date\"><span id=\"OBJ_PREFIX_DWT441_com_zimbra_date\">f\u00e9vrier 2019<\/span><\/span>), \u00abBerlin 1989-2019\u00bb (<span id=\"OBJ_PREFIX_DWT1435_com_zimbra_date\" role=\"link\">novembre 2019<\/span>)&#8230; La revue se d\u00e9cline aussi en<strong> formats audio<\/strong> r\u00e9alis\u00e9s par les \u00e9tudiants en sp\u00e9cialit\u00e9 radio.<\/span><\/p>\n<p>&nbsp;<\/p>\n<p><em><span style=\"font-size: 14pt;\"><strong><span style=\"font-family: helvetica, arial, sans-serif;\">Quelques productions r\u00e9centes en presse \u00e9crite et photo :<\/span><\/strong><\/span><\/em><\/p>\n<ul>\n<li><span style=\"font-family: helvetica, arial, sans-serif;\"><strong>D<span style=\"font-family: helvetica, arial, sans-serif;\">o<\/span>ssiers diffus\u00e9s en ligne <\/strong>en 2023, sur la pratique du football &#8220;<a href=\"https:\/\/preview.shorthand.com\/25PAFY9MHbed1uVg\">Au c\u0153ur de la formation<\/a>&#8221;\u00a0et &#8220;<a href=\"https:\/\/preview.shorthand.com\/Nts0v8vQPiWdMSmb\">La sant\u00e9 mentale dans le football, un tabou \u00e0 briser<\/a>&#8221;\u00a0; et sur l&#8217;endom\u00e9triose, &#8220;<a href=\"https:\/\/medium.com\/@morganemdn\/endom%C3%A9triose-le-poids-du-patriarcat-3bfdce5c7939\">Le poids du patriarcat<\/a>&#8221;\u00a0et &#8220;<a href=\"https:\/\/medium.com\/@debona.bele\/lendom\u00e9triose-le-silence-de-la-douleur-848844cf1353\">Le silence de la douleur<\/a>&#8220;, et un reportage photos sur le <a href=\"https:\/\/www.instagram.com\/p\/Cpp8gggIyV-\/?utm_source=ig_web_copy_link&amp;igshid=MmJiY2I4NDBkZg==\">club de boxe<\/a> du quartier des Bourroches \u00e0 Dijon&#8230;<br \/>\n<\/span><\/li>\n<\/ul>\n<p>&nbsp;<\/p>\n<p><img loading=\"lazy\" decoding=\"async\" class=\"alignnone wp-image-449 aligncenter\" src=\"https:\/\/blog.ube.fr\/master-journalisme\/wp-content\/uploads\/sites\/198\/2024\/02\/Boxe--300x200.png\" alt=\"\" width=\"505\" height=\"336\" srcset=\"https:\/\/blog.ube.fr\/master-journalisme\/wp-content\/uploads\/sites\/198\/2024\/02\/Boxe--300x200.png 300w, https:\/\/blog.ube.fr\/master-journalisme\/wp-content\/uploads\/sites\/198\/2024\/02\/Boxe--1024x683.png 1024w, https:\/\/blog.ube.fr\/master-journalisme\/wp-content\/uploads\/sites\/198\/2024\/02\/Boxe--768x512.png 768w, https:\/\/blog.ube.fr\/master-journalisme\/wp-content\/uploads\/sites\/198\/2024\/02\/Boxe-.png 1233w\" sizes=\"auto, (max-width: 505px) 100vw, 505px\" \/><\/p>\n<p>&nbsp;<\/p>\n<ul>\n<li><strong><span style=\"font-family: helvetica, arial, sans-serif;\">Quelques num\u00e9ros de la revue R45<\/span><\/strong><span style=\"font-family: helvetica, arial, sans-serif;\"> (2017-2022)<\/span><strong><span style=\"font-family: helvetica, arial, sans-serif;\"><br \/>\n<\/span><\/strong><\/li>\n<\/ul>\n<p style=\"text-align: center;\"><a href=\"https:\/\/drive.google.com\/file\/d\/10StJCRKChMn6xg68DTyZxmUX5NXvLz3E\/view\"><img loading=\"lazy\" decoding=\"async\" class=\" wp-image-429 aligncenter\" src=\"https:\/\/blog.ube.fr\/master-journalisme\/wp-content\/uploads\/sites\/198\/2024\/02\/Couverture-R45-Travailler-autrement-225x300.png\" alt=\"\" width=\"349\" height=\"465\" srcset=\"https:\/\/blog.ube.fr\/master-journalisme\/wp-content\/uploads\/sites\/198\/2024\/02\/Couverture-R45-Travailler-autrement-225x300.png 225w, https:\/\/blog.ube.fr\/master-journalisme\/wp-content\/uploads\/sites\/198\/2024\/02\/Couverture-R45-Travailler-autrement-767x1024.png 767w, https:\/\/blog.ube.fr\/master-journalisme\/wp-content\/uploads\/sites\/198\/2024\/02\/Couverture-R45-Travailler-autrement-768x1026.png 768w, https:\/\/blog.ube.fr\/master-journalisme\/wp-content\/uploads\/sites\/198\/2024\/02\/Couverture-R45-Travailler-autrement-1150x1536.png 1150w, https:\/\/blog.ube.fr\/master-journalisme\/wp-content\/uploads\/sites\/198\/2024\/02\/Couverture-R45-Travailler-autrement.png 1234w\" sizes=\"auto, (max-width: 349px) 100vw, 349px\" \/><\/a><span style=\"font-family: helvetica, arial, sans-serif;\">La Revue R45 &#8211; &#8220;<a href=\"https:\/\/drive.google.com\/file\/d\/10StJCRKChMn6xg68DTyZxmUX5NXvLz3E\/view\">Travailler autrement<\/a>&#8221; &#8211; #2<\/span><\/p>\n<p style=\"text-align: center;\"><span style=\"font-family: helvetica, arial, sans-serif;\">Les <a href=\"https:\/\/soundcloud.com\/user-671505982\/sets\/revue-r45-reportages-audios\">reportages version audio <\/a><\/span><\/p>\n<p style=\"text-align: center;\"><span style=\"font-family: helvetica, arial, sans-serif;\">Pr\u00e9sentation sur le <a href=\"https:\/\/www.facebook.com\/watch\/?v=1183919885114221\">plateau de France 3<\/a><\/span><\/p>\n<p>&nbsp;<\/p>\n<div><a href=\"https:\/\/drive.google.com\/file\/d\/1jN19YkeugrOfaeDXP8Er9HA1Xuee5w4G\/view\"><img loading=\"lazy\" decoding=\"async\" class=\"alignnone wp-image-434 aligncenter\" src=\"https:\/\/blog.ube.fr\/master-journalisme\/wp-content\/uploads\/sites\/198\/2024\/02\/Couverture-R45-Berlin-225x300.png\" alt=\"\" width=\"343\" height=\"457\" srcset=\"https:\/\/blog.ube.fr\/master-journalisme\/wp-content\/uploads\/sites\/198\/2024\/02\/Couverture-R45-Berlin-225x300.png 225w, https:\/\/blog.ube.fr\/master-journalisme\/wp-content\/uploads\/sites\/198\/2024\/02\/Couverture-R45-Berlin-767x1024.png 767w, https:\/\/blog.ube.fr\/master-journalisme\/wp-content\/uploads\/sites\/198\/2024\/02\/Couverture-R45-Berlin-768x1026.png 768w, https:\/\/blog.ube.fr\/master-journalisme\/wp-content\/uploads\/sites\/198\/2024\/02\/Couverture-R45-Berlin.png 1084w\" sizes=\"auto, (max-width: 343px) 100vw, 343px\" \/><\/a><\/div>\n<div style=\"text-align: center;\"><span style=\"font-family: helvetica, arial, sans-serif;\"><em>La revue R45 &#8220;<a href=\"https:\/\/drive.google.com\/file\/d\/1jN19YkeugrOfaeDXP8Er9HA1Xuee5w4G\/view\">Berlin 1989-2019<\/a>&#8221; &#8211; #3<\/em><\/span><\/div>\n<div style=\"text-align: center;\"><span style=\"font-family: helvetica, arial, sans-serif;\"><a href=\"https:\/\/soundcloud.com\/user-671505982\/sets\/berlin-1989-2019-revue-r45-1\">Les reportages version audio<\/a><\/span><\/div>\n<div><\/div>\n<div style=\"text-align: center;\"><\/div>\n<p><a href=\"https:\/\/drive.google.com\/file\/d\/14iA73aE6lqIlevlbnM51btvO91j-ER7j\/view\"><img loading=\"lazy\" decoding=\"async\" class=\" wp-image-436 aligncenter\" src=\"https:\/\/blog.ube.fr\/master-journalisme\/wp-content\/uploads\/sites\/198\/2024\/02\/Capture-decran-2024-02-17-a-14.24.20-225x300.png\" alt=\"\" width=\"339\" height=\"452\" srcset=\"https:\/\/blog.ube.fr\/master-journalisme\/wp-content\/uploads\/sites\/198\/2024\/02\/Capture-decran-2024-02-17-a-14.24.20-225x300.png 225w, https:\/\/blog.ube.fr\/master-journalisme\/wp-content\/uploads\/sites\/198\/2024\/02\/Capture-decran-2024-02-17-a-14.24.20.png 737w\" sizes=\"auto, (max-width: 339px) 100vw, 339px\" \/><\/a><\/p>\n<p style=\"text-align: center;\"><span style=\"font-family: helvetica, arial, sans-serif;\"><em>La revue R45 &#8220;<a href=\"https:\/\/drive.google.com\/file\/d\/14iA73aE6lqIlevlbnM51btvO91j-ER7j\/view\">Du jardin \u00e0 l&#8217;assiette<\/a>&#8221; &#8211; #5 <\/em><\/span><\/p>\n<p style=\"text-align: center;\"><span style=\"font-family: helvetica, arial, sans-serif;\"><a href=\"https:\/\/soundcloud.com\/du-jardin-a-lassiette\">Les reportages versions audio<\/a><\/span><\/p>\n<p>&nbsp;<\/p>\n","protected":false},"excerpt":{"rendered":"<p>La formation \u00e0 la presse \u00e9crite est une composante centrale du cursus en master 1, tourn\u00e9 vers l&#8217;acquisition des fondamentaux du m\u00e9tier. L&#8217;apprentissage de l&#8217;\u00e9criture journalistique et du photoreportage visent \u00e9galement \u00e0 d\u00e9velopper un go\u00fbt et des aptitudes \u00e0 s&#8217;immerger sur des terrains vari\u00e9s. En Master 2, la presse \u00e9crite fait l&#8217;objet d&#8217;une option de&hellip;<\/p>\n<p class=\"more-link-p\"><a class=\"btn btn-primary\" href=\"https:\/\/blog.ube.fr\/master-journalisme\/presse-ecrite-photo\/\">Voir plus &rarr;<\/a><\/p>\n","protected":false},"author":5570,"featured_media":0,"parent":0,"menu_order":0,"comment_status":"closed","ping_status":"closed","template":"","meta":{"footnotes":""},"class_list":["post-22","page","type-page","status-publish","hentry"],"_links":{"self":[{"href":"https:\/\/blog.ube.fr\/master-journalisme\/wp-json\/wp\/v2\/pages\/22","targetHints":{"allow":["GET"]}}],"collection":[{"href":"https:\/\/blog.ube.fr\/master-journalisme\/wp-json\/wp\/v2\/pages"}],"about":[{"href":"https:\/\/blog.ube.fr\/master-journalisme\/wp-json\/wp\/v2\/types\/page"}],"author":[{"embeddable":true,"href":"https:\/\/blog.ube.fr\/master-journalisme\/wp-json\/wp\/v2\/users\/5570"}],"replies":[{"embeddable":true,"href":"https:\/\/blog.ube.fr\/master-journalisme\/wp-json\/wp\/v2\/comments?post=22"}],"version-history":[{"count":38,"href":"https:\/\/blog.ube.fr\/master-journalisme\/wp-json\/wp\/v2\/pages\/22\/revisions"}],"predecessor-version":[{"id":661,"href":"https:\/\/blog.ube.fr\/master-journalisme\/wp-json\/wp\/v2\/pages\/22\/revisions\/661"}],"wp:attachment":[{"href":"https:\/\/blog.ube.fr\/master-journalisme\/wp-json\/wp\/v2\/media?parent=22"}],"curies":[{"name":"wp","href":"https:\/\/api.w.org\/{rel}","templated":true}]}}