{"id":21,"date":"2024-01-09T11:25:28","date_gmt":"2024-01-09T10:25:28","guid":{"rendered":"https:\/\/blog.u-bourgogne.fr\/master-journalisme\/?page_id=21"},"modified":"2024-01-23T12:38:11","modified_gmt":"2024-01-23T11:38:11","slug":"vae-vap","status":"publish","type":"page","link":"https:\/\/blog.ube.fr\/master-journalisme\/vae-vap\/","title":{"rendered":"VAE \/ VAP"},"content":{"rendered":"<p>&nbsp;<\/p>\n<h2 class=\"lg:text-[40px] lg:leading-[44px] xl:text-7xl xl:leading-[80px]\"><span style=\"font-family: helvetica, arial, sans-serif;\"><strong>La Validation des Acquis de l&#8217;Exp\u00e9rience (VAE)<\/strong> <\/span><\/h2>\n<p class=\"lg:text-[40px] lg:leading-[44px] xl:text-7xl xl:leading-[80px]\"><span style=\"font-family: helvetica, arial, sans-serif;\">La VAE est un dispositif qui permet d\u2019<strong>obtenir une certification <\/strong>(ici le master Journalisme)<strong> gr\u00e2ce \u00e0 l&#8217;exp\u00e9rience accumul\u00e9e<\/strong>. Toutes les activit\u00e9s (actuelles et pass\u00e9es) <strong>sont prises en compte :<\/strong> exp\u00e9riences personnelles et professionnelles, b\u00e9n\u00e9volat, participation \u00e0 des activit\u00e9s de volontariats, activit\u00e9s sportives de haut niveau, etc. Ces exp\u00e9riences doivent \u00eatre en rapport avec le dipl\u00f4me vis\u00e9. Elles font l&#8217;objet de la r\u00e9daction d&#8217;un m\u00e9moire d\u00e9taill\u00e9, soutenu devant un jury qui d\u00e9livre le master.<br \/>\n<\/span><\/p>\n<p><span style=\"font-family: helvetica, arial, sans-serif;\"><em><span style=\"text-decoration: underline;\"><strong>Attention, une r\u00e9forme nationale est en cours<\/strong><\/span><\/em>. Contacter le P\u00f4le VAE de l&#8217;universit\u00e9 de Bourgogne avant d&#8217;entreprendre toute candidature.<\/span><\/p>\n<p><span style=\"font-family: helvetica, arial, sans-serif;\">Pour plus d&#8217;informations :<\/span><\/p>\n<ul>\n<li><span style=\"font-family: helvetica, arial, sans-serif;\">contact : <span id=\"OBJ_PREFIX_DWT13146_ZmEmailObjectHandler\" class=\"Object\" role=\"link\"><span id=\"OBJ_PREFIX_DWT13200_ZmEmailObjectHandler\" class=\"Object\" role=\"link\"><\/span><\/span><a href=\"mailto:vae@u-bourgogne.fr\" target=\"_blank\" rel=\"nofollow noopener noreferrer\">vae@u-bourgogne.fr<\/a><\/span><\/li>\n<li><span style=\"font-family: helvetica, arial, sans-serif;\">le site :\u00a0<span id=\"OBJ_PREFIX_DWT13145_com_zimbra_url\" class=\"Object\" role=\"link\"><span id=\"OBJ_PREFIX_DWT13199_com_zimbra_url\" class=\"Object\" role=\"link\"><a href=\"https:\/\/sefca.u-bourgogne.fr\/valider-ses-acquis\/vae.html\" target=\"_blank\" rel=\"nofollow noopener noreferrer\">https:\/\/sefca.u-bourgogne.fr\/valider-ses-acquis\/vae.html<\/a><\/span><\/span> <\/span><\/li>\n<\/ul>\n<p>&nbsp;<\/p>\n<p><span style=\"font-family: helvetica, arial, sans-serif;\"><strong><span style=\"font-size: 18pt;\">La <\/span><span style=\"font-size: 18pt;\">Validation des Acquis Professionnels (VAP)<\/span> <\/strong><\/span><\/p>\n<p><span style=\"font-family: helvetica, arial, sans-serif;\">La VAP est un dispositif qui permet d\u2019<strong>int\u00e9grer une formation de l&#8217;enseignement sup\u00e9rieur, sans avoir le dipl\u00f4me requis<\/strong>. L&#8217;ensemble des exp\u00e9riences professionnelles et personnelles du candidat sont reconnues et lui permettent d&#8217;acc\u00e9der \u00e0 la formation sans les dipl\u00f4mes exig\u00e9s.<\/span><\/p>\n<p><span style=\"font-family: helvetica, arial, sans-serif;\">Conditions de candidature :<\/span><\/p>\n<ul>\n<li><span style=\"font-family: helvetica, arial, sans-serif;\">avoir interrompu ses \u00e9tudes initiales depuis au moins deux ans,<\/span><\/li>\n<li><span style=\"font-family: helvetica, arial, sans-serif;\">\u00eatre \u00e2g\u00e9 d&#8217;au moins 20 ans pour les non titulaires du baccalaur\u00e9at,<\/span><\/li>\n<li><span style=\"font-family: helvetica, arial, sans-serif;\">respecter un d\u00e9lai de 3 ans si vous avez \u00e9t\u00e9 inscrit dans une formation permettant l\u2019acc\u00e8s au dipl\u00f4me que vous souhaitez int\u00e9grer et que vous n\u2019avez pas r\u00e9ussi les examens finaux.<\/span><\/li>\n<\/ul>\n<p><span style=\"font-family: helvetica, arial, sans-serif;\">Pour plus d&#8217;informations : <\/span><\/p>\n<ul>\n<li><span style=\"font-family: helvetica, arial, sans-serif;\">contact : <a href=\"mailto:formation.continue@u-bourgogne.fr\">formation.continue@u-bourgogne.fr<\/a><\/span><\/li>\n<li><span style=\"font-family: helvetica, arial, sans-serif;\">le site : <a href=\"https:\/\/sefca.u-bourgogne.fr\/valider-ses-acquis\/vap.html\">https:\/\/sefca.u-bourgogne.fr\/valider-ses-acquis\/vap.html<\/a><\/span><\/li>\n<\/ul>\n","protected":false},"excerpt":{"rendered":"<p>&nbsp; La Validation des Acquis de l&#8217;Exp\u00e9rience (VAE) La VAE est un dispositif qui permet d\u2019obtenir une certification (ici le master Journalisme) gr\u00e2ce \u00e0 l&#8217;exp\u00e9rience accumul\u00e9e. Toutes les activit\u00e9s (actuelles et pass\u00e9es) sont prises en compte : exp\u00e9riences personnelles et professionnelles, b\u00e9n\u00e9volat, participation \u00e0 des activit\u00e9s de volontariats, activit\u00e9s sportives de haut niveau, etc. Ces&hellip;<\/p>\n<p class=\"more-link-p\"><a class=\"btn btn-primary\" href=\"https:\/\/blog.ube.fr\/master-journalisme\/vae-vap\/\">Voir plus &rarr;<\/a><\/p>\n","protected":false},"author":5570,"featured_media":0,"parent":0,"menu_order":0,"comment_status":"closed","ping_status":"closed","template":"","meta":{"footnotes":""},"class_list":["post-21","page","type-page","status-publish","hentry"],"_links":{"self":[{"href":"https:\/\/blog.ube.fr\/master-journalisme\/wp-json\/wp\/v2\/pages\/21","targetHints":{"allow":["GET"]}}],"collection":[{"href":"https:\/\/blog.ube.fr\/master-journalisme\/wp-json\/wp\/v2\/pages"}],"about":[{"href":"https:\/\/blog.ube.fr\/master-journalisme\/wp-json\/wp\/v2\/types\/page"}],"author":[{"embeddable":true,"href":"https:\/\/blog.ube.fr\/master-journalisme\/wp-json\/wp\/v2\/users\/5570"}],"replies":[{"embeddable":true,"href":"https:\/\/blog.ube.fr\/master-journalisme\/wp-json\/wp\/v2\/comments?post=21"}],"version-history":[{"count":5,"href":"https:\/\/blog.ube.fr\/master-journalisme\/wp-json\/wp\/v2\/pages\/21\/revisions"}],"predecessor-version":[{"id":285,"href":"https:\/\/blog.ube.fr\/master-journalisme\/wp-json\/wp\/v2\/pages\/21\/revisions\/285"}],"wp:attachment":[{"href":"https:\/\/blog.ube.fr\/master-journalisme\/wp-json\/wp\/v2\/media?parent=21"}],"curies":[{"name":"wp","href":"https:\/\/api.w.org\/{rel}","templated":true}]}}