{"id":20,"date":"2024-01-09T11:25:12","date_gmt":"2024-01-09T10:25:12","guid":{"rendered":"https:\/\/blog.u-bourgogne.fr\/master-journalisme\/?page_id=20"},"modified":"2026-04-01T08:32:16","modified_gmt":"2026-04-01T06:32:16","slug":"formation-initiale","status":"publish","type":"page","link":"https:\/\/blog.ube.fr\/master-journalisme\/formation-initiale\/","title":{"rendered":"Formation initiale"},"content":{"rendered":"<p><span class=\"chapo\" style=\"font-family: helvetica, arial, sans-serif;\">L\u2019entr\u00e9e dans la formation repose sur une s\u00e9lection sur dossiers.<\/span><\/p>\n<p><span style=\"font-family: helvetica, arial, sans-serif;\">Les candidatures <strong>en Master 1<\/strong> Journalisme seront \u00e0 d\u00e9poser sur <span style=\"color: #000000;\"><a style=\"color: #000000;\" href=\"https:\/\/www.monmaster.gouv.fr\/\"><strong>monmaster.gouv.fr <\/strong><\/a>entr<\/span>e le 17 f\u00e9vrier et le 16 mars 2026. Les r\u00e9sultats sont publi\u00e9s le 3 juin 2026. Commence alors la 1\u00e8re phase d&#8217;admission jusqu&#8217;au 16 juin 2026, suivie de la phase compl\u00e9mentaire.<br \/>\n<\/span><\/p>\n<p><span style=\"font-family: helvetica, arial, sans-serif;\">Les candidatures <strong>en Master 2<\/strong> Journalisme seront \u00e0 d\u00e9poser via la <span style=\"color: #000000;\"><a href=\"https:\/\/ecandidat.u-bourgogne.fr\/ecandidat\/#!accueilView\"><strong>plateforme eCandidat<\/strong> \u00e0 ce lien<\/a>, entre le 1er mai 2026 et le 15 juin 2026. Les r\u00e9sultats seront publi\u00e9s le 1er juillet 2026<\/span>. En cas d\u2019admissibilit\u00e9 apr\u00e8s examen du dossier, la commission p\u00e9dagogique programme<strong> un entretien compl\u00e9mentaire.<\/strong><\/span><\/p>\n<p><span style=\"font-family: helvetica, arial, sans-serif;\">Les \u00e9tudiants de nationalit\u00e9 \u00e9trang\u00e8res qui ne r\u00e9sident pas en France (hors programmes d\u2019\u00e9change) doivent passer par l&#8217;Espace Campus France ou la plateforme Mobility Online selon les cas. Vous devez absolument vous renseigner aupr\u00e8s du <a href=\"http:\/\/ub-link.u-bourgogne.fr\/etudiants-internationaux\/venir-a-titre-individuel.html\">P\u00f4le Relations Internationales<\/a> de l&#8217;Universit\u00e9 de Bourgogne avant toute autre d\u00e9marche.<\/span><\/p>\n<p>&nbsp;<\/p>\n<ul>\n<li><span style=\"font-family: helvetica, arial, sans-serif;\"><strong>Crit\u00e8res d&#8217;examen et de classement des dossiers de candidatures<\/strong> <\/span><\/li>\n<\/ul>\n<p style=\"padding-left: 40px;\"><span style=\"font-family: helvetica, arial, sans-serif;\">En plus de l&#8217;\u00e9valuation du niveau acad\u00e9mique global, la commission p\u00e9dagogique examine les dossiers remis par les candidats pour s\u2019assurer de leur conformit\u00e9 au regard des pr\u00e9-requis : validation d\u2019une licence ou d&#8217;un master 1 selon candidature en M1\/M2, bonne ma\u00eetrise d\u2019une langue \u00e9trang\u00e8re, comp\u00e9tences informatiques, motivations et compatibilit\u00e9 du projet professionnel avec l\u2019offre de formation propos\u00e9e, premi\u00e8res exp\u00e9riences dans le domaine des m\u00e9dias et du journalisme, et pour int\u00e9grer le Master 2, initiation minimum aux fondamentaux de presse \u00e9crite \/ radio \/ vid\u00e9o \/ photo.<\/span><\/p>\n<p>&nbsp;<\/p>\n","protected":false},"excerpt":{"rendered":"<p>L\u2019entr\u00e9e dans la formation repose sur une s\u00e9lection sur dossiers. Les candidatures en Master 1 Journalisme seront \u00e0 d\u00e9poser sur monmaster.gouv.fr entre le 17 f\u00e9vrier et le 16 mars 2026. Les r\u00e9sultats sont publi\u00e9s le 3 juin 2026. Commence alors la 1\u00e8re phase d&#8217;admission jusqu&#8217;au 16 juin 2026, suivie de la phase compl\u00e9mentaire. Les candidatures&hellip;<\/p>\n<p class=\"more-link-p\"><a class=\"btn btn-primary\" href=\"https:\/\/blog.ube.fr\/master-journalisme\/formation-initiale\/\">Voir plus &rarr;<\/a><\/p>\n","protected":false},"author":5570,"featured_media":0,"parent":0,"menu_order":0,"comment_status":"closed","ping_status":"closed","template":"","meta":{"footnotes":""},"class_list":["post-20","page","type-page","status-publish","hentry"],"_links":{"self":[{"href":"https:\/\/blog.ube.fr\/master-journalisme\/wp-json\/wp\/v2\/pages\/20","targetHints":{"allow":["GET"]}}],"collection":[{"href":"https:\/\/blog.ube.fr\/master-journalisme\/wp-json\/wp\/v2\/pages"}],"about":[{"href":"https:\/\/blog.ube.fr\/master-journalisme\/wp-json\/wp\/v2\/types\/page"}],"author":[{"embeddable":true,"href":"https:\/\/blog.ube.fr\/master-journalisme\/wp-json\/wp\/v2\/users\/5570"}],"replies":[{"embeddable":true,"href":"https:\/\/blog.ube.fr\/master-journalisme\/wp-json\/wp\/v2\/comments?post=20"}],"version-history":[{"count":23,"href":"https:\/\/blog.ube.fr\/master-journalisme\/wp-json\/wp\/v2\/pages\/20\/revisions"}],"predecessor-version":[{"id":710,"href":"https:\/\/blog.ube.fr\/master-journalisme\/wp-json\/wp\/v2\/pages\/20\/revisions\/710"}],"wp:attachment":[{"href":"https:\/\/blog.ube.fr\/master-journalisme\/wp-json\/wp\/v2\/media?parent=20"}],"curies":[{"name":"wp","href":"https:\/\/api.w.org\/{rel}","templated":true}]}}