{"id":19,"date":"2024-01-09T11:25:16","date_gmt":"2024-01-09T10:25:16","guid":{"rendered":"https:\/\/blog.u-bourgogne.fr\/master-journalisme\/?page_id=19"},"modified":"2026-02-11T17:38:47","modified_gmt":"2026-02-11T16:38:47","slug":"formation-continue","status":"publish","type":"page","link":"https:\/\/blog.ube.fr\/master-journalisme\/formation-continue\/","title":{"rendered":"Formation continue"},"content":{"rendered":"<p><span style=\"font-family: helvetica, arial, sans-serif;\">Le Master 1 et le Master 2 sont accessibles aux personnes ayant termin\u00e9 leurs \u00e9tudes et exerc\u00e9 une activit\u00e9 salari\u00e9e (ou ayant eu des exp\u00e9riences) dans le domaine de l\u2019information ou des domaines proches.<\/span><\/p>\n<p><span style=\"font-family: helvetica, arial, sans-serif; font-size: 12pt;\">Les candidatures <strong>en Master 1<\/strong> Journalisme seront \u00e0 d\u00e9poser sur <a href=\"https:\/\/www.monmaster.gouv.fr\/\"><strong>monmaster.gouv.fr <\/strong><\/a>entre le 17 f\u00e9vrier et le 16 mars 2026. Pour les candidatures en alternance, les r\u00e9ponses seront communiqu\u00e9es le 30 avril 2026. Les propositions pour les formations en alternance seront disponibles le 12 juin.<br \/>\n<\/span><\/p>\n<p><span style=\"font-family: helvetica, arial, sans-serif;\">Les candidatures <strong>en Master 2<\/strong> Journalisme seront \u00e0 d\u00e9poser via la <a href=\"https:\/\/ecandidat.u-bourgogne.fr\/ecandidat\/#!accueilView\"><strong>plateforme eCandidat<\/strong> \u00e0 ce lien<\/a>, entre le (date \u00e0 venir, en mai 2026) et le (date \u00e0 venir, en juin 2026). Les r\u00e9sultats seront publi\u00e9s le (date \u00e0 venir). En cas d\u2019admissibilit\u00e9 apr\u00e8s examen du dossier, la commission p\u00e9dagogique programme<strong> un entretien compl\u00e9mentaire.<\/strong><br \/>\n<\/span><\/p>\n<p><span style=\"font-family: helvetica, arial, sans-serif;\">Les candidats n\u2019ayant pas<span style=\"font-size: 12pt;\"> les dipl\u00f4mes requis mais justifiant d\u2019une exp\u00e9rience professionnelle suffisante dans le domaine, peuvent \u00ea<span style=\"font-family: helvetica, arial, sans-serif;\">tre s\u00e9lectionn\u00e9s pour int\u00e9grer la formation apr\u00e8s avoir suivi une proc\u00e9dure de <\/span><\/span><\/span><span style=\"font-size: 12pt; font-family: helvetica, arial, sans-serif;\">validation des acquis de l\u2019exp\u00e9rience (VAE) ou de validation des acquis professionnels (VAP).<\/span><\/p>\n<p><span style=\"font-family: helvetica, arial, sans-serif;\">Pour tout besoin d&#8217;\u00e9clairage et accompagnement, contacter l&#8217;<strong>\u00c9quipe formation continue &#8211; <\/strong><strong>Sciences de l&#8217;Information et de la Communication <\/strong>du Service Commun de Formations Continue et par Alternance &#8211; SEFCA de l&#8217;Universit\u00e9 Bourgogne Europe : <span id=\"OBJ_PREFIX_DWT120_ZmEmailObjectHandler\" class=\"Object\" role=\"link\">formation.continue-infocom@u-bourgogne.fr<\/span><\/span><\/p>\n","protected":false},"excerpt":{"rendered":"<p>Le Master 1 et le Master 2 sont accessibles aux personnes ayant termin\u00e9 leurs \u00e9tudes et exerc\u00e9 une activit\u00e9 salari\u00e9e (ou ayant eu des exp\u00e9riences) dans le domaine de l\u2019information ou des domaines proches. Les candidatures en Master 1 Journalisme seront \u00e0 d\u00e9poser sur monmaster.gouv.fr entre le 17 f\u00e9vrier et le 16 mars 2026. Pour&hellip;<\/p>\n<p class=\"more-link-p\"><a class=\"btn btn-primary\" href=\"https:\/\/blog.ube.fr\/master-journalisme\/formation-continue\/\">Voir plus &rarr;<\/a><\/p>\n","protected":false},"author":5570,"featured_media":0,"parent":0,"menu_order":0,"comment_status":"closed","ping_status":"closed","template":"","meta":{"footnotes":""},"class_list":["post-19","page","type-page","status-publish","hentry"],"_links":{"self":[{"href":"https:\/\/blog.ube.fr\/master-journalisme\/wp-json\/wp\/v2\/pages\/19","targetHints":{"allow":["GET"]}}],"collection":[{"href":"https:\/\/blog.ube.fr\/master-journalisme\/wp-json\/wp\/v2\/pages"}],"about":[{"href":"https:\/\/blog.ube.fr\/master-journalisme\/wp-json\/wp\/v2\/types\/page"}],"author":[{"embeddable":true,"href":"https:\/\/blog.ube.fr\/master-journalisme\/wp-json\/wp\/v2\/users\/5570"}],"replies":[{"embeddable":true,"href":"https:\/\/blog.ube.fr\/master-journalisme\/wp-json\/wp\/v2\/comments?post=19"}],"version-history":[{"count":18,"href":"https:\/\/blog.ube.fr\/master-journalisme\/wp-json\/wp\/v2\/pages\/19\/revisions"}],"predecessor-version":[{"id":704,"href":"https:\/\/blog.ube.fr\/master-journalisme\/wp-json\/wp\/v2\/pages\/19\/revisions\/704"}],"wp:attachment":[{"href":"https:\/\/blog.ube.fr\/master-journalisme\/wp-json\/wp\/v2\/media?parent=19"}],"curies":[{"name":"wp","href":"https:\/\/api.w.org\/{rel}","templated":true}]}}