{"id":13,"date":"2024-01-09T11:24:43","date_gmt":"2024-01-09T10:24:43","guid":{"rendered":"https:\/\/blog.u-bourgogne.fr\/master-journalisme\/?page_id=13"},"modified":"2026-01-07T18:40:22","modified_gmt":"2026-01-07T17:40:22","slug":"lequipe","status":"publish","type":"page","link":"https:\/\/blog.ube.fr\/master-journalisme\/lequipe\/","title":{"rendered":"L&#8217;\u00e9quipe"},"content":{"rendered":"<p><span style=\"color: #ff6600; font-family: helvetica, arial, sans-serif;\"><span style=\"color: #000000;\">Les enseignements sont assur\u00e9s par des enseignants-chercheurs et des professionnels du journalisme et des m\u00e9dias. Ils combinent des Cours Magistraux avec de nombreux Travaux Dirig\u00e9s d\u00e9di\u00e9s \u00e0 l&#8217;apprentissage pratique et \u00e0 la production de projets de publications \u00e9crites, audio, vid\u00e9os et web.<\/span><br \/>\n<\/span><\/p>\n<p><span style=\"font-family: helvetica, arial, sans-serif;\"><strong>Personnels acad\u00e9miques : <\/strong><\/span><\/p>\n<ul>\n<li><span style=\"font-family: helvetica, arial, sans-serif;\"><strong>J\u00e9r\u00f4me Berthaut<\/strong>, enseignant-chercheur en SIC et sociologie des m\u00e9dias, responsable p\u00e9dagogique du master<\/span><\/li>\n<li><span style=\"font-family: helvetica, arial, sans-serif;\"><strong>Guy Dubreuil<\/strong>, vid\u00e9aste &amp; r\u00e9alisateur, P.A.S.T. \u00e0 l&#8217;Universit\u00e9 Bourgogne Europe<\/span><\/li>\n<li><span style=\"font-family: helvetica, arial, sans-serif;\"><strong>B\u00e9atrice Boyer<\/strong>, responsable administrative (scolarit\u00e9) <\/span><\/li>\n<li><span style=\"font-family: helvetica, arial, sans-serif;\"><strong>Th\u00e9o Aiolfi,<\/strong> Chaire Professeur Junior (CPJ), MSH Dijon<\/span><\/li>\n<li><span style=\"font-family: helvetica, arial, sans-serif; font-size: 12pt;\"><strong>Sophie Baby, <\/strong>enseignante-chercheuse en histoire \u00e0 l&#8217;Universit\u00e9 Bourgogne Europe<\/span><\/li>\n<li><span style=\"font-family: helvetica, arial, sans-serif;\"><strong>Benoit Coquard,<\/strong> charg\u00e9 de recherche en sociologie des mondes ruraux, au CESAER\/INRAE<\/span><\/li>\n<li><span style=\"font-size: 12pt; font-family: helvetica, arial, sans-serif;\"><strong>Jean-Baptiste Goussard,<\/strong> enseignant en sciences du langage \u00e0 l&#8217;Universit\u00e9 Bourgogne Europe<\/span><\/li>\n<li><span style=\"font-family: helvetica, arial, sans-serif;\"><strong>\u00c9ric Heilmann<\/strong>, enseignant-chercheur en SIC, directeur du d\u00e9partement InfoCom, \u00e0 l&#8217;Universit\u00e9 Bourgogne Europe<\/span><\/li>\n<li><span style=\"font-family: helvetica, arial, sans-serif;\"><strong>J\u00e9r\u00f4me Loiseau, <\/strong>enseignant-chercheur en histoire \u00e0 l&#8217;Universit\u00e9 Bourgogne Europe<\/span><\/li>\n<li><span style=\"font-family: helvetica, arial, sans-serif; font-size: 12pt;\"><strong>Sarah Mezaguer, <\/strong>charg\u00e9e de cours en anglais<\/span><\/li>\n<li><span style=\"font-family: helvetica, arial, sans-serif;\"><strong>Ariane Picard,<\/strong> enseignante-chercheuse en SIC, \u00e0 l&#8217;Universit\u00e9 Bourgogne Europe<\/span><\/li>\n<li><span style=\"font-family: helvetica, arial, sans-serif;\"><strong>Juliette Piketty-Moine,<\/strong> chercheuse en sociologie des mondes ruraux, au CESAER\/INRAE<\/span><\/li>\n<li><span style=\"font-family: helvetica, arial, sans-serif;\"><strong>Rapha\u00ebl <span id=\"DWT3790\" class=\"ZmSearchResult\"><span id=\"DWT3848\" class=\"ZmSearchResult\">Porteilla<\/span><\/span>,<\/strong> enseignant-chercheur en science politique \u00e0 l&#8217;Universit\u00e9 Bourgogne Europe<\/span><\/li>\n<li><span style=\"font-family: helvetica, arial, sans-serif;\"><strong>Nicolas Renahy<\/strong>, directeur de recherche en sociologie des mondes ruraux, au CESAER\/INRAE<\/span><\/li>\n<li><span style=\"font-family: helvetica, arial, sans-serif;\">et des enseignants-chercheurs invit\u00e9s, sp\u00e9cialis\u00e9s en histoire, en sociologie, en science politique et en sciences de l&#8217;information et de la communication<\/span><\/li>\n<li><span style=\"font-family: helvetica, arial, sans-serif; font-size: 12pt;\">Soutien technique : <strong>l&#8217;\u00e9quipe audiovisuelle PNR<\/strong> de l&#8217;Universit\u00e9 Bourgogne Europe, dirig\u00e9e par Eric Paul<\/span><\/li>\n<\/ul>\n<p><span style=\"font-family: helvetica, arial, sans-serif;\"><strong>Intervenants ext\u00e9rieurs r\u00e9guliers <\/strong><em>(\u00e0 titre indicatif, 2020\/2025)<\/em><\/span><\/p>\n<ul>\n<li><span style=\"font-family: helvetica, arial, sans-serif;\"><strong>Marie Albessard<\/strong>, journaliste ind\u00e9pendante (presse magazine)<\/span><\/li>\n<li><span style=\"font-family: helvetica, arial, sans-serif; font-size: 12pt;\"><strong>Cl\u00e9mence Allezard<\/strong>, journaliste et autrice de podcasts pour <em>France Culture<\/em><\/span><\/li>\n<li><span style=\"font-family: helvetica, arial, sans-serif;\"><strong>Maryline Barate<\/strong>, journaliste-r\u00e9dactrice et JRI \u00e0 <em>France 3 Bourgogne<\/em><\/span><\/li>\n<li><span style=\"font-family: helvetica, arial, sans-serif;\"><strong>Baptiste Binet<\/strong>, journaliste et community manager \u00e0 <em>L&#8217;\u00c9quipe<\/em><\/span><\/li>\n<li><span style=\"font-family: helvetica, arial, sans-serif;\"><strong>Arnaud Bouvier<\/strong>, journaliste \u00e0 l&#8217;<em>AFP<\/em><\/span><\/li>\n<li><span style=\"font-family: helvetica, arial, sans-serif;\"><strong>Paul Conge<\/strong>, journaliste \u00e0 <em>BFMTV<\/em><\/span><\/li>\n<li><span style=\"font-family: helvetica, arial, sans-serif;\"><strong>Rapha\u00ebl da Silva<\/strong>, datajournaliste &amp; analyste de donn\u00e9es chez <em>Wild Code School<\/em><\/span><\/li>\n<li><span style=\"font-family: helvetica, arial, sans-serif; font-size: 12pt;\"><strong>C\u00e9cile de Joie<\/strong>, r\u00e9f\u00e9rente acad\u00e9mique \u00c9ducation aux M\u00e9dias et \u00e0 l\u2019Information, coordonnatrice CLEMI\u00a0<\/span><\/li>\n<li><span style=\"font-family: helvetica, arial, sans-serif;\"><strong>Manuel Desbois,<\/strong> journaliste et chef d\u2019agence <em>Le Bien Public<\/em><\/span><\/li>\n<li><span style=\"font-family: helvetica, arial, sans-serif;\"><strong>Th\u00e9r\u00e8se Di Campo, <\/strong>photo-reporter ind\u00e9pendante<\/span><\/li>\n<li><span style=\"font-family: helvetica, arial, sans-serif;\"><strong>Arnaud Finistre<\/strong>, photo-reporter pour l&#8217;<em>AFP<\/em><br \/>\n<\/span><\/li>\n<li><span style=\"font-family: helvetica, arial, sans-serif; font-size: 12pt;\"><strong>Georges de Genevraye<\/strong>, r\u00e9alisateur et chef op\u00e9rateur de documentaires<\/span><\/li>\n<li><span style=\"font-size: 12pt; font-family: helvetica, arial, sans-serif;\"><strong>Anne-C\u00e9cile Geoffroy, <\/strong>cofondatrice de l&#8217;agence <em>\u00c0 Savoir \u00c9gal<\/em><\/span><\/li>\n<li><span style=\"font-family: helvetica, arial, sans-serif;\"><strong>Nadia Hadj-Bouziane<\/strong>, journaliste-r\u00e9dactrice TV (<em>TF1, France 3<\/em>\u2026)<\/span><\/li>\n<li><span style=\"font-family: helvetica, arial, sans-serif;\"><strong>Benoit Jacobo<\/strong>, r\u00e9dacteur-en-chef adjoint en charge du num\u00e9rique, \u00e0 <em>France 3 Bourgogne<\/em><\/span><\/li>\n<li><span style=\"font-family: helvetica, arial, sans-serif;\"><strong>Fr\u00e9d\u00e9ric Joly,<\/strong> journaliste, <em>Le Bien Public<\/em><\/span><\/li>\n<li><span style=\"font-family: helvetica, arial, sans-serif;\"><strong>Rams\u00e8s K\u00e9fi<\/strong>, journaliste (ex- <em>Revue XXI, Lib\u00e9ration<\/em>)<\/span><\/li>\n<li><span style=\"font-family: helvetica, arial, sans-serif;\"><strong>William K\u00e9o<\/strong>, photo-reporter ind\u00e9pendant (ex- <em>Agence Magnum<\/em>)<\/span><\/li>\n<li><span style=\"font-family: helvetica, arial, sans-serif;\"><strong>Benoit Keller<\/strong><em>, <\/em>r\u00e9alisateur de documentaires<\/span><\/li>\n<li><span style=\"font-family: helvetica, arial, sans-serif;\"><strong>Anne-Laure Labalette<\/strong>, journaliste et pr\u00e9sentatrice des matinales, \u00e0\u00a0<em>ICI Bourgogne<\/em><\/span><\/li>\n<li><span style=\"font-family: helvetica, arial, sans-serif;\"><strong>Arnaud Lef\u00e8vre<\/strong>, journaliste et pr\u00e9sentateur \u00e0 <em>France 3 Bourgogne<\/em><\/span><\/li>\n<li><span style=\"font-family: helvetica, arial, sans-serif;\"><strong>Paul Mathiot<\/strong>, r\u00e9dacteur en chef \u00e0 <em>107.7.<\/em><\/span><\/li>\n<li><span style=\"font-family: helvetica, arial, sans-serif;\"><strong>Lhadi Messaouden<\/strong>, journaliste vid\u00e9o, <em>Les \u00c9chos<\/em><br \/>\n<\/span><\/li>\n<li><span style=\"font-family: helvetica, arial, sans-serif;\"><strong>Thomas Morel-Fort<\/strong>, photo-reporter ind\u00e9pendant<\/span><\/li>\n<li><span style=\"font-family: helvetica, arial, sans-serif;\"><strong>Thomas Nougaillon<\/strong>, journaliste \u00e0 <em>ICI Bourgogne<\/em><\/span><\/li>\n<li><span style=\"font-family: helvetica, arial, sans-serif;\"><strong>R\u00e9mi Noyon<\/strong>, journaliste &amp; chef du service Id\u00e9es \u00e0 <em>Le Nouvel Obs<\/em><\/span><\/li>\n<li><span style=\"font-family: helvetica, arial, sans-serif;\"><strong>St\u00e9phanie P\u00e9renon<\/strong>, journaliste \u00e0\u00a0<em>ICI Bourgogne<\/em><\/span><\/li>\n<li><span style=\"font-size: 12pt; font-family: helvetica, arial, sans-serif;\"><strong>Guillaume Pierre<\/strong>, pr\u00e9sentateur sur <em>France 3 Bourgogne<\/em><\/span><\/li>\n<li><span style=\"font-family: helvetica, arial, sans-serif;\"><strong>Michael Puissant,<\/strong> monteur ind\u00e9pendant<\/span><\/li>\n<li><span style=\"font-family: helvetica, arial, sans-serif;\"><strong>Rudy Pupin<\/strong>, journaliste vid\u00e9o \u00e0 <em>Alternatives \u00c9conomiques<\/em><\/span><\/li>\n<li><span style=\"font-family: helvetica, arial, sans-serif;\"><strong>Pauline Ringenbach, <\/strong>responsable de l&#8217;antenne de <em>Franceinfo:<\/em> (France t\u00e9l\u00e9visions)<\/span><\/li>\n<li><span style=\"font-family: helvetica, arial, sans-serif;\"><strong>Catherine Sim\u00e9on<\/strong>, productrice de documentaires<em>, \u00e0 Faites un v\u0153u production<\/em><\/span><\/li>\n<li><span style=\"font-family: helvetica, arial, sans-serif;\"><strong>Antoine Tricot<\/strong>, journaliste et auteur de podcasts pour <em>France Culture<\/em><\/span><\/li>\n<li><span style=\"font-family: helvetica, arial, sans-serif;\"><strong>Aur\u00e9lien Valteau<\/strong>, r\u00e9dacteur en chef \u00e0 <em>107.7.<\/em><\/span><\/li>\n<\/ul>\n<p><span style=\"font-family: helvetica, arial, sans-serif;\"><strong>Prestataires techniques<\/strong>\u00a0:<\/span><\/p>\n<ul>\n<li><span style=\"font-family: helvetica, arial, sans-serif;\">Pr\u00e9\/post production vid\u00e9o : Smelly Dog Films, Faites un v\u0153u,<\/span><\/li>\n<li><span style=\"font-family: helvetica, arial, sans-serif;\">\u00c9dition web : Upian, Pierre-Olivier Bobo<\/span><\/li>\n<li><span style=\"font-family: helvetica, arial, sans-serif;\">\u00c9dition Photo\u00a0: Inuk Photo<\/span><\/li>\n<\/ul>\n","protected":false},"excerpt":{"rendered":"<p>Les enseignements sont assur\u00e9s par des enseignants-chercheurs et des professionnels du journalisme et des m\u00e9dias. Ils combinent des Cours Magistraux avec de nombreux Travaux Dirig\u00e9s d\u00e9di\u00e9s \u00e0 l&#8217;apprentissage pratique et \u00e0 la production de projets de publications \u00e9crites, audio, vid\u00e9os et web. Personnels acad\u00e9miques : J\u00e9r\u00f4me Berthaut, enseignant-chercheur en SIC et sociologie des m\u00e9dias, responsable&hellip;<\/p>\n<p class=\"more-link-p\"><a class=\"btn btn-primary\" href=\"https:\/\/blog.ube.fr\/master-journalisme\/lequipe\/\">Voir plus &rarr;<\/a><\/p>\n","protected":false},"author":5570,"featured_media":0,"parent":0,"menu_order":0,"comment_status":"closed","ping_status":"closed","template":"","meta":{"footnotes":""},"class_list":["post-13","page","type-page","status-publish","hentry"],"_links":{"self":[{"href":"https:\/\/blog.ube.fr\/master-journalisme\/wp-json\/wp\/v2\/pages\/13","targetHints":{"allow":["GET"]}}],"collection":[{"href":"https:\/\/blog.ube.fr\/master-journalisme\/wp-json\/wp\/v2\/pages"}],"about":[{"href":"https:\/\/blog.ube.fr\/master-journalisme\/wp-json\/wp\/v2\/types\/page"}],"author":[{"embeddable":true,"href":"https:\/\/blog.ube.fr\/master-journalisme\/wp-json\/wp\/v2\/users\/5570"}],"replies":[{"embeddable":true,"href":"https:\/\/blog.ube.fr\/master-journalisme\/wp-json\/wp\/v2\/comments?post=13"}],"version-history":[{"count":40,"href":"https:\/\/blog.ube.fr\/master-journalisme\/wp-json\/wp\/v2\/pages\/13\/revisions"}],"predecessor-version":[{"id":680,"href":"https:\/\/blog.ube.fr\/master-journalisme\/wp-json\/wp\/v2\/pages\/13\/revisions\/680"}],"wp:attachment":[{"href":"https:\/\/blog.ube.fr\/master-journalisme\/wp-json\/wp\/v2\/media?parent=13"}],"curies":[{"name":"wp","href":"https:\/\/api.w.org\/{rel}","templated":true}]}}