{"id":12,"date":"2024-01-09T11:24:40","date_gmt":"2024-01-09T10:24:40","guid":{"rendered":"https:\/\/blog.u-bourgogne.fr\/master-journalisme\/?page_id=12"},"modified":"2025-03-07T09:50:19","modified_gmt":"2025-03-07T08:50:19","slug":"objectifs-valeurs","status":"publish","type":"page","link":"https:\/\/blog.ube.fr\/master-journalisme\/objectifs-valeurs\/","title":{"rendered":"Objectifs &#038; Valeurs"},"content":{"rendered":"<p><span style=\"font-family: helvetica, arial, sans-serif;\">Le <strong>Master Journalisme<\/strong> <strong>de l&#8217;Universit\u00e9 Bourgogne<\/strong> <strong>Europe<\/strong> est un <strong>cursus professionnalisant<\/strong> <strong>exclusivement d\u00e9di\u00e9<\/strong> <strong>\u00e0 la pratique du journalisme <\/strong>pour les supports de presse imprim\u00e9e, TV, radio ou num\u00e9riques.<br \/>\n<\/span><\/p>\n<p><span style=\"font-family: helvetica, arial, sans-serif;\">Assur\u00e9 par des enseignants-chercheurs et une vari\u00e9t\u00e9 de profils de professionnels exp\u00e9riment\u00e9s dans le journalisme, le cursus vise <\/span><span style=\"font-family: helvetica, arial, sans-serif;\">l\u2019acquisition de<strong> savoirs sur le monde contemporain<\/strong> (enjeux internationaux, politiques, \u00e9conomiques, sociaux, environnementaux, controverses historiques), <strong>et sur le monde professionnel<\/strong> <strong>de l\u2019information<\/strong> (histoire, sociologie, droit, \u00e9conomie du journalisme, et s\u00e9minaires professionnels sur l\u2019insertion et les enjeux traversant le m\u00e9tier comme la lutte contre les st\u00e9r\u00e9otypes et les violences sexistes et sexuelles,&#8230;). <\/span><span style=\"font-family: helvetica, arial, sans-serif;\">Cette formation g\u00e9n\u00e9raliste d\u00e9veloppe \u00e9galement une sp\u00e9cialisation th\u00e9matique sur la connaissance et le traitement des \u00ab <strong>Mondes ruraux<\/strong> \u00bb (ruralit\u00e9s).<br \/>\n<\/span><\/p>\n<p><span style=\"font-family: helvetica, arial, sans-serif;\">Les enseignements pratiques d\u00e9di\u00e9s \u00e0<strong> l\u2019acquisition des savoir-faire techniques<\/strong> (collecte et production de l&#8217;information pour les diff\u00e9rents m\u00e9dias) constituent le deuxi\u00e8me pilier du cursus. Ils font l&#8217;objet de nombreux travaux dirig\u00e9s et <strong>la r\u00e9alisation de travaux collectifs <\/strong>(couvertures d&#8217;\u00e9v\u00e9nements, production d&#8217;un media num\u00e9rique, partenariat avec des r\u00e9dactions professionnelles\u2026), d\u00e9velopp\u00e9s sur un semestre ou sur l\u2019ann\u00e9e. <\/span><span style=\"font-family: helvetica, arial, sans-serif;\">Le cursus met l&#8217;accent sur la pratique des <strong>nouvelles \u00e9critures audiovisuelles<\/strong>, et l&#8217;initiation au <strong>docum<span style=\"font-family: helvetica, arial, sans-serif; font-size: 12pt;\">entaire<\/span><\/strong><span style=\"font-size: 12pt;\"> (radiophonique\/podcast et vid\u00e9o). <\/span><\/span><\/p>\n<p><span style=\"font-family: helvetica, arial, sans-serif;\">La formation \u00e0<strong> la recherche<\/strong> a pour objectif de d\u00e9velopper <strong>la r\u00e9flexivit\u00e9 sur la pratique<\/strong> du m\u00e9tier et de permettre aux \u00e9tudiants de <strong>nourrir leurs centres d&#8217;int\u00e9r\u00eats<\/strong> et leurs projets <strong>de sp\u00e9cialisations th\u00e9matiques<\/strong> gr\u00e2ce \u00e0 l&#8217;apport d<\/span><span style=\"font-family: helvetica, arial, sans-serif;\">es sciences humaines et sociales et des sciences de l&#8217;information et de la communication.<\/span><\/p>\n<p>&nbsp;<\/p>\n<p><span style=\"font-family: helvetica, arial, sans-serif;\">Le Master est ouvert au titre de la <strong>formation initiale et de l&#8217;alternance<\/strong> et aux stagiaires de la<strong> formation continue<\/strong>.\u00a0<\/span><\/p>\n<p>&nbsp;<\/p>\n<p><span style=\"font-family: helvetica, arial, sans-serif;\">Propos\u00e9e par le<a href=\"https:\/\/info-com.u-bourgogne.fr\/\"> d\u00e9partement InfoCom<\/a> de l\u2019UFR Lettres &amp; Philosophie de l\u2019Universit\u00e9 Bourgogne Europe, cette formation<\/span><span style=\"font-family: helvetica, arial, sans-serif;\"> est l&#8217;h\u00e9riti\u00e8re du Master <em>M\u00e9dias &amp; Cr\u00e9ation num\u00e9rique (MCN) <\/em>d\u00e9j\u00e0 d\u00e9di\u00e9 au journalisme.<\/span><\/p>\n","protected":false},"excerpt":{"rendered":"<p>Le Master Journalisme de l&#8217;Universit\u00e9 Bourgogne Europe est un cursus professionnalisant exclusivement d\u00e9di\u00e9 \u00e0 la pratique du journalisme pour les supports de presse imprim\u00e9e, TV, radio ou num\u00e9riques. Assur\u00e9 par des enseignants-chercheurs et une vari\u00e9t\u00e9 de profils de professionnels exp\u00e9riment\u00e9s dans le journalisme, le cursus vise l\u2019acquisition de savoirs sur le monde contemporain (enjeux internationaux,&hellip;<\/p>\n<p class=\"more-link-p\"><a class=\"btn btn-primary\" href=\"https:\/\/blog.ube.fr\/master-journalisme\/objectifs-valeurs\/\">Voir plus &rarr;<\/a><\/p>\n","protected":false},"author":5570,"featured_media":0,"parent":0,"menu_order":0,"comment_status":"closed","ping_status":"closed","template":"","meta":{"footnotes":""},"class_list":["post-12","page","type-page","status-publish","hentry"],"_links":{"self":[{"href":"https:\/\/blog.ube.fr\/master-journalisme\/wp-json\/wp\/v2\/pages\/12","targetHints":{"allow":["GET"]}}],"collection":[{"href":"https:\/\/blog.ube.fr\/master-journalisme\/wp-json\/wp\/v2\/pages"}],"about":[{"href":"https:\/\/blog.ube.fr\/master-journalisme\/wp-json\/wp\/v2\/types\/page"}],"author":[{"embeddable":true,"href":"https:\/\/blog.ube.fr\/master-journalisme\/wp-json\/wp\/v2\/users\/5570"}],"replies":[{"embeddable":true,"href":"https:\/\/blog.ube.fr\/master-journalisme\/wp-json\/wp\/v2\/comments?post=12"}],"version-history":[{"count":21,"href":"https:\/\/blog.ube.fr\/master-journalisme\/wp-json\/wp\/v2\/pages\/12\/revisions"}],"predecessor-version":[{"id":640,"href":"https:\/\/blog.ube.fr\/master-journalisme\/wp-json\/wp\/v2\/pages\/12\/revisions\/640"}],"wp:attachment":[{"href":"https:\/\/blog.ube.fr\/master-journalisme\/wp-json\/wp\/v2\/media?parent=12"}],"curies":[{"name":"wp","href":"https:\/\/api.w.org\/{rel}","templated":true}]}}