{"id":708,"date":"2023-02-01T00:30:27","date_gmt":"2023-01-31T23:30:27","guid":{"rendered":"https:\/\/blog.u-bourgogne.fr\/master-economie-appliquee\/?page_id=708"},"modified":"2023-03-02T09:16:46","modified_gmt":"2023-03-02T08:16:46","slug":"paroles-detudiants","status":"publish","type":"page","link":"https:\/\/blog.ube.fr\/master-economie-appliquee\/paroles-detudiants\/","title":{"rendered":"Paroles d&#8217;\u00e9tudiants"},"content":{"rendered":"<p>Retrouvez ici les t\u00e9moignages d&#8217;anciens \u00e9tudiants :<\/p>\n<ul>\n<li>Parcours <a href=\"https:\/\/youtu.be\/QdMT71AwjVs\">Analyse des Politiques Publiques<\/a><\/li>\n<li>Parcours <a href=\"https:\/\/www.youtube.com\/watch?v=4fabiG1HltA\">Economie et Gouvernance des Territoires<\/a><\/li>\n<li>Parcours Management et Evaluation des Organisations de Sant\u00e9 (vid\u00e9os en cours)<\/li>\n<\/ul>\n<p>&nbsp;<\/p>\n","protected":false},"excerpt":{"rendered":"<p>Retrouvez ici les t\u00e9moignages d&#8217;anciens \u00e9tudiants : Parcours Analyse des Politiques Publiques Parcours Economie et Gouvernance des Territoires Parcours Management et Evaluation des Organisations de Sant\u00e9 (vid\u00e9os en cours) &nbsp;<\/p>\n<p class=\"more-link-p\"><a class=\"btn btn-primary\" href=\"https:\/\/blog.ube.fr\/master-economie-appliquee\/paroles-detudiants\/\">Voir plus &rarr;<\/a><\/p>\n","protected":false},"author":267,"featured_media":0,"parent":0,"menu_order":0,"comment_status":"closed","ping_status":"closed","template":"","meta":{"_exactmetrics_skip_tracking":false,"_exactmetrics_sitenote_active":false,"_exactmetrics_sitenote_note":"","_exactmetrics_sitenote_category":0,"footnotes":""},"class_list":["post-708","page","type-page","status-publish","hentry"],"_links":{"self":[{"href":"https:\/\/blog.ube.fr\/master-economie-appliquee\/wp-json\/wp\/v2\/pages\/708","targetHints":{"allow":["GET"]}}],"collection":[{"href":"https:\/\/blog.ube.fr\/master-economie-appliquee\/wp-json\/wp\/v2\/pages"}],"about":[{"href":"https:\/\/blog.ube.fr\/master-economie-appliquee\/wp-json\/wp\/v2\/types\/page"}],"author":[{"embeddable":true,"href":"https:\/\/blog.ube.fr\/master-economie-appliquee\/wp-json\/wp\/v2\/users\/267"}],"replies":[{"embeddable":true,"href":"https:\/\/blog.ube.fr\/master-economie-appliquee\/wp-json\/wp\/v2\/comments?post=708"}],"version-history":[{"count":4,"href":"https:\/\/blog.ube.fr\/master-economie-appliquee\/wp-json\/wp\/v2\/pages\/708\/revisions"}],"predecessor-version":[{"id":726,"href":"https:\/\/blog.ube.fr\/master-economie-appliquee\/wp-json\/wp\/v2\/pages\/708\/revisions\/726"}],"wp:attachment":[{"href":"https:\/\/blog.ube.fr\/master-economie-appliquee\/wp-json\/wp\/v2\/media?parent=708"}],"curies":[{"name":"wp","href":"https:\/\/api.w.org\/{rel}","templated":true}]}}