{"id":635,"date":"2023-01-31T21:27:53","date_gmt":"2023-01-31T20:27:53","guid":{"rendered":"https:\/\/blog.u-bourgogne.fr\/master-economie-appliquee\/?page_id=635"},"modified":"2023-02-01T00:47:13","modified_gmt":"2023-01-31T23:47:13","slug":"et-apres","status":"publish","type":"page","link":"https:\/\/blog.ube.fr\/master-economie-appliquee\/et-apres\/","title":{"rendered":"Et apr\u00e8s ?"},"content":{"rendered":"<p><strong>Poursuite d\u2019\u00e9tudes<\/strong><\/p>\n<p style=\"font-weight: 400;\">A l\u2019issue de la seconde ann\u00e9e du Master \u00c9conomie Appliqu\u00e9e, les \u00e9tudiants ont la possibilit\u00e9 de poursuivre leur cursus par la r\u00e9alisation d\u2019une th\u00e8se de doctorat en sciences \u00e9conomiques selon une proc\u00e9dure s\u00e9lective (<a href=\"https:\/\/dgep.ubfc.fr\/\">en savoir plus<\/a>).<\/p>\n<p><strong>Insertion professionnelle<\/strong><\/p>\n<p style=\"font-weight: 400;\">Quelque que soit le parcours suivi, les d\u00e9bouch\u00e9s du Master \u00c9conomie Appliqu\u00e9e se situent dans le secteur priv\u00e9 (cabinet d\u2019audit et d\u2019\u00e9valuation) mais aussi dans le secteur public (minist\u00e8res, collectivit\u00e9s territoriales) et le secteur associatif et non lucratif.<\/p>\n<p style=\"font-weight: 400;\">Les m\u00e9tiers vis\u00e9s sont tr\u00e8s nombreux et varient selon les parcours. De fa\u00e7on non exhaustive, \u00e0 titre d\u2019exemples\u00a0:<\/p>\n<ul>\n<li style=\"list-style-type: none;\">\n<ul>\n<li>Parcours Analyse des Politiques Publiques (APP) : \u00e9conomiste d\u2019entreprise, charg\u00e9 d\u2019\u00e9tudes \u00e9conomiques, consultant en politiques sectorielles, analyste \u00e9conomique, enseignant-chercheur,<\/li>\n<li>Parcours Economie et Gouvernance des Territoires (EGT) : coordinateur de dispositif d\u2019action publique, charg\u00e9 d\u2019\u00e9tude pour l\u2019\u00e9laboration et le suivi de l\u2019action publique territoriale, chef de projet dans le domaine de l\u2019am\u00e9nagement du territoire, enseignant-chercheur.<\/li>\n<li>Parcours Management et Evaluation des Organisations de Sant\u00e9 (MEOS) : chef de projet dans le domaine de la mise en place de politiques de sant\u00e9, consultant en \u00e9valuation et pilotage des organisations de sant\u00e9, coordinateur de r\u00e9seau, de maison de sant\u00e9 et de projet, responsable de d\u00e9marche qualit\u00e9,<\/li>\n<\/ul>\n<\/li>\n<\/ul>\n","protected":false},"excerpt":{"rendered":"<p>Poursuite d\u2019\u00e9tudes A l\u2019issue de la seconde ann\u00e9e du Master \u00c9conomie Appliqu\u00e9e, les \u00e9tudiants ont la possibilit\u00e9 de poursuivre leur cursus par la r\u00e9alisation d\u2019une th\u00e8se de doctorat en sciences \u00e9conomiques selon une proc\u00e9dure s\u00e9lective (en savoir plus). Insertion professionnelle Quelque que soit le parcours suivi, les d\u00e9bouch\u00e9s du Master \u00c9conomie Appliqu\u00e9e se situent dans&hellip;<\/p>\n<p class=\"more-link-p\"><a class=\"btn btn-primary\" href=\"https:\/\/blog.ube.fr\/master-economie-appliquee\/et-apres\/\">Voir plus &rarr;<\/a><\/p>\n","protected":false},"author":267,"featured_media":0,"parent":0,"menu_order":0,"comment_status":"closed","ping_status":"closed","template":"","meta":{"_exactmetrics_skip_tracking":false,"_exactmetrics_sitenote_active":false,"_exactmetrics_sitenote_note":"","_exactmetrics_sitenote_category":0,"footnotes":""},"class_list":["post-635","page","type-page","status-publish","hentry"],"_links":{"self":[{"href":"https:\/\/blog.ube.fr\/master-economie-appliquee\/wp-json\/wp\/v2\/pages\/635","targetHints":{"allow":["GET"]}}],"collection":[{"href":"https:\/\/blog.ube.fr\/master-economie-appliquee\/wp-json\/wp\/v2\/pages"}],"about":[{"href":"https:\/\/blog.ube.fr\/master-economie-appliquee\/wp-json\/wp\/v2\/types\/page"}],"author":[{"embeddable":true,"href":"https:\/\/blog.ube.fr\/master-economie-appliquee\/wp-json\/wp\/v2\/users\/267"}],"replies":[{"embeddable":true,"href":"https:\/\/blog.ube.fr\/master-economie-appliquee\/wp-json\/wp\/v2\/comments?post=635"}],"version-history":[{"count":5,"href":"https:\/\/blog.ube.fr\/master-economie-appliquee\/wp-json\/wp\/v2\/pages\/635\/revisions"}],"predecessor-version":[{"id":719,"href":"https:\/\/blog.ube.fr\/master-economie-appliquee\/wp-json\/wp\/v2\/pages\/635\/revisions\/719"}],"wp:attachment":[{"href":"https:\/\/blog.ube.fr\/master-economie-appliquee\/wp-json\/wp\/v2\/media?parent=635"}],"curies":[{"name":"wp","href":"https:\/\/api.w.org\/{rel}","templated":true}]}}