{"id":631,"date":"2023-01-31T21:27:09","date_gmt":"2023-01-31T20:27:09","guid":{"rendered":"https:\/\/blog.u-bourgogne.fr\/master-economie-appliquee\/?page_id=631"},"modified":"2023-02-01T00:45:43","modified_gmt":"2023-01-31T23:45:43","slug":"admission","status":"publish","type":"page","link":"https:\/\/blog.ube.fr\/master-economie-appliquee\/admission\/","title":{"rendered":"Admission"},"content":{"rendered":"<p><strong>Capacit\u00e9 d\u2019accueil\u00a0<\/strong><\/p>\n<p style=\"font-weight: 400;\">La capacit\u00e9 d\u2019accueil globale en premi\u00e8re ann\u00e9e du Master \u00c9conomie Appliqu\u00e9e est de 30 \u00e9tudiants, d\u00e9compos\u00e9e de mani\u00e8re suivante\u00a0:<\/p>\n<ul>\n<li style=\"list-style-type: none;\">\n<ul>\n<li>Parcours Analyse des politiques Publiques (APP)\u00a0: 10 \u00e9tudiants,<\/li>\n<li>Parcours \u00c9conomie et Gouvernance des Territoires (EGT)\u00a0: 10 \u00e9tudiants\u00a0;<\/li>\n<li>Parcours Management et \u00c9valuation des Organisations de Sant\u00e9 (MEOS)\u00a0: 10 \u00e9tudiants.<\/li>\n<\/ul>\n<\/li>\n<\/ul>\n<p style=\"font-weight: 400;\"><strong>Qui peut postuler\u00a0? <\/strong><\/p>\n<p style=\"font-weight: 400;\">Ce Master s\u2019adresse \u00e0 des \u00e9tudiants titulaires d\u2019une Licence mention \u00c9conomie souhaitant approfondir leurs connaissances th\u00e9oriques et empiriques. N\u00e9anmoins, certains parcours (MEOS et EGT) sont aussi ouverts aux \u00e9tudiants titulaires d\u2019une Licence mention \u00c9conomie et Gestion et d\u2019une Licence mention AES, ou d\u2019autres licences (appr\u00e9ci\u00e9e selon la qualit\u00e9 des dossiers).<\/p>\n<p style=\"font-weight: 400;\"><strong>Comment postuler\u00a0? <\/strong><\/p>\n<p style=\"font-weight: 400;\">L\u2019acc\u00e8s est conseill\u00e9 d\u00e8s la premi\u00e8re ann\u00e9e du Master. Une inscription \u00e0 partir de la seconde ann\u00e9e est toutefois envisageable. Tous les \u00e9tudiants doivent d\u00e9poser un dossier de candidature sur la plateforme <a href=\"https:\/\/candidature.monmaster.gouv.fr\" target=\"_blank\" rel=\"noopener\">Monmaster<\/a> selon le calendrier national : du 22 mars 2023 au 18 avril 2023.<\/p>\n<p style=\"font-weight: 400;\">La s\u00e9lection des \u00e9tudiants s\u2019effectue sur dossier, elle est \u00e9ventuellement compl\u00e9t\u00e9e par un entretien. Dans tous les cas, une ad\u00e9quation entre le parcours acad\u00e9mique et le projet professionnel est clairement attendu.<\/p>\n<ul>\n<li style=\"font-weight: 400;\"><strong>Bourse d\u2019excellence<\/strong>\u00a0: le Master \u00c9conomie Appliqu\u00e9e a des enseignements bilingues en premi\u00e8re et seconde ann\u00e9e. Il accueille des \u00e9tudiants \u00e9trangers dont certains b\u00e9n\u00e9ficient de bourse d\u2019excellence, notamment les bourses Eiffel propos\u00e9es par le Minist\u00e8re de l\u2019Europe et des Affaires \u00c9trang\u00e8res (<a href=\"https:\/\/www.campusfrance.org\/fr\/le-programme-de-bourses-eiffel\">en savoir plus<\/a>).<\/li>\n<\/ul>\n<p style=\"font-weight: 400;\">\n","protected":false},"excerpt":{"rendered":"<p>Capacit\u00e9 d\u2019accueil\u00a0 La capacit\u00e9 d\u2019accueil globale en premi\u00e8re ann\u00e9e du Master \u00c9conomie Appliqu\u00e9e est de 30 \u00e9tudiants, d\u00e9compos\u00e9e de mani\u00e8re suivante\u00a0: Parcours Analyse des politiques Publiques (APP)\u00a0: 10 \u00e9tudiants, Parcours \u00c9conomie et Gouvernance des Territoires (EGT)\u00a0: 10 \u00e9tudiants\u00a0; Parcours Management et \u00c9valuation des Organisations de Sant\u00e9 (MEOS)\u00a0: 10 \u00e9tudiants. Qui peut postuler\u00a0? Ce Master s\u2019adresse&hellip;<\/p>\n<p class=\"more-link-p\"><a class=\"btn btn-primary\" href=\"https:\/\/blog.ube.fr\/master-economie-appliquee\/admission\/\">Voir plus &rarr;<\/a><\/p>\n","protected":false},"author":267,"featured_media":0,"parent":0,"menu_order":0,"comment_status":"closed","ping_status":"closed","template":"","meta":{"_exactmetrics_skip_tracking":false,"_exactmetrics_sitenote_active":false,"_exactmetrics_sitenote_note":"","_exactmetrics_sitenote_category":0,"footnotes":""},"class_list":["post-631","page","type-page","status-publish","hentry"],"_links":{"self":[{"href":"https:\/\/blog.ube.fr\/master-economie-appliquee\/wp-json\/wp\/v2\/pages\/631","targetHints":{"allow":["GET"]}}],"collection":[{"href":"https:\/\/blog.ube.fr\/master-economie-appliquee\/wp-json\/wp\/v2\/pages"}],"about":[{"href":"https:\/\/blog.ube.fr\/master-economie-appliquee\/wp-json\/wp\/v2\/types\/page"}],"author":[{"embeddable":true,"href":"https:\/\/blog.ube.fr\/master-economie-appliquee\/wp-json\/wp\/v2\/users\/267"}],"replies":[{"embeddable":true,"href":"https:\/\/blog.ube.fr\/master-economie-appliquee\/wp-json\/wp\/v2\/comments?post=631"}],"version-history":[{"count":6,"href":"https:\/\/blog.ube.fr\/master-economie-appliquee\/wp-json\/wp\/v2\/pages\/631\/revisions"}],"predecessor-version":[{"id":718,"href":"https:\/\/blog.ube.fr\/master-economie-appliquee\/wp-json\/wp\/v2\/pages\/631\/revisions\/718"}],"wp:attachment":[{"href":"https:\/\/blog.ube.fr\/master-economie-appliquee\/wp-json\/wp\/v2\/media?parent=631"}],"curies":[{"name":"wp","href":"https:\/\/api.w.org\/{rel}","templated":true}]}}