{"id":625,"date":"2023-01-31T21:25:18","date_gmt":"2023-01-31T20:25:18","guid":{"rendered":"https:\/\/blog.u-bourgogne.fr\/master-economie-appliquee\/?page_id=625"},"modified":"2023-01-31T21:49:51","modified_gmt":"2023-01-31T20:49:51","slug":"les-de-la-formation","status":"publish","type":"page","link":"https:\/\/blog.ube.fr\/master-economie-appliquee\/les-de-la-formation\/","title":{"rendered":"Les + de la formation"},"content":{"rendered":"<p>La formation que nous vous proposons a de nombreux atouts :<\/p>\n<ul>\n<li style=\"list-style-type: none;\">\n<ul>\n<li>Promotion \u00e0 taille humaine favorisant les \u00e9changes et le suivi avec l\u2019\u00e9quipe enseignante et offrant des conditions de travail de qualit\u00e9 et favorables aux \u00e9tudiants.<\/li>\n<li>Evaluations en contr\u00f4le continu favorisant l\u2019apprentissage et la consolidation des connaissances., ainsi que la r\u00e9ussite des \u00e9tudiants.<\/li>\n<li>Possibilit\u00e9 d\u2019une orientation recherche adoss\u00e9e au Laboratoire d\u2019\u00c9conomie de Dijon (<a href=\"https:\/\/ledi.u-bourgogne.fr\/\">LEDi<\/a>) et du (CESEAR).<\/li>\n<li>Parcours recherche\u00a0: ouverture internationale et formation en partie bilingue (documents en anglais et certains cours en anglais) favorisant l\u2019internationalisation des carri\u00e8res.<\/li>\n<li>Professionnalisation d\u00e9butant d\u00e8s la premi\u00e8re ann\u00e9e du Master (ateliers facilitant la recherche de stage, stages longs ou m\u00e9moires de recherche en M1 et en M2).<\/li>\n<li>Partenariats avec des acteurs socio-professionnels reconnus localement et nationalement (interventions professionnelles, \u00e9tudes professionnelles en lien avec les acteurs socio-\u00e9conomiques).<\/li>\n<li>Campus agr\u00e9able et dynamique proposant de nombreuses activit\u00e9s culturelles et sportives au sein de la ville de Dijon r\u00e9solument tourn\u00e9e vers les jeunes et engag\u00e9e pour un cadre de vie abordable.<\/li>\n<\/ul>\n<\/li>\n<\/ul>\n","protected":false},"excerpt":{"rendered":"<p>La formation que nous vous proposons a de nombreux atouts : Promotion \u00e0 taille humaine favorisant les \u00e9changes et le suivi avec l\u2019\u00e9quipe enseignante et offrant des conditions de travail de qualit\u00e9 et favorables aux \u00e9tudiants. Evaluations en contr\u00f4le continu favorisant l\u2019apprentissage et la consolidation des connaissances., ainsi que la r\u00e9ussite des \u00e9tudiants. Possibilit\u00e9 d\u2019une&hellip;<\/p>\n<p class=\"more-link-p\"><a class=\"btn btn-primary\" href=\"https:\/\/blog.ube.fr\/master-economie-appliquee\/les-de-la-formation\/\">Voir plus &rarr;<\/a><\/p>\n","protected":false},"author":267,"featured_media":0,"parent":0,"menu_order":0,"comment_status":"closed","ping_status":"closed","template":"","meta":{"_exactmetrics_skip_tracking":false,"_exactmetrics_sitenote_active":false,"_exactmetrics_sitenote_note":"","_exactmetrics_sitenote_category":0,"footnotes":""},"class_list":["post-625","page","type-page","status-publish","hentry"],"_links":{"self":[{"href":"https:\/\/blog.ube.fr\/master-economie-appliquee\/wp-json\/wp\/v2\/pages\/625","targetHints":{"allow":["GET"]}}],"collection":[{"href":"https:\/\/blog.ube.fr\/master-economie-appliquee\/wp-json\/wp\/v2\/pages"}],"about":[{"href":"https:\/\/blog.ube.fr\/master-economie-appliquee\/wp-json\/wp\/v2\/types\/page"}],"author":[{"embeddable":true,"href":"https:\/\/blog.ube.fr\/master-economie-appliquee\/wp-json\/wp\/v2\/users\/267"}],"replies":[{"embeddable":true,"href":"https:\/\/blog.ube.fr\/master-economie-appliquee\/wp-json\/wp\/v2\/comments?post=625"}],"version-history":[{"count":2,"href":"https:\/\/blog.ube.fr\/master-economie-appliquee\/wp-json\/wp\/v2\/pages\/625\/revisions"}],"predecessor-version":[{"id":653,"href":"https:\/\/blog.ube.fr\/master-economie-appliquee\/wp-json\/wp\/v2\/pages\/625\/revisions\/653"}],"wp:attachment":[{"href":"https:\/\/blog.ube.fr\/master-economie-appliquee\/wp-json\/wp\/v2\/media?parent=625"}],"curies":[{"name":"wp","href":"https:\/\/api.w.org\/{rel}","templated":true}]}}