{"id":614,"date":"2023-01-31T21:12:51","date_gmt":"2023-01-31T20:12:51","guid":{"rendered":"https:\/\/blog.u-bourgogne.fr\/master-economie-appliquee\/?page_id=614"},"modified":"2023-02-01T20:10:40","modified_gmt":"2023-02-01T19:10:40","slug":"presentation","status":"publish","type":"page","link":"https:\/\/blog.ube.fr\/master-economie-appliquee\/presentation\/","title":{"rendered":"Pr\u00e9sentation"},"content":{"rendered":"<p><img loading=\"lazy\" decoding=\"async\" class=\"\" src=\"https:\/\/blog.ube.fr\/master-economie-appliquee\/wp-content\/uploads\/sites\/159\/2023\/02\/master.png\" alt=\"\" width=\"996\" height=\"177\" \/><\/p>\n<p>L\u2019objectif du <strong>Master \u00c9conomie Appliqu\u00e9e<\/strong>, co-accr\u00e9dit\u00e9 avec l\u2019Institut Agro Dijon (<a href=\"https:\/\/institut-agro-dijon.fr\/\">IAD<\/a>), est de former des \u00e9conomistes capables d\u2019analyser les probl\u00e8mes contemporains, et maitrisant les raisonnements de l\u2019analyse \u00e9conomique et les m\u00e9thodes quantitatives.<\/p>\n<ul>\n<li style=\"list-style-type: none;\">\n<ul>\n<li style=\"text-align: left;\">Ce Master est compos\u00e9 de <strong>quatre parcours<\/strong>\u00a0:<\/li>\n<li style=\"text-align: left;\">Analyse des Politiques Publiques (APP)<\/li>\n<li>\u00c9conomie et Gouvernance des Territoires (EGT)<\/li>\n<li>\u00c9nergie<\/li>\n<li style=\"text-align: left;\">Management et \u00c9valuation des Organisations de Sant\u00e9 (MEOS)<\/li>\n<\/ul>\n<\/li>\n<\/ul>\n<p><img loading=\"lazy\" decoding=\"async\" class=\"\" src=\"https:\/\/blog.ube.fr\/master-economie-appliquee\/wp-content\/uploads\/sites\/159\/2023\/01\/Schema_ECO_APP.png\" alt=\"schema master\" width=\"569\" height=\"306\" \/><\/p>\n<p style=\"font-weight: 400;\">Ce master vous propose une formation\u00a0:<\/p>\n<ul>\n<li style=\"list-style-type: none;\">\n<ul>\n<li><strong>de qualit\u00e9 assise sur la rigueur acad\u00e9mique des dipl\u00f4mes d\u2019universit\u00e9s :\u00a0<\/strong>chaque parcours est adoss\u00e9 \u00e0 des enseignants-chercheurs et des professionnels, reconnus comme sp\u00e9cialistes dans leur champ (analyse des politiques publiques, \u00e9conomie et gouvernance des territoires, \u00e9conomie de la sant\u00e9)<\/li>\n<li><strong>professionnalisante <\/strong>gr\u00e2ce \u00e0 l\u2019intervention de professionnels, \u00e0 la possibilit\u00e9 d\u2019effectuer des stages et des m\u00e9moires d\u00e8s la premi\u00e8re ann\u00e9e et notamment des stages longs, \u00e0 l\u2019opportunit\u00e9 de r\u00e9aliser un contrat d\u2019alternance (parcours MEOS en M2).<\/li>\n<\/ul>\n<\/li>\n<\/ul>\n<p style=\"font-weight: 400;\">Chaque ann\u00e9e un <strong>conseil de perfectionnement <\/strong>compos\u00e9 d\u2019\u00e9tudiants, d\u2019enseignants-chercheurs et de professionnels, se r\u00e9unit pour dresser le bilan de la formation et discuter des perspectives d\u2019\u00e9volutions.<\/p>\n<p><strong>Contact<\/strong><\/p>\n<p>Pour plus de renseignements, contactez via le formulaire ci-dessous le responsable de la mention Economie Appliqu\u00e9e : Dominique BIANCO.<\/p>\n\n<div class=\"wpcf7 no-js\" id=\"wpcf7-f701-o1\" lang=\"fr-FR\" dir=\"ltr\">\n<div class=\"screen-reader-response\"><p role=\"status\" aria-live=\"polite\" aria-atomic=\"true\"><\/p> <ul><\/ul><\/div>\n<form action=\"\/master-economie-appliquee\/wp-json\/wp\/v2\/pages\/614#wpcf7-f701-o1\" method=\"post\" class=\"wpcf7-form init\" aria-label=\"Formulaire de contact\" novalidate=\"novalidate\" data-status=\"init\">\n<div style=\"display: none;\">\n<input type=\"hidden\" name=\"_wpcf7\" value=\"701\" \/>\n<input type=\"hidden\" name=\"_wpcf7_version\" value=\"5.8.3\" \/>\n<input type=\"hidden\" name=\"_wpcf7_locale\" value=\"fr_FR\" \/>\n<input type=\"hidden\" name=\"_wpcf7_unit_tag\" value=\"wpcf7-f701-o1\" \/>\n<input type=\"hidden\" name=\"_wpcf7_container_post\" value=\"0\" \/>\n<input type=\"hidden\" name=\"_wpcf7_posted_data_hash\" value=\"\" \/>\n<\/div>\n<p><label> Votre nom<br \/>\n<span class=\"wpcf7-form-control-wrap\" data-name=\"your-name\"><input size=\"40\" class=\"wpcf7-form-control wpcf7-text wpcf7-validates-as-required\" aria-required=\"true\" aria-invalid=\"false\" value=\"\" type=\"text\" name=\"your-name\" \/><\/span> <\/label>\n<\/p>\n<p><label> Votre e-mail<br \/>\n<span class=\"wpcf7-form-control-wrap\" data-name=\"your-email\"><input size=\"40\" class=\"wpcf7-form-control wpcf7-email wpcf7-validates-as-required wpcf7-text wpcf7-validates-as-email\" aria-required=\"true\" aria-invalid=\"false\" value=\"\" type=\"email\" name=\"your-email\" \/><\/span> <\/label>\n<\/p>\n<p><label> Votre message (facultatif)<br \/>\n<span class=\"wpcf7-form-control-wrap\" data-name=\"your-message\"><textarea cols=\"40\" rows=\"10\" class=\"wpcf7-form-control wpcf7-textarea\" aria-invalid=\"false\" name=\"your-message\"><\/textarea><\/span> <\/label>\n<\/p>\n<p><input class=\"wpcf7-form-control wpcf7-submit has-spinner\" type=\"submit\" value=\"Envoyer\" \/>\n<\/p><div class=\"wpcf7-response-output\" aria-hidden=\"true\"><\/div>\n<\/form>\n<\/div>\n\n","protected":false},"excerpt":{"rendered":"<p>L\u2019objectif du Master \u00c9conomie Appliqu\u00e9e, co-accr\u00e9dit\u00e9 avec l\u2019Institut Agro Dijon (IAD), est de former des \u00e9conomistes capables d\u2019analyser les probl\u00e8mes contemporains, et maitrisant les raisonnements de l\u2019analyse \u00e9conomique et les m\u00e9thodes quantitatives. Ce Master est compos\u00e9 de quatre parcours\u00a0: Analyse des Politiques Publiques (APP) \u00c9conomie et Gouvernance des Territoires (EGT) \u00c9nergie Management et \u00c9valuation des&hellip;<\/p>\n<p class=\"more-link-p\"><a class=\"btn btn-primary\" href=\"https:\/\/blog.ube.fr\/master-economie-appliquee\/presentation\/\">Voir plus &rarr;<\/a><\/p>\n","protected":false},"author":267,"featured_media":0,"parent":0,"menu_order":0,"comment_status":"closed","ping_status":"closed","template":"","meta":{"_exactmetrics_skip_tracking":false,"_exactmetrics_sitenote_active":false,"_exactmetrics_sitenote_note":"","_exactmetrics_sitenote_category":0,"footnotes":""},"class_list":["post-614","page","type-page","status-publish","hentry"],"_links":{"self":[{"href":"https:\/\/blog.ube.fr\/master-economie-appliquee\/wp-json\/wp\/v2\/pages\/614","targetHints":{"allow":["GET"]}}],"collection":[{"href":"https:\/\/blog.ube.fr\/master-economie-appliquee\/wp-json\/wp\/v2\/pages"}],"about":[{"href":"https:\/\/blog.ube.fr\/master-economie-appliquee\/wp-json\/wp\/v2\/types\/page"}],"author":[{"embeddable":true,"href":"https:\/\/blog.ube.fr\/master-economie-appliquee\/wp-json\/wp\/v2\/users\/267"}],"replies":[{"embeddable":true,"href":"https:\/\/blog.ube.fr\/master-economie-appliquee\/wp-json\/wp\/v2\/comments?post=614"}],"version-history":[{"count":15,"href":"https:\/\/blog.ube.fr\/master-economie-appliquee\/wp-json\/wp\/v2\/pages\/614\/revisions"}],"predecessor-version":[{"id":721,"href":"https:\/\/blog.ube.fr\/master-economie-appliquee\/wp-json\/wp\/v2\/pages\/614\/revisions\/721"}],"wp:attachment":[{"href":"https:\/\/blog.ube.fr\/master-economie-appliquee\/wp-json\/wp\/v2\/media?parent=614"}],"curies":[{"name":"wp","href":"https:\/\/api.w.org\/{rel}","templated":true}]}}