{"id":2,"date":"2017-12-22T09:56:55","date_gmt":"2017-12-22T08:56:55","guid":{"rendered":"http:\/\/blog.u-bourgogne.fr\/master-cdm\/?page_id=2"},"modified":"2024-06-12T15:55:01","modified_gmt":"2024-06-12T13:55:01","slug":"bienvenue","status":"publish","type":"page","link":"https:\/\/blog.ube.fr\/master-cdm\/bienvenue\/","title":{"rendered":"Master CDM (Contr\u00f4le et Durabilit\u00e9 des Mat\u00e9riaux)"},"content":{"rendered":"<p><section class=\"kc-elm kc-css-444933 kc_row\"><div class=\"kc-row-container  kc-container\"><div class=\"kc-wrap-columns\"><div class=\"kc-elm kc-css-463073 kc_col-sm-4 kc_column kc_col-sm-4\"><div class=\"kc-col-container\"><div class=\"kc-elm kc-css-256462 kc_shortcode kc_single_image\">\n\n        <a  href=\"https:\/\/blog.ube.fr\/master-cdm\/stages-m1\/\" title=\"\" target=\"_blank\">\n        <img decoding=\"async\" src=\"https:\/\/blog.ube.fr\/master-cdm\/wp-content\/uploads\/sites\/105\/2023\/11\/token_21.png\" class=\"\" alt=\"\" \/>    <\/a>\n    <\/div>\n<div class=\"kc-elm kc-css-238475 kc_text_block\"><\/p>\n<p style=\"text-align: left;\"><span style=\"font-size: 18pt;\"><strong>\u00a0 \u00a0 \u00a0 \u00a0Offre de stage M1<\/strong><\/span><\/p>\n<p>\n<\/div><\/div><\/div><div class=\"kc-elm kc-css-398069 kc_col-sm-4 kc_column kc_col-sm-4\"><div class=\"kc-col-container\"><div class=\"kc-elm kc-css-32016 kc_shortcode kc_single_image\">\n\n        <a  href=\"https:\/\/blog.ube.fr\/master-cdm\/stages-m2\/\" title=\"\" target=\"_blank\">\n        <img decoding=\"async\" src=\"https:\/\/blog.ube.fr\/master-cdm\/wp-content\/uploads\/sites\/105\/2023\/11\/token_31.png\" class=\"\" alt=\"\" \/>    <\/a>\n    <\/div>\n<div class=\"kc-elm kc-css-321402 kc_text_block\"><\/p>\n<p style=\"text-align: left;\"><span style=\"font-size: 18pt;\"><strong>\u00a0 \u00a0 \u00a0 \u00a0<\/strong><\/span><span style=\"font-size: 18pt;\"><strong>Offre de stage M2<\/strong><\/span><\/p>\n<p>\n<\/div><\/div><\/div><div class=\"kc-elm kc-css-915938 kc_col-sm-4 kc_column kc_col-sm-4\"><div class=\"kc-col-container\"><div class=\"kc-elm kc-css-172561 kc_shortcode kc_single_image\">\n\n        <a  href=\"https:\/\/blog.ube.fr\/master-cdm\/phd-grants-2022\/\" title=\"\" target=\"_blank\">\n        <img decoding=\"async\" src=\"https:\/\/blog.ube.fr\/master-cdm\/wp-content\/uploads\/sites\/105\/2023\/11\/token_11.png\" class=\"\" alt=\"\" \/>    <\/a>\n    <\/div>\n<div class=\"kc-elm kc-css-775636 kc_text_block\"><\/p>\n<p style=\"text-align: left;\"><span style=\"font-size: 18pt;\"><strong>\u00a0 \u00a0 \u00a0 \u00a0<\/strong><\/span><span style=\"font-size: 18pt;\"><strong>Offre de th\u00e8ses<\/strong><\/span><\/p>\n<p>\n<\/div><\/div><\/div><\/div><\/div><\/section><section class=\"kc-elm kc-css-233815 kc_row\"><div class=\"kc-row-container  kc-container\"><div class=\"kc-wrap-columns\"><div class=\"kc-elm kc-css-203328 kc_col-sm-12 kc_column kc_col-sm-12\"><div class=\"kc-col-container\"><div class=\"kc-elm kc-css-7555\" style=\"height: 20px; clear: both; width:100%;\"><\/div><div class=\"kc-elm kc-css-829538 kc_text_block\"><\/p>\n<p><span style=\"font-family: arial, helvetica, sans-serif;\">Le Master Contr\u00f4le et Durabilit\u00e9 des Mat\u00e9riaux est un Master mixte (Recherche &#038; Pro). Il est la branche \u00ab\u00a0mat\u00e9riaux\u00a0\u00bb de la mention du Master de Chimie de l\u2019UFR Sciences et Techniques de l\u2019Universit\u00e9 de Bourgogne. Il constitue, en outre, une composante \u00e0 part enti\u00e8re de l\u2019Ecole Universitaire de Recherche (EUR) EIPHI laur\u00e9ate de l\u2019appel \u00e0 projet PIA3.<\/span><\/p>\n<p><span style=\"font-family: arial, helvetica, sans-serif;\">Le domaine de la durabilit\u00e9 et du contr\u00f4le des mat\u00e9riaux concerne des pans entiers de la recherche tant fondamentale qu\u2019appliqu\u00e9e puisqu\u2019il englobe toutes les \u00e9tapes de l\u2019\u00e9laboration, de l\u2019utilisation, de la d\u00e9gradation et du recyclage des mat\u00e9riaux. L\u2019objectif de la formation est aussi de former des \u00e9tudiants capables de prendre des responsabilit\u00e9s dans le domaine de la caract\u00e9risation et du contr\u00f4le des mat\u00e9riaux en laboratoire d\u2019analyse mais aussi en relation direct avec un process industriel. A ce titre, la formation touche nombre de domaines industriels tels que la m\u00e9tallurgie, les c\u00e9ramiques, la micro \u00e9lectronique, les nano technologies, l\u2019industrie cimentaire, les verres, etc. Ce master formera donc aux m\u00e9thodes et approches de la recherche et pr\u00e9sentera les avanc\u00e9es scientifiques marquantes, l\u2019ensemble des m\u00e9thodes exp\u00e9rimentales ainsi que les applications industrielles dans le domaine du contr\u00f4le et de la caract\u00e9risation des mat\u00e9riaux. Ces enseignements th\u00e9oriques et pratiques s\u2018appuient sur le savoir-faire et les domaines d\u2019excellence des laboratoires support. Ils ont aussi pour objectif de donner aux \u00e9tudiants une formation professionnelle de haut niveau dans le domaine des mat\u00e9riaux en relation avec leurs diverses applications, notamment les rev\u00eatements, la fonctionnalit\u00e9 et la durabilit\u00e9. L\u2019existence du partenariat tr\u00e8s d\u00e9velopp\u00e9 entre l\u2019Universit\u00e9 et les entreprises permet l\u2019intervention cons\u00e9quente d\u2019acteurs du monde industriel.<\/span><\/p>\n<p>\n<\/div><div class=\"kc-elm kc-css-432090\" style=\"height: 20px; clear: both; width:100%;\"><\/div><div class=\"kc-elm kc-css-837089 kc_text_block\"><\/p>\n<p><span style=\"font-family: arial, helvetica, sans-serif; font-size: 14pt;\"><strong>Les objectifs du Master \u00ab\u00a0Contr\u00f4le et Durabilit\u00e9 des Mat\u00e9riaux\u00a0\u00bb<\/strong><\/span><\/p>\n<p><span style=\"font-family: arial, helvetica, sans-serif;\">Le Master CDM propose une formation dans le domaine des mat\u00e9riaux, de leur contr\u00f4le, de leur caract\u00e9risation, de leurs propri\u00e9t\u00e9s physico-chimiques, de leur r\u00e9activit\u00e9, de leur formulation, de leur \u00e9laboration, de leurs traitements, de leur d\u00e9gradation, etc. A l\u2019issue de la formation, les dipl\u00f4m\u00e9s seront capables :<\/span><\/p>\n<p><span style=\"font-family: arial, helvetica, sans-serif;\">\u2666 d\u2019analyser et d\u2019appr\u00e9hender les processus fondamentaux et les facteurs qui gouvernent l\u2019\u00e9volution d\u2019un mat\u00e9riau en interaction avec un environnement ext\u00e9rieur,<\/span><\/p>\n<p><span style=\"font-family: arial, helvetica, sans-serif;\">\u2666 d\u2019identifier les caract\u00e9ristiques structurales, nano- et micro-structurales, m\u00e9caniques et morphologiques des mat\u00e9riaux, tout en ma\u00eetrisant la mise en \u0153uvre des techniques et m\u00e9thodes mises en jeu ainsi que les d\u00e9veloppements autour des instruments,<\/span><\/p>\n<p><span style=\"font-family: arial, helvetica, sans-serif;\">\u2666 d\u2019avoir une bonne ma\u00eetrise des proc\u00e9d\u00e9s d\u2019\u00e9laboration des mat\u00e9riaux (couches minces, mat\u00e9riaux massifs, poudres, nanoparticules, hybrides, \u2026),<\/span><\/p>\n<p><span style=\"font-family: arial, helvetica, sans-serif;\">\u2666 d\u2019\u00e9valuer le vieillissement des syst\u00e8mes et optimiser ou valoriser la durabilit\u00e9 des mat\u00e9riaux,<\/span><\/p>\n<p><span style=\"font-family: arial, helvetica, sans-serif;\">\u2666 de poss\u00e9der des connaissances approfondies des propri\u00e9t\u00e9s des mat\u00e9riaux dans leurs diff\u00e9rentes formes,<\/span><\/p>\n<p><span style=\"font-family: arial, helvetica, sans-serif;\">\u2666 de conna\u00eetre les risques et contraintes li\u00e9s \u00e0 l\u2019utilisation des techniques de caract\u00e9risation des mat\u00e9riaux,<\/span><\/p>\n<p><span style=\"font-family: arial, helvetica, sans-serif;\">\u2666 de conna\u00eetre les outils de simulation et mod\u00e9lisation, de traitement des donn\u00e9es, d\u2019analyse des r\u00e9sultats,<\/span><\/p>\n<p><span style=\"font-family: arial, helvetica, sans-serif;\">\u2666 d\u2019\u00eatre capable de situer son intervention dans un projet de recherche ou industriel et savoir travailler en interaction avec les demandeurs,<\/span><\/p>\n<p><span style=\"font-family: arial, helvetica, sans-serif;\">\u2666 de conna\u00eetre les communaut\u00e9s industrielles technologiques et scientifiques du domaine.<\/span><\/p>\n<\/p>\n<p><span style=\"font-family: arial, helvetica, sans-serif;\">Les enseignements sont r\u00e9alis\u00e9s en fran\u00e7ais et en anglais.<\/span><\/p>\n<p><span style=\"font-family: arial, helvetica, sans-serif;\">Deux stages sont \u00e0 effectuer\u00a0 en 1\u00e8re ann\u00e9e (dur\u00e9e de 3 \u00e0 4 mois, 6 semaines minimum) et 2nde ann\u00e9e (dur\u00e9e de 5 \u00e0 6 mois) du master CDM, dans l\u2019industrie ou dans un laboratoire acad\u00e9mique, notamment au sein de l\u2019ICB, en France ou \u00e0 l&#039;\u00e9tranger.<\/span><\/p>\n<\/p>\n<p><span style=\"font-family: arial, helvetica, sans-serif;\">\u00a0\u00a0\u00a0\u00a0\u00a0\u00a0<strong>\u00a0\u00a0\u00a0\u00a0 Les secteurs d\u2019activit\u00e9 concern\u00e9s<\/strong><\/span><br \/><span style=\"font-family: arial, helvetica, sans-serif;\"> Les secteurs industriels correspondant \u00e0 la formation sont tr\u00e8s nombreux\u00a0: la m\u00e9tallurgie, les nanotechnologies, la chimie et parachimie, dans les domaine des transports (automobile et a\u00e9ronautique), de l\u2019\u00e9nergie, de l\u2019\u00e9lectronique, de l\u2019outillage et de la machine outils, des ciments, \u2026 L\u2019arch\u00e9ologie exp\u00e9rimentale et scientifique, le domaine de la restauration des \u0153uvres d\u2019art et la police scientifique peuvent aussi trouver des comp\u00e9tences dans ce type de formation.<\/span><\/p>\n<\/p>\n<p><span style=\"font-family: arial, helvetica, sans-serif;\">\u00a0\u00a0\u00a0\u00a0\u00a0\u00a0\u00a0\u00a0<strong>\u00a0\u00a0 Quelques exemples de m\u00e9tiers<\/strong><\/span><\/p>\n<p><span style=\"font-family: arial, helvetica, sans-serif;\">Chercheur, ing\u00e9nieur de recherche, ing\u00e9nieur d\u2019\u00e9tude, professeur des universit\u00e9s, ma\u00eetre de conf\u00e9rences, chef de projets, ing\u00e9nieur de recherches appliqu\u00e9es, ing\u00e9nieur de laboratoires, ing\u00e9nieur de production, chef de service s\u00e9curit\u00e9, ing\u00e9nieur environnement, ing\u00e9nieur s\u00e9curit\u00e9, chef de laboratoire de contr\u00f4le, responsable contr\u00f4le-qualit\u00e9, responsable qualit\u00e9, consultant qualit\u00e9, ing\u00e9nieur m\u00e9thodes, ing\u00e9nieur proc\u00e9d\u00e9s, responsable m\u00e9thodes, \u2026<\/span><\/p>\n<p>\n<\/div><div class=\"kc-elm kc-css-225203 kc_text_block\"><\/p>\n<p><span style=\"font-family: arial, helvetica, sans-serif; font-size: 14pt;\"><strong>Modalit\u00e9s d\u2019acc\u00e8s \u00e0 l\u2019ann\u00e9e de formation<\/strong><\/span><\/p>\n<p><span style=\"font-family: arial, helvetica, sans-serif;\">La formation est ouverte sur s\u00e9lection des dossiers, aux titulaires d\u2019une licence en science obtenu hors de l&#039;Universit\u00e9 de Bourgogne, en France ou \u00e0 l\u2019\u00e9tranger.<\/span><\/p>\n<p><span style=\"font-family: arial, helvetica, sans-serif;\">Les dossiers sont transmis par l&#039;interm\u00e9diaire des plate-formes Mon Master ou Campus France (candidats hors UE). Le dossier est constitu\u00e9 d\u2019une lettre de motivation, d\u2019un curriculum-vitae et des relev\u00e9s de notes des ann\u00e9es ant\u00e9rieures. Des lettres de recommandation ou avis de poursuite d&#039;\u00e9tudes sont facultatifs mais souhait\u00e9s.<\/span><\/p>\n<\/p>\n<p><span style=\"font-family: arial, helvetica, sans-serif; font-size: 14pt;\"><strong>Les poursuites d\u2019\u00e9tudes<\/strong><\/span><\/p>\n<p><span style=\"font-family: arial, helvetica, sans-serif;\">Les \u00e9tudiants ayant obtenu le Master CDM peuvent poursuivre les \u00e9tudes en doctorat (PhD), notamment au sein de l\u2019Ecole Doctorale Carnot via l\u2019EUR EIPHI. Des bourses minist\u00e9rielles seront r\u00e9serv\u00e9es aux meilleurs \u00e9tudiants tandis que ne nombreuses autres possibilit\u00e9s de financement de th\u00e8se seront propos\u00e9es (CIFRE, bourses &#8220;R\u00e9gion\", &#8220;Labex\", ANR, europ\u00e9ennes, &#8230;).<\/span><\/p>\n<p>\n<\/div><div class=\"kc-elm kc-css-520797\" style=\"height: 20px; clear: both; width:100%;\"><\/div><div class=\"kc-elm kc-css-538155 kc_text_block\"><\/p>\n<p style=\"text-align: center;\"><span style=\"font-family: arial, helvetica, sans-serif; font-size: 24pt;\"><strong>Master&#039;s degree <span style=\"color: #ff6600;\">Control &#038; Durability of Materials<\/span> <span style=\"color: #ff6600;\">(CDM)<\/span><\/strong><\/span><\/p>\n<p><span style=\"font-size: 14pt; color: #ff6600;\"><strong><span style=\"font-family: arial, helvetica, sans-serif;\">About the program<\/span><\/strong><\/span><\/p>\n<p><span style=\"font-family: arial, helvetica, sans-serif;\">The Master in <strong>\u00ab Control &#038; Durability of Materials \u00bb<\/strong> is a Master\u2019s degree (Research &#038; Professional) which constitutes the material branch of the Master\u2019s degree in Chemistry from the University of Burgundy\u2019s Science and Technology Department and is a full-fledged component of the <strong>graduate school EIPHI<\/strong>.<\/span><\/p>\n<p><span style=\"font-family: arial, helvetica, sans-serif;\">The field of durability and material control concerns entire areas of both basic and applied research, as it encompasses all stages of the development, use, degradation and recycling of materials. The objective of the training is also to train students capable of taking on responsibilities in the field of materials characterization and control in analysis laboratories but also in direct relation to an industrial process. Hence, the training covers many industrial fields such as metallurgy, ceramics, microelectronics, nano-technologies, cement industry, glass, etc. This master\u2019s degree will therefore provide training in research methods and approaches and will present the major scientific advances, all experimental methods and industrial applications in the field of materials control and characterization. These theoretical and practical lessons are based on the know-how of the support laboratories. They also aim to provide students with a high level of professional training in materials related to their various applications, including coatings, functionality, sustainability and durability. The existence of a well-developed partnership between the University and companies makes it possible for industrial players to collaborate consistently.<\/span><\/p>\n<\/p>\n<p><span style=\"font-family: arial, helvetica, sans-serif; font-size: 14pt; color: #ff6600;\"><strong>The objectives of Master\u2019s degree \u00ab Control &#038; Durability of Materials \u00bb<\/strong><\/span><\/p>\n<p><span style=\"font-family: arial, helvetica, sans-serif;\">The Master CDM offers training in the field of materials, their control, characterization, physico-chemical properties, reactivity, formulation, elaboration, treatment, degradation, etc.<\/span><\/p>\n<p><span style=\"font-family: arial, helvetica, sans-serif;\">Upon completion of the training, graduates will be able to as follows:\u00a0<\/span><\/p>\n<p><span style=\"font-family: arial, helvetica, sans-serif;\">\u2666 analyze and apprehend the fundamental processes and factors that govern the evolution of a material in interaction with an external environment,<\/span><\/p>\n<p><span style=\"font-family: arial, helvetica, sans-serif;\">\u2666 identify the structural, nano and micro-structural, mechanical and morphological characteristics of materials, while mastering the implementation of the techniques and methods involved as well as the development of instruments,<\/span><\/p>\n<p><span style=\"font-family: arial, helvetica, sans-serif;\">\u2666 have a good knowledge of materials processing processes (thin layers, solid materials, powders, nano-particles, hybrids,\u2026),<\/span><\/p>\n<p><span style=\"font-family: arial, helvetica, sans-serif;\">\u2666 evaluate the ageing of systems and optimize or enhance the durability of materials,<\/span><\/p>\n<p><span style=\"font-family: arial, helvetica, sans-serif;\">\u2666 have a thorough knowledge of the properties of materials in their various forms,<\/span><\/p>\n<p><span style=\"font-family: arial, helvetica, sans-serif;\">\u2666 know the risks and constraints associated with the use of materials characterization techniques,<\/span><\/p>\n<p><span style=\"font-family: arial, helvetica, sans-serif;\">\u2666 know the tools for simulation and modelling, data processing, analysis of results,<\/span><\/p>\n<p><span style=\"font-family: arial, helvetica, sans-serif;\">\u2666 be able to situate its intervention in a research or industrial project and know how to work in interaction with applicants,<\/span><\/p>\n<p><span style=\"font-family: arial, helvetica, sans-serif;\">\u2666 know the technological and scientific industrial communities of the field.<\/span><\/p>\n<\/p>\n<p><span style=\"font-family: arial, helvetica, sans-serif;\">Lessons are taught in French and English.<\/span><\/p>\n<p><span style=\"font-family: arial, helvetica, sans-serif;\">Two internships are to be carried out in the 1st year (duration of 3 to 4 months, 6 weeks minimum) and 2nd year (duration of 5 to 6 months) of the CDM master&#039;s degree, in industry or in an academic laboratory, in particular within the &#039;ICB&#039;, in France or abroad.<\/span><\/p>\n<\/p>\n<p><span style=\"font-family: arial, helvetica, sans-serif; font-size: 14pt; color: #ff6600;\"><strong>The sectors involved<\/strong><\/span><\/p>\n<p><span style=\"font-family: arial, helvetica, sans-serif;\">The industrial sectors corresponding to training are very numerous: metallurgy, nanotechnologies, chemistry, fields of transport (automotive and aeronautics), energy, electronics, tooling and machine tools, cement, archaeology, field of restoration of works of art and forensic science can also find skills in this type of training.<\/span><\/p>\n<\/p>\n<p><span style=\"font-family: arial, helvetica, sans-serif; font-size: 14pt; color: #ff6600;\"><strong>Some examples of jobs<\/strong><\/span><\/p>\n<p><span style=\"font-family: arial, helvetica, sans-serif;\">Researcher, research engineer, research engineer, design engineer, university professor, lecturer, project manager, project manager, applied research engineer, laboratory engineer, production engineer, production engineer, head of safety department, environmental engineer, safety engineer, safety engineer, head of control laboratory, quality control manager, quality control manager, quality consultant, method engineer, process engineer, method manager, \u2026<\/span><\/p>\n<\/p>\n<p><span style=\"font-family: arial, helvetica, sans-serif; font-size: 14pt; color: #ff6600;\"><strong>How to enter the Master\u2019s degree<\/strong><\/span><\/p>\n<p><span style=\"font-family: arial, helvetica, sans-serif;\">The training is open on selection for holders of a bachelor\u2019s degree in science such as chemistry, physics, material science, \u2026<\/span><\/p>\n<p><span style=\"font-family: arial, helvetica, sans-serif;\">The application files are sent via Mon Master or Campus France (candidates outside the EU). It consists of a cover letter, a curriculum vitae and transcripts from previous years. Letters of recommendation are optional but desired.<\/span><\/p>\n<\/p>\n<p><span style=\"font-family: arial, helvetica, sans-serif; font-size: 14pt; color: #ff6600;\"><strong>Continuing education<\/strong><\/span><\/p>\n<p><span style=\"font-family: arial, helvetica, sans-serif;\">Students who have obtained the CDM Master\u2019s degree can continue their doctoral studies, notably at the Carnot Doctoral School via EUR EIPHI. Some PhD grants will be reserved for best Master students while many other grants will be offered.<\/span><\/p>\n<p>\n<\/div><\/div><\/div><\/div><\/div><\/section><\/p>\n","protected":false},"excerpt":{"rendered":"<p class=\"more-link-p\"><a class=\"btn btn-primary\" href=\"https:\/\/blog.ube.fr\/master-cdm\/bienvenue\/\">Voir plus &rarr;<\/a><\/p>\n","protected":false},"author":4,"featured_media":0,"parent":0,"menu_order":0,"comment_status":"closed","ping_status":"open","template":"","meta":{"footnotes":""},"class_list":["post-2","page","type-page","status-publish","hentry"],"_links":{"self":[{"href":"https:\/\/blog.ube.fr\/master-cdm\/wp-json\/wp\/v2\/pages\/2","targetHints":{"allow":["GET"]}}],"collection":[{"href":"https:\/\/blog.ube.fr\/master-cdm\/wp-json\/wp\/v2\/pages"}],"about":[{"href":"https:\/\/blog.ube.fr\/master-cdm\/wp-json\/wp\/v2\/types\/page"}],"author":[{"embeddable":true,"href":"https:\/\/blog.ube.fr\/master-cdm\/wp-json\/wp\/v2\/users\/4"}],"replies":[{"embeddable":true,"href":"https:\/\/blog.ube.fr\/master-cdm\/wp-json\/wp\/v2\/comments?post=2"}],"version-history":[{"count":13,"href":"https:\/\/blog.ube.fr\/master-cdm\/wp-json\/wp\/v2\/pages\/2\/revisions"}],"predecessor-version":[{"id":659,"href":"https:\/\/blog.ube.fr\/master-cdm\/wp-json\/wp\/v2\/pages\/2\/revisions\/659"}],"wp:attachment":[{"href":"https:\/\/blog.ube.fr\/master-cdm\/wp-json\/wp\/v2\/media?parent=2"}],"curies":[{"name":"wp","href":"https:\/\/api.w.org\/{rel}","templated":true}]}}