{"id":97,"date":"2018-05-29T11:43:55","date_gmt":"2018-05-29T09:43:55","guid":{"rendered":"http:\/\/blog.u-bourgogne.fr\/master-cac\/?page_id=97"},"modified":"2025-03-31T11:17:27","modified_gmt":"2025-03-31T09:17:27","slug":"master-1","status":"publish","type":"page","link":"https:\/\/blog.ube.fr\/master-cac\/inscription\/master-1\/","title":{"rendered":"Master 1"},"content":{"rendered":"<p><strong>L\u2019effectif en 1<sup>\u00e8re<\/sup>\u00a0ann\u00e9e est limit\u00e9 \u00e0 24 \u00e9tudiants<\/strong>\u00a0pour pouvoir travailler dans les meilleures conditions possibles, notamment en travaux pratiques.<\/p>\n<p>Peuvent acc\u00e9der \u00e0 la 1<sup>\u00e8re<\/sup>\u00a0ann\u00e9e de Master CAC, les \u00e9tudiants :<\/p>\n<div align=\"left\">\n<ul>\n<li>Titulaires d&#8217;une <strong>licence de<\/strong>\u00a0<strong>chimie<\/strong> (g\u00e9n\u00e9rale ou professionnelle),<\/li>\n<li>Titulaires d\u2019une <strong>licence<\/strong> de biochimie, de physique-chimie ou d&#8217;une licence g\u00e9n\u00e9rale scientifique (ou dipl\u00f4me \u00e9quivalent) dans le domaine de l&#8217;analyse chimique,<\/li>\n<li>Par <a href=\"https:\/\/sefca.u-bourgogne.fr\/valider-ses-acquis.html\"><strong>validation d\u2019acquis<\/strong><\/a> ou \u00e9quivalence de dipl\u00f4me :<\/li>\n<\/ul>\n<\/div>\n<div align=\"left\">\n<ul>\n<li style=\"list-style-type: none;\">\n<ul style=\"list-style-type: circle;\">\n<li>En formation initiale (<em>i.e.<\/em> licence professionnelle des domaines concern\u00e9s),<\/li>\n<li>En formation continue : la sp\u00e9cialit\u00e9 CAC est ouverte aux \u00e9tudiants dans le cadre de la formation continue. Pour tout renseignement, contacter le service de formation continue de l&#8217;universit\u00e9 (t\u00e9l. : 03 80 39 51 80).<\/li>\n<\/ul>\n<\/li>\n<\/ul>\n<\/div>\n<h1><strong>Candidature en formation initiale<\/strong><\/h1>\n<ul>\n<li>Les <strong>\u00e9tudiants hors de l&#8217;UFR Sciences et Techniques<\/strong> doivent remplir le dossier de candidature <em>via <\/em>l&#8217;application <a href=\"https:\/\/monmaster.gouv.fr\/formation\/0212296G\/1701872LWSD8\">MonMaster<\/a>.<br \/>\nen cr\u00e9ant leur dossier puis d\u00e9poser leur candidature en suivant : Type de Dipl\u00f4me : <strong>M1 domaine STS mention chimie parcours contr\u00f4les et analyses chimiques.<\/strong><\/li>\n<\/ul>\n<table>\n<tbody>\n<tr>\n<td>\n<p style=\"text-align: center;\">Campagne de recrutement<strong> ouverte <\/strong>depuis le<strong> F\u00e9vrier 2025<\/strong><\/p>\n<p style=\"text-align: center;\"><strong>Date limite\u00a0<\/strong>de d\u00e9p\u00f4t des dossiers : <strong>24 Mars 2025<\/strong><\/p>\n<p style=\"text-align: center;\">Liste compl\u00e9mentaire<br \/>\n-&gt; Jusqu&#8217;au <strong>Juillet 2025<\/strong><\/p>\n<\/td>\n<\/tr>\n<\/tbody>\n<\/table>\n<p>&nbsp;<\/p>\n<ul>\n<li>Les <strong>\u00e9tudiants de licence de l&#8217;UFR Sciences et Techniques <\/strong>de l&#8217;universit\u00e9 de Bourgogne sont aussi tenus de d\u00e9poser un dossier d&#8217;inscription <em>via <\/em>l&#8217;application <a href=\"https:\/\/www.trouvermonmaster.gouv.fr\/\">MonMaster<\/a> et de prendre rendez-vous avec le responsable p\u00e9dagogique du master 1.<\/li>\n<li>document \u00e0 faire remplir par le responsable p\u00e9dagogique de l&#8217;ann\u00e9e en cours : <a href=\"http:\/\/blog.ube.fr\/master-cac\/wp-content\/uploads\/sites\/115\/2025\/03\/Avis_Candidature_M1CAC_2025-26.pdf\">avis de candidature<\/a>.<\/li>\n<\/ul>\n<p>&nbsp;<\/p>\n<h1><strong>Candidature en formation continue\u00a0<\/strong><\/h1>\n<p>Les renseignements n\u00e9cessaires peuvent \u00eatre obtenus aupr\u00e8s du SEFCA<br \/>\n(Service Commun de Formations Continue et par Alternance)<\/p>\n<p>sur le site \u00e0 l&#8217;adresse suivante :\u00a0<a title=\"SEFCA Universite de Bourgogne\" href=\"http:\/\/sefca.u-bourgogne.fr\/\">SEFCA Universit\u00e9 Bourgogne Europe<br \/>\n<\/a>par mail : <a href=\"mailto:formation.continue@ube.fr\">formation.continue@ube.fr<\/a><br \/>\npar t\u00e9l\u00e9phone : 03 80 39 51 80<\/p>\n<h2><strong>\u00c9tude des candidatures<\/strong><\/h2>\n<p>Apr\u00e8s examen des fiches de pr\u00e9-inscription sp\u00e9cifiques au parcours CAC d\u00e9pos\u00e9es dans les d\u00e9lais mentionn\u00e9s, un <strong>avis sur la candidature<\/strong> sera donn\u00e9 par le Conseil P\u00e9dagogique du Master qui v\u00e9rifiera que le cursus ant\u00e9rieur de l\u2019\u00e9tudiant lui a bien permis d\u2019acqu\u00e9rir les pr\u00e9-requis indispensables \u00e0 sa r\u00e9ussite en cursus Master. Les candidats pourront \u00eatre \u00e9ventuellement auditionn\u00e9s.<\/p>\n<p>Le choix d\u00e9finitif des candidats sera effectu\u00e9 par le<strong>\u00a0Conseil p\u00e9dagogique du Master apr\u00e8s examen des dossiers de candidature<\/strong>.<\/p>\n","protected":false},"excerpt":{"rendered":"<p>L\u2019effectif en 1\u00e8re\u00a0ann\u00e9e est limit\u00e9 \u00e0 24 \u00e9tudiants\u00a0pour pouvoir travailler dans les meilleures conditions possibles, notamment en travaux pratiques. Peuvent acc\u00e9der \u00e0 la 1\u00e8re\u00a0ann\u00e9e de Master CAC, les \u00e9tudiants : Titulaires d&#8217;une licence de\u00a0chimie (g\u00e9n\u00e9rale ou professionnelle), Titulaires d\u2019une licence de biochimie, de physique-chimie ou d&#8217;une licence g\u00e9n\u00e9rale scientifique (ou dipl\u00f4me \u00e9quivalent) dans le domaine&hellip;<\/p>\n<p class=\"more-link-p\"><a class=\"btn btn-primary\" href=\"https:\/\/blog.ube.fr\/master-cac\/inscription\/master-1\/\">Voir plus &rarr;<\/a><\/p>\n","protected":false},"author":374,"featured_media":0,"parent":64,"menu_order":0,"comment_status":"closed","ping_status":"closed","template":"","meta":{"footnotes":""},"class_list":["post-97","page","type-page","status-publish","hentry"],"_links":{"self":[{"href":"https:\/\/blog.ube.fr\/master-cac\/wp-json\/wp\/v2\/pages\/97","targetHints":{"allow":["GET"]}}],"collection":[{"href":"https:\/\/blog.ube.fr\/master-cac\/wp-json\/wp\/v2\/pages"}],"about":[{"href":"https:\/\/blog.ube.fr\/master-cac\/wp-json\/wp\/v2\/types\/page"}],"author":[{"embeddable":true,"href":"https:\/\/blog.ube.fr\/master-cac\/wp-json\/wp\/v2\/users\/374"}],"replies":[{"embeddable":true,"href":"https:\/\/blog.ube.fr\/master-cac\/wp-json\/wp\/v2\/comments?post=97"}],"version-history":[{"count":48,"href":"https:\/\/blog.ube.fr\/master-cac\/wp-json\/wp\/v2\/pages\/97\/revisions"}],"predecessor-version":[{"id":1555,"href":"https:\/\/blog.ube.fr\/master-cac\/wp-json\/wp\/v2\/pages\/97\/revisions\/1555"}],"up":[{"embeddable":true,"href":"https:\/\/blog.ube.fr\/master-cac\/wp-json\/wp\/v2\/pages\/64"}],"wp:attachment":[{"href":"https:\/\/blog.ube.fr\/master-cac\/wp-json\/wp\/v2\/media?parent=97"}],"curies":[{"name":"wp","href":"https:\/\/api.w.org\/{rel}","templated":true}]}}