{"id":90,"date":"2018-05-29T11:39:23","date_gmt":"2018-05-29T09:39:23","guid":{"rendered":"http:\/\/blog.u-bourgogne.fr\/master-cac\/?page_id=90"},"modified":"2020-11-09T18:45:35","modified_gmt":"2020-11-09T17:45:35","slug":"statistiques","status":"publish","type":"page","link":"https:\/\/blog.ube.fr\/master-cac\/debouches\/statistiques\/","title":{"rendered":"Statistiques"},"content":{"rendered":"<p style=\"text-align: center\"><strong>Devenir des anciens dipl\u00f4m\u00e9s<br \/>\n<\/strong><em>Toutes promotions confondues<br \/>\n(date de l&#8217;enqu\u00eate : juillet 2019)<\/em><\/p>\n<table style=\"width: 100%\" border=\"0\" align=\"center\">\n<tbody>\n<tr>\n<td style=\"text-align: center;width: 50.0425%\">Secteurs d&#8217;activit\u00e9s<\/td>\n<td style=\"text-align: center;width: 49.8726%\">Zone d&#8217;emploi<\/td>\n<\/tr>\n<tr>\n<td style=\"width: 50.0425%\"><a href=\"http:\/\/blog.ube.fr\/master-cac\/wp-content\/uploads\/sites\/115\/2019\/07\/Secteur-dactivit\u00e9_au_07_2019-e1563460932429.jpg\"><img decoding=\"async\" src=\"http:\/\/blog.ube.fr\/master-cac\/wp-content\/uploads\/sites\/115\/2019\/07\/Secteur-dactivit\u00e9_au_07_2019-e1563460932429.jpg\" alt=\"\" \/><\/a><\/td>\n<td style=\"width: 49.8726%\"><a href=\"http:\/\/blog.ube.fr\/master-cac\/wp-content\/uploads\/sites\/115\/2019\/07\/Zone-dactivit\u00e9_au_07_2019-e1563460914874.jpg\"><img loading=\"lazy\" decoding=\"async\" class=\"aligncenter\" src=\"http:\/\/blog.ube.fr\/master-cac\/wp-content\/uploads\/sites\/115\/2019\/07\/Zone-dactivit\u00e9_au_07_2019-e1563460914874.jpg\" alt=\"\" width=\"523\" height=\"234\" \/><\/a><\/td>\n<\/tr>\n<\/tbody>\n<\/table>\n<p style=\"text-align: center\"><strong>Insertion des dipl\u00f4m\u00e9s<br \/>\n<\/strong><em>Promotion 2014-2015 (date de l&#8217;enqu\u00eate : juillet 2019)<\/em><\/p>\n<table style=\"width: 100%\" border=\"0\" align=\"center\">\n<tbody>\n<tr>\n<td style=\"text-align: center;width: 49.9575%\">\u00c9volution du type de contrats<\/td>\n<td style=\"text-align: center;width: 49.9575%\">\u00c9volution du niveau d&#8217;emploi<\/td>\n<\/tr>\n<tr>\n<td style=\"width: 49.9575%\"><a href=\"http:\/\/blog.ube.fr\/master-cac\/wp-content\/uploads\/sites\/115\/2019\/07\/Evolution-des-contrats_au_07_2019-e1563460960727.jpg\"><img decoding=\"async\" src=\"http:\/\/blog.ube.fr\/master-cac\/wp-content\/uploads\/sites\/115\/2019\/07\/Evolution-des-contrats_au_07_2019-e1563460960727.jpg\" alt=\"\" \/><\/a><\/td>\n<td style=\"width: 49.9575%\"><a href=\"http:\/\/blog.ube.fr\/master-cac\/wp-content\/uploads\/sites\/115\/2019\/07\/Niveau-de-lemploi_au_07_2019-e1563460975271.jpg\"><img loading=\"lazy\" decoding=\"async\" class=\"aligncenter\" src=\"http:\/\/blog.ube.fr\/master-cac\/wp-content\/uploads\/sites\/115\/2019\/07\/Niveau-de-lemploi_au_07_2019-e1563460975271.jpg\" alt=\"\" width=\"500\" height=\"262\" \/><\/a><\/td>\n<\/tr>\n<\/tbody>\n<\/table>\n<p align=\"center\"><strong><br \/>\nInsertion des derniers dipl\u00f4m\u00e9s<br \/>\n<\/strong><em>Promotion 2016-2017 (date de l&#8217;enqu\u00eate : juillet 2019)<\/em><\/p>\n<table style=\"width: 100%;height: 202px\" border=\"0\" align=\"center\">\n<tbody>\n<tr style=\"height: 22px\">\n<td style=\"height: 22px;text-align: center;width: 49.9575%\">Type de contrat<\/td>\n<td style=\"height: 22px;text-align: center;width: 49.9575%\">Situation 8 mois apr\u00e8s leur sortie (15 \u00e9tudiants : 15 r\u00e9ponses)<\/td>\n<\/tr>\n<tr style=\"height: 180px\">\n<td style=\"height: 180px;width: 49.9575%\"><a href=\"http:\/\/blog.ube.fr\/master-cac\/wp-content\/uploads\/sites\/115\/2019\/07\/recrutementdipl\u00f4m\u00e9s-2017.jpg\"><img decoding=\"async\" src=\"http:\/\/blog.ube.fr\/master-cac\/wp-content\/uploads\/sites\/115\/2019\/07\/recrutementdipl\u00f4m\u00e9s-2017.jpg\" alt=\"\" \/><\/a><\/td>\n<td style=\"height: 180px;width: 49.9575%\">\u00a0 <a href=\"http:\/\/blog.ube.fr\/master-cac\/wp-content\/uploads\/sites\/115\/2019\/07\/contratsdipl\u00f4m\u00e9s-2017.jpg\"><img decoding=\"async\" src=\"http:\/\/blog.ube.fr\/master-cac\/wp-content\/uploads\/sites\/115\/2019\/07\/contratsdipl\u00f4m\u00e9s-2017.jpg\" alt=\"\" \/><\/a><\/td>\n<\/tr>\n<\/tbody>\n<\/table>\n<p align=\"center\"><strong>\u00a0<\/strong><\/p>\n","protected":false},"excerpt":{"rendered":"<p>Devenir des anciens dipl\u00f4m\u00e9s Toutes promotions confondues (date de l&#8217;enqu\u00eate : juillet 2019) Secteurs d&#8217;activit\u00e9s Zone d&#8217;emploi Insertion des dipl\u00f4m\u00e9s Promotion 2014-2015 (date de l&#8217;enqu\u00eate : juillet 2019) \u00c9volution du type de contrats \u00c9volution du niveau d&#8217;emploi Insertion des derniers dipl\u00f4m\u00e9s Promotion 2016-2017 (date de l&#8217;enqu\u00eate : juillet 2019) Type de contrat Situation 8 mois&hellip;<\/p>\n<p class=\"more-link-p\"><a class=\"btn btn-primary\" href=\"https:\/\/blog.ube.fr\/master-cac\/debouches\/statistiques\/\">Voir plus &rarr;<\/a><\/p>\n","protected":false},"author":374,"featured_media":0,"parent":83,"menu_order":2,"comment_status":"closed","ping_status":"closed","template":"","meta":{"footnotes":""},"class_list":["post-90","page","type-page","status-publish","hentry"],"_links":{"self":[{"href":"https:\/\/blog.ube.fr\/master-cac\/wp-json\/wp\/v2\/pages\/90","targetHints":{"allow":["GET"]}}],"collection":[{"href":"https:\/\/blog.ube.fr\/master-cac\/wp-json\/wp\/v2\/pages"}],"about":[{"href":"https:\/\/blog.ube.fr\/master-cac\/wp-json\/wp\/v2\/types\/page"}],"author":[{"embeddable":true,"href":"https:\/\/blog.ube.fr\/master-cac\/wp-json\/wp\/v2\/users\/374"}],"replies":[{"embeddable":true,"href":"https:\/\/blog.ube.fr\/master-cac\/wp-json\/wp\/v2\/comments?post=90"}],"version-history":[{"count":22,"href":"https:\/\/blog.ube.fr\/master-cac\/wp-json\/wp\/v2\/pages\/90\/revisions"}],"predecessor-version":[{"id":1167,"href":"https:\/\/blog.ube.fr\/master-cac\/wp-json\/wp\/v2\/pages\/90\/revisions\/1167"}],"up":[{"embeddable":true,"href":"https:\/\/blog.ube.fr\/master-cac\/wp-json\/wp\/v2\/pages\/83"}],"wp:attachment":[{"href":"https:\/\/blog.ube.fr\/master-cac\/wp-json\/wp\/v2\/media?parent=90"}],"curies":[{"name":"wp","href":"https:\/\/api.w.org\/{rel}","templated":true}]}}